{"id":774,"date":"2023-09-02T09:22:23","date_gmt":"2023-09-02T06:22:23","guid":{"rendered":"https:\/\/paripesalat.com\/bonos\/"},"modified":"2026-04-12T14:05:05","modified_gmt":"2026-04-12T11:05:05","slug":"bonus","status":"publish","type":"page","link":"https:\/\/paripesalat.com\/pt-pt\/bonus\/","title":{"rendered":"PariPesa B\u00d4NUS PARA CASSINO E APOSTAS"},"content":{"rendered":"<table class=\"feature-table\" style=\"box-shadow: inset 0 0 10px 3px rgb(247 247 247 \/ 60%), 0 0 10px 3px #7e87f1 !important; padding: 15px; width: 100%;\">\r\n<tbody>\r\n<tr>\r\n<td>\r\n<div class=\"feature-name\" style=\"font-weight: bold; color: #000080;\">\ud83d\udcda \u00cdndice<\/div>\r\n<div class=\"feature-value\">\r\n<ol>\r\n<li><a style=\"color: #000080;\" href=\"#REVIS\u00c3O\">REVIS\u00c3O SOBRE OS B\u00d4NUS PariPesa EM PORTUGAL<\/a><\/li>\r\n<li><a style=\"color: #000080;\" href=\"#B\u00d3NUS\">PariPesa B\u00d3NUS DE BOAS-VINDAS<\/a><\/li>\r\n<li><a style=\"color: #000080;\" href=\"#APOSTASDESPORTIVAS\">PARA APOSTAS DESPORTIVAS<\/a><\/li>\r\n<li><a style=\"color: #000080;\" href=\"#PARA CASINO\">PARA CASINO<\/a><\/li>\r\n<li><a style=\"color: #000080;\" href=\"#SEMDEP\u00d3SITO\">PariPesa B\u00d3NUS SEM DEP\u00d3SITO \u00c9 UMA POSSIBILIDADE NA PLATAFORMA?<\/a><\/li>\r\n<li><a style=\"color: #000080;\" href=\"#OFERTAS\">PariPesa OFERTAS SEMANAIS PARA APOSTAS DESPORTIVAS<\/a><\/li>\r\n<li><a style=\"color: #000080;\" href=\"#PROMO\u00c7\u00d5ES\">PariPesa BONUS PROMO\u00c7\u00d5ES SEMANAIS PARA CASINO<\/a><\/li>\r\n<li><a style=\"color: #000080;\" href=\"#LOJA\">PariPesa LOJA<\/a><\/li>\r\n<li><a style=\"color: #000080;\" href=\"#ANIVERS\u00c1RIO\">PariPesa B\u00d3NUS DE ANIVERS\u00c1RIO<\/a><\/li>\r\n<li><a style=\"color: #000080;\" href=\"#Cr\u00edticas\">Cr\u00edticas aos B\u00f3nus Paripesa de jogadores portugueses <\/a><\/li>\r\n<\/ol>\r\n<\/div>\r\n<\/td>\r\n<\/tr>\r\n<\/tbody>\r\n<\/table>\r\n\r\n<h2 id=\"REVIS\u00c3O\" class=\"wp-block-heading\">REVIS\u00c3O SOBRE OS B\u00d4NUS PariPesa EM PORTUGAL<\/h2>\r\n<p>Informa\u00e7\u00f5es gerais sobre o sistema de b\u00f3nus Paripesa:<\/p>\r\n<table class=\"feature-table\" style=\"box-shadow: inset 0 0 10px 3px rgba(230, 220, 250, 0.7), 0 0 10px 3px #dda0dd !important; padding: 15px; width: 100%; border-collapse: collapse; font-family: Arial, sans-serif;\">\r\n<thead>\r\n<tr>\r\n<th style=\"background-color: #f8f0ff; color: #4b0082; font-size: 20px; padding: 10px; text-align: left;\" colspan=\"2\">\ud83c\udf81 Informa\u00e7\u00f5es gerais sobre os b\u00f3nus Paripesa<\/th>\r\n<\/tr>\r\n<\/thead>\r\n<tbody>\r\n<tr>\r\n<td style=\"padding: 10px; font-weight: bold;\">\ud83c\udf89 B\u00f3nus de Boas-Vindas<\/td>\r\n<td style=\"padding: 10px;\">100% no primeiro dep\u00f3sito at\u00e9 100\u202f\u20ac + rodadas gr\u00e1tis no casino.<\/td>\r\n<\/tr>\r\n<tr>\r\n<td style=\"padding: 10px; font-weight: bold;\">\ud83d\udcc5 B\u00f3nus Semanais<\/td>\r\n<td style=\"padding: 10px;\">Ofertas exclusivas todas as sextas-feiras e fins de semana para apostas desportivas e jogos de casino.<\/td>\r\n<\/tr>\r\n<tr>\r\n<td style=\"padding: 10px; font-weight: bold;\">\ud83d\udcc8 Aposta Combinada do Dia<\/td>\r\n<td style=\"padding: 10px;\">Aumenta os teus ganhos at\u00e9 10% ao apostar em m\u00faltiplas combinadas selecionadas.<\/td>\r\n<\/tr>\r\n<tr>\r\n<td style=\"padding: 10px; font-weight: bold;\">\ud83d\udd04 B\u00f3nus de Reembolso<\/td>\r\n<td style=\"padding: 10px;\">Recebe uma percentagem das tuas perdas semanais como saldo de b\u00f3nus.<\/td>\r\n<\/tr>\r\n<tr>\r\n<td style=\"padding: 10px; font-weight: bold;\">\ud83c\udfb0 B\u00f3nus de Casino<\/td>\r\n<td style=\"padding: 10px;\">Promo\u00e7\u00f5es di\u00e1rias em slots, cashback e torneios com pr\u00e9mios garantidos.<\/td>\r\n<\/tr>\r\n<tr>\r\n<td style=\"padding: 10px; font-weight: bold;\">\ud83d\udce7 B\u00f3nus Personalizados<\/td>\r\n<td style=\"padding: 10px;\">Ofertas individuais enviadas por e-mail ou notificadas na app para utilizadores ativos.<\/td>\r\n<\/tr>\r\n<\/tbody>\r\n<\/table>\r\n<p><a href=\"https:\/\/paripesalat.com\/pt-pt\/\">Apostar com a PariPesa<\/a>\u00a0al\u00e9m de seguro \u00e9 vantajoso, suas ofertas t\u00eam conquistado apostadores do mundo inteiro, visando n\u00e3o somente os novos usu\u00e1rios, a casa tamb\u00e9m oferece programas de b\u00f3nus para os apostadores fi\u00e9is de sua plataforma.<\/p>\r\n<div style=\"text-align: center;\"><img loading=\"lazy\" decoding=\"async\" class=\"alignnone size-full wp-image-870\" style=\"box-shadow: inset 0 0 10px 3px rgb(52 209 95 \/ 60%), 0 0 10px 3px #7e87f1 !important;\" title=\"paripesa bonus\" src=\"https:\/\/paripesalat.com\/wp-content\/uploads\/2025\/05\/paripesa-bonus-1.jpg\" alt=\"paripesa bonus\" width=\"700\" height=\"312\" \/><\/div>\r\n<p>&nbsp;<\/p>\r\n\r\n\r\n\r\n<p>Fundada em 2019, a casa de apostas desde ent\u00e3o segue preparando \u00f3timas promo\u00e7\u00f5es e ofertas aos seus usu\u00e1rios, como consequ\u00eancia disso, a casa disponibiliza diversos b\u00f3nus, alguns deles toda semana. Os bonus PariPesa oferecem pr\u00e9mios como giros gr\u00e1tis, aposta gr\u00e1tis, al\u00e9m de possibilitar o ganho de dinheiro real, ou seja, a casa proporciona \u00f3timos benef\u00edcios.<\/p>\r\n<div style=\"margin: 2%; text-align: left;\"><a style=\"display: inline-block; left: 50%; transform: translateX(-50%); position: relative; box-shadow: inset 0 0 10px 3px rgba(24, 14, 33, 0.6), 0 0 10px 3px #f5f5f5; background-color: #ef690a; border-radius: 6px;\" href=\"https:\/\/combodef.com\/L?tag=d_4824640m_45569c_&amp;site=4824640&amp;ad=45569\" rel=\"nofollow\"><span style=\"display: block; padding: 20px 45px; color: #fff; text-align: center;\">Baixe agora!<\/span><\/a><\/div>\r\n<p>&nbsp;<\/p>\r\n\r\n\r\n\r\n<h2 id=\"B\u00d3NUS\" class=\"wp-block-heading\">PariPesa B\u00d3NUS DE BOAS-VINDAS<\/h2>\r\n\r\n\r\n\r\n<p>Primeiramente, o b\u00f3nus de boas-vindas \u00e9 uma oferta para os novos usu\u00e1rios, de modo geral, este b\u00f3nus de in\u00edcio \u00e9 disponibilizado conforme a primeira quantia inserida na conta. Atualmente, a plataforma oferece um b\u00f3nus inicial de 100%, ou seja, at\u00e9 o dobro do valor do primeiro dep\u00f3sito, aumentando as chances de jogo dos recentes usu\u00e1rios.<\/p>\r\n\r\n\r\n\r\n<p>Lembrando que o PariPesa bonus code pode ser inserido no momento do registo, garantindo aos usu\u00e1rios a participa\u00e7\u00e3o na oferta de boas-vindas PariPesa, outra poss\u00edvel op\u00e7\u00e3o s\u00e3o os c\u00f3digos de b\u00f3nus no momento do dep\u00f3sito.<\/p>\r\n\r\n\r\n\r\n<h2 id=\"APOSTASDESPORTIVAS\" class=\"wp-block-heading\">PARA APOSTAS DESPORTIVAS<\/h2>\r\n\r\n\r\n\r\n<p>Como dito, o b\u00f3nus de boas-vindas tamb\u00e9m \u00e9 oferecido na modalidade de jogos de desporto, com isso, a principal vantagem dos novatos jogadores PariPesa \u00e9 usufruir do b\u00f3nus na se\u00e7\u00e3o apostas desportivas. O bonus PariPesa de boas-vindas para desporto \u00e9 100% at\u00e9 100\u20ac, entretanto, a casa exige dos apostadores alguns requisitos:<\/p>\r\n\r\n\r\n\r\n<ul class=\"wp-block-list\">\r\n<li>Ser novo usu\u00e1rio<\/li>\r\n\r\n\r\n\r\n<li>Cumprir com o rollover, que nesta oferta \u00e9 de 5x o valor do b\u00f3nus ganho<\/li>\r\n\r\n\r\n\r\n<li>Dep\u00f3sito m\u00ednimo de 1\u20ac<\/li>\r\n\r\n\r\n\r\n<li>As apostas devem ser m\u00faltiplas, com odds m\u00ednimas de 1,40<\/li>\r\n\r\n\r\n\r\n<li>Estes s\u00e3o alguns dos requerimentos de aposta da oferta, ao cumprir o usu\u00e1rio converte o saldo de b\u00f3nus em dinheiro real<\/li>\r\n<\/ul>\r\n\r\n\r\n\r\n<h2 id=\"PARACASINO\" class=\"wp-block-heading\">PARA CASINO<\/h2>\r\n\r\n\r\n\r\n<p>Outra se\u00e7\u00e3o beneficiada pelo b\u00f3nus de boas-vindas da casa \u00e9 a dos jogos de casino, jogar nos milhares de jogos dispon\u00edveis no site ser\u00e1 muito mais vantajoso com o plano de b\u00f3nus inicial oferecido.<\/p>\r\n\r\n\r\n\r\n<p>A <a href=\"https:\/\/paripesalat.com\/pt-pt\/casino\/\">PariPesa casino<\/a> bonus preparou uma oferta de 100% at\u00e9 300\u20ac como pr\u00e9mio de boas-vindas, que de certa forma \u00e9 uma quantia significativa. O b\u00f3nus para casino tamb\u00e9m requer o cumprimento de algumas regras, sendo elas:<\/p>\r\n\r\n\r\n\r\n<ul class=\"wp-block-list\">\r\n<li>Ser novo usu\u00e1rio.<\/li>\r\n\r\n\r\n\r\n<li>Realizar um dep\u00f3sito m\u00ednimo de 1\u20ac.<\/li>\r\n\r\n\r\n\r\n<li>Cumprir com o rollover de 50x,<\/li>\r\n\r\n\r\n\r\n<li>O valor m\u00e1ximo para as apostas com b\u00f3nus \u00e9 de 5\u20ac.<\/li>\r\n<\/ul>\r\n\r\n\r\n\r\n<p>Por fim, fazer uso de um codigo promocional PariPesa pode ser uma op\u00e7\u00e3o, no entanto, sua utiliza\u00e7\u00e3o \u00e9 opcional.<\/p>\r\n<div style=\"margin: 2%; text-align: left;\"><a style=\"display: inline-block; left: 50%; transform: translateX(-50%); position: relative; box-shadow: inset 0 0 10px 3px rgba(24, 14, 33, 0.6), 0 0 10px 3px #f5f5f5; background-color: #ef690a; border-radius: 6px;\" href=\"https:\/\/combodef.com\/L?tag=d_4824640m_45569c_&amp;site=4824640&amp;ad=45569\" rel=\"nofollow\"><span style=\"display: block; padding: 20px 45px; color: #fff; text-align: center;\">Baixe agora!<\/span><\/a><\/div>\r\n\r\n\r\n\r\n<h2 id=\"SEMDEP\u00d3SITO\" class=\"wp-block-heading\">PariPesa B\u00d3NUS SEM DEP\u00d3SITO \u00c9 UMA POSSIBILIDADE NA PLATAFORMA?<\/h2>\r\n\r\n\r\n\r\n<p>Ganhar b\u00f3nus sem a necessidade de realizar dep\u00f3sitos, sem d\u00favidas \u00e9 uma \u00f3tima oferta e sonho de todo apostador. Por\u00e9m, atualmente a casa n\u00e3o oferece nenhuma promo\u00e7\u00e3o espec\u00edfica com b\u00f3nus sem dep\u00f3sito. Entretanto, a plataforma disp\u00f5e de diversas outras promo\u00e7\u00f5es e ofertas que possibilitam \u00f3timos ganhos como pontos e dinheiro real. Algumas das promo\u00e7\u00f5es que geram ganhos com a pr\u00e1tica de apostas s\u00e3o:<\/p>\r\n\r\n\r\n\r\n<ul class=\"wp-block-list\">\r\n<li>Corrida semanal.<\/li>\r\n\r\n\r\n\r\n<li>B\u00f3nus por s\u00e9rie de apostas perdedoras.<\/li>\r\n\r\n\r\n\r\n<li>B\u00f3nus de rebate.<\/li>\r\n<\/ul>\r\n\r\n\r\n\r\n<h2 id=\"OFERTAS\" class=\"wp-block-heading\">PariPesa OFERTAS SEMANAIS PARA APOSTAS DESPORTIVAS<\/h2>\r\n\r\n\r\n\r\n<p>A principal oferta semanal da casa \u00e9 o PariPesa bonus sexta feira, a promo\u00e7\u00e3o oferece 100% de b\u00f3nus at\u00e9 100\u20ac, como o pr\u00f3prio nome sugere, a oferta de recarga \u00e9 v\u00e1lida para dep\u00f3sitos realizados \u00e0s sextas-feiras.<\/p>\r\n\r\n\r\n\r\n<p>Uma outra promo\u00e7\u00e3o semanal \u00e9 disponibilizada \u00e0s ter\u00e7as-feiras, neste caso, a oferta \u00e9 o b\u00f3nus de rebate, um programa de rebate semanal. A oferta devolve quantias referentes \u00e0s apostas realizadas, melhor dizendo, o rebate semanal tem como refer\u00eancia a semana anterior, devolvendo cerca de 0,3% do valor total das apostas realizadas.<\/p>\r\n\r\n\r\n\r\n<p>Atualmente estas s\u00e3o as duas principais ofertas semanais da casa, ambas com pr\u00e9mios e b\u00f3nus voltados a apostas desportivas.<\/p>\r\n\r\n\r\n\r\n<h2 id=\"PROMO\u00c7\u00d5ES\" class=\"wp-block-heading\">PariPesa BONUS PROMO\u00c7\u00d5ES SEMANAIS PARA CASINO<\/h2>\r\n\r\n\r\n\r\n<p>A corrida semanal PariPesa \u00e9 a principal promo\u00e7\u00e3o semanal da se\u00e7\u00e3o de casino, lutar por sua parte de at\u00e9 1000\u20ac \u00e9 o principal objetivo da oferta. A corrida funciona com esquema de pontos, ao jogar em qualquer jogo de slots do casino PariPesa os usu\u00e1rios ganham pontos, sendo que, a cada 1\u20ac em apostas, o jogador ganha 100 pontos. Ao final de cada semana os 100 usu\u00e1rios com o maior n\u00famero de pontos, ou seja, os finalistas, ganhar\u00e3o pr\u00e9mios.<\/p>\r\n\r\n\r\n\r\n<p>Os pr\u00e9mios s\u00e3o oferecidos em dinheiro real, adicionados automaticamente \u00e0 carteira dos usu\u00e1rios finalistas que cumprirem com todos os termos da promo\u00e7\u00e3o, lembrando que a coloca\u00e7\u00e3o na tabela se d\u00e1 de acordo com o n\u00famero de pontos ganhos, desta forma, quanto mais apostas realizadas nos slots da casa, mais pontos s\u00e3o adquiridos.<\/p>\r\n\r\n\r\n\r\n<h2 id=\"LOJA\" class=\"wp-block-heading\">PariPesa LOJA<\/h2>\r\n\r\n\r\n\r\n<p>A loja PariPesa garante aos seus jogadores leais uma s\u00e9rie de benef\u00edcios, inclusive a chance de comprar recompensas, sejam elas em forma de apostas gr\u00e1tis ou at\u00e9 de rodadas gr\u00e1tis na se\u00e7\u00e3o de casino.<\/p>\r\n\r\n\r\n\r\n<p>As compras na loja PariPesa s\u00e3o realizadas por meio de pontos, estes pontos s\u00e3o ganhos conforme as apostas e jogos realizados na se\u00e7\u00e3o de desporto e tamb\u00e9m no casino PariPesa, ou seja, quanto mais o usu\u00e1rio jogar, mais pontos receber\u00e1. Com isso, basta os jogadores acessarem a loja e ent\u00e3o trocar seus pontos pelas recompensas dispon\u00edveis.<\/p>\r\n<div style=\"margin: 2%; text-align: left;\"><a style=\"display: inline-block; left: 50%; transform: translateX(-50%); position: relative; box-shadow: inset 0 0 10px 3px rgba(24, 14, 33, 0.6), 0 0 10px 3px #f5f5f5; background-color: #ef690a; border-radius: 6px;\" href=\"https:\/\/combodef.com\/L?tag=d_4824640m_45569c_&amp;site=4824640&amp;ad=45569\" rel=\"nofollow\"><span style=\"display: block; padding: 20px 45px; color: #fff; text-align: center;\">Baixe agora!<\/span><\/a><\/div>\r\n\r\n\r\n\r\n<h2 id=\"ANIVERS\u00c1RIO\" class=\"wp-block-heading\">PariPesa B\u00d3NUS DE ANIVERS\u00c1RIO<\/h2>\r\n\r\n\r\n\r\n<p>Um presente no dia do seu anivers\u00e1rio, \u00e9 isso que o b\u00f3nus de anivers\u00e1rio PariPesa proporciona aos seus fi\u00e9is apostadores. A promo\u00e7\u00e3o d\u00e1 ao aniversariante 500 pontos de presente, isso mesmo, no dia do seu anivers\u00e1rio a plataforma disponibiliza na carteira de pontos, 500 pontos para serem utilizados na loja PariPesa.<\/p>\r\n\r\n\r\n\r\n<p>Lembrando que nesta oferta n\u00e3o h\u00e1 a necessidade do uso de um codigo promocional PariPesa, uma vez que a oferta \u00e9 automaticamente disponibilizada ao aniversariante. Entretanto, fique atento \u00e0 verifica\u00e7\u00e3o de email, e tamb\u00e9m nas notifica\u00e7\u00f5es da sua conta.<\/p>\r\n\r\n\r\n\r\n<h3 id=\"Cr\u00edticas\" class=\"wp-block-heading\">Cr\u00edticas aos B\u00f3nus Paripesa de jogadores portugueses:<\/h3>\r\n\r\n\r\n\r\n<figure class=\"wp-block-table\">\r\n<table class=\"has-fixed-layout\">\r\n<tbody>\r\n<tr>\r\n<td><img decoding=\"async\" src=\"https:\/\/paripesalat.com\/wp-content\/uploads\/2024\/09\/Edgar-Fernando-Barbosa.webp\" width=\"250px\" height=\"230px\" \/><br \/>Edgar Fernando Barbosa<br \/>16.09.2024 22:16<br \/>N\u00edvel de confian\u00e7a da marca: 98%<br \/>\u2714\ufe0f \u2714\ufe0f\u2714\ufe0f\u2714\ufe0f\u2714\ufe0f<br \/>GEO: Sintra, Portugal<\/td>\r\n<td>Os requisitos de apostas dos b\u00f4nus da PariPesa s\u00e3o justos e transparentes<\/td>\r\n<\/tr>\r\n<tr>\r\n<td><img loading=\"lazy\" decoding=\"async\" class=\"alignnone size-full wp-image-3338\" src=\"https:\/\/paripesalat.com\/wp-content\/uploads\/2025\/08\/Ines-Ribeiro.jpg\" alt=\"Ines Ribeiro\" width=\"255\" height=\"255\" srcset=\"https:\/\/paripesalat.com\/wp-content\/uploads\/2025\/08\/Ines-Ribeiro.jpg 255w, https:\/\/paripesalat.com\/wp-content\/uploads\/2025\/08\/Ines-Ribeiro-150x150.jpg 150w\" sizes=\"auto, (max-width: 255px) 100vw, 255px\" \/><br \/>In\u00eas Ribeiro<br \/>07.08.2025 20:10<br \/>N\u00edvel de confian\u00e7a da marca: 96%<br \/>\u2714\ufe0f \u2714\ufe0f\u2714\ufe0f\u2714\ufe0f\u2714\ufe0f<br \/>GEO: Braga, Portugal<\/td>\r\n<td>Sou f\u00e3 de jogos de azar e o que mais me atraiu neste site foram as promo\u00e7\u00f5es casino online. H\u00e1 b\u00f3nus semanais, ofertas com rodadas gr\u00e1tis e at\u00e9 cashback. D\u00e1 gosto jogar quando sentimos que a plataforma valoriza os jogadores fi\u00e9is.<\/td>\r\n<\/tr>\r\n<\/tbody>\r\n<\/table>\r\n<\/figure>\r\n","protected":false},"excerpt":{"rendered":"<p>\ud83d\udcda \u00cdndice REVIS\u00c3O SOBRE OS B\u00d4NUS PariPesa EM PORTUGAL PariPesa B\u00d3NUS DE BOAS-VINDAS PARA APOSTAS DESPORTIVAS PARA CASINO PariPesa B\u00d3NUS SEM DEP\u00d3SITO \u00c9 UMA POSSIBILIDADE NA PLATAFORMA? PariPesa OFERTAS SEMANAIS PARA APOSTAS DESPORTIVAS PariPesa BONUS PROMO\u00c7\u00d5ES SEMANAIS PARA CASINO PariPesa LOJA PariPesa B\u00d3NUS DE ANIVERS\u00c1RIO Cr\u00edticas aos B\u00f3nus Paripesa de jogadores portugueses REVIS\u00c3O SOBRE OS [&hellip;]<\/p>\n","protected":false},"author":1,"featured_media":0,"parent":0,"menu_order":0,"comment_status":"closed","ping_status":"closed","template":"","meta":{"_sitemap_exclude":false,"_sitemap_priority":"","_sitemap_frequency":"","footnotes":""},"class_list":["post-774","page","type-page","status-publish","hentry"],"acf":[],"yoast_head":"<!-- This site is optimized with the Yoast SEO plugin v23.7 - https:\/\/yoast.com\/wordpress\/plugins\/seo\/ -->\n<title>Paripesa Bonus Portugal - Ofertas para Jogadores<\/title>\n<meta name=\"description\" content=\"Bonus PariPesa \u21d2 Recebe o teu b\u00f3nus \u261b Aposta em EUR \u1409 Promo\u00e7\u00f5es exclusivas, ofertas especiais e ganhos r\u00e1pidos | Plataforma em Portugal.\" \/>\n<meta name=\"robots\" content=\"index, follow, max-snippet:-1, max-image-preview:large, max-video-preview:-1\" \/>\n<meta property=\"og:locale\" content=\"pt_PT\" \/>\n<meta property=\"og:type\" content=\"article\" \/>\n<meta property=\"og:title\" content=\"Paripesa Bonus Portugal - Ofertas para Jogadores\" \/>\n<meta property=\"og:description\" content=\"Bonus PariPesa \u21d2 Recebe o teu b\u00f3nus \u261b Aposta em EUR \u1409 Promo\u00e7\u00f5es exclusivas, ofertas especiais e ganhos r\u00e1pidos | Plataforma em Portugal.\" \/>\n<meta property=\"og:url\" content=\"https:\/\/paripesalat.com\/pt-pt\/bonus\/\" \/>\n<meta property=\"og:site_name\" content=\"PariPesa PORTUGAL: PLATAFORMA LEGAL DE APOSTAS ONLINE\" \/>\n<meta property=\"article:modified_time\" content=\"2026-04-12T11:05:05+00:00\" \/>\n<meta property=\"og:image\" content=\"https:\/\/paripesalat.com\/wp-content\/uploads\/2024\/05\/Sitio-web-Paripesa-es.webp\" \/>\n\t<meta property=\"og:image:width\" content=\"700\" \/>\n\t<meta property=\"og:image:height\" content=\"435\" \/>\n\t<meta property=\"og:image:type\" content=\"image\/webp\" \/>\n<meta name=\"twitter:card\" content=\"summary_large_image\" \/>\n<meta name=\"twitter:label1\" content=\"Tempo estimado de leitura\" \/>\n\t<meta name=\"twitter:data1\" content=\"6 minutos\" \/>\n<!-- \/ Yoast SEO plugin. -->","yoast_head_json":{"title":"Paripesa Bonus Portugal - Ofertas para Jogadores","description":"Bonus PariPesa \u21d2 Recebe o teu b\u00f3nus \u261b Aposta em EUR \u1409 Promo\u00e7\u00f5es exclusivas, ofertas especiais e ganhos r\u00e1pidos | Plataforma em Portugal.","robots":{"index":"index","follow":"follow","max-snippet":"max-snippet:-1","max-image-preview":"max-image-preview:large","max-video-preview":"max-video-preview:-1"},"og_locale":"pt_PT","og_type":"article","og_title":"Paripesa Bonus Portugal - Ofertas para Jogadores","og_description":"Bonus PariPesa \u21d2 Recebe o teu b\u00f3nus \u261b Aposta em EUR \u1409 Promo\u00e7\u00f5es exclusivas, ofertas especiais e ganhos r\u00e1pidos | Plataforma em Portugal.","og_url":"https:\/\/paripesalat.com\/pt-pt\/bonus\/","og_site_name":"PariPesa PORTUGAL: PLATAFORMA LEGAL DE APOSTAS ONLINE","article_modified_time":"2026-04-12T11:05:05+00:00","og_image":[{"width":700,"height":435,"url":"https:\/\/paripesalat.com\/wp-content\/uploads\/2024\/05\/Sitio-web-Paripesa-es.webp","type":"image\/webp"}],"twitter_card":"summary_large_image","twitter_misc":{"Tempo estimado de leitura":"6 minutos"},"schema":{"@context":"https:\/\/schema.org","@graph":[{"@type":"WebPage","@id":"https:\/\/paripesalat.com\/pt-pt\/bonus\/","url":"https:\/\/paripesalat.com\/pt-pt\/bonus\/","name":"Paripesa Bonus Portugal - Ofertas para Jogadores","isPartOf":{"@id":"https:\/\/paripesalat.com\/#website"},"primaryImageOfPage":{"@id":"https:\/\/paripesalat.com\/pt-pt\/bonus\/#primaryimage"},"image":{"@id":"https:\/\/paripesalat.com\/pt-pt\/bonus\/#primaryimage"},"thumbnailUrl":"https:\/\/paripesalat.com\/wp-content\/uploads\/2025\/05\/paripesa-bonus-1.jpg","datePublished":"2023-09-02T06:22:23+00:00","dateModified":"2026-04-12T11:05:05+00:00","description":"Bonus PariPesa \u21d2 Recebe o teu b\u00f3nus \u261b Aposta em EUR \u1409 Promo\u00e7\u00f5es exclusivas, ofertas especiais e ganhos r\u00e1pidos | Plataforma em Portugal.","breadcrumb":{"@id":"https:\/\/paripesalat.com\/pt-pt\/bonus\/#breadcrumb"},"inLanguage":"pt-PT","potentialAction":[{"@type":"ReadAction","target":["https:\/\/paripesalat.com\/pt-pt\/bonus\/"]}]},{"@type":"ImageObject","inLanguage":"pt-PT","@id":"https:\/\/paripesalat.com\/pt-pt\/bonus\/#primaryimage","url":"https:\/\/paripesalat.com\/wp-content\/uploads\/2025\/05\/paripesa-bonus-1.jpg","contentUrl":"https:\/\/paripesalat.com\/wp-content\/uploads\/2025\/05\/paripesa-bonus-1.jpg"},{"@type":"BreadcrumbList","@id":"https:\/\/paripesalat.com\/pt-pt\/bonus\/#breadcrumb","itemListElement":[{"@type":"ListItem","position":1,"name":"Home","item":"https:\/\/paripesalat.com\/pt-pt\/"},{"@type":"ListItem","position":2,"name":"PariPesa B\u00d4NUS PARA CASSINO E APOSTAS"}]},{"@type":"WebSite","@id":"https:\/\/paripesalat.com\/#website","url":"https:\/\/paripesalat.com\/","name":"PariPesa PORTUGAL: PLATAFORMA LEGAL DE APOSTAS ONLINE","description":"","potentialAction":[{"@type":"SearchAction","target":{"@type":"EntryPoint","urlTemplate":"https:\/\/paripesalat.com\/?s={search_term_string}"},"query-input":{"@type":"PropertyValueSpecification","valueRequired":true,"valueName":"search_term_string"}}],"inLanguage":"pt-PT"}]}},"_links":{"self":[{"href":"https:\/\/paripesalat.com\/pt-pt\/wp-json\/wp\/v2\/pages\/774","targetHints":{"allow":["GET"]}}],"collection":[{"href":"https:\/\/paripesalat.com\/pt-pt\/wp-json\/wp\/v2\/pages"}],"about":[{"href":"https:\/\/paripesalat.com\/pt-pt\/wp-json\/wp\/v2\/types\/page"}],"author":[{"embeddable":true,"href":"https:\/\/paripesalat.com\/pt-pt\/wp-json\/wp\/v2\/users\/1"}],"replies":[{"embeddable":true,"href":"https:\/\/paripesalat.com\/pt-pt\/wp-json\/wp\/v2\/comments?post=774"}],"version-history":[{"count":26,"href":"https:\/\/paripesalat.com\/pt-pt\/wp-json\/wp\/v2\/pages\/774\/revisions"}],"predecessor-version":[{"id":5272,"href":"https:\/\/paripesalat.com\/pt-pt\/wp-json\/wp\/v2\/pages\/774\/revisions\/5272"}],"wp:attachment":[{"href":"https:\/\/paripesalat.com\/pt-pt\/wp-json\/wp\/v2\/media?parent=774"}],"curies":[{"name":"wp","href":"https:\/\/api.w.org\/{rel}","templated":true}]}}