{"id":5282,"date":"2025-05-13T15:21:56","date_gmt":"2025-05-13T12:21:56","guid":{"rendered":"https:\/\/paripesalat.com\/paris-sportifs\/"},"modified":"2026-04-12T20:23:37","modified_gmt":"2026-04-12T17:23:37","slug":"paripesa-apostas","status":"publish","type":"page","link":"https:\/\/paripesalat.com\/pt-pt\/paripesa-apostas\/","title":{"rendered":"PariPesa apostas"},"content":{"rendered":"<h2 id=\"PariPesa_Sports\">PariPesa Sports Portugal: aposte com qualidade e seguran\u00e7a<\/h2>\n<table class=\"feature-table\" style=\"box-shadow: inset 0 0 10px 3px rgba(230, 220, 250, 0.7), 0 0 10px 3px #7e87f1 !important; padding: 15px; width: 100%; border-collapse: collapse; font-family: Arial, sans-serif;\">\n<thead>\n<tr>\n<th style=\"background-color: #f8f0ff; color: #4b0082; font-size: 20px; padding: 10px; text-align: left;\" colspan=\"2\">\u26bd Sec\u00e7\u00e3o de Apostas Desportivas da Paripesa \u2013 Informa\u00e7\u00f5es Gerais<\/th>\n<\/tr>\n<\/thead>\n<tbody>\n<tr>\n<td style=\"padding: 10px; font-weight: bold;\">\ud83c\udfc6 Tipos de Apostas<\/td>\n<td style=\"padding: 10px;\">Disponibiliza apostas pr\u00e9-jogo e ao vivo, incluindo mercados populares como vencedor da partida, totais (over\/under) e handicaps.<\/td>\n<\/tr>\n<tr>\n<td style=\"padding: 10px; font-weight: bold;\">\ud83d\udce1 Apostas ao Vivo<\/td>\n<td style=\"padding: 10px;\">Sec\u00e7\u00e3o din\u00e2mica com odds atualizadas em tempo real, permitindo apostar durante os jogos com acompanhamento cont\u00ednuo.<\/td>\n<\/tr>\n<tr>\n<td style=\"padding: 10px; font-weight: bold;\">\ud83d\udcca Variedade de Desportos<\/td>\n<td style=\"padding: 10px;\">Cobertura de futebol, t\u00e9nis, basquetebol e outros desportos populares entre apostadores portugueses.<\/td>\n<\/tr>\n<tr>\n<td style=\"padding: 10px; font-weight: bold;\">\ud83d\udcb8 Odds Competitivas<\/td>\n<td style=\"padding: 10px;\">Cota\u00e7\u00f5es atualizadas frequentemente, oferecendo boas oportunidades em diferentes mercados e eventos.<\/td>\n<\/tr>\n<tr>\n<td style=\"padding: 10px; font-weight: bold;\">\ud83d\udcf1 Interface e Navega\u00e7\u00e3o<\/td>\n<td style=\"padding: 10px;\">Design intuitivo com acesso r\u00e1pido a ligas, eventos e mercados, otimizado para dispositivos m\u00f3veis e desktop.<\/td>\n<\/tr>\n<tr>\n<td style=\"padding: 10px; font-weight: bold;\">\ud83c\udfaf Funcionalidades \u00dateis<\/td>\n<td style=\"padding: 10px;\">Inclui cash out, favoritos, hist\u00f3rico de apostas e filtros para encontrar rapidamente eventos relevantes.<\/td>\n<\/tr>\n<tr>\n<td style=\"padding: 10px; font-weight: bold;\">\ud83d\udcb3 M\u00e9todos de Pagamento<\/td>\n<td style=\"padding: 10px;\">Dep\u00f3sitos e levantamentos dispon\u00edveis atrav\u00e9s de cart\u00f5es banc\u00e1rios, carteiras eletr\u00f3nicas e outros m\u00e9todos acess\u00edveis em Portugal.<\/td>\n<\/tr>\n<tr>\n<td style=\"padding: 10px; font-weight: bold;\">\ud83d\udd12 Seguran\u00e7a e Fiabilidade<\/td>\n<td style=\"padding: 10px;\">Ambiente protegido com tecnologia de encripta\u00e7\u00e3o, garantindo seguran\u00e7a nas apostas e transa\u00e7\u00f5es.<\/td>\n<\/tr>\n<\/tbody>\n<\/table>\n<p>Apostar com seguran\u00e7a e qualidade s\u00e3o requisitos b\u00e1sicos que qualquer utilizador, seja ele experiente ou novato deseja. \u00c9 nesse cen\u00e1rio que n\u00f3s da <strong>PariPesa apostas<\/strong> surgimos como principal destino para jogar em Portugal.<\/p>\n<p>Compreenda um pouco mais sobre nossa marca, nossos <strong>tipos de apostas<\/strong> e ofertas. As vantagens e desvantagens de apostar conosco, al\u00e9m das estrat\u00e9gias mais l\u00f3gicas para jogadores portugueses.<\/p>\n<p><img loading=\"lazy\" decoding=\"async\" class=\"size-full wp-image-870 aligncenter\" style=\"box-shadow: inset 0 0 10px 3px rgb(52 209 95 \/ 60%), 0 0 10px 3px #7e87f1 !important;\" title=\"Paripesa apostas\" src=\"https:\/\/paripesalat.com\/wp-content\/uploads\/2026\/04\/Paripesa-apostas.jpg\" alt=\"Paripesa apostas\" width=\"900\" height=\"267\" \/><\/p>\n<table class=\"feature-table\" style=\"box-shadow: inset 0 0 10px 3px rgb(247 247 247 \/ 60%), 0 0 10px 3px #7e87f1 !important; padding: 15px; width: 100%;\">\n<tbody>\n<tr>\n<td>\n<div class=\"feature-name\" style=\"font-weight: bold; color: #000080;\">\ud83d\udcda \u00cdndice<\/div>\n<div class=\"feature-value\">\n<ol>\n<li><a style=\"color: #000080;\" href=\"#PariPesa_Sports\">PariPesa Sports Portugal: aposte com qualidade e seguran\u00e7a<\/a><\/li>\n<li><a style=\"color: #000080;\" href=\"#PariPesa_apostas\">PariPesa apostas: melhores apostas para realizar hoje<\/a><\/li>\n<li><a style=\"color: #000080;\" href=\"#Guia\">Guia de apostas: pr\u00f3s e contras das apostas na PariPesa<\/a><\/li>\n<li><a style=\"color: #000080;\" href=\"#Vantagens\">Vantagens<\/a><\/li>\n<li><a style=\"color: #000080;\" href=\"#Desvantagens\">Desvantagens<\/a><\/li>\n<li><a style=\"color: #000080;\" href=\"#Tipos\">Tipos de apostas esportivas: saiba em que apostar<\/a><\/li>\n<li><a style=\"color: #000080;\" href=\"#estrat\u00e9gias\">PariPesa Apostas: principais estrat\u00e9gias a seguir<\/a><\/li>\n<li><a style=\"color: #000080;\" href=\"#apostas_ao_vivo\">Uma vis\u00e3o geral sobre site de apostas ao vivo PariPesa<\/a><\/li>\n<li><a style=\"color: #000080;\" href=\"#Recursos\">Recursos das apostas esportivas ao vivo<\/a><\/li>\n<li><a style=\"color: #000080;\" href=\"#Caracter\u00edsticas\">Caracter\u00edsticas do site de apostas ao vivo PariPesa<\/a><\/li>\n<\/ol>\n<\/div>\n<\/td>\n<\/tr>\n<\/tbody>\n<\/table>\n<h2 id=\"PariPesa_apostas\">PariPesa apostas: melhores apostas para realizar hoje<\/h2>\n<p>Quando o assunto \u00e9 <strong>tipos de apostas esportivas<\/strong>, nossa marca oferece op\u00e7\u00e3o para todos os gostos. Jogadores portugueses encontrar\u00e3o conosco variedades como futebol, cr\u00edquete, <a href=\"https:\/\/paripesalat.com\/pt-pt\/apostas-tenis\/\">apostas em t\u00e9nis<\/a>, Badminton e muito mais.<\/p>\n<p>Nosso site \u00e9 otimizado para funcionar em dispositivos m\u00f3veis e desktop. Mas, quem desejar, poder\u00e1 baixar a nossa aplica\u00e7\u00e3o para iOS ou Android. Um dos principais destaques de nossa plataforma, al\u00e9m do <a href=\"https:\/\/paripesalat.com\/pt-pt\/apostas-em-futebol\/\">futebol<\/a>, \u00e9 o voleibol e o <a href=\"https:\/\/paripesalat.com\/pt-pt\/apostas-de-basquetebol\/\">basquetebol<\/a>, contanto com diversos eventos mundiais, como NBA, IPBL e campeonatos de voleibol internacional.<\/p>\n<p><img loading=\"lazy\" decoding=\"async\" class=\"size-full wp-image-870 aligncenter\" style=\"box-shadow: inset 0 0 10px 3px rgb(52 209 95 \/ 60%), 0 0 10px 3px #7e87f1 !important;\" title=\"tipos de apostas esportivas\" src=\"https:\/\/paripesalat.com\/wp-content\/uploads\/2026\/04\/Tipos-de-apostas.jpg\" alt=\"tipos de apostas esportivas\" width=\"900\" height=\"300\" \/><\/p>\n<h2 id=\"Guia\">Guia de apostas: pr\u00f3s e contras das apostas na PariPesa<\/h2>\n<p>Para avalia\u00e7\u00e3o dos nossos utilizadores, \u00e9 necess\u00e1rio sobrepesar os pr\u00f3s e contras de apostar online nos principais jogos ao vivo e\/ou pr\u00e9-jogo da nossa plataforma. Por isso, neste <strong>guia de apostas<\/strong> trouxemos alguns dos pontos de apostar em nossa marca.<\/p>\n<p><img loading=\"lazy\" decoding=\"async\" class=\"size-full wp-image-870 aligncenter\" style=\"box-shadow: inset 0 0 10px 3px rgb(52 209 95 \/ 60%), 0 0 10px 3px #7e87f1 !important;\" title=\"guia de apostas\" src=\"https:\/\/paripesalat.com\/wp-content\/uploads\/2026\/04\/guia-de-apostas.jpg\" alt=\"guia de apostas\" width=\"900\" height=\"198\" \/><\/p>\n<h3 id=\"Vantagens\">Vantagens<\/h3>\n<p>A iniciar pelas vantagens de nossa marca destacamos:<\/p>\n<ul>\n<li>R\u00e1pido cadastro num clique, e login descomplicado;<\/li>\n<li>Variedade de <strong>PariPesa Sports<\/strong>, al\u00e9m dos tradicionais contando tamb\u00e9m com op\u00e7\u00f5es de t\u00e9nis de mesa, lotaria, v\u00f3lei de praia, dardos e cerca de mais 40 op\u00e7\u00f5es;<\/li>\n<li>Transmiss\u00e3o de eSports;<\/li>\n<li>Aceitamos <a href=\"https:\/\/pt.wikipedia.org\/wiki\/Criptomoeda\">criptomoedas<\/a> como Litecoin, XRP, Verge e muito mais;<\/li>\n<li>Taxa m\u00ednima de dep\u00f3sito de 10 EUR pelo MB Way;<\/li>\n<li>Op\u00e7\u00f5es de apostas nacionais, como a Primeira Liga, al\u00e9m de eventos em futebol internacional e at\u00e9 mesmo desportos alternativos.<\/li>\n<\/ul>\n<h3 id=\"Desvantagens\">Desvantagens<\/h3>\n<p>Em meio \u00e0s desvantagens podemos destacar:<\/p>\n<ul>\n<li>Levantamento em criptomoeda s\u00f3 poder\u00e1 ocorrer por Cardano, tether, XRP, Monero;<\/li>\n<li>O b\u00f3nus de aposta gr\u00e1tis por apostar na aplica\u00e7\u00e3o precisa ser em odds de 1.40 ou superiores.<\/li>\n<\/ul>\n<h2 id=\"Tipos\">Tipos de apostas esportivas: saiba em que apostar<\/h2>\n<p>H\u00e1 uma grande variedade de mercados aqui na <strong>PariPesa Sports<\/strong>, permitindo que o jogador selecione a op\u00e7\u00e3o que acredite ser a melhor no evento esportivo desejado. Todavia, \u00e9 preciso esclarecer que, para eventos ao vivo, alguns dos mercados de apostas podem n\u00e3o mais estar dispon\u00edveis ap\u00f3s iniciar a partida.<\/p>\n<p><img loading=\"lazy\" decoding=\"async\" class=\"size-full wp-image-870 aligncenter\" style=\"box-shadow: inset 0 0 10px 3px rgb(52 209 95 \/ 60%), 0 0 10px 3px #7e87f1 !important;\" title=\"Paripesa sports\" src=\"https:\/\/paripesalat.com\/wp-content\/uploads\/2026\/04\/Paripesa-sports.jpg\" alt=\"Paripesa sports\" width=\"900\" height=\"297\" \/><\/p>\n<p>Um bom exemplo disso, \u00e9 o mercado de primeira equipa a marcar, ap\u00f3s iniciar-se a partida, em apenas alguns minutos poder\u00e1 surgir o golo e o mercado fechar. Com isso em mente alguns dos principais tipos s\u00e3o:<\/p>\n<ul>\n<li><strong>Ambas equipas marcam<\/strong>: tem por objetivo prever se ambos os times que est\u00e3o se enfrentando v\u00e3o marcar um golo na partida.<\/li>\n<li><strong>Resultado exato<\/strong>: bastante comum em bol\u00f5es, o mercado tem por intuito prever exatamente como a partida vai terminar, ou seja, o exato placar.<\/li>\n<li><strong>Mais\/menos<\/strong>: tamb\u00e9m referente a marca\u00e7\u00e3o de pontos\/golos, mas refere-se a somat\u00f3ria das marca\u00e7\u00f5es de ambas as equipas.<\/li>\n<li><strong>1&#215;2<\/strong>: um dos mais utilizados permite apostar na vit\u00f3ria do mandante, empate ou vit\u00f3ria do visitante. Este mercado \u00e9 bastante difundido e utilizado pelos utilizadores da <a href=\"https:\/\/paripesalat.com\/pt-pt\/\">PariPesa online<\/a>.<\/li>\n<\/ul>\n<h2 id=\"estrat\u00e9gias\">PariPesa Apostas: principais estrat\u00e9gias a seguir<\/h2>\n<p>Antes de apostar \u00e9 importante que o nosso jogador ponha em pr\u00e1tica algumas estrat\u00e9gias b\u00e1sicas evitando perder dinheiro em demasiado. Um dos principais cuidados \u00e9 o de jogar responsavelmente, utilizando apenas um valor do qual pode despender. Mas, para al\u00e9m dele, algumas estrat\u00e9gias podem ser aplicadas para uma aposta mais consciente e organizada. Abaixo listamos algumas das melhores dicas para apostar.<\/p>\n<h3 id=\"Aten\u00e7\u00e3o\">Aten\u00e7\u00e3o ao momento atual da equipa<\/h3>\n<p>Apenas apostar no time desejado pode ser divertido, mas tamb\u00e9m levar a perdas. \u00c9 preciso observar a atual condi\u00e7\u00e3o da equipa, principalmente em momentos de finais ao enfrentar advers\u00e1rios \u00e0 altura.<\/p>\n<p>Por isso, sempre acompanhe como est\u00e1 a equipa, se h\u00e1 jogadores importantes lesionados, se houve cart\u00e3o ou algum membro deixar\u00e1 de jogar, al\u00e9m de outros factores que podem impactar no resultado da partida.<\/p>\n<h3 id=\"odds\">Leitura das odds<\/h3>\n<p>Um ponto importante a ser observado pelos nossos apostadores s\u00e3o as odds de apostas. Afinal, s\u00e3o elas que v\u00e3o refletir no montante final obtido ap\u00f3s a aposta. Fundamental ter em mente que quanto maior o valor de uma odd (coeficiente) mais dif\u00edcil \u00e9 de que aquele evento se concretize.<\/p>\n<p>Dessa forma, apostar em eventos com odds elevadas poder\u00e1 render um bom retorno, todavia, trata-se de uma aposta de risco, porque tem chance de n\u00e3o se concretizar, seja pela m\u00e1-fase do time, les\u00e3o de algum jogador importante ou outro.<\/p>\n<h3 id=\"Controle_a_emo\u00e7\u00e3o\">Controle a emo\u00e7\u00e3o<\/h3>\n<p>Muitos esportes moram no cora\u00e7\u00e3o de diversos torcedores, mas quando o assunto \u00e9 apostas esportivas, a emo\u00e7\u00e3o deve ser deixada de lado e a aposta deve ser realizada de forma racional. Dito isso, \u00e9 importante que o jogador n\u00e3o persiga perdas, jamais coloque em apostas um valor que n\u00e3o poder\u00e1 perder.<\/p>\n<h3 id=\"Variando_as_apostas\">Variando as apostas: acumulador em alta<\/h3>\n<p>Uma das escolhas mais s\u00e1bias que os nossos jogadores podem promover \u00e9 a de apostar em variados mercados. Isso porque como no esporte qualquer coisa pode acontecer a qualquer momento, apostar em variados cen\u00e1rios lhe dar uma chance maior de acertar em algum. Assim, por exemplo, \u00e9 poss\u00edvel apostar no mercado de ambas equipas marcam e qual \u00e9 a primeira que vai marcar, al\u00e9m de muitas outras combina\u00e7\u00f5es.<\/p>\n<h2 id=\"apostas_ao_vivo\">Uma vis\u00e3o geral sobre site de apostas ao vivo PariPesa<\/h2>\n<p>Possu\u00edmos mais de 40 modalidades esportivas dispon\u00edveis para sele\u00e7\u00e3o do jogador, muito similar a variedade encontrada em nossa p\u00e1gina, buscamos tamb\u00e9m oferecer apostas nos principais campeonatos de eSports, al\u00e9m das estat\u00edsticas das partidas e os resultados das disputas de eventos esportivos mundiais.<\/p>\n<p>Com isso, o nosso utilizador poder\u00e1 conferir quantos golos foram marcados na partida, escanteios e cart\u00f5es, podendo utilizar essas informa\u00e7\u00f5es de base para sua pr\u00f3xima aposta. A pr\u00e1tica de emitir informa\u00e7\u00f5es atualizadas sobre as partidas em nossa <strong>site de apostas ao vivo<\/strong> PariPesa traz um melhor julgamento e avalia\u00e7\u00e3o para o apostador, sendo uma dica de ouro sempre observar essas informa\u00e7\u00f5es que constam no canto inferior esquerdo ao final do site.<\/p>\n<p><img loading=\"lazy\" decoding=\"async\" class=\"size-full wp-image-870 aligncenter\" style=\"box-shadow: inset 0 0 10px 3px rgb(52 209 95 \/ 60%), 0 0 10px 3px #7e87f1 !important;\" title=\"site de apostas ao vivo\" src=\"https:\/\/paripesalat.com\/wp-content\/uploads\/2026\/04\/site-de-apostas-ao-vivo.jpg\" alt=\"site de apostas ao vivo\" width=\"900\" height=\"584\" \/><\/p>\n<h2 id=\"Recursos\">Recursos das apostas esportivas ao vivo<\/h2>\n<p>Como j\u00e1 adiantamos no t\u00f3pico anterior nossa PariPesa <strong>apostas esportivas ao vivo<\/strong> traz uma s\u00e9rie de benef\u00edcios recursais para os utilizadores de sua marca. Desde o cadastro e login simplificados at\u00e9 mesmo os recursos:<\/p>\n<ul>\n<li><strong>Estat\u00edsticas<\/strong>: traz informa\u00e7\u00f5es sobre o andamento das equipes com rela\u00e7\u00e3o aos seus advers\u00e1rios.<\/li>\n<li><strong>Resultados<\/strong>: demonstra os resultados das partidas, n\u00famero de cart\u00f5es e escanteios, permitindo que o utilizador apure e utilize as informa\u00e7\u00f5es.<\/li>\n<li><strong>Boletim de apostas<\/strong>: \u00e9 poss\u00edvel observar todo o seu hist\u00f3rico de apostas, adicionar novas, verificar as em andamento.<\/li>\n<li><strong>Venda do cupom de apostas<\/strong>: venda suas apostas se achar que vale a pena.<\/li>\n<li><strong>Formato das cota\u00e7\u00f5es<\/strong>: decida em qual formato desejas que as odds sejam exibidas.<\/li>\n<\/ul>\n<p><img loading=\"lazy\" decoding=\"async\" class=\"size-full wp-image-870 aligncenter\" style=\"box-shadow: inset 0 0 10px 3px rgb(52 209 95 \/ 60%), 0 0 10px 3px #7e87f1 !important;\" title=\"site de apostas ao vivo\" src=\"https:\/\/paripesalat.com\/wp-content\/uploads\/2026\/04\/apostas-esportivas-ao-vivo.jpg\" alt=\"apostas esportivas ao vivo\" width=\"900\" height=\"282\" \/><\/p>\n<h2 id=\"Caracter\u00edsticas\">Caracter\u00edsticas do site de apostas ao vivo PariPesa<\/h2>\n<p>Oferecemos uma interface simplificada e intuitiva, semelhante \u00e0 de outros sites internacionais l\u00edderes de mercado. As diferentes sec\u00e7\u00f5es da nossa plataforma est\u00e3o organizadas em separadores localizados na parte superior do ecr\u00e3. Isto permite que os jogadores acedam facilmente a apostas ao vivo, incluindo futebol e outros desportos, bem como b\u00f3nus e recursos adicionais.<\/p>\n<p>Na parte inferior \u00e9 poss\u00edvel encontrar links \u00fateis de nossa marca, como regras de apostas, vers\u00e3o para telem\u00f3vel, aplica\u00e7\u00e3o e muitos outros. Estes fatores s\u00e3o o que nos torna uma das principais escolhas por parte de jogadores portugueses.<\/p>\n<p>Como qualquer marca, destacamos alguns pontos-chave que merecem aten\u00e7\u00e3o. Apresentamos estes pontos numa tabela para fins de compara\u00e7\u00e3o:<\/p>\n<table class=\"feature-table\" style=\"box-shadow: inset 0 0 10px 3px rgba(230, 220, 250, 0.7), 0 0 10px 3px #7e87f1 !important; padding: 15px; width: 100%; border-collapse: collapse; font-family: Arial, sans-serif;\">\n<thead>\n<tr>\n<th style=\"background-color: #f8f0ff; color: #4b0082; font-size: 20px; padding: 10px; text-align: left;\" colspan=\"2\">\u2696\ufe0f Vantagens e Desvantagens da Plataforma<\/th>\n<\/tr>\n<tr>\n<th style=\"padding: 10px; background-color: #f0f0ff; text-align: left;\">\u2705 Vantagens<\/th>\n<th style=\"padding: 10px; background-color: #f0f0ff; text-align: left;\">\u26a0\ufe0f Desvantagens<\/th>\n<\/tr>\n<\/thead>\n<tbody>\n<tr>\n<td style=\"padding: 10px;\">\ud83d\udcf1 Possibilidade de apostar por meio da APP<\/td>\n<td style=\"padding: 10px;\">\ud83d\udcb8 Venda de aposta nem sempre \u00e9 vantajosa<\/td>\n<\/tr>\n<tr>\n<td style=\"padding: 10px; border-top: 1px solid #e6e6ff;\">\ud83d\udcb3 Taxa m\u00ednima de 10 EUR para dep\u00f3sito<\/td>\n<td style=\"padding: 10px; border-top: 1px solid #e6e6ff;\">\ud83d\udcfa N\u00e3o tem transmiss\u00e3o de todos os eventos<\/td>\n<\/tr>\n<tr>\n<td style=\"padding: 10px; border-top: 1px solid #e6e6ff;\">\ud83d\udcb0 Aceita Paysafecard<\/td>\n<td style=\"padding: 10px; border-top: 1px solid #e6e6ff;\"><\/td>\n<\/tr>\n<tr>\n<td style=\"padding: 10px; border-top: 1px solid #e6e6ff;\">\ud83d\udcca Estat\u00edsticas e resultados que ajudam na aposta<\/td>\n<td style=\"padding: 10px; border-top: 1px solid #e6e6ff;\"><\/td>\n<\/tr>\n<\/tbody>\n<\/table>\n","protected":false},"excerpt":{"rendered":"<p>PariPesa Sports Portugal: aposte com qualidade e seguran\u00e7a \u26bd Sec\u00e7\u00e3o de Apostas Desportivas da Paripesa \u2013 Informa\u00e7\u00f5es Gerais \ud83c\udfc6 Tipos de Apostas Disponibiliza apostas pr\u00e9-jogo e ao vivo, incluindo mercados populares como vencedor da partida, totais (over\/under) e handicaps. \ud83d\udce1 Apostas ao Vivo Sec\u00e7\u00e3o din\u00e2mica com odds atualizadas em tempo real, permitindo apostar durante os [&hellip;]<\/p>\n","protected":false},"author":1,"featured_media":0,"parent":0,"menu_order":0,"comment_status":"closed","ping_status":"closed","template":"","meta":{"_sitemap_exclude":false,"_sitemap_priority":"","_sitemap_frequency":"","footnotes":""},"class_list":["post-5282","page","type-page","status-publish","hentry"],"acf":[],"yoast_head":"<!-- This site is optimized with the Yoast SEO plugin v23.7 - https:\/\/yoast.com\/wordpress\/plugins\/seo\/ -->\n<title>PariPesa Sports Portugal - Plataforma de Apostas<\/title>\n<meta name=\"description\" content=\"PariPesa Sports \u21d2 Regista-te \u261b Aposta em EUR \u1409 Apostas ao vivo, m\u00faltiplas e promo\u00e7\u00f5es | Experi\u00eancia r\u00e1pida e segura em Portugal.\" \/>\n<meta name=\"robots\" content=\"index, follow, max-snippet:-1, max-image-preview:large, max-video-preview:-1\" \/>\n<meta property=\"og:locale\" content=\"pt_PT\" \/>\n<meta property=\"og:type\" content=\"article\" \/>\n<meta property=\"og:title\" content=\"PariPesa Sports Portugal - Plataforma de Apostas\" \/>\n<meta property=\"og:description\" content=\"PariPesa Sports \u21d2 Regista-te \u261b Aposta em EUR \u1409 Apostas ao vivo, m\u00faltiplas e promo\u00e7\u00f5es | Experi\u00eancia r\u00e1pida e segura em Portugal.\" \/>\n<meta property=\"og:url\" content=\"https:\/\/paripesalat.com\/pt-pt\/paripesa-apostas\/\" \/>\n<meta property=\"og:site_name\" content=\"PariPesa PORTUGAL: PLATAFORMA LEGAL DE APOSTAS ONLINE\" \/>\n<meta property=\"article:modified_time\" content=\"2026-04-12T17:23:37+00:00\" \/>\n<meta property=\"og:image\" content=\"https:\/\/paripesalat.com\/wp-content\/uploads\/2024\/05\/Sitio-web-Paripesa-es.webp\" \/>\n\t<meta property=\"og:image:width\" content=\"700\" \/>\n\t<meta property=\"og:image:height\" content=\"435\" \/>\n\t<meta property=\"og:image:type\" content=\"image\/webp\" \/>\n<meta name=\"twitter:card\" content=\"summary_large_image\" \/>\n<meta name=\"twitter:label1\" content=\"Tempo estimado de leitura\" \/>\n\t<meta name=\"twitter:data1\" content=\"8 minutos\" \/>\n<!-- \/ Yoast SEO plugin. -->","yoast_head_json":{"title":"PariPesa Sports Portugal - Plataforma de Apostas","description":"PariPesa Sports \u21d2 Regista-te \u261b Aposta em EUR \u1409 Apostas ao vivo, m\u00faltiplas e promo\u00e7\u00f5es | Experi\u00eancia r\u00e1pida e segura em Portugal.","robots":{"index":"index","follow":"follow","max-snippet":"max-snippet:-1","max-image-preview":"max-image-preview:large","max-video-preview":"max-video-preview:-1"},"og_locale":"pt_PT","og_type":"article","og_title":"PariPesa Sports Portugal - Plataforma de Apostas","og_description":"PariPesa Sports \u21d2 Regista-te \u261b Aposta em EUR \u1409 Apostas ao vivo, m\u00faltiplas e promo\u00e7\u00f5es | Experi\u00eancia r\u00e1pida e segura em Portugal.","og_url":"https:\/\/paripesalat.com\/pt-pt\/paripesa-apostas\/","og_site_name":"PariPesa PORTUGAL: PLATAFORMA LEGAL DE APOSTAS ONLINE","article_modified_time":"2026-04-12T17:23:37+00:00","og_image":[{"width":700,"height":435,"url":"https:\/\/paripesalat.com\/wp-content\/uploads\/2024\/05\/Sitio-web-Paripesa-es.webp","type":"image\/webp"}],"twitter_card":"summary_large_image","twitter_misc":{"Tempo estimado de leitura":"8 minutos"},"schema":{"@context":"https:\/\/schema.org","@graph":[{"@type":"WebPage","@id":"https:\/\/paripesalat.com\/pt-pt\/paripesa-apostas\/","url":"https:\/\/paripesalat.com\/pt-pt\/paripesa-apostas\/","name":"PariPesa Sports Portugal - Plataforma de Apostas","isPartOf":{"@id":"https:\/\/paripesalat.com\/#website"},"primaryImageOfPage":{"@id":"https:\/\/paripesalat.com\/pt-pt\/paripesa-apostas\/#primaryimage"},"image":{"@id":"https:\/\/paripesalat.com\/pt-pt\/paripesa-apostas\/#primaryimage"},"thumbnailUrl":"https:\/\/paripesalat.com\/wp-content\/uploads\/2026\/04\/Paripesa-apostas.jpg","datePublished":"2025-05-13T12:21:56+00:00","dateModified":"2026-04-12T17:23:37+00:00","description":"PariPesa Sports \u21d2 Regista-te \u261b Aposta em EUR \u1409 Apostas ao vivo, m\u00faltiplas e promo\u00e7\u00f5es | Experi\u00eancia r\u00e1pida e segura em Portugal.","breadcrumb":{"@id":"https:\/\/paripesalat.com\/pt-pt\/paripesa-apostas\/#breadcrumb"},"inLanguage":"pt-PT","potentialAction":[{"@type":"ReadAction","target":["https:\/\/paripesalat.com\/pt-pt\/paripesa-apostas\/"]}]},{"@type":"ImageObject","inLanguage":"pt-PT","@id":"https:\/\/paripesalat.com\/pt-pt\/paripesa-apostas\/#primaryimage","url":"https:\/\/paripesalat.com\/wp-content\/uploads\/2026\/04\/Paripesa-apostas.jpg","contentUrl":"https:\/\/paripesalat.com\/wp-content\/uploads\/2026\/04\/Paripesa-apostas.jpg"},{"@type":"BreadcrumbList","@id":"https:\/\/paripesalat.com\/pt-pt\/paripesa-apostas\/#breadcrumb","itemListElement":[{"@type":"ListItem","position":1,"name":"Home","item":"https:\/\/paripesalat.com\/pt-pt\/"},{"@type":"ListItem","position":2,"name":"PariPesa apostas"}]},{"@type":"WebSite","@id":"https:\/\/paripesalat.com\/#website","url":"https:\/\/paripesalat.com\/","name":"PariPesa PORTUGAL: PLATAFORMA LEGAL DE APOSTAS ONLINE","description":"","potentialAction":[{"@type":"SearchAction","target":{"@type":"EntryPoint","urlTemplate":"https:\/\/paripesalat.com\/?s={search_term_string}"},"query-input":{"@type":"PropertyValueSpecification","valueRequired":true,"valueName":"search_term_string"}}],"inLanguage":"pt-PT"}]}},"_links":{"self":[{"href":"https:\/\/paripesalat.com\/pt-pt\/wp-json\/wp\/v2\/pages\/5282","targetHints":{"allow":["GET"]}}],"collection":[{"href":"https:\/\/paripesalat.com\/pt-pt\/wp-json\/wp\/v2\/pages"}],"about":[{"href":"https:\/\/paripesalat.com\/pt-pt\/wp-json\/wp\/v2\/types\/page"}],"author":[{"embeddable":true,"href":"https:\/\/paripesalat.com\/pt-pt\/wp-json\/wp\/v2\/users\/1"}],"replies":[{"embeddable":true,"href":"https:\/\/paripesalat.com\/pt-pt\/wp-json\/wp\/v2\/comments?post=5282"}],"version-history":[{"count":34,"href":"https:\/\/paripesalat.com\/pt-pt\/wp-json\/wp\/v2\/pages\/5282\/revisions"}],"predecessor-version":[{"id":5376,"href":"https:\/\/paripesalat.com\/pt-pt\/wp-json\/wp\/v2\/pages\/5282\/revisions\/5376"}],"wp:attachment":[{"href":"https:\/\/paripesalat.com\/pt-pt\/wp-json\/wp\/v2\/media?parent=5282"}],"curies":[{"name":"wp","href":"https:\/\/api.w.org\/{rel}","templated":true}]}}