{"id":3139,"date":"2025-05-14T08:48:11","date_gmt":"2025-05-14T05:48:11","guid":{"rendered":"https:\/\/paripesalat.com\/predicciones-apuestas-deportivas\/"},"modified":"2026-04-12T14:37:44","modified_gmt":"2026-04-12T11:37:44","slug":"previsoes-futebol","status":"publish","type":"page","link":"https:\/\/paripesalat.com\/pt-pt\/previsoes-futebol\/","title":{"rendered":"PREVIS\u00d5ES FUTEBOL"},"content":{"rendered":"<table class=\"feature-table\" style=\"box-shadow: inset 0 0 10px 3px rgb(247 247 247 \/ 60%), 0 0 10px 3px #7e87f1 !important; padding: 15px; width: 100%;\">\n<tbody>\n<tr>\n<td>\n<div class=\"feature-name\" style=\"font-weight: bold; color: #000080;\">\ud83d\udcda \u00edndice<\/div>\n<div class=\"feature-value\">\n<ol>\n<li><a style=\"color: #000080;\" href=\"#PREVIS\u00d5ES\">PREVIS\u00d5ES FUTEBOL PARA 2026 &#8211; AN\u00c1LISE COMPLETA<\/a><\/li>\n<li><a style=\"color: #000080;\" href=\"#FUNCIONAM\">COMO AS PREVIS\u00d5ES DE FUTEBOL FUNCIONAM EM GERAL<\/a><\/li>\n<li><a style=\"color: #000080;\" href=\"#POPULARES\">OS DESPORTOS MAIS POPULARES EM PORTUGAL<\/a><\/li>\n<li><a style=\"color: #000080;\" href=\"#AN\u00c1LISES\">COMO USAR AS AN\u00c1LISES E PREVIS\u00d5ES ANTES DE APOSTAR<\/a><\/li>\n<li><a style=\"color: #000080;\" href=\"#JOGOS\">SAIBA QUAIS AS MELHORES EQUIPAS PARA AS PREVIS\u00d5ES DE JOGOS DE FUTEBOL<\/a><\/li>\n<li><a style=\"color: #000080;\" href=\"#ESTAT\u00cdSTICA\">SAIBA MAIS SOBRE ESTAT\u00cdSTICA<\/a><\/li>\n<li><a style=\"color: #000080;\" href=\"#FUTEBOL\">ACOMPANHE AN\u00c1LISES E PREVIS\u00d5ES DE FUTEBOL<\/a><\/li>\n<li><a style=\"color: #000080;\" href=\"#CONCLUS\u00c3O\">CONCLUS\u00c3O ACERCA DE FUTEBOL E PREVIS\u00d5ES<\/a><\/li>\n<\/ol>\n<\/div>\n<\/td>\n<\/tr>\n<\/tbody>\n<\/table>\n<h2 id=\"PREVIS\u00d5ES\">PREVIS\u00d5ES FUTEBOL PARA 2026 &#8211; AN\u00c1LISE COMPLETA<\/h2>\n<p>Existem <strong>previs\u00f5es de futebol<\/strong> para 2026 que continuam a gerar debate entre adeptos e analistas. A nova \u00e9poca traz um contexto mais exigente no futebol europeu, com projetos t\u00e9cnicos mais maduros e equipas em fases decisivas de evolu\u00e7\u00e3o. Neste cen\u00e1rio, a consist\u00eancia ao longo da temporada torna-se ainda mais importante para validar expectativas e tend\u00eancias iniciais.<\/p>\n<p>Uma das principais aten\u00e7\u00f5es continua centrada em Ruben Amorim e no seu percurso no futebol ingl\u00eas. Ap\u00f3s um per\u00edodo de adapta\u00e7\u00e3o e implementa\u00e7\u00e3o das suas ideias, 2026 surge como um ano em que o treinador poder\u00e1 consolidar o seu trabalho no Manchester United e tornar a equipa mais est\u00e1vel e competitiva nos principais momentos da \u00e9poca. O foco j\u00e1 n\u00e3o est\u00e1 apenas na constru\u00e7\u00e3o, mas na capacidade de entregar resultados consistentes.<\/p>\n<div style=\"text-align: center;\"><img loading=\"lazy\" decoding=\"async\" class=\"alignnone size-full wp-image-870\" style=\"box-shadow: inset 0 0 10px 3px rgb(52 209 95 \/ 60%), 0 0 10px 3px #7e87f1 !important;\" title=\"previsoes de futebol\" src=\"https:\/\/paripesalat.com\/wp-content\/uploads\/2025\/08\/previsoes-de-futebol.jpg\" alt=\"previsoes de futebol\" width=\"900\" height=\"351\" \/><\/div>\n<p>Dentro das <strong>apostas desportivas previs\u00f5es<\/strong>, o Liverpool tamb\u00e9m volta a ser um dos clubes mais analisados. Depois de ciclos recentes de grande competitividade, a equipa entra numa fase em que a gest\u00e3o do plantel e a regularidade ao longo da \u00e9poca ser\u00e3o determinantes. Em 2026, o objetivo passa menos por proje\u00e7\u00f5es imediatas de t\u00edtulos e mais pela manuten\u00e7\u00e3o de um n\u00edvel competitivo elevado na Premier League e nas competi\u00e7\u00f5es europeias.<\/p>\n<p>Como sempre, as previs\u00f5es de futebol devem ser vistas como uma leitura informada do momento das equipas, e n\u00e3o como garantias absolutas. O futebol mant\u00e9m a sua natureza imprevis\u00edvel, onde pequenos detalhes podem alterar completamente o rumo de uma temporada.<\/p>\n<h2 id=\"FUNCIONAM\">COMO AS PREVIS\u00d5ES DE FUTEBOL FUNCIONAM EM GERAL<\/h2>\n<p>As <strong>previs\u00f5es de futebol<\/strong> n\u00e3o s\u00e3o uma ci\u00eancia exacta, mas \u00e9 algo que apaixona os f\u00e3s de desporto em geral desde sempre. O sucesso das previs\u00f5es de apostas desportivas est\u00e1 na t\u00e9nue linha que se situa entre a intui\u00e7\u00e3o e a estat\u00edstica matem\u00e1tica. \u00c9 que n\u00e3o s\u00e3o apenas os n\u00fameros que interessam, mas tamb\u00e9m a hist\u00f3ria que eles contam. Ou seja, as t\u00e1cticas usadas, a forma dos jogadores, les\u00f5es que existam e, claro, as din\u00e2micas do jogo, que formam um mosaico din\u00e2mico onde pode ler todas as previs\u00f5es do futebol que necessita.<\/p>\n<h3 id=\"POPULARES\">OS DESPORTOS MAIS POPULARES EM PORTUGAL<\/h3>\n<p>Portugal \u00e9 um pa\u00eds de futebol. Apesar de n\u00e3o ser um pa\u00eds de grandes dimens\u00f5es, Portugal forma grandes jogadores e treinadores de futebol de prest\u00edgio, tornando o futebol nacional respeita-o a n\u00edvel internacional. Tudo isso cria tamb\u00e9m f\u00e3s apaixonados, que vivem o desporto com grande entusiasmo e ra\u00e7a.<\/p>\n<h3 id=\"PASSO\">PASSO A PASSO DAS PREVIS\u00d5ES FUTEBOL 2026<\/h3>\n<p>Eis um guia passo a passo de como acertar mais vezes <strong>previs\u00f5es futebol <\/strong>.<\/p>\n<ul>\n<li>Passo 1 &#8211; Escolha o Jogo ou Campeonato<br \/>\nEscolha o evento em que vai apostar. Escolha um campeonato ou equipa com que esteja familiarizado, porque assim \u00e9 mais f\u00e1cil identificar e entender os padr\u00f5es.<\/li>\n<li>Passo 2 &#8211; Analise e compare estat\u00edsticas<br \/>\nAnalise e compile estat\u00edsticas actualizados relevantes das equipas e do campeonato onde vai apostar. Veja quantos golos s\u00e3o em m\u00e9dia marcados ou sofridos, analise as percentagens de posse de bola, a efic\u00e1cia de remates, etc.<\/li>\n<li>Passo 3 &#8211; Analise os dados recolhidos<br \/>\nMais do que olhar para os dados, \u00e9 fundamental interpretar as estat\u00edsticas. O que dizem os n\u00fameros? Se ambas as equipas t\u00eam bons ataques, isso significa que pode vir a ser uma partida com muitos golos. Se um jogador importante est\u00e1 lesionado, isso pode afectar a performance do seu clube.<\/li>\n<li>Passo 4 &#8211; Compare com as odds dos sites de apostas<br \/>\nVeja as odds nas plataformas online de apostas de desporto. Se a sua previs\u00e3o for muito diferente, ent\u00e3o algo poder\u00e1 estar errado. Utilize sites de confian\u00e7a e com previs\u00f5es acertadas.<\/li>\n<li>Passo 5 &#8211; Fa\u00e7a a sua previs\u00e3o<br \/>\n\u00c9 a hora da verdade. Escolha o tipo de aposta ou o resultado que pretende prever e visite o site da <a href=\"https:\/\/paripesalat.com\/pt-pt\/\">ParipPesa apostas<\/a>.<\/li>\n<\/ul>\n<h2 id=\"AN\u00c1LISES\">COMO USAR AS AN\u00c1LISES E PREVIS\u00d5ES ANTES DE APOSTAR<\/h2>\n<p>Fazer o trabalho de casa \u00e9 fundamental para o sucesso nas <strong>previs\u00f5es apostas desportivas <\/strong>. Por isso, \u00e9 muito importante recolher e analisar as estat\u00edsticas dos campeonatos e equipas onde pretende apostar.<\/p>\n<p>Mais importante do que olhar para os n\u00fameros \u00e9 entender o que eles querem dizer. Por exemplo, se ambas as equipas t\u00eam bons ataques, isso significa que pode vir a ser uma partida com muitos golos. Ou se um jogador importante est\u00e1 lesionado, isso pode afectar a performance do seu clube.<\/p>\n<div style=\"text-align: center;\"><img loading=\"lazy\" decoding=\"async\" class=\"alignnone size-full wp-image-870\" style=\"box-shadow: inset 0 0 10px 3px rgb(52 209 95 \/ 60%), 0 0 10px 3px #7e87f1 !important;\" title=\"previsoes apostas desportivas\" src=\"https:\/\/paripesalat.com\/wp-content\/uploads\/2025\/08\/previsoes-apostas-desportivas.jpg\" alt=\"previsoes apostas desportivas\" width=\"900\" height=\"266\" \/><\/div>\n<h3 id=\"JOGOS\">SAIBA QUAIS AS MELHORES EQUIPAS PARA AS PREVIS\u00d5ES DE JOGOS DE FUTEBOL<\/h3>\n<p>Existem duas formas de encarar as apostas desportivas e, consequentemente, as <strong>previs\u00f5es futebol <\/strong>. A primeira passa por fazer apostas consider\u00e1veis em eventos com probabilidades altas. E a segunda por fazer apostas baixas e conservadoras em eventos mais prov\u00e1veis.<\/p>\n<p>Assim, a melhor equipa para prever os seus resultados \u00e9 aquela que mais se enquadra com os objectivos da sua estrat\u00e9gia. Se procura odds mais altas, escolha equipas teoricamente mais fracas, mas que possam tirar vantagem de algum evento pontual. Caso contr\u00e1rio, odds mais baixas e eventos mais prov\u00e1veis permitem-lhe fazer apostas mais altas e seguras.<\/p>\n<h3 id=\"ESTAT\u00cdSTICA\">SAIBA MAIS SOBRE ESTAT\u00cdSTICA<\/h3>\n<p>A estat\u00edstica \u00e9 a base de qualquer an\u00e1lise preditiva no futebol. \u00c9 uma forma de transformar dados brutos em informa\u00e7\u00f5es valiosas que ajudam a entender o desempenho real de uma equipa ou jogador. Com o uso de m\u00e9tricas matem\u00e1ticas, \u00e9 poss\u00edvel identificar padr\u00f5es que n\u00e3o s\u00e3o vis\u00edveis apenas assistindo aos jogos.<\/p>\n<div style=\"text-align: center;\"><img loading=\"lazy\" decoding=\"async\" class=\"alignnone size-full wp-image-870\" style=\"box-shadow: inset 0 0 10px 3px rgb(52 209 95 \/ 60%), 0 0 10px 3px #7e87f1 !important;\" title=\"previsoes futebol\" src=\"https:\/\/paripesalat.com\/wp-content\/uploads\/2025\/08\/previsoes-do-futebol.jpg\" alt=\"previsoes futebol\" width=\"900\" height=\"295\" \/><\/div>\n<p>A estat\u00edstica permite ainda aplicar modelos matem\u00e1ticos para prever resultados com maior precis\u00e3o. M\u00e9todos como distribui\u00e7\u00e3o de Poisson, regress\u00e3o log\u00edstica e modelos de machine learning podem ser usados para simular milhares de cen\u00e1rios antes de um jogo acontecer. O uso dessas t\u00e9cnicas ajuda a evitar o \u201cachismo\u201d e reduz a influ\u00eancia de fatores emocionais nas apostas.<\/p>\n<h3 id=\"FUTEBOL\">ACOMPANHE AN\u00c1LISES E PREVIS\u00d5ES DE FUTEBOL<\/h3>\n<p>\u00c9 fundamental especializar-se naquilo em que aposta. Assim, acompanhe actualidade do futebol internacional, para estar a par de todas as not\u00edcias. Acompanhe as transfer\u00eancias, as les\u00f5es dos jogadores-chave, a forma das equipas e outros factores que possam influenciar decisivamente os resultados de futebol.<\/p>\n<h2 id=\"CONCLUS\u00c3O\">CONCLUS\u00c3O ACERCA DE FUTEBOL E PREVIS\u00d5ES<\/h2>\n<p>As apostas desportivas online podem ser um entretenimento com grandes recompensas, desde que encarado com responsabilidade e intelig\u00eancia. Saber ler e interpretar os diferentes tipos de apostas e eventos despirmos \u00e9 crucial para diminuir os riscos associados e aumentar as suas chances de sucesso. Milhares de apostadores profissionais em todo o mundo s\u00e3o a prova viva desse facto.<\/p>\n","protected":false},"excerpt":{"rendered":"<p>\ud83d\udcda \u00edndice PREVIS\u00d5ES FUTEBOL PARA 2026 &#8211; AN\u00c1LISE COMPLETA COMO AS PREVIS\u00d5ES DE FUTEBOL FUNCIONAM EM GERAL OS DESPORTOS MAIS POPULARES EM PORTUGAL COMO USAR AS AN\u00c1LISES E PREVIS\u00d5ES ANTES DE APOSTAR SAIBA QUAIS AS MELHORES EQUIPAS PARA AS PREVIS\u00d5ES DE JOGOS DE FUTEBOL SAIBA MAIS SOBRE ESTAT\u00cdSTICA ACOMPANHE AN\u00c1LISES E PREVIS\u00d5ES DE FUTEBOL CONCLUS\u00c3O [&hellip;]<\/p>\n","protected":false},"author":1,"featured_media":0,"parent":0,"menu_order":0,"comment_status":"closed","ping_status":"closed","template":"","meta":{"_sitemap_exclude":false,"_sitemap_priority":"","_sitemap_frequency":"","footnotes":""},"class_list":["post-3139","page","type-page","status-publish","hentry"],"acf":[],"yoast_head":"<!-- This site is optimized with the Yoast SEO plugin v23.7 - https:\/\/yoast.com\/wordpress\/plugins\/seo\/ -->\n<title>Futebol previs\u00f5es Portugal \u1409 | Apostas Seguras \u26bd<\/title>\n<meta name=\"description\" content=\"Ganhe vantagem com previs\u00f5es precisas de futebol \u21d2 An\u00e1lises atuais e odds para apostas em Portugal. \u261b Fa\u00e7a uma aposta confiante agora!\" \/>\n<meta name=\"robots\" content=\"index, follow, max-snippet:-1, max-image-preview:large, max-video-preview:-1\" \/>\n<meta property=\"og:locale\" content=\"pt_PT\" \/>\n<meta property=\"og:type\" content=\"article\" \/>\n<meta property=\"og:title\" content=\"Futebol previs\u00f5es Portugal \u1409 | Apostas Seguras \u26bd\" \/>\n<meta property=\"og:description\" content=\"Ganhe vantagem com previs\u00f5es precisas de futebol \u21d2 An\u00e1lises atuais e odds para apostas em Portugal. \u261b Fa\u00e7a uma aposta confiante agora!\" \/>\n<meta property=\"og:url\" content=\"https:\/\/paripesalat.com\/pt-pt\/previsoes-futebol\/\" \/>\n<meta property=\"og:site_name\" content=\"PariPesa PORTUGAL: PLATAFORMA LEGAL DE APOSTAS ONLINE\" \/>\n<meta property=\"article:modified_time\" content=\"2026-04-12T11:37:44+00:00\" \/>\n<meta property=\"og:image\" content=\"https:\/\/paripesalat.com\/wp-content\/uploads\/2024\/05\/Sitio-web-Paripesa-es.webp\" \/>\n\t<meta property=\"og:image:width\" content=\"700\" \/>\n\t<meta property=\"og:image:height\" content=\"435\" \/>\n\t<meta property=\"og:image:type\" content=\"image\/webp\" \/>\n<meta name=\"twitter:card\" content=\"summary_large_image\" \/>\n<meta name=\"twitter:label1\" content=\"Tempo estimado de leitura\" \/>\n\t<meta name=\"twitter:data1\" content=\"6 minutos\" \/>\n<!-- \/ Yoast SEO plugin. -->","yoast_head_json":{"title":"Futebol previs\u00f5es Portugal \u1409 | Apostas Seguras \u26bd","description":"Ganhe vantagem com previs\u00f5es precisas de futebol \u21d2 An\u00e1lises atuais e odds para apostas em Portugal. \u261b Fa\u00e7a uma aposta confiante agora!","robots":{"index":"index","follow":"follow","max-snippet":"max-snippet:-1","max-image-preview":"max-image-preview:large","max-video-preview":"max-video-preview:-1"},"og_locale":"pt_PT","og_type":"article","og_title":"Futebol previs\u00f5es Portugal \u1409 | Apostas Seguras \u26bd","og_description":"Ganhe vantagem com previs\u00f5es precisas de futebol \u21d2 An\u00e1lises atuais e odds para apostas em Portugal. \u261b Fa\u00e7a uma aposta confiante agora!","og_url":"https:\/\/paripesalat.com\/pt-pt\/previsoes-futebol\/","og_site_name":"PariPesa PORTUGAL: PLATAFORMA LEGAL DE APOSTAS ONLINE","article_modified_time":"2026-04-12T11:37:44+00:00","og_image":[{"width":700,"height":435,"url":"https:\/\/paripesalat.com\/wp-content\/uploads\/2024\/05\/Sitio-web-Paripesa-es.webp","type":"image\/webp"}],"twitter_card":"summary_large_image","twitter_misc":{"Tempo estimado de leitura":"6 minutos"},"schema":{"@context":"https:\/\/schema.org","@graph":[{"@type":"WebPage","@id":"https:\/\/paripesalat.com\/pt-pt\/previsoes-futebol\/","url":"https:\/\/paripesalat.com\/pt-pt\/previsoes-futebol\/","name":"Futebol previs\u00f5es Portugal \u1409 | Apostas Seguras \u26bd","isPartOf":{"@id":"https:\/\/paripesalat.com\/#website"},"primaryImageOfPage":{"@id":"https:\/\/paripesalat.com\/pt-pt\/previsoes-futebol\/#primaryimage"},"image":{"@id":"https:\/\/paripesalat.com\/pt-pt\/previsoes-futebol\/#primaryimage"},"thumbnailUrl":"https:\/\/paripesalat.com\/wp-content\/uploads\/2025\/08\/previsoes-de-futebol.jpg","datePublished":"2025-05-14T05:48:11+00:00","dateModified":"2026-04-12T11:37:44+00:00","description":"Ganhe vantagem com previs\u00f5es precisas de futebol \u21d2 An\u00e1lises atuais e odds para apostas em Portugal. \u261b Fa\u00e7a uma aposta confiante agora!","breadcrumb":{"@id":"https:\/\/paripesalat.com\/pt-pt\/previsoes-futebol\/#breadcrumb"},"inLanguage":"pt-PT","potentialAction":[{"@type":"ReadAction","target":["https:\/\/paripesalat.com\/pt-pt\/previsoes-futebol\/"]}]},{"@type":"ImageObject","inLanguage":"pt-PT","@id":"https:\/\/paripesalat.com\/pt-pt\/previsoes-futebol\/#primaryimage","url":"https:\/\/paripesalat.com\/wp-content\/uploads\/2025\/08\/previsoes-de-futebol.jpg","contentUrl":"https:\/\/paripesalat.com\/wp-content\/uploads\/2025\/08\/previsoes-de-futebol.jpg"},{"@type":"BreadcrumbList","@id":"https:\/\/paripesalat.com\/pt-pt\/previsoes-futebol\/#breadcrumb","itemListElement":[{"@type":"ListItem","position":1,"name":"Home","item":"https:\/\/paripesalat.com\/pt-pt\/"},{"@type":"ListItem","position":2,"name":"PREVIS\u00d5ES FUTEBOL"}]},{"@type":"WebSite","@id":"https:\/\/paripesalat.com\/#website","url":"https:\/\/paripesalat.com\/","name":"PariPesa PORTUGAL: PLATAFORMA LEGAL DE APOSTAS ONLINE","description":"","potentialAction":[{"@type":"SearchAction","target":{"@type":"EntryPoint","urlTemplate":"https:\/\/paripesalat.com\/?s={search_term_string}"},"query-input":{"@type":"PropertyValueSpecification","valueRequired":true,"valueName":"search_term_string"}}],"inLanguage":"pt-PT"}]}},"_links":{"self":[{"href":"https:\/\/paripesalat.com\/pt-pt\/wp-json\/wp\/v2\/pages\/3139","targetHints":{"allow":["GET"]}}],"collection":[{"href":"https:\/\/paripesalat.com\/pt-pt\/wp-json\/wp\/v2\/pages"}],"about":[{"href":"https:\/\/paripesalat.com\/pt-pt\/wp-json\/wp\/v2\/types\/page"}],"author":[{"embeddable":true,"href":"https:\/\/paripesalat.com\/pt-pt\/wp-json\/wp\/v2\/users\/1"}],"replies":[{"embeddable":true,"href":"https:\/\/paripesalat.com\/pt-pt\/wp-json\/wp\/v2\/comments?post=3139"}],"version-history":[{"count":21,"href":"https:\/\/paripesalat.com\/pt-pt\/wp-json\/wp\/v2\/pages\/3139\/revisions"}],"predecessor-version":[{"id":5280,"href":"https:\/\/paripesalat.com\/pt-pt\/wp-json\/wp\/v2\/pages\/3139\/revisions\/5280"}],"wp:attachment":[{"href":"https:\/\/paripesalat.com\/pt-pt\/wp-json\/wp\/v2\/media?parent=3139"}],"curies":[{"name":"wp","href":"https:\/\/api.w.org\/{rel}","templated":true}]}}