{"id":2536,"date":"2025-07-18T10:10:44","date_gmt":"2025-07-18T07:10:44","guid":{"rendered":"https:\/\/paripesalat.com\/apuestas-de-tenis\/"},"modified":"2026-04-12T13:09:18","modified_gmt":"2026-04-12T10:09:18","slug":"apostas-tenis","status":"publish","type":"page","link":"https:\/\/paripesalat.com\/pt-pt\/apostas-tenis\/","title":{"rendered":"Apostas tenis"},"content":{"rendered":"<table class=\"feature-table\" style=\"box-shadow: inset 0 0 10px 3px rgb(247 247 247 \/ 60%), 0 0 10px 3px #7e87f1 !important; padding: 15px; width: 100%;\">\n<tbody>\n<tr>\n<td>\n<div class=\"feature-name\" style=\"font-weight: bold; color: #000080;\">\ud83d\udcda \u00cdndice<\/div>\n<div class=\"feature-value\">\n<ol>\n<li><a style=\"color: #000080;\" href=\"#Vis\u00e3o\">Vis\u00e3o geral do t\u00e9nis &#8211; Qu\u00e3o Popular \u00e9 o esporte no mundo?<\/a><\/li>\n<li><a style=\"color: #000080;\" href=\"#Popularidade\">Popularidade do t\u00e9nis em Portugal e tenis apostas<\/a><\/li>\n<li><a style=\"color: #000080;\" href=\"#Campeonatos\">Campeonatos e Competi\u00e7\u00f5es de T\u00e9nis em Portugal e no Mundo &#8211; Conhe\u00e7a mais sobre a tradi\u00e7\u00e3o de Portugal no esporte<\/a><\/li>\n<li><a style=\"color: #000080;\" href=\"#site\">Como apostar no melhor site de apostas Portugal: Primeiras Etapas para apostas<\/a><\/li>\n<li><a style=\"color: #000080;\" href=\"#Tipos\">Tipos de apostas- Prognosticos tenis ao vivo e apostas comuns<\/a><\/li>\n<li><a style=\"color: #000080;\" href=\"#Progn\u00f3sticos\">Progn\u00f3sticos tenis &#8211; Entenda como funcionam as estat\u00edsticas para o esporte<\/a><\/li>\n<li><a style=\"color: #000080;\" href=\"#Tips\">Tips tenis- Aumente suas chances de ganhar em apostas<\/a><\/li>\n<\/ol>\n<\/div>\n<\/td>\n<\/tr>\n<\/tbody>\n<\/table>\n<h2 id=\"Vis\u00e3o\">Vis\u00e3o geral do t\u00e9nis &#8211; Qu\u00e3o Popular \u00e9 o esporte no mundo?<\/h2>\n<p>Como foi dito anteriormente, a popularidade do t\u00e9nis est\u00e1 em crescimento no mundo inteiro, \u00e9 f\u00e1cil notar isto acessando o <strong>melhor site de apostas Portugal<\/strong> e outras plataformas que deixam o t\u00e9nis em evid\u00eancia. Os Grand Slams e os torneios ATP est\u00e3o cada vez mais presentes nas televis\u00f5es portuguesas e nas casas de apostas. Muito disso se deve a jogadores hist\u00f3ricos como Jo\u00e3o Souza que se tornou um marco no esporte se mantendo entre os 100 melhores do mundo por diversas temporadas seguidas.<\/p>\n<div style=\"text-align: center;\"><img loading=\"lazy\" decoding=\"async\" class=\"alignnone size-full wp-image-870\" style=\"box-shadow: inset 0 0 10px 3px rgb(52 209 95 \/ 60%), 0 0 10px 3px #7e87f1 !important;\" title=\"melhor site de apostas Portugal\" src=\"https:\/\/paripesalat.com\/wp-content\/uploads\/2025\/08\/melhor-site-de-apostas-Portugal.jpg\" alt=\"melhor site de apostas Portugal\" width=\"900\" height=\"428\" \/><\/div>\n<p>O t\u00eanis \u00e9 um esporte muito antigo, mas que foi se modernizando com o tempo. O acesso as quadras de esporte e as novas modalidades de jogo como as partidas em dupla, trouxeram vida nova ao esporte que hoje \u00e9 mais popular do que nunca. At\u00e9 mesmo em aposta online o t\u00eanis \u00e9 muito presente, muito disto por conta das diversas competi\u00e7\u00f5es realizadas ao longo do ano.<\/p>\n<h2 id=\"Popularidade\">Popularidade do t\u00e9nis em Portugal e tenis apostas<\/h2>\n<p>O t\u00e9nis existe como esporte desde de 1873 e teve sua primeira partida oficial jogada em Portugal no ano de 1880, isto j\u00e1 diz muito sobre a rela\u00e7\u00e3o de Portugal com o esporte. Desde o surgimento do esporte at\u00e9 a atualidade Portugal foi o lar dos principais tenistas do mundo que traziam para as quadras inova\u00e7\u00f5es para o esporte e disputas de alto n\u00edvel.<\/p>\n<p>Al\u00e9m da lenda do esporte Jo\u00e3o Souza, diversos outros tenistas famosos surgiram em Portugal, como Fred Gil, Michelle Larcher e Rui Machado, jogadores que se tornaram lenda do t\u00e9nis mundial. Nos \u00faltimos anos o desempenho de Portugal em Grand Slams vem impressionando e isto tem levado muitos f\u00e3s do esporte para as quadras para acompanhar as partidas e tamb\u00e9m para as <strong>apostas tenis<\/strong> que cresceram muito de popularidade nos \u00faltimos anos.<\/p>\n<h2 id=\"Campeonatos\">Campeonatos e Competi\u00e7\u00f5es de T\u00e9nis em Portugal e no Mundo &#8211; Conhe\u00e7a mais sobre a tradi\u00e7\u00e3o de Portugal no esporte<\/h2>\n<table class=\"feature-table\" style=\"box-shadow: inset 0 0 10px 3px rgba(230, 220, 250, 0.7), 0 0 10px 3px #7e87f1 !important; padding: 15px; width: 100%; border-collapse: collapse; font-family: Arial, sans-serif;\">\n<thead>\n<tr>\n<th style=\"background-color: #f8f0ff; color: #7e87f1; font-size: 20px; padding: 10px; text-align: left;\" colspan=\"3\">\ud83c\udfbe Principais Competi\u00e7\u00f5es de T\u00e9nis 2026 \u2013 Portugal e Mundo<\/th>\n<\/tr>\n<tr>\n<th style=\"padding: 10px; background-color: #f0f0ff;\">\ud83d\udcc5 Data<\/th>\n<th style=\"padding: 10px; background-color: #f0f0ff;\">\ud83c\udfdf Evento<\/th>\n<th style=\"padding: 10px; background-color: #f0f0ff;\">\ud83d\udcdd Descri\u00e7\u00e3o<\/th>\n<\/tr>\n<\/thead>\n<tbody>\n<tr>\n<td style=\"padding: 10px;\">19\u201325 janeiro 2026<\/td>\n<td style=\"padding: 10px;\">Australian Open<\/td>\n<td style=\"padding: 10px;\">Primeiro Grand Slam do ano, disputado em piso r\u00e1pido em Melbourne, com alta atividade de apostas ao vivo.<\/td>\n<\/tr>\n<tr>\n<td style=\"padding: 10px;\">abril 2026<\/td>\n<td style=\"padding: 10px;\">Estoril Open (ATP 250)<\/td>\n<td style=\"padding: 10px;\">Principal torneio de t\u00e9nis em Portugal, jogado em terra batida e com forte presen\u00e7a de jogadores europeus.<\/td>\n<\/tr>\n<tr>\n<td style=\"padding: 10px;\">maio 2026<\/td>\n<td style=\"padding: 10px;\">Masters de Madrid &amp; Roma (ATP\/WTA 1000)<\/td>\n<td style=\"padding: 10px;\">Dois torneios importantes no saibro que servem de prepara\u00e7\u00e3o para Roland-Garros.<\/td>\n<\/tr>\n<tr>\n<td style=\"padding: 10px;\">24 maio \u2013 7 junho 2026<\/td>\n<td style=\"padding: 10px;\">Roland-Garros<\/td>\n<td style=\"padding: 10px;\">Grand Slam disputado em Paris, considerado o maior torneio em terra batida do mundo.<\/td>\n<\/tr>\n<tr>\n<td style=\"padding: 10px;\">29 junho \u2013 12 julho 2026<\/td>\n<td style=\"padding: 10px;\">Wimbledon<\/td>\n<td style=\"padding: 10px;\">O torneio mais prestigiado do t\u00e9nis mundial, jogado em relva no Reino Unido.<\/td>\n<\/tr>\n<tr>\n<td style=\"padding: 10px;\">agosto 2026<\/td>\n<td style=\"padding: 10px;\">US Open Series<\/td>\n<td style=\"padding: 10px;\">S\u00e9rie de torneios preparat\u00f3rios para o US Open, com forte impacto em apostas ao vivo.<\/td>\n<\/tr>\n<tr>\n<td style=\"padding: 10px;\">31 agosto \u2013 13 setembro 2026<\/td>\n<td style=\"padding: 10px;\">US Open<\/td>\n<td style=\"padding: 10px;\">\u00daltimo Grand Slam da temporada, realizado em Nova Iorque, conhecido por jogos intensos e mercados de apostas ativos.<\/td>\n<\/tr>\n<tr>\n<td style=\"padding: 10px;\">novembro 2026<\/td>\n<td style=\"padding: 10px;\">ATP Finals<\/td>\n<td style=\"padding: 10px;\">Torneio final da temporada com os 8 melhores jogadores do ranking ATP.<\/td>\n<\/tr>\n<\/tbody>\n<\/table>\n<p>Portugal \u00e9 um dos pa\u00edses que mais joga t\u00e9nis do mundo, por este motivo existem muitas competi\u00e7\u00f5es amadoras e profissionais do esporte em todos os cantos do pa\u00eds. Voc\u00ea pode encontrar campeonatos amadores de escolas, circuitos esportivos e at\u00e9 mesmo torneios de cidades com foco em idosos para participar. O mais curioso sobre esta pr\u00e1tica esportiva \u00e9 que a grande maioria destes campeonatos permitem <strong>apostas tenis <\/strong>.<\/p>\n<div style=\"text-align: center;\"><img loading=\"lazy\" decoding=\"async\" class=\"alignnone size-full wp-image-870\" style=\"box-shadow: inset 0 0 10px 3px rgb(52 209 95 \/ 60%), 0 0 10px 3px #7e87f1 !important;\" title=\"apostas tenis\" src=\"https:\/\/paripesalat.com\/wp-content\/uploads\/2025\/08\/apostas-tenis-1.jpg\" alt=\"apostas tenis\" width=\"900\" height=\"432\" \/><\/div>\n<p>Al\u00e9m de competi\u00e7\u00f5es amadoras, Portugal est\u00e1 muito bem representado nos torneios de classifica\u00e7\u00e3o ATP que servem para ranquear quem s\u00e3o os melhores jogadores do mundo e tamb\u00e9m nos Grand Slams. Ao total s\u00e3o 4 Grand Slams realizados por ano e dezenas de torneios ATP para ranquear os melhores tenistas do mundo.<\/p>\n<p>Portugal possui muita tradi\u00e7\u00e3o em t\u00e9nis, pois al\u00e9m de possuir diversos t\u00edtulos em competi\u00e7\u00f5es, jogadores famosos e toda estrutura necess\u00e1ria para praticar o esporte a popula\u00e7\u00e3o tamb\u00e9m ama o jogo. Se o Brasil \u00e9 o pa\u00eds do futebol \u00e9 poss\u00edvel afirmar que Portugal \u00e9 o pa\u00eds do t\u00e9nis, pois al\u00e9m de existir um grande incentivo para a pratica do esporte, o pa\u00eds est\u00e1 repleto de lendas do esporte.<\/p>\n<p>Rui Machado, Jo\u00e3o Sousa e muitos outros jogadores jogaram em alto n\u00edvel por quase uma d\u00e9cada o que os conferiu o t\u00edtulo de lendas do esporte. Al\u00e9m destes grandes nomes, outros que merecem ser lembrados s\u00e3o:<\/p>\n<ul>\n<li>Nuno Borges- 38\u00b0 Lugar no Ranking ATP<\/li>\n<li>Jaime Faria- 116\u00b0 Lugar no Ranking ATP<\/li>\n<li>Henrique Rocha- 149\u00b0 Lugar no Ranking ATP<\/li>\n<li>Francisco Cabral- 49\u00b0 Lugar no Ranking ATP em Duplas<\/li>\n<li>Frederico Gil- Aposentado<\/li>\n<\/ul>\n<p>Estes jogadores se tornaram lendas do t\u00e9nis mundial, por manter por muito tempo um \u00f3timo desempenho, os que est\u00e3o em ativa ainda se mant\u00eam em alto n\u00edvel e s\u00e3o os grandes representantes portugueses nos torneios Grand Slam.<\/p>\n<h2 id=\"site\">Como apostar no melhor site de apostas Portugal: Primeiras Etapas para apostas<\/h2>\n<p>Depois de conhecer um pouco mais sobre o esporte t\u00e9nis e a tradi\u00e7\u00e3o de Portugal nele, voc\u00ea deve ter sentido vontade de embarcar em aventuras com o esporte. Na PariPesa voc\u00ea pode viver um bom come\u00e7o na sua aventura com jogos, esta \u00e9 a melhor casa de apostas esportivas 100% segura e legalizada, perfeita para te fazer companhia nas suas <strong>apostas tenis <\/strong>.<\/p>\n<p>Come\u00e7ar sua jornada por l\u00e1 \u00e9 r\u00e1pido e intuitivo, o processo de cadastro exige poucas etapas, por\u00e9m pode ser complexo para alguns jogadores, para facilitar seu come\u00e7o com as apostas, veja abaixo os primeiros passos para come\u00e7ar a se divertir com as melhores partidas de t\u00e9nis do mundo:<\/p>\n<ul>\n<li>1\u00ba Passo: No seu computador ou celular, abra o site oficial da PariPesa e no canto superior a direita da tela clique em &#8220;Registro&#8221;.<\/li>\n<li>2\u00ba Passo: Ap\u00f3s clicar em registro, voc\u00ea ser\u00e1 redirecionado para outra p\u00e1gina, l\u00e1 no canto direito da tela, basta preencher seus dados e confirmar seu cadastro clicando em &#8220;Registre-Se&#8221;.<\/li>\n<li>3\u00ba Passo: Com sua conta criada agora \u00e9 s\u00f3 fazer seu primeiro dep\u00f3sito e se divertir com as muitas op\u00e7\u00f5es de apostas em t\u00e9nis.<\/li>\n<\/ul>\n<p>O processo de criar conta na <a href=\"https:\/\/paripesalat.com\/pt-pt\/\">PariPesa pt<\/a> e come\u00e7ar a apostar \u00e9 bastante simples e r\u00e1pido. Ainda hoje consegue come\u00e7ar a jogar sem complica\u00e7\u00f5es. O mercado de apostas em t\u00e9nis na plataforma \u00e9 amplo, oferecendo diversas op\u00e7\u00f5es de apostas para desfrutar.<\/p>\n<h2 id=\"Tipos\">Tipos de apostas- Prognosticos tenis ao vivo e apostas comuns<\/h2>\n<table class=\"feature-table\" style=\"box-shadow: inset 0 0 10px 3px rgba(230, 220, 250, 0.7), 0 0 10px 3px #dda0dd !important; padding: 15px; width: 100%; border-collapse: collapse; font-family: Arial, sans-serif;\">\n<thead>\n<tr>\n<th style=\"background-color: #f8f0ff; color: #4b0082; font-size: 20px; padding: 10px; text-align: left;\" colspan=\"2\">\ud83c\udfbe Tipos de Aposta em T\u00eanis \u2013 Vantagens e Caracter\u00edsticas<\/th>\n<\/tr>\n<\/thead>\n<tbody>\n<tr>\n<td style=\"padding: 10px; font-weight: bold;\">\ud83c\udfaf Total ou Aposta Simples<\/td>\n<td style=\"padding: 10px;\"><strong>\u2705 Vantagem:<\/strong> F\u00e1cil de usar, com sistema direto e intuitivo. \u00c9 o modelo mais escolhido pelos apostadores.<br \/>\n<strong>\u274c Desvantagem:<\/strong> Oferece menos liberdade para estrat\u00e9gias complexas.<br \/>\n<strong>\ud83d\udccc Caracter\u00edstica:<\/strong> Pr\u00e1tica e veloz \u2014 ideal para quem busca apostas r\u00e1pidas.<\/td>\n<\/tr>\n<tr>\n<td style=\"padding: 10px; font-weight: bold;\">\u2696\ufe0f Handicap<\/td>\n<td style=\"padding: 10px;\"><strong>\u2705 Vantagem:<\/strong> Diversas combina\u00e7\u00f5es poss\u00edveis para mais emo\u00e7\u00e3o nas apostas.<br \/>\n<strong>\u274c Desvantagem:<\/strong> Requer bom conhecimento sobre os jogadores e o jogo.<br \/>\n<strong>\ud83d\udccc Caracter\u00edstica:<\/strong> Alta versatilidade e ampla variedade de mercados.<\/td>\n<\/tr>\n<tr>\n<td style=\"padding: 10px; font-weight: bold;\">\ud83d\udc64 Total 1 e Total 2<\/td>\n<td style=\"padding: 10px;\"><strong>\u2705 Vantagem:<\/strong> Foco em apenas um tenista, facilitando a an\u00e1lise estat\u00edstica individual.<br \/>\n<strong>\u274c Desvantagem:<\/strong> N\u00e3o considera o desempenho do oponente.<br \/>\n<strong>\ud83d\udccc Caracter\u00edstica:<\/strong> Ideal para quem prefere apostar com base em dados objetivos.<\/td>\n<\/tr>\n<\/tbody>\n<\/table>\n<p>Sua conta na PariPesa te permite curtir muitas formas diferentes de <strong>tenis apostas <\/strong>. Cada uma delas tem como foco algo diferente, para n\u00e3o te deixar perdido no come\u00e7o da sua aventura, abaixo voc\u00ea pode conhecer em detalhes o que \u00e9 cada categoria de apostas.<\/p>\n<ul>\n<li>Apostas ao vivo- O modelo de apostas ao vivo \u00e9 o mais comum na PariPesa, ele nada mais \u00e9 do que um sistema de apostas tenis que funciona em tempo real, com ele voc\u00ea pode alterar apostas, e verificar as novas estat\u00edsticas para a partida em tempo real.<\/li>\n<li>Handicap Tenis- Os handicaps s\u00e3o apostas em acontecimentos de uma partida, como por exemplo, n\u00famero de passos de um tenista, n\u00famero de bolas na rede durante um jogo, tempo de jogo e muitas outras formas de apostar.<\/li>\n<li>Total- O significado de apostas total \u00e9 bem simples, s\u00e3o apostas em quem vai vencer a partida, total tamb\u00e9m pode ser conhecido como aposta simples.<\/li>\n<li>Total 1 e Total 2- Total 1 e Total 2 s\u00e3o apostas focadas em um \u00fanico jogador, elas apresentam dados focados em cada jogador e voc\u00ea aposta da forma que bem entender.<\/li>\n<\/ul>\n<div style=\"text-align: center;\"><img loading=\"lazy\" decoding=\"async\" class=\"alignnone size-full wp-image-870\" style=\"box-shadow: inset 0 0 10px 3px rgb(52 209 95 \/ 60%), 0 0 10px 3px #7e87f1 !important;\" title=\"tenis apostas\" src=\"https:\/\/paripesalat.com\/wp-content\/uploads\/2025\/08\/tenis-apostas.jpg\" alt=\"tenis apostas\" width=\"900\" height=\"249\" \/><\/div>\n<p>Agora que j\u00e1 conhece as principais formas de apostas em t\u00eanis voc\u00ea deve estar com d\u00favidas sobre qual modelo de apostas jogar, para facilitar sua vida, veja a tabela abaixo:<\/p>\n<p>Com esta tabela sua escolha por qual tipo de aposta curtir pode ficar um pouco mais simples. As muitas formas de apostar aumentam suas possibilidades de divertir no aplicativo e s\u00edtios da PariPesa.<\/p>\n<h2 id=\"Progn\u00f3sticos\">Progn\u00f3sticos tenis &#8211; Entenda como funcionam as estat\u00edsticas para o esporte<\/h2>\n<p>Em todas as abas de apostas tenis voc\u00ea encontra os progn\u00f3sticos tenis, eles se tratam de estat\u00edsticas que acompanham a m\u00e9dia dos resultados dos \u00faltimos jogadores. Estas estat\u00edsticas ficam dispon\u00edveis clicando sobre a partida em que voc\u00ea pretende apostar.<\/p>\n<p>Os <strong>prognosticos tenis<\/strong> s\u00e3o uma pequena ajuda que a PariPesa te oferece para aumentar suas probabilidades de ganhar, por\u00e9m vale ressaltar que as estat\u00edsticas s\u00e3o apenas uma an\u00e1lise pr\u00e9via de dados e n\u00e3o uma garantia de resultados. Caso queira apostar com seguran\u00e7a e aumentando suas probabilidades de ganhar, veja abaixo:<\/p>\n<h3 id=\"Tips\">Tips tenis- Aumente suas chances de ganhar em apostas<\/h3>\n<p>As <strong>tips tenis<\/strong> servem para te auxiliar a ter mais seguran\u00e7a na hora de apostar, aumentando a efici\u00eancia das suas apostas, mas vale ressaltar que elas n\u00e3o s\u00e3o garantias de premia\u00e7\u00e3o. Ainda assim, veja abaixo as melhores dicas para apostar com seguran\u00e7a e ter bons resultados:<\/p>\n<ul>\n<li>1\u00aa Dica: Fa\u00e7a um or\u00e7amento de apostas. O mais b\u00e1sico em todo modelo e tipo de apostas esportivas \u00e9 fazer um or\u00e7amento de apostas, uma planilha que te permite organizar quanto voc\u00ea investe em apostas e quanto voc\u00ea pode investir no seu lazer. Apesar de simples, esta dica pode te ajudar a controlar sua vida financeira enquanto se diverte.<\/li>\n<li>2\u00aa Dica: An\u00e1lise o hist\u00f3rico recente dos jogadores com rigor. As probabilidades e progn\u00f3sticos apresentados na PariPesa s\u00e3o bem recentes, mas ainda assim analisar mais dados sobre cada jogador pode te ajudar a ter mais seguran\u00e7a nas apostas. Al\u00e9m de ficar de olho em estat\u00edsticas acompanhe tamb\u00e9m noticiais sobre os atletas para saber se algo pode influenciar no desempenho dos jogadores.<\/li>\n<li>3\u00aa Dica: Jogue por lazer. Por fim, a dica mais importante \u00e9 jogar para se divertir. A PariPesa \u00e9 uma plataforma de entretenimento, n\u00e3o confunda ela com um investimento. Jogando para se divertir voc\u00ea ter\u00e1 a melhor experi\u00eancia poss\u00edvel com apostas em t\u00e9nis.<\/li>\n<\/ul>\n","protected":false},"excerpt":{"rendered":"<p>\ud83d\udcda \u00cdndice Vis\u00e3o geral do t\u00e9nis &#8211; Qu\u00e3o Popular \u00e9 o esporte no mundo? Popularidade do t\u00e9nis em Portugal e tenis apostas Campeonatos e Competi\u00e7\u00f5es de T\u00e9nis em Portugal e no Mundo &#8211; Conhe\u00e7a mais sobre a tradi\u00e7\u00e3o de Portugal no esporte Como apostar no melhor site de apostas Portugal: Primeiras Etapas para apostas Tipos [&hellip;]<\/p>\n","protected":false},"author":1,"featured_media":0,"parent":0,"menu_order":0,"comment_status":"closed","ping_status":"closed","template":"","meta":{"_sitemap_exclude":false,"_sitemap_priority":"","_sitemap_frequency":"","footnotes":""},"class_list":["post-2536","page","type-page","status-publish","hentry"],"acf":[],"yoast_head":"<!-- This site is optimized with the Yoast SEO plugin v23.7 - https:\/\/yoast.com\/wordpress\/plugins\/seo\/ -->\n<title>\u1409 Apostas T\u00e9nis Portugal | Ganha em \u20ac \u261b 2026<\/title>\n<meta name=\"description\" content=\"Apostas t\u00e9nis Portugal \u21d2 aposta nos teus jogadores favoritos, acompanha resultados em tempo real e ganha em euros em 2026.\" \/>\n<meta name=\"robots\" content=\"index, follow, max-snippet:-1, max-image-preview:large, max-video-preview:-1\" \/>\n<meta property=\"og:locale\" content=\"pt_PT\" \/>\n<meta property=\"og:type\" content=\"article\" \/>\n<meta property=\"og:title\" content=\"\u1409 Apostas T\u00e9nis Portugal | Ganha em \u20ac \u261b 2026\" \/>\n<meta property=\"og:description\" content=\"Apostas t\u00e9nis Portugal \u21d2 aposta nos teus jogadores favoritos, acompanha resultados em tempo real e ganha em euros em 2026.\" \/>\n<meta property=\"og:url\" content=\"https:\/\/paripesalat.com\/pt-pt\/apostas-tenis\/\" \/>\n<meta property=\"og:site_name\" content=\"PariPesa PORTUGAL: PLATAFORMA LEGAL DE APOSTAS ONLINE\" \/>\n<meta property=\"article:modified_time\" content=\"2026-04-12T10:09:18+00:00\" \/>\n<meta property=\"og:image\" content=\"https:\/\/paripesalat.com\/wp-content\/uploads\/2024\/05\/Sitio-web-Paripesa-es.webp\" \/>\n\t<meta property=\"og:image:width\" content=\"700\" \/>\n\t<meta property=\"og:image:height\" content=\"435\" \/>\n\t<meta property=\"og:image:type\" content=\"image\/webp\" \/>\n<meta name=\"twitter:card\" content=\"summary_large_image\" \/>\n<meta name=\"twitter:label1\" content=\"Tempo estimado de leitura\" \/>\n\t<meta name=\"twitter:data1\" content=\"9 minutos\" \/>\n<!-- \/ Yoast SEO plugin. -->","yoast_head_json":{"title":"\u1409 Apostas T\u00e9nis Portugal | Ganha em \u20ac \u261b 2026","description":"Apostas t\u00e9nis Portugal \u21d2 aposta nos teus jogadores favoritos, acompanha resultados em tempo real e ganha em euros em 2026.","robots":{"index":"index","follow":"follow","max-snippet":"max-snippet:-1","max-image-preview":"max-image-preview:large","max-video-preview":"max-video-preview:-1"},"og_locale":"pt_PT","og_type":"article","og_title":"\u1409 Apostas T\u00e9nis Portugal | Ganha em \u20ac \u261b 2026","og_description":"Apostas t\u00e9nis Portugal \u21d2 aposta nos teus jogadores favoritos, acompanha resultados em tempo real e ganha em euros em 2026.","og_url":"https:\/\/paripesalat.com\/pt-pt\/apostas-tenis\/","og_site_name":"PariPesa PORTUGAL: PLATAFORMA LEGAL DE APOSTAS ONLINE","article_modified_time":"2026-04-12T10:09:18+00:00","og_image":[{"width":700,"height":435,"url":"https:\/\/paripesalat.com\/wp-content\/uploads\/2024\/05\/Sitio-web-Paripesa-es.webp","type":"image\/webp"}],"twitter_card":"summary_large_image","twitter_misc":{"Tempo estimado de leitura":"9 minutos"},"schema":{"@context":"https:\/\/schema.org","@graph":[{"@type":"WebPage","@id":"https:\/\/paripesalat.com\/pt-pt\/apostas-tenis\/","url":"https:\/\/paripesalat.com\/pt-pt\/apostas-tenis\/","name":"\u1409 Apostas T\u00e9nis Portugal | Ganha em \u20ac \u261b 2026","isPartOf":{"@id":"https:\/\/paripesalat.com\/#website"},"primaryImageOfPage":{"@id":"https:\/\/paripesalat.com\/pt-pt\/apostas-tenis\/#primaryimage"},"image":{"@id":"https:\/\/paripesalat.com\/pt-pt\/apostas-tenis\/#primaryimage"},"thumbnailUrl":"https:\/\/paripesalat.com\/wp-content\/uploads\/2025\/08\/melhor-site-de-apostas-Portugal.jpg","datePublished":"2025-07-18T07:10:44+00:00","dateModified":"2026-04-12T10:09:18+00:00","description":"Apostas t\u00e9nis Portugal \u21d2 aposta nos teus jogadores favoritos, acompanha resultados em tempo real e ganha em euros em 2026.","breadcrumb":{"@id":"https:\/\/paripesalat.com\/pt-pt\/apostas-tenis\/#breadcrumb"},"inLanguage":"pt-PT","potentialAction":[{"@type":"ReadAction","target":["https:\/\/paripesalat.com\/pt-pt\/apostas-tenis\/"]}]},{"@type":"ImageObject","inLanguage":"pt-PT","@id":"https:\/\/paripesalat.com\/pt-pt\/apostas-tenis\/#primaryimage","url":"https:\/\/paripesalat.com\/wp-content\/uploads\/2025\/08\/melhor-site-de-apostas-Portugal.jpg","contentUrl":"https:\/\/paripesalat.com\/wp-content\/uploads\/2025\/08\/melhor-site-de-apostas-Portugal.jpg"},{"@type":"BreadcrumbList","@id":"https:\/\/paripesalat.com\/pt-pt\/apostas-tenis\/#breadcrumb","itemListElement":[{"@type":"ListItem","position":1,"name":"Home","item":"https:\/\/paripesalat.com\/pt-pt\/"},{"@type":"ListItem","position":2,"name":"Apostas tenis"}]},{"@type":"WebSite","@id":"https:\/\/paripesalat.com\/#website","url":"https:\/\/paripesalat.com\/","name":"PariPesa PORTUGAL: PLATAFORMA LEGAL DE APOSTAS ONLINE","description":"","potentialAction":[{"@type":"SearchAction","target":{"@type":"EntryPoint","urlTemplate":"https:\/\/paripesalat.com\/?s={search_term_string}"},"query-input":{"@type":"PropertyValueSpecification","valueRequired":true,"valueName":"search_term_string"}}],"inLanguage":"pt-PT"}]}},"_links":{"self":[{"href":"https:\/\/paripesalat.com\/pt-pt\/wp-json\/wp\/v2\/pages\/2536","targetHints":{"allow":["GET"]}}],"collection":[{"href":"https:\/\/paripesalat.com\/pt-pt\/wp-json\/wp\/v2\/pages"}],"about":[{"href":"https:\/\/paripesalat.com\/pt-pt\/wp-json\/wp\/v2\/types\/page"}],"author":[{"embeddable":true,"href":"https:\/\/paripesalat.com\/pt-pt\/wp-json\/wp\/v2\/users\/1"}],"replies":[{"embeddable":true,"href":"https:\/\/paripesalat.com\/pt-pt\/wp-json\/wp\/v2\/comments?post=2536"}],"version-history":[{"count":23,"href":"https:\/\/paripesalat.com\/pt-pt\/wp-json\/wp\/v2\/pages\/2536\/revisions"}],"predecessor-version":[{"id":5263,"href":"https:\/\/paripesalat.com\/pt-pt\/wp-json\/wp\/v2\/pages\/2536\/revisions\/5263"}],"wp:attachment":[{"href":"https:\/\/paripesalat.com\/pt-pt\/wp-json\/wp\/v2\/media?parent=2536"}],"curies":[{"name":"wp","href":"https:\/\/api.w.org\/{rel}","templated":true}]}}