{"id":792,"date":"2023-09-02T10:54:53","date_gmt":"2023-09-02T07:54:53","guid":{"rendered":"https:\/\/paripesalat.com\/app\/"},"modified":"2026-02-24T14:03:45","modified_gmt":"2026-02-24T11:03:45","slug":"app","status":"publish","type":"page","link":"https:\/\/paripesalat.com\/pt-br\/app\/","title":{"rendered":"PariPesa APP: APLICATIVO OFICIAL PARA BAIXAR"},"content":{"rendered":"<table class=\"feature-table\" style=\"box-shadow: inset 0 0 10px 3px rgb(247 247 247 \/ 60%), 0 0 10px 3px #7e87f1 !important; padding: 15px; width: 100%;\">\n<tbody>\n<tr>\n<td>\n<div class=\"feature-name\" style=\"font-weight: bold; color: #000080;\">\ud83d\udcda \u00cdndice<\/div>\n<div class=\"feature-value\">\n<ol>\n<li><a style=\"color: #000080;\" href=\"#PariPesaAPP\">COMO FUNCIONA PariPesa APP \u2013 BAIXAR E APOSTAR IOS E ANDROID<\/a><\/li>\n<li><a style=\"color: #000080;\" href=\"#IOS\">PariPesa MOBILE APP PARA IOS<\/a><\/li>\n<li><a style=\"color: #000080;\" href=\"#ANDROID\">PariPesa MOBILE APP PARA ANDROID<\/a><\/li>\n<li><a style=\"color: #000080;\" href=\"#VERS\u00c3O\">VERS\u00c3O PariPesa MOBILE PARA COMPUTADOR<\/a><\/li>\n<li><a style=\"color: #000080;\" href=\"#COMPAT\u00cdVEIS\">DISPOSITIVOS M\u00d3VEIS COMPAT\u00cdVEIS AO APLICATIVO PariPesa<\/a><\/li>\n<li><a style=\"color: #000080;\" href=\"#FUNCIONAM\">COMO FUNCIONAM JOGOS DE CASSINO NO PariPesa BRASIL APP?<\/a><\/li>\n<li><a style=\"color: #000080;\" href=\"#BENEF\u00cdCIOS\">BENEF\u00cdCIOS DE APOSTAR COM APLICATIVO PariPesa<\/a><\/li>\n<li><a style=\"color: #000080;\" href=\"#Avalia\u00e7\u00f5es\">Avalia\u00e7\u00f5es do cassino Paripesa de jogadores brasileiros<\/a><\/li>\n<\/ol>\n<\/div>\n<\/td>\n<\/tr>\n<\/tbody>\n<\/table>\n<h2 id=\"PariPesaAPP\" class=\"w-text us_custom_37a0f493 has_text_color\"><span class=\"w-text-h\"><span class=\"w-text-value\">COMO FUNCIONA APP PariPesa\u00a0 \u2013 BAIXAR E APOSTAR IOS E ANDROID<\/span><\/span><\/h2>\n<p>A casa de apostas PariPesa demonstra estar muito pr\u00f3xima dos apostadores nacionais, ao apresentar um aplicativo de apostas, dispon\u00edvel para iOS e Android, que finalmente dar\u00e1 total liberdade no momento de apostar online. Por esse motivo, esse guia <a href=\"https:\/\/paripesalat.com\/pt-br\/\">PariPesa bookmaker<\/a> online app ir\u00e1 ajudar a que possa saber n\u00e3o s\u00f3 os passos concretos a dar para apostar mobile no PariPesa, mas tamb\u00e9m como poder\u00e1 retirar o melhor partido poss\u00edvel do PariPesa app.<\/p>\n<div style=\"text-align: center;\"><img loading=\"lazy\" decoding=\"async\" class=\"alignnone size-full wp-image-870\" style=\"box-shadow: inset 0 0 10px 3px rgb(52 209 95 \/ 60%), 0 0 10px 3px #7e87f1 !important;\" title=\"application paripesa\" src=\"https:\/\/paripesalat.com\/wp-content\/uploads\/2025\/05\/application-paripesa.jpg\" alt=\"application paripesa\" width=\"700\" height=\"363\" \/><\/div>\n<p>At\u00e9 porque, em nossa revis\u00e3o PariPesa aplica\u00e7\u00e3o, ficou evidente que ter\u00e1 acesso aos mesmos mercados de apostas, esportes para apostar e ainda vantagens de apostas mobile como Cash Out ou transmiss\u00f5es ao vivo. Tudo isso ir\u00e1 proporcionar uma experi\u00eancia de aposta mobile que s\u00f3 na <strong>app PariPesa<\/strong> ir\u00e1 conseguir obter. Fique ent\u00e3o conhecendo como tamb\u00e9m usar essa aplica\u00e7\u00e3o PariPesa.<\/p>\n<div style=\"margin: 2%; text-align: left;\"><a style=\"display: inline-block; left: 50%; transform: translateX(-50%); position: relative; box-shadow: inset 0 0 10px 3px rgba(24, 14, 33, 0.6), 0 0 10px 3px #f5f5f5; background-color: #1d7830; border-radius: 6px;\" href=\"https:\/\/combodef.com\/L?tag=d_4824640m_45569c_&amp;site=4824640&amp;ad=45569\" rel=\"nofollow\"><span style=\"display: block; padding: 20px 45px; color: #fff; text-align: center;\">Baixe agora!<\/span><\/a><\/div>\n<table class=\"feature-table\" style=\"box-shadow: inset 0 0 10px 3px rgba(230, 220, 250, 0.7), 0 0 10px 3px #dda0dd !important; padding: 15px; width: 100%; border-collapse: collapse; font-family: Arial, sans-serif;\">\n<thead>\n<tr>\n<th style=\"background-color: #f8f0ff; color: #4b0082; font-size: 20px; padding: 10px; text-align: left;\" colspan=\"2\">\ud83d\udcf1 Vis\u00e3o Geral do App Paripesa<\/th>\n<\/tr>\n<\/thead>\n<tbody>\n<tr>\n<td style=\"padding: 10px; font-weight: bold;\">\ud83e\udded Interface Intuitiva<\/td>\n<td style=\"padding: 10px;\">Design f\u00e1cil de usar para navega\u00e7\u00e3o r\u00e1pida e eficiente.<\/td>\n<\/tr>\n<tr>\n<td style=\"padding: 10px; font-weight: bold;\">\ud83d\udcca Apostas Esportivas<\/td>\n<td style=\"padding: 10px;\">Acesso completo a centenas de eventos esportivos ao vivo e pr\u00e9-jogo.<\/td>\n<\/tr>\n<tr>\n<td style=\"padding: 10px; font-weight: bold;\">\ud83c\udfb0 Jogos de Cassino<\/td>\n<td style=\"padding: 10px;\">Grande variedade de slots, roleta, blackjack e muito mais.<\/td>\n<\/tr>\n<tr>\n<td style=\"padding: 10px; font-weight: bold;\">\ud83d\udcf2 Compat\u00edvel com iOS e Android<\/td>\n<td style=\"padding: 10px;\">Dispon\u00edvel em ambas as plataformas com instala\u00e7\u00e3o r\u00e1pida.<\/td>\n<\/tr>\n<tr>\n<td style=\"padding: 10px; font-weight: bold;\">\ud83d\udcb3 M\u00e9todos de Pagamento<\/td>\n<td style=\"padding: 10px;\">V\u00e1rias op\u00e7\u00f5es de dep\u00f3sito e saque, incluindo criptomoedas.<\/td>\n<\/tr>\n<tr>\n<td style=\"padding: 10px; font-weight: bold;\">\ud83d\udd12 Seguran\u00e7a<\/td>\n<td style=\"padding: 10px;\">Prote\u00e7\u00e3o avan\u00e7ada de dados e transa\u00e7\u00f5es criptografadas.<\/td>\n<\/tr>\n<\/tbody>\n<\/table>\n<h2 id=\"IOS\" class=\"w-text us_custom_37a0f493 has_text_color\"><span class=\"w-text-h\"><span class=\"w-text-value\">PariPesa MOBILE APP PARA IOS<\/span><\/span><\/h2>\n<p>De fato, existe uma clara vantagem de poder tirar partido do PariPesa iOS. Como ir\u00e1 perceber nesse passo a passo detalhado para todos os jogadores de dispositivos iPhone, o processo n\u00e3o poderia ser mais simples. Apenas ter\u00e1 de ter em conta esse passo a passo:<\/p>\n<ul>\n<li>Acessar a Home Page do PariPesa atrav\u00e9s de nossa revis\u00e3o<\/li>\n<li>Buscar pela op\u00e7\u00e3o app PariPesa para iOS, com o s\u00edmbolo bem identificado<\/li>\n<li>Ser\u00e1 direcionado para a P\u00e1gina correta da Apple Store<\/li>\n<li>Clicar para o download do PariPesa mobile<\/li>\n<li>Confirmar em seu tablet ou smartphone e comece por baixar<\/li>\n<li>Esperar menos de um minuto para jogar em seu dispositivo m\u00f3vel<\/li>\n<\/ul>\n<h2 id=\"ANDROID\" class=\"w-text us_custom_37a0f493 has_text_color\"><span class=\"w-text-h\"><span class=\"w-text-value\">PariPesa MOBILE APP PARA ANDROID<\/span><\/span><\/h2>\n<p>Como existem certas restri\u00e7\u00f5es nos aplicativos de apostas dentro do Google Play, a realidade \u00e9 que todo o processo para apostar no PariPesa Android \u00e9 um pouco mais complexo. Assim, atente nos seguintes passos que ter\u00e1 de usar em seu browser mobile, para poder baixar o PariPesa app Android:<\/p>\n<ul>\n<li>Clicar no link desse guia de aplicativo PariPesa para acessar a P\u00e1gina Principal<\/li>\n<li>Selecionar a op\u00e7\u00e3o de Android<\/li>\n<li>Ser\u00e1 pedido que possa baixar o ficheiro PariPesa apk<\/li>\n<li>Ter\u00e1 de ir a Defini\u00e7\u00f5es de seu celular ou tablet e confirmar o download \u201cFicheiros Desconhecidos\u201d<\/li>\n<li>Concluir o download do apk PariPesa<\/li>\n<li>Confirmar todo o processo para baixar o PariPesa para seu mobile device<\/li>\n<\/ul>\n<div style=\"margin: 2%; text-align: left;\"><a style=\"display: inline-block; left: 50%; transform: translateX(-50%); position: relative; box-shadow: inset 0 0 10px 3px rgba(24, 14, 33, 0.6), 0 0 10px 3px #f5f5f5; background-color: #1d7830; border-radius: 6px;\" href=\"https:\/\/combodef.com\/L?tag=d_4824640m_45569c_&amp;site=4824640&amp;ad=45569\" rel=\"nofollow\"><span style=\"display: block; padding: 20px 45px; color: #fff; text-align: center;\">Baixe agora!<\/span><\/a><\/div>\n<h2 id=\"VERS\u00c3O\" class=\"w-text us_custom_37a0f493 has_text_color\"><span class=\"w-text-h\"><span class=\"w-text-value\">VERS\u00c3O PariPesa MOBILE PARA COMPUTADOR<\/span><\/span><\/h2>\n<p>De fato, dever\u00e1 ainda perceber que, caso n\u00e3o queira baixar o aplicativo PariPesa, ter\u00e1 a chance de apenas, com seu motor de busca mobile, buscar pela op\u00e7\u00e3o de apostar no site responsivo da PariPesa . Tal \u00e9 poss\u00edvel apostar em seu desktop uma vez que todas as p\u00e1ginas web da casa de apostas e cassino PariPesa se v\u00e3o adaptar na perfei\u00e7\u00e3o ao tamanho de sua telinha.<\/p>\n<p>O mesmo acabar\u00e1 acontecendo tanto para computador, como tamb\u00e9m para celular ou tablet. N\u00e3o ser\u00e1 assim necess\u00e1rio baixar o aplicativo PariPesa, se n\u00e3o tiver, por exemplo, muito espa\u00e7o de armazenamento. Apenas considere que a PariPesa aplicativo est\u00e1 pensada unicamente para sua experi\u00eancia mobile. No entanto, em termos de b\u00f4nus, odds e ofertas de PariPesa apostas, n\u00e3o ir\u00e1 perder nada em somente apostar ou jogar mobile, atrav\u00e9s de seu site responsivo, com SSL em todas as p\u00e1ginas web e uma enorme leveza no carregamento dessas mesmas p\u00e1ginas.<\/p>\n<h2 id=\"COMPAT\u00cdVEIS\" class=\"w-text us_custom_37a0f493 has_text_color\"><span class=\"w-text-h\"><span class=\"w-text-value\">DISPOSITIVOS M\u00d3VEIS COMPAT\u00cdVEIS AO APLICATIVO PariPesa<\/span><\/span><\/h2>\n<p>Uma enorme vantagem que ir\u00e1 detetar ao usar o PariPesa aplicativo \u00e9 que ele faz quest\u00e3o de n\u00e3o s\u00f3 se adaptar a todas as telinhas, como tamb\u00e9m permitir que tenha acesso a toda a oferta de sua casa de apostas e cassino online com uma leveza total. Isso incluindo at\u00e9 os jogos de cassino ao vivo que ir\u00e1 encontrar ap\u00f3s o registro de conta PariPesa.<\/p>\n<p>Tudo isso estar\u00e1 abrindo a chance de poder jogar seus t\u00edtulos favoritos e ainda ter acesso a milhares de mercados de apostas online, com apenas alguns cliques, quer seja tablets, celulares ou desktop. Tal prova que a casa de apostas PariPesa est\u00e1 mesmo dedicada a poder apresentar a melhor qualidade poss\u00edvel de aposta para o apostador nacional, com o m\u00ednimo de restri\u00e7\u00f5es.<\/p>\n<h2 id=\"FUNCIONAM\" class=\"w-text us_custom_37a0f493 has_text_color\"><span class=\"w-text-h\"><span class=\"w-text-value\">COMO FUNCIONAM JOGOS DE CASSINO NO PariPesa BRASIL APP?<\/span><\/span><\/h2>\n<p>Essa acaba sendo uma das d\u00favidas mais vezes colocadas em nossa revis\u00e3o PariPesa Brasil. Uma vez que alguns de seus t\u00edtulos s\u00e3o de grande dimens\u00e3o e at\u00e9 de \u00faltima gera\u00e7\u00e3o \u2013 PariPesa cassino s\u00f3 trabalha com os melhores desenvolvedores de jogos \u2013 se percebe que essa poder\u00e1 ser uma preocupa\u00e7\u00e3o, especialmente jogando atrav\u00e9s de celulares ou at\u00e9 tablets com menos capacidade.<\/p>\n<p>Contudo, uma das conclus\u00f5es retiradas no PariPesa aplicativo \u00e9 que ele faz quest\u00e3o de ter uma tecnologia que n\u00e3o vai ter muito peso em seu dispositivo. Portanto, acima de tudo, ter\u00e1 \u00e9 que se preocupar em qual \u00e9 o espa\u00e7o que ter\u00e1 em seu dispositivo para fazer o download PariPesa aplicativo. Caso tenha, ent\u00e3o n\u00e3o dever\u00e1 ter grandes problemas em at\u00e9 apostar nos jogos de cassino ao vivo, que s\u00e3o cada vez mais populares, como ir\u00e1 concluir em nossa PariPesa Casino review, sempre atualizada. Ter\u00e1 assim todos os ingredientes para poder apostar e jogar mobile com a liberdade que sempre buscou na PariPesa aplicativo.<\/p>\n<h2 id=\"BENEF\u00cdCIOS\" class=\"w-text us_custom_37a0f493 has_text_color\"><span class=\"w-text-h\"><span class=\"w-text-value\">BENEF\u00cdCIOS DE APOSTAR COM APP PariPesa<\/span><\/span><\/h2>\n<p>Claro que, apesar de n\u00e3o estar limitado ao decidir apostar em seu computador, a realidade \u00e9 que algumas vantagens do app PariPesa s\u00e3o mais do que evidentes. Antes de mais, poder\u00e1, com acesso \u00e0 internet, finalmente ter acesso, em poucos cliques, a alguns dos jogos mais modernos e mais aguardados pelos jogadores de cassino. Isso acaba dando um poder de escolha muito grande, sem que jamais se sinta limitado.<\/p>\n<p>Somando a isso, poder\u00e1, por vezes, esperar PariPesa b\u00f4nus que possam ser exclusivos. Ou seja, em nossa revis\u00e3o aplicativo PariPesa, foi poss\u00edvel compreender que existem certas ofertas que poder\u00e3o estar somente destinadas aos apostadores de mobile.<\/p>\n<h3 id=\"Avalia\u00e7\u00f5es\">Avalia\u00e7\u00f5es do cassino Paripesa de jogadores brasileiros:<\/h3>\n<table width=\"100%\">\n<tbody>\n<tr>\n<td style=\"padding: 10px 10px 10px 10px;\">\n<div><img decoding=\"async\" style=\"box-shadow: inset 0 0 10px 3px rgb(48 66 189 \/ 60%), 0 0 10px 3px #cc13c6 !important;\" src=\"https:\/\/paripesalat.com\/wp-content\/uploads\/2024\/09\/Alexandre-Evandro-Toledo.webp\" width=\"250px\" height=\"230px\" \/><br \/>\nAlexandre Evandro Toledo<br \/>\n18.09.2024 23:11<br \/>\nN\u00edvel de confian\u00e7a da marca: 93%<br \/>\n\u2714\ufe0f \u2714\ufe0f\u2714\ufe0f\u2714\ufe0f\u2714\ufe0f<br \/>\nGEO: Goi\u00e2nia, Brasil<\/div>\n<\/td>\n<td style=\"padding: 10px;\">Adoro a fun\u00e7\u00e3o de cash out do aplicativo PariPesa. Posso garantir meus lucros antes do fim do evento<\/td>\n<\/tr>\n<\/tbody>\n<\/table>\n","protected":false},"excerpt":{"rendered":"<p>\ud83d\udcda \u00cdndice COMO FUNCIONA PariPesa APP \u2013 BAIXAR E APOSTAR IOS E ANDROID PariPesa MOBILE APP PARA IOS PariPesa MOBILE APP PARA ANDROID VERS\u00c3O PariPesa MOBILE PARA COMPUTADOR DISPOSITIVOS M\u00d3VEIS COMPAT\u00cdVEIS AO APLICATIVO PariPesa COMO FUNCIONAM JOGOS DE CASSINO NO PariPesa BRASIL APP? BENEF\u00cdCIOS DE APOSTAR COM APLICATIVO PariPesa Avalia\u00e7\u00f5es do cassino Paripesa de jogadores [&hellip;]<\/p>\n","protected":false},"author":1,"featured_media":0,"parent":0,"menu_order":0,"comment_status":"closed","ping_status":"closed","template":"","meta":{"_sitemap_exclude":false,"_sitemap_priority":"","_sitemap_frequency":"","footnotes":""},"class_list":["post-792","page","type-page","status-publish","hentry"],"acf":[],"yoast_head":"<!-- This site is optimized with the Yoast SEO plugin v23.7 - https:\/\/yoast.com\/wordpress\/plugins\/seo\/ -->\n<title>PariPesa App \u261b Baixe e Aposte Agora \u1409 Brasil<\/title>\n<meta name=\"description\" content=\"\ud83d\udcf1 Baixe o app PariPesa no Brasil \u21d2 Apostas esportivas e cassino na palma da m\u00e3o! Instale gr\u00e1tis e aproveite b\u00f4nus exclusivos!\" \/>\n<meta name=\"robots\" content=\"index, follow, max-snippet:-1, max-image-preview:large, max-video-preview:-1\" \/>\n<meta property=\"og:locale\" content=\"pt_BR\" \/>\n<meta property=\"og:type\" content=\"article\" \/>\n<meta property=\"og:title\" content=\"PariPesa App \u261b Baixe e Aposte Agora \u1409 Brasil\" \/>\n<meta property=\"og:description\" content=\"\ud83d\udcf1 Baixe o app PariPesa no Brasil \u21d2 Apostas esportivas e cassino na palma da m\u00e3o! Instale gr\u00e1tis e aproveite b\u00f4nus exclusivos!\" \/>\n<meta property=\"og:url\" content=\"https:\/\/paripesalat.com\/pt-br\/app\/\" \/>\n<meta property=\"og:site_name\" content=\"PariPesa BRASIL: SITE SEGURO DE APOSTAS ESPORTIVAS\" \/>\n<meta property=\"article:modified_time\" content=\"2026-02-24T11:03:45+00:00\" \/>\n<meta property=\"og:image\" content=\"https:\/\/paripesalat.com\/wp-content\/uploads\/2024\/05\/Sitio-web-Paripesa-es.webp\" \/>\n\t<meta property=\"og:image:width\" content=\"700\" \/>\n\t<meta property=\"og:image:height\" content=\"435\" \/>\n\t<meta property=\"og:image:type\" content=\"image\/webp\" \/>\n<meta name=\"twitter:card\" content=\"summary_large_image\" \/>\n<meta name=\"twitter:label1\" content=\"Est. tempo de leitura\" \/>\n\t<meta name=\"twitter:data1\" content=\"6 minutos\" \/>\n<!-- \/ Yoast SEO plugin. -->","yoast_head_json":{"title":"PariPesa App \u261b Baixe e Aposte Agora \u1409 Brasil","description":"\ud83d\udcf1 Baixe o app PariPesa no Brasil \u21d2 Apostas esportivas e cassino na palma da m\u00e3o! Instale gr\u00e1tis e aproveite b\u00f4nus exclusivos!","robots":{"index":"index","follow":"follow","max-snippet":"max-snippet:-1","max-image-preview":"max-image-preview:large","max-video-preview":"max-video-preview:-1"},"og_locale":"pt_BR","og_type":"article","og_title":"PariPesa App \u261b Baixe e Aposte Agora \u1409 Brasil","og_description":"\ud83d\udcf1 Baixe o app PariPesa no Brasil \u21d2 Apostas esportivas e cassino na palma da m\u00e3o! Instale gr\u00e1tis e aproveite b\u00f4nus exclusivos!","og_url":"https:\/\/paripesalat.com\/pt-br\/app\/","og_site_name":"PariPesa BRASIL: SITE SEGURO DE APOSTAS ESPORTIVAS","article_modified_time":"2026-02-24T11:03:45+00:00","og_image":[{"width":700,"height":435,"url":"https:\/\/paripesalat.com\/wp-content\/uploads\/2024\/05\/Sitio-web-Paripesa-es.webp","type":"image\/webp"}],"twitter_card":"summary_large_image","twitter_misc":{"Est. tempo de leitura":"6 minutos"},"schema":{"@context":"https:\/\/schema.org","@graph":[{"@type":"WebPage","@id":"https:\/\/paripesalat.com\/pt-br\/app\/","url":"https:\/\/paripesalat.com\/pt-br\/app\/","name":"PariPesa App \u261b Baixe e Aposte Agora \u1409 Brasil","isPartOf":{"@id":"https:\/\/paripesalat.com\/#website"},"primaryImageOfPage":{"@id":"https:\/\/paripesalat.com\/pt-br\/app\/#primaryimage"},"image":{"@id":"https:\/\/paripesalat.com\/pt-br\/app\/#primaryimage"},"thumbnailUrl":"https:\/\/paripesalat.com\/wp-content\/uploads\/2025\/05\/application-paripesa.jpg","datePublished":"2023-09-02T07:54:53+00:00","dateModified":"2026-02-24T11:03:45+00:00","description":"\ud83d\udcf1 Baixe o app PariPesa no Brasil \u21d2 Apostas esportivas e cassino na palma da m\u00e3o! Instale gr\u00e1tis e aproveite b\u00f4nus exclusivos!","breadcrumb":{"@id":"https:\/\/paripesalat.com\/pt-br\/app\/#breadcrumb"},"inLanguage":"pt-BR","potentialAction":[{"@type":"ReadAction","target":["https:\/\/paripesalat.com\/pt-br\/app\/"]}]},{"@type":"ImageObject","inLanguage":"pt-BR","@id":"https:\/\/paripesalat.com\/pt-br\/app\/#primaryimage","url":"https:\/\/paripesalat.com\/wp-content\/uploads\/2025\/05\/application-paripesa.jpg","contentUrl":"https:\/\/paripesalat.com\/wp-content\/uploads\/2025\/05\/application-paripesa.jpg"},{"@type":"BreadcrumbList","@id":"https:\/\/paripesalat.com\/pt-br\/app\/#breadcrumb","itemListElement":[{"@type":"ListItem","position":1,"name":"Home","item":"https:\/\/paripesalat.com\/pt-br\/"},{"@type":"ListItem","position":2,"name":"PariPesa APP: APLICATIVO OFICIAL PARA BAIXAR"}]},{"@type":"WebSite","@id":"https:\/\/paripesalat.com\/#website","url":"https:\/\/paripesalat.com\/","name":"PariPesa BRASIL: SITE SEGURO DE APOSTAS ESPORTIVAS","description":"","potentialAction":[{"@type":"SearchAction","target":{"@type":"EntryPoint","urlTemplate":"https:\/\/paripesalat.com\/?s={search_term_string}"},"query-input":{"@type":"PropertyValueSpecification","valueRequired":true,"valueName":"search_term_string"}}],"inLanguage":"pt-BR"}]}},"_links":{"self":[{"href":"https:\/\/paripesalat.com\/pt-br\/wp-json\/wp\/v2\/pages\/792","targetHints":{"allow":["GET"]}}],"collection":[{"href":"https:\/\/paripesalat.com\/pt-br\/wp-json\/wp\/v2\/pages"}],"about":[{"href":"https:\/\/paripesalat.com\/pt-br\/wp-json\/wp\/v2\/types\/page"}],"author":[{"embeddable":true,"href":"https:\/\/paripesalat.com\/pt-br\/wp-json\/wp\/v2\/users\/1"}],"replies":[{"embeddable":true,"href":"https:\/\/paripesalat.com\/pt-br\/wp-json\/wp\/v2\/comments?post=792"}],"version-history":[{"count":21,"href":"https:\/\/paripesalat.com\/pt-br\/wp-json\/wp\/v2\/pages\/792\/revisions"}],"predecessor-version":[{"id":4998,"href":"https:\/\/paripesalat.com\/pt-br\/wp-json\/wp\/v2\/pages\/792\/revisions\/4998"}],"wp:attachment":[{"href":"https:\/\/paripesalat.com\/pt-br\/wp-json\/wp\/v2\/media?parent=792"}],"curies":[{"name":"wp","href":"https:\/\/api.w.org\/{rel}","templated":true}]}}