{"id":773,"date":"2023-09-02T09:22:23","date_gmt":"2023-09-02T06:22:23","guid":{"rendered":"https:\/\/paripesalat.com\/bonos\/"},"modified":"2026-02-24T14:04:34","modified_gmt":"2026-02-24T11:04:34","slug":"bonus","status":"publish","type":"page","link":"https:\/\/paripesalat.com\/pt-br\/bonus\/","title":{"rendered":"PariPesa B\u00d4NUS E OFERTAS SEMANAIS NO BRASIL"},"content":{"rendered":"<table class=\"feature-table\" style=\"box-shadow: inset 0 0 10px 3px rgb(247 247 247 \/ 60%), 0 0 10px 3px #7e87f1 !important; padding: 15px; width: 100%;\">\r\n<tbody>\r\n<tr>\r\n<td>\r\n<div class=\"feature-name\" style=\"font-weight: bold; color: #000080;\">\ud83d\udcda \u00cdndice<\/div>\r\n<div class=\"feature-value\">\r\n<ol>\r\n<li><a style=\"color: #000080;\" href=\"#REVIS\u00c3O\">REVIS\u00c3O PariPesa B\u00d4NUS<\/a><\/li>\r\n<li><a style=\"color: #000080;\" href=\"#DEBOAS-VINDAS\">B\u00d4NUS PariPesa DE BOAS-VINDAS NA CASA DE APOSTAS<\/a><\/li>\r\n<li><a style=\"color: #000080;\" href=\"#ESPORTIVASONLINE\">PariPesa B\u00d4NUS PARA APOSTAS ESPORTIVAS ONLINE<\/a><\/li>\r\n<li><a style=\"color: #000080;\" href=\"#CASSINOONLINE\">B\u00d4NUS PariPesa PARA CASSINO ONLINE COM OS MELHORES JOGOS<\/a><\/li>\r\n<li><a style=\"color: #000080;\" href=\"#SEMDEP\u00d3SITO\">B\u00d4NUS SEM DEP\u00d3SITO PariPesa NO CASSINO<\/a><\/li>\r\n<li><a style=\"color: #000080;\" href=\"#B\u00d4NUSDEAPOSTASSEMANAIS\">B\u00d4NUS DE APOSTAS SEMANAIS NO SITE DE APOSTAS PariPesa<\/a><\/li>\r\n<li><a style=\"color: #000080;\" href=\"#PROMO\u00c7\u00d5ES\">PROMO\u00c7\u00d5ES SEMANAIS NO CASSINO PariPesa<\/a><\/li>\r\n<li><a style=\"color: #000080;\" href=\"#VIP\">PariPesa SHOP E CLUBE VIP<\/a><\/li>\r\n<li><a style=\"color: #000080;\" href=\"#ANIVERS\u00c1RIO\">B\u00d4NUS DE ANIVERS\u00c1RIO DA PariPesa<\/a><\/li>\r\n<li><a style=\"color: #000080;\" href=\"#Avalia\u00e7\u00f5es\">Avalia\u00e7\u00f5es de b\u00f4nus e apostas gr\u00e1tis Paripes de jogadores brasileiros <\/a><\/li>\r\n<\/ol>\r\n<\/div>\r\n<\/td>\r\n<\/tr>\r\n<\/tbody>\r\n<\/table>\r\n<p>&nbsp;<\/p>\r\n\r\n<h2 id=\"REVIS\u00c3O\" class=\"wp-block-heading\">REVIS\u00c3O PariPesa B\u00d4NUS<\/h2>\r\n\r\n\r\n\r\n<p>Perceber qual \u00e9 o PariPesa b\u00f4nus de boas-vindas \u00e9 determinante para tomar as melhores decis\u00f5es quanto ao site de apostas correto para voc\u00ea. Assim, far\u00e1 todo o sentido que conhe\u00e7a ao detalhe n\u00e3o s\u00f3 qual \u00e9 o b\u00f4nus <a href=\"https:\/\/paripesalat.com\/pt-br\/\">PariPesa<\/a>, mas tamb\u00e9m como o poder\u00e1 reclamar. Tudo isso ao mesmo tempo que ter\u00e1 os dados necess\u00e1rios para registrar conta com PariPesa b\u00f4nus sem dep\u00f3sito no cassino e ainda promo\u00e7\u00f5es para os apostadores regulares.<\/p>\r\n<div style=\"text-align: center;\"><img loading=\"lazy\" decoding=\"async\" class=\"alignnone size-full wp-image-870\" style=\"box-shadow: inset 0 0 10px 3px rgb(52 209 95 \/ 60%), 0 0 10px 3px #7e87f1 !important;\" title=\"PariPesa bonus\" src=\"https:\/\/paripesalat.com\/wp-content\/uploads\/2025\/05\/PariPesa-bonus-2.jpg\" alt=\"PariPesa bonus\" width=\"700\" height=\"252\" \/><\/div>\r\n<div style=\"margin: 2%; text-align: left;\"><a style=\"display: inline-block; left: 50%; transform: translateX(-50%); position: relative; box-shadow: inset 0 0 10px 3px rgba(24, 14, 33, 0.6), 0 0 10px 3px #f5f5f5; background-color: #1d7830; border-radius: 6px;\" href=\"https:\/\/combodef.com\/L?tag=d_4824640m_45569c_&amp;site=4824640&amp;ad=45569\" rel=\"nofollow\"><span style=\"display: block; padding: 20px 45px; color: #fff; text-align: center;\">Comece agora!<\/span><\/a><\/div>\r\n\r\n\r\n\r\n<h2 id=\"DEBOAS-VINDAS\" class=\"wp-block-heading\">B\u00d4NUS PariPesa DE BOAS-VINDAS NA CASA DE APOSTAS<\/h2>\r\n\r\n\r\n\r\n<p>Como forma de presentear os novos apostadores brasileiros, a realidade \u00e9 que a casa de apostas PariPesa Brasil faz quest\u00e3o de ir mais al\u00e9m no que toca ao primeiro dep\u00f3sito. Assim, ao usar nosso c\u00f3digo promocional PariPesa, poder\u00e1 finalmente estar duplicando o valor depositado inicialmente, em at\u00e9 600 reais. Em suma, se depositar 600 reais em um dos m\u00e9todos populares, ter\u00e1 1200 reais para fazer sua aposta gr\u00e1tis.<\/p>\r\n\r\n\r\n\r\n<h2 id=\"ESPORTIVASONLINE\" class=\"wp-block-heading\">PariPesa B\u00d4NUS PARA APOSTAS ESPORTIVAS ONLINE<\/h2>\r\n\r\n\r\n\r\n<p>Claramente que \u00e9 necess\u00e1rio compreender n\u00e3o s\u00f3 qual \u00e9 o valor de b\u00f4nus que poder\u00e1 ter direito \u2013 usando nosso PariPesa bonus code \u2013 mas tamb\u00e9m perceber quais s\u00e3o seus requisitos de apostas. Tudo isso para mais tarde liberar a totalidade do valor desse mesmo b\u00f4nus. Assim, esses s\u00e3o os requisitos do Roll Over a dinheiro real, que ter\u00e1 de cumprir para mais tarde sacar:<\/p>\r\n\r\n\r\n\r\n<ol class=\"wp-block-list\">\r\n<li>30 dias ap\u00f3s o registro para reclamar b\u00f4nus<\/li>\r\n\r\n\r\n\r\n<li>Odd m\u00ednima de 1,40 para a aposta ser leg\u00edvel<\/li>\r\n\r\n\r\n\r\n<li>Apostar pelo menos 3 vezes o valor do b\u00f4nus recebido<\/li>\r\n\r\n\r\n\r\n<li>Apenas apostas combinadas est\u00e3o inclusas<\/li>\r\n\r\n\r\n\r\n<li>Apostas m\u00faltiplas com 3 ou mais sele\u00e7\u00f5es<\/li>\r\n<\/ol>\r\n\r\n\r\n\r\n<h2 id=\"CASSINOONLINE\" class=\"wp-block-heading\">B\u00d4NUS PariPesa PARA CASSINO ONLINE COM OS MELHORES JOGOS<\/h2>\r\n\r\n\r\n\r\n<p>J\u00e1 no que toca ao b\u00f4nus de cassino, a verdade \u00e9 que a PariPesa Brasil tamb\u00e9m faz quest\u00e3o de estar presenteando todos os seus novos jogadores nacionais com um b\u00f4nus de boas-vindas que poder\u00e1 ir at\u00e9 1500 reais. Para tal, usar nosso PariPesa c\u00f3digo promocional ser\u00e1 essencial.<\/p>\r\n\r\n\r\n\r\n<p>De real\u00e7ar ainda que, ap\u00f3s nossa revis\u00e3o PariPesa Cassino tamb\u00e9m foi poss\u00edvel concluir muitas free spins que poder\u00e1 ter direito em algumas slots pr\u00e9-selecionadas. Tudo isso para que se possa divertir a dinheiro real, ao mesmo tempo que ficar\u00e1 conhecendo melhor esses jogos interativos e cada vez mais populares. At\u00e9 porque os pre\u00e7os dessas slots poder\u00e3o ser muito satisfat\u00f3rios, caso a sorte esteja do seu lado.<\/p>\r\n<table class=\"feature-table\" style=\"box-shadow: inset 0 0 10px 3px rgba(230, 220, 250, 0.7), 0 0 10px 3px #dda0dd !important; padding: 15px; width: 100%; border-collapse: collapse; font-family: Arial, sans-serif;\">\r\n<thead>\r\n<tr>\r\n<th style=\"background-color: #f8f0ff; color: #4b0082; font-size: 20px; padding: 10px; text-align: left;\" colspan=\"2\">\ud83c\udf81 Informa\u00e7\u00f5es gerais sobre os b\u00f4nus da Paripesa<\/th>\r\n<\/tr>\r\n<\/thead>\r\n<tbody>\r\n<tr>\r\n<td style=\"padding: 10px; font-weight: bold;\">\ud83c\udf89 B\u00f4nus de Boas-Vindas<\/td>\r\n<td style=\"padding: 10px;\">100% no primeiro dep\u00f3sito at\u00e9 R$500 + rodadas gr\u00e1tis no cassino.<\/td>\r\n<\/tr>\r\n<tr>\r\n<td style=\"padding: 10px; font-weight: bold;\">\ud83d\udcc5 B\u00f4nus Semanais<\/td>\r\n<td style=\"padding: 10px;\">Ofertas exclusivas todas as sextas-feiras e fins de semana para apostas esportivas e jogos de cassino.<\/td>\r\n<\/tr>\r\n<tr>\r\n<td style=\"padding: 10px; font-weight: bold;\">\ud83d\udcc8 Aposta Combinada do Dia<\/td>\r\n<td style=\"padding: 10px;\">Aumente seus ganhos em at\u00e9 10% ao apostar em m\u00faltiplas selecionadas.<\/td>\r\n<\/tr>\r\n<tr>\r\n<td style=\"padding: 10px; font-weight: bold;\">\ud83d\udd04 B\u00f4nus de Reembolso<\/td>\r\n<td style=\"padding: 10px;\">Receba uma porcentagem das suas perdas semanais como saldo de b\u00f4nus.<\/td>\r\n<\/tr>\r\n<tr>\r\n<td style=\"padding: 10px; font-weight: bold;\">\ud83c\udfb0 B\u00f4nus de Cassino<\/td>\r\n<td style=\"padding: 10px;\">Promo\u00e7\u00f5es di\u00e1rias em slots, cashback e torneios com pr\u00eamios garantidos.<\/td>\r\n<\/tr>\r\n<tr>\r\n<td style=\"padding: 10px; font-weight: bold;\">\ud83d\udce7 B\u00f4nus Personalizados<\/td>\r\n<td style=\"padding: 10px;\">Ofertas individuais enviadas por e-mail ou notificadas no app para usu\u00e1rios ativos.<\/td>\r\n<\/tr>\r\n<\/tbody>\r\n<\/table>\r\n<div style=\"margin: 2%; text-align: left;\"><a style=\"display: inline-block; left: 50%; transform: translateX(-50%); position: relative; box-shadow: inset 0 0 10px 3px rgba(24, 14, 33, 0.6), 0 0 10px 3px #f5f5f5; background-color: #1d7830; border-radius: 6px;\" href=\"https:\/\/combodef.com\/L?tag=d_4824640m_45569c_&amp;site=4824640&amp;ad=45569\" rel=\"nofollow\"><span style=\"display: block; padding: 20px 45px; color: #fff; text-align: center;\">Comece agora!<\/span><\/a><\/div>\r\n\r\n\r\n\r\n<h2 id=\"SEMDEP\u00d3SITO\" class=\"wp-block-heading\">B\u00d4NUS SEM DEP\u00d3SITO PariPesa NO CASSINO<\/h2>\r\n\r\n\r\n\r\n<p>Mesmo j\u00e1 tendo existido em um passado recente, a verdade \u00e9 que o PariPesa b\u00f4nus sem dep\u00f3sito, nesse momento, n\u00e3o est\u00e1 dispon\u00edvel para sua casa de apostas online. Ainda assim, \u00e9 poss\u00edvel, caso esteja sempre a par de nossa PariPesa cassino revis\u00e3o o b\u00f4nus sem dep\u00f3sito que poder\u00e1 usufruir em seu cassino online. Essa promo\u00e7\u00e3o acaba por ser bastante usual.<\/p>\r\n\r\n\r\n\r\n<p>Ainda assim, dever\u00e1 sempre ter que concluir de forma corretora todo o processo de registro de conta. Portanto, esses s\u00e3o os passos que ter\u00e1 de cumprir, caso realmente queira aproveitar esse b\u00f4nus sem dep\u00f3sito ao m\u00e1ximo:<\/p>\r\n\r\n\r\n\r\n<ul class=\"wp-block-list\">\r\n<li>Usar nossa revis\u00e3o do b\u00f4nus do PariPesa para acessar sua Home Page<\/li>\r\n\r\n\r\n\r\n<li>Completar seu registro de conta corretamente<\/li>\r\n\r\n\r\n\r\n<li>Preencher o c\u00f3digo b\u00f4nus PariPesa aqui presente, sempre atualizado<\/li>\r\n\r\n\r\n\r\n<li>Escolher o melhor m\u00e9todo de pagamento, mesmo que n\u00e3o precise ainda<\/li>\r\n\r\n\r\n\r\n<li>Confirmar com seu e-mail e solicitar junto do suporte suas rodadas gr\u00e1tis<\/li>\r\n<\/ul>\r\n\r\n\r\n\r\n<p>Com todo esse processo conclu\u00eddo, j\u00e1 poder\u00e1 estar jogando a dinheiro real no PariPesa Brasil. At\u00e9 porque seu suporte ao cliente, sempre dedicado, ir\u00e1 permitir que possa se sentir bem acompanhado do in\u00edcio do fim.<\/p>\r\n\r\n\r\n\r\n<h2 id=\"B\u00d4NUSDEAPOSTASSEMANAIS\" class=\"wp-block-heading\">B\u00d4NUS DE APOSTAS SEMANAIS NO SITE DE APOSTAS PariPesa<\/h2>\r\n\r\n\r\n\r\n<p>Ao contr\u00e1rio do que se poderia prever, a realidade \u00e9 que a casa de apostas PariPesa Brasil est\u00e1 longe de apenas estar premiando seus novos jogadores. Na verdade, como se percebe por sua lista extensa de promo\u00e7\u00f5es, \u00e9 poss\u00edvel ter direito a n\u00e3o s\u00f3 reembolso de apostas semanais, como tamb\u00e9m a pelo menos um dia com b\u00f4nus de dep\u00f3sito. Tal significa que, com uma boa gest\u00e3o de b\u00f4nus de apostas, poder\u00e1 estar sempre apostando com o m\u00e1ximo de qualidade poss\u00edvel.<\/p>\r\n\r\n\r\n\r\n<h2 id=\"PROMO\u00c7\u00d5ES\" class=\"wp-block-heading\">PROMO\u00c7\u00d5ES SEMANAIS NO CASSINO PariPesa<\/h2>\r\n\r\n\r\n\r\n<p>Para al\u00e9m de suas apostas esportivas online, a realidade \u00e9 que no PariPesa Brasil tamb\u00e9m n\u00e3o v\u00e3o faltar chances para ganhar b\u00f4nus semanais em seu cassino premiado. Exemplos de rodadas gr\u00e1tis \u2013 geralmente destinadas a novas slots \u2013 s\u00e3o uma constante nessa nossa avalia\u00e7\u00e3o do b\u00f4nus cassino PariPesa. Por\u00e9m, tamb\u00e9m ter\u00e1 direito a b\u00f4nus de dep\u00f3sito regulares, bem como torneios especiais, que permitem que possa ganhar ainda mais b\u00f4nus!<\/p>\r\n\r\n\r\n\r\n<h2 id=\"VIP\" class=\"wp-block-heading\">PariPesa SHOP E CLUBE VIP<\/h2>\r\n\r\n\r\n\r\n<p>Por falar em torneios, \u00e0 medida que vai jogando nos jogos de alta qualidade do cassino PariPesa, poder\u00e1 estar somando pontos. Tal significa que esses pontos tanto poder\u00e3o ser trocados na loja PariPesa, por pr\u00eamios exclusivos, como tamb\u00e9m eles poder\u00e3o ser usados para entrar no Clube VIP PariPesa. Tudo para que possa ter a melhor experi\u00eancia poss\u00edvel.<\/p>\r\n\r\n\r\n\r\n<h2 id=\"ANIVERS\u00c1RIO\" class=\"wp-block-heading\">B\u00d4NUS DE ANIVERS\u00c1RIO DA PariPesa<\/h2>\r\n\r\n\r\n\r\n<p>Como forma de premiar seus apostadores regulares, a verdade \u00e9 que a PariPesa Brasil tamb\u00e9m no seu dia especial vai acabar por n\u00e3o se esquecer. Por isso mesmo \u00e9 que \u00e9 determinante concluir seu registro de conta PariPesa Brasil de forma correta. Na maioria dos casos, poder\u00e1 esperar por ainda mais rodadas gr\u00e1tis, bem como um b\u00f4nus de dep\u00f3sito. Tudo isso para que seu dia especial, ainda se torne um pouco mais divertido.<\/p>\r\n\r\n\r\n\r\n<h3 id=\"Avalia\u00e7\u00f5es\" class=\"wp-block-heading\">Avalia\u00e7\u00f5es de b\u00f4nus e apostas gr\u00e1tis Paripes de jogadores brasileiros:<\/h3>\r\n\r\n\r\n\r\n<figure class=\"wp-block-table\">\r\n<table class=\"has-fixed-layout\">\r\n<tbody>\r\n<tr>\r\n<td><img decoding=\"async\" src=\"https:\/\/paripesalat.com\/wp-content\/uploads\/2024\/09\/Valeria-Abgail-Cordeiro.webp\" width=\"250px\" height=\"230px\" \/><br \/>Val\u00e9ria Abgail Cordeiro<br \/>19.09.2024 12:34<br \/>N\u00edvel de confian\u00e7a da marca: 96%<br \/>\u2714\ufe0f \u2714\ufe0f\u2714\ufe0f\u2714\ufe0f\u2714\ufe0f<br \/>GEO: S\u00e3o Paulo, Brasil<\/td>\r\n<td>Gosto dos programas de fidelidade da PariPesa. Quanto mais voc\u00ea aposta, mais recompensas voc\u00ea ganha<\/td>\r\n<\/tr>\r\n<\/tbody>\r\n<\/table>\r\n<\/figure>\r\n","protected":false},"excerpt":{"rendered":"<p>\ud83d\udcda \u00cdndice REVIS\u00c3O PariPesa B\u00d4NUS B\u00d4NUS PariPesa DE BOAS-VINDAS NA CASA DE APOSTAS PariPesa B\u00d4NUS PARA APOSTAS ESPORTIVAS ONLINE B\u00d4NUS PariPesa PARA CASSINO ONLINE COM OS MELHORES JOGOS B\u00d4NUS SEM DEP\u00d3SITO PariPesa NO CASSINO B\u00d4NUS DE APOSTAS SEMANAIS NO SITE DE APOSTAS PariPesa PROMO\u00c7\u00d5ES SEMANAIS NO CASSINO PariPesa PariPesa SHOP E CLUBE VIP B\u00d4NUS DE [&hellip;]<\/p>\n","protected":false},"author":1,"featured_media":0,"parent":0,"menu_order":0,"comment_status":"closed","ping_status":"closed","template":"","meta":{"_sitemap_exclude":false,"_sitemap_priority":"","_sitemap_frequency":"","footnotes":""},"class_list":["post-773","page","type-page","status-publish","hentry"],"acf":[],"yoast_head":"<!-- This site is optimized with the Yoast SEO plugin v23.7 - https:\/\/yoast.com\/wordpress\/plugins\/seo\/ -->\n<title>B\u00f4nus Paripesa no Brasil 2026 \u2013 b\u00f4nus de boas-vindas<\/title>\n<meta name=\"description\" content=\"B\u00f4nus Paripesa Brasil 2026 - compre agora! B\u00f4nus de dep\u00f3sito \u26a1 Rodadas gr\u00e1tis \u2b50 Clube VIP - jogue por divers\u00e3o com dinheiro real\" \/>\n<meta name=\"robots\" content=\"index, follow, max-snippet:-1, max-image-preview:large, max-video-preview:-1\" \/>\n<meta property=\"og:locale\" content=\"pt_BR\" \/>\n<meta property=\"og:type\" content=\"article\" \/>\n<meta property=\"og:title\" content=\"B\u00f4nus Paripesa no Brasil 2026 \u2013 b\u00f4nus de boas-vindas\" \/>\n<meta property=\"og:description\" content=\"B\u00f4nus Paripesa Brasil 2026 - compre agora! B\u00f4nus de dep\u00f3sito \u26a1 Rodadas gr\u00e1tis \u2b50 Clube VIP - jogue por divers\u00e3o com dinheiro real\" \/>\n<meta property=\"og:url\" content=\"https:\/\/paripesalat.com\/pt-br\/bonus\/\" \/>\n<meta property=\"og:site_name\" content=\"PariPesa BRASIL: SITE SEGURO DE APOSTAS ESPORTIVAS\" \/>\n<meta property=\"article:modified_time\" content=\"2026-02-24T11:04:34+00:00\" \/>\n<meta property=\"og:image\" content=\"https:\/\/paripesalat.com\/wp-content\/uploads\/2024\/05\/Sitio-web-Paripesa-es.webp\" \/>\n\t<meta property=\"og:image:width\" content=\"700\" \/>\n\t<meta property=\"og:image:height\" content=\"435\" \/>\n\t<meta property=\"og:image:type\" content=\"image\/webp\" \/>\n<meta name=\"twitter:card\" content=\"summary_large_image\" \/>\n<meta name=\"twitter:label1\" content=\"Est. tempo de leitura\" \/>\n\t<meta name=\"twitter:data1\" content=\"6 minutos\" \/>\n<!-- \/ Yoast SEO plugin. -->","yoast_head_json":{"title":"B\u00f4nus Paripesa no Brasil 2026 \u2013 b\u00f4nus de boas-vindas","description":"B\u00f4nus Paripesa Brasil 2026 - compre agora! B\u00f4nus de dep\u00f3sito \u26a1 Rodadas gr\u00e1tis \u2b50 Clube VIP - jogue por divers\u00e3o com dinheiro real","robots":{"index":"index","follow":"follow","max-snippet":"max-snippet:-1","max-image-preview":"max-image-preview:large","max-video-preview":"max-video-preview:-1"},"og_locale":"pt_BR","og_type":"article","og_title":"B\u00f4nus Paripesa no Brasil 2026 \u2013 b\u00f4nus de boas-vindas","og_description":"B\u00f4nus Paripesa Brasil 2026 - compre agora! B\u00f4nus de dep\u00f3sito \u26a1 Rodadas gr\u00e1tis \u2b50 Clube VIP - jogue por divers\u00e3o com dinheiro real","og_url":"https:\/\/paripesalat.com\/pt-br\/bonus\/","og_site_name":"PariPesa BRASIL: SITE SEGURO DE APOSTAS ESPORTIVAS","article_modified_time":"2026-02-24T11:04:34+00:00","og_image":[{"width":700,"height":435,"url":"https:\/\/paripesalat.com\/wp-content\/uploads\/2024\/05\/Sitio-web-Paripesa-es.webp","type":"image\/webp"}],"twitter_card":"summary_large_image","twitter_misc":{"Est. tempo de leitura":"6 minutos"},"schema":{"@context":"https:\/\/schema.org","@graph":[{"@type":"WebPage","@id":"https:\/\/paripesalat.com\/pt-br\/bonus\/","url":"https:\/\/paripesalat.com\/pt-br\/bonus\/","name":"B\u00f4nus Paripesa no Brasil 2026 \u2013 b\u00f4nus de boas-vindas","isPartOf":{"@id":"https:\/\/paripesalat.com\/#website"},"primaryImageOfPage":{"@id":"https:\/\/paripesalat.com\/pt-br\/bonus\/#primaryimage"},"image":{"@id":"https:\/\/paripesalat.com\/pt-br\/bonus\/#primaryimage"},"thumbnailUrl":"https:\/\/paripesalat.com\/wp-content\/uploads\/2025\/05\/PariPesa-bonus-2.jpg","datePublished":"2023-09-02T06:22:23+00:00","dateModified":"2026-02-24T11:04:34+00:00","description":"B\u00f4nus Paripesa Brasil 2026 - compre agora! B\u00f4nus de dep\u00f3sito \u26a1 Rodadas gr\u00e1tis \u2b50 Clube VIP - jogue por divers\u00e3o com dinheiro real","breadcrumb":{"@id":"https:\/\/paripesalat.com\/pt-br\/bonus\/#breadcrumb"},"inLanguage":"pt-BR","potentialAction":[{"@type":"ReadAction","target":["https:\/\/paripesalat.com\/pt-br\/bonus\/"]}]},{"@type":"ImageObject","inLanguage":"pt-BR","@id":"https:\/\/paripesalat.com\/pt-br\/bonus\/#primaryimage","url":"https:\/\/paripesalat.com\/wp-content\/uploads\/2025\/05\/PariPesa-bonus-2.jpg","contentUrl":"https:\/\/paripesalat.com\/wp-content\/uploads\/2025\/05\/PariPesa-bonus-2.jpg"},{"@type":"BreadcrumbList","@id":"https:\/\/paripesalat.com\/pt-br\/bonus\/#breadcrumb","itemListElement":[{"@type":"ListItem","position":1,"name":"Home","item":"https:\/\/paripesalat.com\/pt-br\/"},{"@type":"ListItem","position":2,"name":"PariPesa B\u00d4NUS E OFERTAS SEMANAIS NO BRASIL"}]},{"@type":"WebSite","@id":"https:\/\/paripesalat.com\/#website","url":"https:\/\/paripesalat.com\/","name":"PariPesa BRASIL: SITE SEGURO DE APOSTAS ESPORTIVAS","description":"","potentialAction":[{"@type":"SearchAction","target":{"@type":"EntryPoint","urlTemplate":"https:\/\/paripesalat.com\/?s={search_term_string}"},"query-input":{"@type":"PropertyValueSpecification","valueRequired":true,"valueName":"search_term_string"}}],"inLanguage":"pt-BR"}]}},"_links":{"self":[{"href":"https:\/\/paripesalat.com\/pt-br\/wp-json\/wp\/v2\/pages\/773","targetHints":{"allow":["GET"]}}],"collection":[{"href":"https:\/\/paripesalat.com\/pt-br\/wp-json\/wp\/v2\/pages"}],"about":[{"href":"https:\/\/paripesalat.com\/pt-br\/wp-json\/wp\/v2\/types\/page"}],"author":[{"embeddable":true,"href":"https:\/\/paripesalat.com\/pt-br\/wp-json\/wp\/v2\/users\/1"}],"replies":[{"embeddable":true,"href":"https:\/\/paripesalat.com\/pt-br\/wp-json\/wp\/v2\/comments?post=773"}],"version-history":[{"count":22,"href":"https:\/\/paripesalat.com\/pt-br\/wp-json\/wp\/v2\/pages\/773\/revisions"}],"predecessor-version":[{"id":4999,"href":"https:\/\/paripesalat.com\/pt-br\/wp-json\/wp\/v2\/pages\/773\/revisions\/4999"}],"wp:attachment":[{"href":"https:\/\/paripesalat.com\/pt-br\/wp-json\/wp\/v2\/media?parent=773"}],"curies":[{"name":"wp","href":"https:\/\/api.w.org\/{rel}","templated":true}]}}