{"id":3183,"date":"2025-05-14T08:48:11","date_gmt":"2025-05-14T05:48:11","guid":{"rendered":"https:\/\/paripesalat.com\/previsoes-futebol\/"},"modified":"2026-02-24T14:07:11","modified_gmt":"2026-02-24T11:07:11","slug":"previsoes-do-futebol","status":"publish","type":"page","link":"https:\/\/paripesalat.com\/pt-br\/previsoes-do-futebol\/","title":{"rendered":"PREVIS\u00d5ES DO FUTEBOL"},"content":{"rendered":"<table class=\"feature-table\" style=\"box-shadow: inset 0 0 10px 3px rgb(247 247 247 \/ 60%), 0 0 10px 3px #7e87f1 !important; padding: 15px; width: 100%;\">\n<tbody>\n<tr>\n<td>\n<div class=\"feature-name\" style=\"font-weight: bold; color: #000080;\">\ud83d\udcda \u00edndice<\/div>\n<div class=\"feature-value\">\n<ol>\n<li><a style=\"color: #000080;\" href=\"#AN\u00c1LISES\">COMO FUNCIONA AS AN\u00c1LISES E PREVIS\u00d5ES FUTEBOL<\/a><\/li>\n<li><a style=\"color: #000080;\" href=\"#POPULARES\">OS ESPORTES MAIS POPULARES NO BRASIL<\/a><\/li>\n<li><a style=\"color: #000080;\" href=\"#GUIA\">GUIA PASSO A PASSO PARA PREVIS\u00d5ES DE FUTEBOL<\/a><\/li>\n<li><a style=\"color: #000080;\" href=\"#CONSIDERA\u00c7\u00c3O\">O QUE TER EM CONSIDERA\u00c7\u00c3O SOBRE AN\u00c1LISES E FUTEBOL PREVIS\u00d5ES ANTES DE APOSTAR<\/a><\/li>\n<li><a style=\"color: #000080;\" href=\"#ODDS\">QUAIS OS MELHORES TIMES E ODDS<\/a><\/li>\n<li><a style=\"color: #000080;\" href=\"#ESTAT\u00cdSTICA\">SAIBA MAIS SOBRE ESTAT\u00cdSTICA E PREVIS\u00d5ES DE APOSTAS DESPORTIVAS<\/a><\/li>\n<li><a style=\"color: #000080;\" href=\"#IA\">PREVIS\u00d5ES DO FUTEBOL COM IA<\/a><\/li>\n<\/ol>\n<\/div>\n<\/td>\n<\/tr>\n<\/tbody>\n<\/table>\n<h2 id=\"AN\u00c1LISES\">COMO FUNCIONA AS AN\u00c1LISES E PREVIS\u00d5ES FUTEBOL<\/h2>\n<p>Em 2025 prever resultados de futebol \u00e9 cada vez mais uma quest\u00e3o de estrat\u00e9gia, leitura estat\u00edstica e tecnologia aplicada ao esporte. As previs\u00f5es funcionam com base na an\u00e1lise de dados estat\u00edsticos, desempenho recente dos times, condi\u00e7\u00f5es de jogo e, muitas vezes, modelos matem\u00e1ticos ou algoritmos de intelig\u00eancia artificial.<\/p>\n<p>Esses dados s\u00e3o organizados e analisados para identificar padr\u00f5es e probabilidades. Com isso, \u00e9 poss\u00edvel melhores <strong>previs\u00f5es de jogos de futebol<\/strong> ao estimar o resultado mais prov\u00e1vel de uma partida.<\/p>\n<div style=\"text-align: center;\"><img loading=\"lazy\" decoding=\"async\" class=\"alignnone size-full wp-image-870\" style=\"box-shadow: inset 0 0 10px 3px rgb(52 209 95 \/ 60%), 0 0 10px 3px #7e87f1 !important;\" title=\"previsoes de jogos de futebol\" src=\"https:\/\/paripesalat.com\/wp-content\/uploads\/2025\/10\/previsoes-de-jogos-de-futebol.jpg\" alt=\"previsoes de jogos de futebol\" width=\"900\" height=\"538\" \/><\/div>\n<h3 id=\"POPULARES\">OS ESPORTES MAIS POPULARES NO BRASIL<\/h3>\n<p>\u00c9 sabido que o esporte mais popular em todo o Brasil \u00e9 o futebol. N\u00e3o \u00e9 por acaso que este \u00e9 conhecido como o esporte-Rei. E \u00e9 brasileiro o melhor jogador de todos os tempos: Pel\u00e9, conhecido internacionalmente como o Rei.<\/p>\n<p>Atualmente, as apostas esportivas em futebol t\u00eam aumentado a sua popularidade no Brasil, que podemos afirmar que \u00e9 j\u00e1 um esporte bem popular no pa\u00eds. E, com isso, t\u00eam aumentado tamb\u00e9m futebol previs\u00f5es. O brasileiro ama assistir futebol e ganhar dinheiro. Poder fazer ambos ao mesmo tempo \u00e9 o sonho de muitos homens.<\/p>\n<h3 id=\"GUIA\">GUIA PASSO A PASSO PARA PREVIS\u00d5ES DE FUTEBOL<\/h3>\n<ul>\n<li>Passo 1 &#8211; Escolha o Jogo. Escolha o evento em que vai apostar. Escolha um campeonato ou equipa com que esteja familiarizado, porque assim \u00e9 mais f\u00e1cil identificar e entender os padr\u00f5es.<\/li>\n<li>Passo 2 &#8211; Analise e compare estat\u00edsticas. Analise e compile estat\u00edsticas atualizadas relevantes das equipas e do campeonato onde vai apostar. Veja quantos golos s\u00e3o em m\u00e9dia marcados ou sofridos, analise as percentagens de posse de bola, a efic\u00e1cia de remates, etc.<\/li>\n<li>Passo 3 &#8211; Analise os dados recolhidos. Mais do que olhar para os dados, \u00e9 fundamental interpretar as estat\u00edsticas. O que dizem os n\u00fameros?<\/li>\n<li>Passo 4 &#8211; Compare com as odds dos sites de apostas. Veja as odds nas plataformas online de apostas de esporte. Se a sua previs\u00e3o for muito diferente, ent\u00e3o algo poder\u00e1 estar errado.<\/li>\n<li>Passo 5 \u2013 Fa\u00e7a a sua previs\u00e3o. Agora \u00e9 a hora da verdade. Escolha o tipo de aposta ou o resultado que deseja prever na <a href=\"https:\/\/paripesalat.com\/pt-br\/\">Paripesa sports<\/a>.<\/li>\n<\/ul>\n<h2 id=\"CONSIDERA\u00c7\u00c3O\">O QUE TER EM CONSIDERA\u00c7\u00c3O SOBRE AN\u00c1LISES E FUTEBOL PREVIS\u00d5ES ANTES DE APOSTAR<\/h2>\n<p>Como as previs\u00f5es de futebol n\u00e3o s\u00e3o uma ci\u00eancia exata, \u00e9 necess\u00e1rio ter em considera\u00e7\u00e3o v\u00e1rios fatores para poder ter sucesso. Os especialistas que conseguem ganhar muito dinheiro com as an\u00e1lises prestam assim aten\u00e7\u00e3o a v\u00e1rios detalhes importantes, como a forma recente dos times, o desempenho como mandante ou visitante, les\u00f5es de jogadores importantes e a import\u00e2ncia do jogo.<\/p>\n<p>Al\u00e9m disso, \u00e9 igualmente fundamental acompanhar e recolher estat\u00edsticas sobre os times e as ligas. Para isso, deve utilizar sites de confian\u00e7a, de forma a ter acesso a dados completos e fidedignos. No fundo, o segredo do sucesso para as <strong>previs\u00f5es futebol 2025<\/strong> passam por adotar uma postura s\u00e9ria, sensata e respons\u00e1vel.<\/p>\n<div style=\"text-align: center;\"><img loading=\"lazy\" decoding=\"async\" class=\"alignnone size-full wp-image-870\" style=\"box-shadow: inset 0 0 10px 3px rgb(52 209 95 \/ 60%), 0 0 10px 3px #7e87f1 !important;\" title=\"previsoes futebol 2025\" src=\"https:\/\/paripesalat.com\/wp-content\/uploads\/2025\/10\/previsoes-futebol-2025.jpg\" alt=\"previsoes futebol 2025\" width=\"900\" height=\"363\" \/><\/div>\n<h3 id=\"ODDS\">QUAIS OS MELHORES TIMES E ODDS<\/h3>\n<p>Uma pergunta que todo o mundo faz sobre apostas esportivas online e <strong>previs\u00f5es de futebol<\/strong> \u00e9 \u201cquais os melhores times para apostar?\u201d. E, na realidade, esta \u00e9 uma quest\u00e3o com v\u00e1rias respostas corretas. \u00c9 que tudo depende dos seus objetivos e da sua estrat\u00e9gia.<\/p>\n<p>Um time bom para apostar \u00e9 aquele que lhe permite ganhar dinheiro. Para isso, pode recorrer a uma de duas estrat\u00e9gias. Times que s\u00e3o favoritos t\u00eam odds mais baixos, mas tamb\u00e9m s\u00e3o mais seguros. Isso significa que pode apostar mais dinheiro, com menos risco de perder. Pelo contr\u00e1rio, times que n\u00e3o s\u00e3o favoritos t\u00eam odds mais altos e, para isso, podem fazer apostas menores para ganhar mais dinheiro.<\/p>\n<div style=\"text-align: center;\"><img loading=\"lazy\" decoding=\"async\" class=\"alignnone size-full wp-image-870\" style=\"box-shadow: inset 0 0 10px 3px rgb(52 209 95 \/ 60%), 0 0 10px 3px #7e87f1 !important;\" title=\"previsoes de futebol\" src=\"https:\/\/paripesalat.com\/wp-content\/uploads\/2025\/10\/previsoes-de-futebol.jpg\" alt=\"previsoes de futebol\" width=\"900\" height=\"371\" \/><\/div>\n<h3 id=\"ESTAT\u00cdSTICA\">SAIBA MAIS SOBRE ESTAT\u00cdSTICA E PREVIS\u00d5ES DE APOSTAS DESPORTIVAS<\/h3>\n<p>As estat\u00edsticas s\u00e3o a base de qualquer previs\u00e3o confi\u00e1vel no futebol. Elas re\u00fanem dados objetivos sobre o desempenho dos times e jogadores, como \u00e9 o caso do n\u00famero de gols, posse de bola, finaliza\u00e7\u00f5es, escanteios, entre outros. Com esses dados \u00e9 poss\u00edvel identificar padr\u00f5es de comportamento em campo e calcular probabilidades de determinados resultados.<\/p>\n<p>Por exemplo, se um time costuma marcar muitos gols em casa e enfrenta um advers\u00e1rio fraco fora de casa, as chances de vit\u00f3ria aumentam. Assim, quando as estat\u00edsticas s\u00e3o bem utilizadas, est\u00e1 a aumentar consideravelmente as suas probabilidades de sucesso, melhorando as <strong>an\u00e1lises e previs\u00f5es de futebol <\/strong>.<\/p>\n<div style=\"text-align: center;\"><img loading=\"lazy\" decoding=\"async\" class=\"alignnone size-full wp-image-870\" style=\"box-shadow: inset 0 0 10px 3px rgb(52 209 95 \/ 60%), 0 0 10px 3px #7e87f1 !important;\" title=\"analises e previsoes de futebol\" src=\"https:\/\/paripesalat.com\/wp-content\/uploads\/2025\/10\/analises-e-previsoes-de-futebol.jpg\" alt=\"analises e previsoes de futebol\" width=\"900\" height=\"434\" \/><\/div>\n<h3 id=\"ASSISTA\">ASSISTA TODAS AS NOT\u00cdCIAS SOBRE FUTEBOL<\/h3>\n<p>Ningu\u00e9m consegue ser bom a fazer previs\u00f5es sem estudar e sem se dedicar ao tema. Muitos apostadores s\u00e3o adeptos de futebol, mas \u00e9 preciso amar o esporte. \u00c9 necess\u00e1rio acompanhar os campeonatos e os times, a forma dos jogadores e as t\u00e1ticas dos t\u00e9cnicos para saber analisar os n\u00fameros.<\/p>\n<h2 id=\"IA\">PREVIS\u00d5ES DO FUTEBOL COM IA<\/h2>\n<p>A intelig\u00eancia artificial (IA) tornou-se inevitavelmente num aliado de peso dos apostadores online das <strong>previs\u00f5es do futebol<\/strong> . As previs\u00f5es de futebol IA permitem recorrer \u00e0 tecnologia de topo de gama para, a partir de algoritmos otimizados, analisar grandes volumes de dados com rapidez e precis\u00e3o, identificando padr\u00f5es que passam despercebidos por observa\u00e7\u00f5es humanas.<\/p>\n<p>Al\u00e9m disso, a IA aprende continuamente com os resultados passados, ajustando suas previs\u00f5es de forma din\u00e2mica. Isso permite criar modelos altamente precisos que auxiliam desde apostadores at\u00e9 clubes e analistas profissionais a tomar decis\u00f5es mais informadas e estrat\u00e9gicas.<\/p>\n<div style=\"text-align: center;\"><img loading=\"lazy\" decoding=\"async\" class=\"alignnone size-full wp-image-870\" style=\"box-shadow: inset 0 0 10px 3px rgb(52 209 95 \/ 60%), 0 0 10px 3px #7e87f1 !important;\" title=\"previsoes do futebol\" src=\"https:\/\/paripesalat.com\/wp-content\/uploads\/2025\/10\/previsoes-do-futebol.jpg\" alt=\"previsoes do futebol\" width=\"900\" height=\"446\" \/><\/div>\n","protected":false},"excerpt":{"rendered":"<p>\ud83d\udcda \u00edndice COMO FUNCIONA AS AN\u00c1LISES E PREVIS\u00d5ES FUTEBOL OS ESPORTES MAIS POPULARES NO BRASIL GUIA PASSO A PASSO PARA PREVIS\u00d5ES DE FUTEBOL O QUE TER EM CONSIDERA\u00c7\u00c3O SOBRE AN\u00c1LISES E FUTEBOL PREVIS\u00d5ES ANTES DE APOSTAR QUAIS OS MELHORES TIMES E ODDS SAIBA MAIS SOBRE ESTAT\u00cdSTICA E PREVIS\u00d5ES DE APOSTAS DESPORTIVAS PREVIS\u00d5ES DO FUTEBOL COM [&hellip;]<\/p>\n","protected":false},"author":1,"featured_media":0,"parent":0,"menu_order":0,"comment_status":"closed","ping_status":"closed","template":"","meta":{"_sitemap_exclude":false,"_sitemap_priority":"","_sitemap_frequency":"","footnotes":""},"class_list":["post-3183","page","type-page","status-publish","hentry"],"acf":[],"yoast_head":"<!-- This site is optimized with the Yoast SEO plugin v23.7 - https:\/\/yoast.com\/wordpress\/plugins\/seo\/ -->\n<title>Previs\u00f5es Futebol 2026 \u261b Melhores Palpites \u1409 Brasil<\/title>\n<meta name=\"description\" content=\"Confira as previs\u00f5es futebol 2026 \u21d2 palpites di\u00e1rios, an\u00e1lises de especialistas e estat\u00edsticas atualizadas para apostar e ganhar em R$.\" \/>\n<meta name=\"robots\" content=\"index, follow, max-snippet:-1, max-image-preview:large, max-video-preview:-1\" \/>\n<meta property=\"og:locale\" content=\"pt_BR\" \/>\n<meta property=\"og:type\" content=\"article\" \/>\n<meta property=\"og:title\" content=\"Previs\u00f5es Futebol 2026 \u261b Melhores Palpites \u1409 Brasil\" \/>\n<meta property=\"og:description\" content=\"Confira as previs\u00f5es futebol 2026 \u21d2 palpites di\u00e1rios, an\u00e1lises de especialistas e estat\u00edsticas atualizadas para apostar e ganhar em R$.\" \/>\n<meta property=\"og:url\" content=\"https:\/\/paripesalat.com\/pt-br\/previsoes-do-futebol\/\" \/>\n<meta property=\"og:site_name\" content=\"PariPesa BRASIL: SITE SEGURO DE APOSTAS ESPORTIVAS\" \/>\n<meta property=\"article:modified_time\" content=\"2026-02-24T11:07:11+00:00\" \/>\n<meta property=\"og:image\" content=\"https:\/\/paripesalat.com\/wp-content\/uploads\/2024\/05\/Sitio-web-Paripesa-es.webp\" \/>\n\t<meta property=\"og:image:width\" content=\"700\" \/>\n\t<meta property=\"og:image:height\" content=\"435\" \/>\n\t<meta property=\"og:image:type\" content=\"image\/webp\" \/>\n<meta name=\"twitter:card\" content=\"summary_large_image\" \/>\n<meta name=\"twitter:label1\" content=\"Est. tempo de leitura\" \/>\n\t<meta name=\"twitter:data1\" content=\"5 minutos\" \/>\n<!-- \/ Yoast SEO plugin. -->","yoast_head_json":{"title":"Previs\u00f5es Futebol 2026 \u261b Melhores Palpites \u1409 Brasil","description":"Confira as previs\u00f5es futebol 2026 \u21d2 palpites di\u00e1rios, an\u00e1lises de especialistas e estat\u00edsticas atualizadas para apostar e ganhar em R$.","robots":{"index":"index","follow":"follow","max-snippet":"max-snippet:-1","max-image-preview":"max-image-preview:large","max-video-preview":"max-video-preview:-1"},"og_locale":"pt_BR","og_type":"article","og_title":"Previs\u00f5es Futebol 2026 \u261b Melhores Palpites \u1409 Brasil","og_description":"Confira as previs\u00f5es futebol 2026 \u21d2 palpites di\u00e1rios, an\u00e1lises de especialistas e estat\u00edsticas atualizadas para apostar e ganhar em R$.","og_url":"https:\/\/paripesalat.com\/pt-br\/previsoes-do-futebol\/","og_site_name":"PariPesa BRASIL: SITE SEGURO DE APOSTAS ESPORTIVAS","article_modified_time":"2026-02-24T11:07:11+00:00","og_image":[{"width":700,"height":435,"url":"https:\/\/paripesalat.com\/wp-content\/uploads\/2024\/05\/Sitio-web-Paripesa-es.webp","type":"image\/webp"}],"twitter_card":"summary_large_image","twitter_misc":{"Est. tempo de leitura":"5 minutos"},"schema":{"@context":"https:\/\/schema.org","@graph":[{"@type":"WebPage","@id":"https:\/\/paripesalat.com\/pt-br\/previsoes-do-futebol\/","url":"https:\/\/paripesalat.com\/pt-br\/previsoes-do-futebol\/","name":"Previs\u00f5es Futebol 2026 \u261b Melhores Palpites \u1409 Brasil","isPartOf":{"@id":"https:\/\/paripesalat.com\/#website"},"primaryImageOfPage":{"@id":"https:\/\/paripesalat.com\/pt-br\/previsoes-do-futebol\/#primaryimage"},"image":{"@id":"https:\/\/paripesalat.com\/pt-br\/previsoes-do-futebol\/#primaryimage"},"thumbnailUrl":"https:\/\/paripesalat.com\/wp-content\/uploads\/2025\/10\/previsoes-de-jogos-de-futebol.jpg","datePublished":"2025-05-14T05:48:11+00:00","dateModified":"2026-02-24T11:07:11+00:00","description":"Confira as previs\u00f5es futebol 2026 \u21d2 palpites di\u00e1rios, an\u00e1lises de especialistas e estat\u00edsticas atualizadas para apostar e ganhar em R$.","breadcrumb":{"@id":"https:\/\/paripesalat.com\/pt-br\/previsoes-do-futebol\/#breadcrumb"},"inLanguage":"pt-BR","potentialAction":[{"@type":"ReadAction","target":["https:\/\/paripesalat.com\/pt-br\/previsoes-do-futebol\/"]}]},{"@type":"ImageObject","inLanguage":"pt-BR","@id":"https:\/\/paripesalat.com\/pt-br\/previsoes-do-futebol\/#primaryimage","url":"https:\/\/paripesalat.com\/wp-content\/uploads\/2025\/10\/previsoes-de-jogos-de-futebol.jpg","contentUrl":"https:\/\/paripesalat.com\/wp-content\/uploads\/2025\/10\/previsoes-de-jogos-de-futebol.jpg"},{"@type":"BreadcrumbList","@id":"https:\/\/paripesalat.com\/pt-br\/previsoes-do-futebol\/#breadcrumb","itemListElement":[{"@type":"ListItem","position":1,"name":"Home","item":"https:\/\/paripesalat.com\/pt-br\/"},{"@type":"ListItem","position":2,"name":"PREVIS\u00d5ES DO FUTEBOL"}]},{"@type":"WebSite","@id":"https:\/\/paripesalat.com\/#website","url":"https:\/\/paripesalat.com\/","name":"PariPesa BRASIL: SITE SEGURO DE APOSTAS ESPORTIVAS","description":"","potentialAction":[{"@type":"SearchAction","target":{"@type":"EntryPoint","urlTemplate":"https:\/\/paripesalat.com\/?s={search_term_string}"},"query-input":{"@type":"PropertyValueSpecification","valueRequired":true,"valueName":"search_term_string"}}],"inLanguage":"pt-BR"}]}},"_links":{"self":[{"href":"https:\/\/paripesalat.com\/pt-br\/wp-json\/wp\/v2\/pages\/3183","targetHints":{"allow":["GET"]}}],"collection":[{"href":"https:\/\/paripesalat.com\/pt-br\/wp-json\/wp\/v2\/pages"}],"about":[{"href":"https:\/\/paripesalat.com\/pt-br\/wp-json\/wp\/v2\/types\/page"}],"author":[{"embeddable":true,"href":"https:\/\/paripesalat.com\/pt-br\/wp-json\/wp\/v2\/users\/1"}],"replies":[{"embeddable":true,"href":"https:\/\/paripesalat.com\/pt-br\/wp-json\/wp\/v2\/comments?post=3183"}],"version-history":[{"count":16,"href":"https:\/\/paripesalat.com\/pt-br\/wp-json\/wp\/v2\/pages\/3183\/revisions"}],"predecessor-version":[{"id":5002,"href":"https:\/\/paripesalat.com\/pt-br\/wp-json\/wp\/v2\/pages\/3183\/revisions\/5002"}],"wp:attachment":[{"href":"https:\/\/paripesalat.com\/pt-br\/wp-json\/wp\/v2\/media?parent=3183"}],"curies":[{"name":"wp","href":"https:\/\/api.w.org\/{rel}","templated":true}]}}