{"id":2483,"date":"2025-07-18T10:10:44","date_gmt":"2025-07-18T07:10:44","guid":{"rendered":"https:\/\/paripesalat.com\/apuestas-de-tenis\/"},"modified":"2026-02-24T14:02:36","modified_gmt":"2026-02-24T11:02:36","slug":"apostas-tenis","status":"publish","type":"page","link":"https:\/\/paripesalat.com\/pt-br\/apostas-tenis\/","title":{"rendered":"Apostas tenis"},"content":{"rendered":"<table class=\"feature-table\" style=\"box-shadow: inset 0 0 10px 3px rgb(247 247 247 \/ 60%), 0 0 10px 3px #7e87f1 !important; padding: 15px; width: 100%;\">\n<tbody>\n<tr>\n<td>\n<div class=\"feature-name\" style=\"font-weight: bold; color: #000080;\">\ud83d\udcda \u00cdndice<\/div>\n<div class=\"feature-value\">\n<ol>\n<li><a style=\"color: #000080;\" href=\"#popularidade\">Vis\u00e3o geral do t\u00eanis- popularidade no mundo<\/a><\/li>\n<li><a style=\"color: #000080;\" href=\"#Brasil\">Popularidade do t\u00eanis no Brasil<\/a><\/li>\n<li><a style=\"color: #000080;\" href=\"#Tipos\">Tipos de campeonatos ou competi\u00e7\u00f5es, eventos no Brasil e no Mundo &#8211; O melhor para bet t\u00eanis!<\/a><\/li>\n<li><a style=\"color: #000080;\" href=\"#Come\u00e7ando\">Como apostar em t\u00eanis &#8211; Come\u00e7ando do Zero<\/a><\/li>\n<li><a style=\"color: #000080;\" href=\"#jogos\">Tipos de apostas em jogos de tenis online<\/a><\/li>\n<li><a style=\"color: #000080;\" href=\"#Previs\u00f5es\">Previs\u00f5es para apostas em t\u00eanis hoje &#8211; Entenda como funcionam<\/a><\/li>\n<li><a style=\"color: #000080;\" href=\"#Dicas\">Dicas aposta tenis &#8211; Como apostar da forma certa!<\/a><\/li>\n<\/ol>\n<\/div>\n<\/td>\n<\/tr>\n<\/tbody>\n<\/table>\n<h2 id=\"popularidade\">Vis\u00e3o geral do t\u00eanis- popularidade no mundo<\/h2>\n<p>O t\u00eanis \u00e9 um dos esportes mais tradicionais do mundo inteiro, ele surgiu no s\u00e9culo XIX e desde seu come\u00e7o sempre foi praticado. Por muito tempo os torneios de t\u00eanis se concentraram na Europa, por\u00e9m a cria\u00e7\u00e3o do Grand-Slam trouxe a todas as pessoas do mundo a possibilidade de competir em alto n\u00edvel neste esporte t\u00e3o tradicional.<\/p>\n<div style=\"text-align: center;\"><img loading=\"lazy\" decoding=\"async\" class=\"alignnone size-full wp-image-870\" style=\"box-shadow: inset 0 0 10px 3px rgb(52 209 95 \/ 60%), 0 0 10px 3px #7e87f1 !important;\" title=\"apostas tenis\" src=\"https:\/\/paripesalat.com\/wp-content\/uploads\/2025\/08\/apostas-tenis.jpg\" alt=\"apostas tenis\" width=\"900\" height=\"318\" \/><\/div>\n<p>Hoje em dias os principais torneios do esporte s\u00e3o acompanhados em tempo real por milh\u00f5es de f\u00e3s, at\u00e9 mesmo no Brasil, o pa\u00eds do futebol a busca por <strong>apostas tenis<\/strong> cresceu e aos poucos ele est\u00e1 se tornando uma pot\u00eancia. No mundo inteiro o t\u00eanis \u00e9 popular, pois \u00e9 um esporte vers\u00e1til que pode ser praticado sozinho, em duplas, trios ou at\u00e9 mesmo em quartetos.<\/p>\n<h2 id=\"Brasil\">Popularidade do t\u00eanis no Brasil<\/h2>\n<p>Antes de come\u00e7ar, a saber, mais sobre apostas tenis \u00e9 importante conhecer mais sobre a popularidade do esporte. O t\u00eanis \u00e9 um esporte muito antigo, criado em 1873, mas que se popularizou rapidamente. Ele chegou ao Brasil apenas em 1889 e por muito tempo foi praticado apenas pela elite nacional. Por\u00e9m, tudo mudou quando o nome Guga se popularizou no esporte, conseguindo grandes feitos em Grand-slam, os principais torneios do esporte.<\/p>\n<p>O t\u00eanis sempre foi muito popular no Brasil, mas alguns jogadores hist\u00f3ricos ajudaram a popularidade do esporte subir, abaixo voc\u00ea pode relembrar alguns destes nomes:<\/p>\n<ul>\n<li>Fernando Meligeni- Aposentado<\/li>\n<li>Gustavo Kuerten (Guga)- Aposentado<\/li>\n<li>Thomaz Koch- Aposentado<\/li>\n<li>Jo\u00e3o Fonseca- 65\u00b0 melhor tenista do ATP<\/li>\n<li>Thiago Wild- 117\u00b0 melhor tenista do ATP<\/li>\n<\/ul>\n<p>Hoje em dia o Brasil \u00e9 considerado um pa\u00eds em ascens\u00e3o dentro deste esporte e com isto as buscas por <strong>como apostar em t\u00eanis<\/strong> cresceram, afinal de contas todo brasileiro ama a adrenalina das apostas. Apesar deste n\u00e3o ser o esporte mais praticado entre os brasileiros \u00e9 fato que ele faz parte dos favoritos de muitos que procuram uma nova forma de lazer, principalmente relacionado a apostas.<\/p>\n<div style=\"text-align: center;\"><img loading=\"lazy\" decoding=\"async\" class=\"alignnone size-full wp-image-870\" style=\"box-shadow: inset 0 0 10px 3px rgb(52 209 95 \/ 60%), 0 0 10px 3px #7e87f1 !important;\" title=\"como apostar em tenis\" src=\"https:\/\/paripesalat.com\/wp-content\/uploads\/2025\/08\/como-apostar-em-tenis.jpg\" alt=\"como apostar em tenis\" width=\"900\" height=\"420\" \/><\/div>\n<h2 id=\"Tipos\">Tipos de campeonatos ou competi\u00e7\u00f5es, eventos no Brasil e no Mundo &#8211; Apostar t\u00eanis por internet !<\/h2>\n<p>Ao longo do ano diversos torneios de t\u00eanis acontecem espalhados pelo mundo, o principal s\u00e3o os 4 Grand Slams, competi\u00e7\u00f5es que re\u00fanem os melhores jogadores de t\u00eanis do mundo de acordo com a ATP. Estes 4 grandes torneios s\u00e3o pa\u00edses diferente, sendo o primeiro do ano na Austr\u00e1lia, o segundo em Paris, o terceiro em Londres e o \u00faltimo em Nova Iorque.<\/p>\n<p>Estas 4 grandes competi\u00e7\u00f5es s\u00e3o as principais, mas al\u00e9m delas existem os torneios ATP e Masters que servem para ranquear os tenistas. No Brasil tamb\u00e9m existem torneios a parte, s\u00e3o eles o Rio Open, BH Tennis Open e o Banana Bowl. Todas estas competi\u00e7\u00f5es re\u00fanem milhares de f\u00e3s do esporte e claro, fazem muito sucesso nas <strong>apostar t\u00eanis por internet<\/strong>\u00a0da <a href=\"https:\/\/paripesalat.com\/pt-br\/\">Paripesa Brasil<\/a>.<\/p>\n<table class=\"feature-table\" style=\"box-shadow: inset 0 0 10px 3px rgba(230, 220, 250, 0.7), 0 0 10px 3px #7e87f1 !important; padding: 15px; width: 100%; border-collapse: collapse; font-family: Arial, sans-serif;\">\n<thead>\n<tr>\n<th style=\"background-color: #f8f0ff; color: #7e87f1; font-size: 20px; padding: 10px; text-align: left;\" colspan=\"3\">\ud83c\udfbe Pr\u00f3ximos Torneos de Tenis \u2013 Brasil y el Mundo<\/th>\n<\/tr>\n<tr>\n<th style=\"padding: 10px; background-color: #f0f0ff;\">\ud83d\udcc5 Fecha<\/th>\n<th style=\"padding: 10px; background-color: #f0f0ff;\">\ud83c\udfdf\ufe0f Evento<\/th>\n<th style=\"padding: 10px; background-color: #f0f0ff;\">\ud83d\udcdd Descripci\u00f3n<\/th>\n<\/tr>\n<\/thead>\n<tbody>\n<tr>\n<td style=\"padding: 10px;\">17\u201323 Febrero 2025<\/td>\n<td style=\"padding: 10px;\">Rio Open (ATP 500)<\/td>\n<td style=\"padding: 10px;\">Torneo en R\u00edo de Janeiro sobre tierra batida, con jugadores destacados del circuito ATP.<\/td>\n<\/tr>\n<tr>\n<td style=\"padding: 10px;\">5\u201311 Mayo 2025<\/td>\n<td style=\"padding: 10px;\">Santos Brasil Tennis Cup<\/td>\n<td style=\"padding: 10px;\">Challenger brasile\u00f1o que re\u00fane j\u00f3venes promesas y veteranos del circuito latinoamericano.<\/td>\n<\/tr>\n<tr>\n<td style=\"padding: 10px;\">6\u201314 Septiembre 2025<\/td>\n<td style=\"padding: 10px;\">SP Open WTA 250<\/td>\n<td style=\"padding: 10px;\">Torneo femenino en S\u00e3o Paulo, una oportunidad clave para sumar puntos WTA.<\/td>\n<\/tr>\n<tr>\n<td style=\"padding: 10px;\">27 Julio\u20137 Agosto 2025<\/td>\n<td style=\"padding: 10px;\">Canadian Open<\/td>\n<td style=\"padding: 10px;\">Torneo Masters 1000 en Toronto y Montreal, antesala perfecta del US Open.<\/td>\n<\/tr>\n<tr>\n<td style=\"padding: 10px;\">24 Agosto\u20137 Septiembre 2025<\/td>\n<td style=\"padding: 10px;\">US Open (Grand Slam)<\/td>\n<td style=\"padding: 10px;\">El \u00faltimo Grand Slam del a\u00f1o, celebrado en Nueva York. Participan las mayores estrellas del tenis mundial.<\/td>\n<\/tr>\n<\/tbody>\n<\/table>\n<h2 id=\"Come\u00e7ando\">Como apostar em t\u00eanis &#8211; Come\u00e7ando do Zero<\/h2>\n<p>Como foi dito anteriormente, a busca por uma bet t\u00eanis de boa qualidade est\u00e1 crescendo constantemente. A melhor plataforma do momento para curtir <strong>jogos de tenis online<\/strong> com seguran\u00e7a \u00e9 PariPesa. Caso voc\u00ea queria come\u00e7ar suas apostas hoje \u00e9 bem simples, veja abaixo as etapas para come\u00e7ar a jogar:<\/p>\n<ul>\n<li>Acesse o site da PariPesa e no canto superior a direita da tela clique em &#8220;REGISTRO&#8221; para criar sua conta na plataforma<\/li>\n<li>Na aba seguinte clique no canto direito da tela na aba &#8220;Registro&#8221;, preencha todos os dados solicitados<\/li>\n<li>Agora \u00e9 s\u00f3 clicar nos bal\u00f5ezinhos de confirma\u00e7\u00e3o de idade e termos e condi\u00e7\u00f5es e uso e finalizar seu cadastro clicando em &#8220;Registre-se&#8221;<\/li>\n<\/ul>\n<p>Com sua conta criada agora \u00e9 s\u00f3 fazer seu primeiro dep\u00f3sito, procurar pela aba de apostas em t\u00eanis no canto esquerdo da tela e come\u00e7ar a se divertir com apostas tenis.<\/p>\n<h2 id=\"jogos\">Tipos de aposta de t\u00eanis no Brasil em jogos online<\/h2>\n<p>Agora que voc\u00ea j\u00e1 tem tudo pronto para come\u00e7ar a se divertir com <strong>aposta de t\u00eanis no Brasil<\/strong>, \u00e9 hora de entender melhor sobre o sistema de apostas do site. Tanto no aplicativo quanto na p\u00e1gina web da PariPesa voc\u00ea poder\u00e1 ter acesso a todas as formas de apostas do site. Para come\u00e7ar, abra a aba de t\u00eanis para apostas. Caso prefira, clique no link a seguir para acesso r\u00e1pido: https:\/\/paripesa-br.com\/br\/live\/tennis.<\/p>\n<p>Toda vez que voc\u00ea acessar a aba de apostas online da PariPesa, voc\u00ea pode encontrar novas partidas para jogar. Isto acontece pelo fato de o site sempre disponibilizar os jogos mais recentes, com estat\u00edsticas, previs\u00f5es e muitas informa\u00e7\u00f5es para an\u00e1lise antes de jogar.<\/p>\n<p>Existem 3 formas de apostas principais na PariPesa, s\u00e3o elas:<\/p>\n<ul>\n<li>Total: Voc\u00ea aposta no resultado final de quem dever\u00e1 vencer a partida.<\/li>\n<li>Handicap: Voc\u00ea aposta em resultados espec\u00edficos, como por exemplo, n\u00famero de pontos do jogo, n\u00famero de vezes em que a bola bater\u00e1 na rede, entre outros.<\/li>\n<li>Total 1 ou total 2: \u00c9 bem parecido com o primeiro sistema de apostas, mas individualizado para voc\u00ea apostar em resultados de um \u00fanico jogador.<\/li>\n<\/ul>\n<p>Todos estes modos de apostas s\u00e3o gratuitos e te ajudam a ganhar mais formas de se divertir nos s\u00edtios de aposta.<\/p>\n<p>Cada uma destas formas de apostas exige um conhecimento espec\u00edfico, portanto caso queira entrar de cabe\u00e7a em apostas e se tornar um especialista prepare um bom tempo livre para entender o significado por de tr\u00e1s de tudo que o sistema de apostas pode te trazer.<\/p>\n<p>Agora que j\u00e1 conhece as principais formas de apostas em t\u00eanis voc\u00ea deve estar com d\u00favidas sobre qual modelo de apostas jogar, para facilitar sua vida, veja a tabela abaixo:<\/p>\n<table class=\"feature-table\" style=\"box-shadow: inset 0 0 10px 3px rgba(230, 220, 250, 0.7), 0 0 10px 3px #dda0dd !important; padding: 15px; width: 100%; border-collapse: collapse; font-family: Arial, sans-serif;\">\n<thead>\n<tr>\n<th style=\"background-color: #f8f0ff; color: #4b0082; font-size: 20px; padding: 10px; text-align: left;\" colspan=\"2\">\ud83c\udfaf Tipos de Apostas e Suas Caracter\u00edsticas<\/th>\n<\/tr>\n<\/thead>\n<tbody>\n<tr>\n<td style=\"padding: 10px; font-weight: bold; text-align: left;\">\ud83d\udd39 Total ou Aposta Simples<\/td>\n<td style=\"padding: 10px; text-align: left;\"><strong>\u2705 Vantagem:<\/strong> Jogo direto com sistema intuitivo. \u00c9 o tipo de aposta mais popular.<br \/>\n<strong>\u274c Desvantagem:<\/strong> Oferece pouca flexibilidade estrat\u00e9gica.<br \/>\n<strong>\ud83d\udccc Destaque:<\/strong> R\u00e1pida e f\u00e1cil de usar.<\/td>\n<\/tr>\n<tr>\n<td style=\"padding: 10px; font-weight: bold; text-align: left;\">\u2696\ufe0f Handicap<\/td>\n<td style=\"padding: 10px; text-align: left;\"><strong>\u2705 Vantagem:<\/strong> Oferece diversas formas de apostar, ideal para quem busca variedade.<br \/>\n<strong>\u274c Desvantagem:<\/strong> Requer maior conhecimento do esporte e dos jogadores.<br \/>\n<strong>\ud83d\udccc Destaque:<\/strong> Ampla versatilidade.<\/td>\n<\/tr>\n<tr>\n<td style=\"padding: 10px; font-weight: bold; text-align: left;\">\ud83c\udfbe Total 1 e Total 2<\/td>\n<td style=\"padding: 10px; text-align: left;\"><strong>\u2705 Vantagem:<\/strong> Aposta direcionada a um \u00fanico jogador, facilitando a an\u00e1lise de estat\u00edsticas.<br \/>\n<strong>\u274c Desvantagem:<\/strong> Desconsidera o desempenho do advers\u00e1rio.<br \/>\n<strong>\ud83d\udccc Destaque:<\/strong> Ideal para foco individual.<\/td>\n<\/tr>\n<\/tbody>\n<\/table>\n<p>Com esta tabela sua escolha por qual tipo de aposta curtir pode ficar um pouco mais simples.<\/p>\n<h2 id=\"Previs\u00f5es\">Previs\u00f5es para apostas em t\u00eanis hoje &#8211; Entenda como funcionam<\/h2>\n<p>Ao acessar a aba de <strong>plataforma de aposta de t\u00eanis<\/strong>\u00a0voc\u00ea deve ter notado que j\u00e1 existe no site uma aba an\u00e1lise apontando probabilidades de quem ser\u00e1 o vencedor do confronto. Estes dados s\u00e3o baseados em estat\u00edsticas sobre os jogadores, como por exemplo, n\u00famero de vit\u00f3rias total de cada um deles. Apesar de estas estat\u00edsticas ajudarem voc\u00ea a calcular quem tem mais chances de vencer elas n\u00e3o s\u00e3o 100% precisas.<\/p>\n<p>Na hora de come\u00e7ar a apostar, voc\u00ea deve considerar fatores como estrat\u00e9gias de jogo, desempenho di\u00e1rio dos jogadores, t\u00edtulos, \u00faltimos resultados e muito mais. Apesar de estat\u00edsticas n\u00e3o te trazerem a certeza de quem sair\u00e1 vencedor da quadra, elas v\u00e3o te guiar para uma aposta mais segura. Caso esteja com d\u00favidas da melhor forma de apostar, veja abaixo algumas dicas que podem ser de grande ajuda.<\/p>\n<h2 id=\"Dicas\">Dicas aposta tenis &#8211; Como apostar da forma certa!<\/h2>\n<p>Apesar de n\u00e3o existir a formula secreta para sempre conseguir bons resultados em apostas em tenis, \u00e9 fato que existe uma forma errada de apostar. Para evitar transtornos com suas apostas, veja abaixo algumas dicas essenciais para come\u00e7ar bem na sua aventura com apostas:<\/p>\n<ul>\n<li>Dica 1: Apostas em tenis s\u00e3o apenas lazer. Muita gente confunde apostar tenis com investimentos, elas s\u00e3o apenas uma forma de entretenimento que podem gerar lucros, mas n\u00e3o s\u00e3o investimentos. Sempre que for jogar, jogue apenas buscando lazer.<\/li>\n<li>Dica 2: Estude as partidas antes de apostar. Fazer uma boa an\u00e1lise sobre os jogadores, local da partida, t\u00edtulos, e resultados recentes pode te ajudar a ter mais confian\u00e7a em suas apostas. Lembrando que isto n\u00e3o ir\u00e1 te garantir resultados, mas vai ajudar voc\u00ea a ter mais chances de ganhar.<\/li>\n<li>Dica 3: Aposte com responsabilidade. Antes de apostar defina seu or\u00e7amento para jogo, isto pode te ajudar a diminuir os riscos ao jogar o que aumenta sua divers\u00e3o ao apostar. Com estas <strong>dicas aposta tenis<\/strong> voc\u00ea pode apostar com mais seguran\u00e7a e ir\u00e1 se divertir cada vez mais. A PariPesa pode te oferecer seguran\u00e7a e conforto na hora de se divertir com apostas em competi\u00e7\u00f5es de t\u00eanis!<\/li>\n<\/ul>\n<div style=\"text-align: center;\"><img loading=\"lazy\" decoding=\"async\" class=\"alignnone size-full wp-image-870\" style=\"box-shadow: inset 0 0 10px 3px rgb(52 209 95 \/ 60%), 0 0 10px 3px #7e87f1 !important;\" title=\"dicas aposta tenis\" src=\"https:\/\/paripesalat.com\/wp-content\/uploads\/2025\/08\/dicas-aposta-tenis.jpg\" alt=\"dicas aposta tenis\" width=\"900\" height=\"308\" \/><\/div>\n","protected":false},"excerpt":{"rendered":"<p>\ud83d\udcda \u00cdndice Vis\u00e3o geral do t\u00eanis- popularidade no mundo Popularidade do t\u00eanis no Brasil Tipos de campeonatos ou competi\u00e7\u00f5es, eventos no Brasil e no Mundo &#8211; O melhor para bet t\u00eanis! Como apostar em t\u00eanis &#8211; Come\u00e7ando do Zero Tipos de apostas em jogos de tenis online Previs\u00f5es para apostas em t\u00eanis hoje &#8211; Entenda [&hellip;]<\/p>\n","protected":false},"author":1,"featured_media":0,"parent":0,"menu_order":0,"comment_status":"closed","ping_status":"closed","template":"","meta":{"_sitemap_exclude":false,"_sitemap_priority":"","_sitemap_frequency":"","footnotes":""},"class_list":["post-2483","page","type-page","status-publish","hentry"],"acf":[],"yoast_head":"<!-- This site is optimized with the Yoast SEO plugin v23.7 - https:\/\/yoast.com\/wordpress\/plugins\/seo\/ -->\n<title>Apostas em T\u00eanis \u261b Brasil \u1409 Melhores Cota\u00e7\u00f5es 2026<\/title>\n<meta name=\"description\" content=\"Apostas em t\u00eanis \u21d2 acompanhe os principais torneios, aposte em R$ e receba pr\u00eamios instant\u00e2neos no Brasil com seguran\u00e7a total.\" \/>\n<meta name=\"robots\" content=\"index, follow, max-snippet:-1, max-image-preview:large, max-video-preview:-1\" \/>\n<meta property=\"og:locale\" content=\"pt_BR\" \/>\n<meta property=\"og:type\" content=\"article\" \/>\n<meta property=\"og:title\" content=\"Apostas em T\u00eanis \u261b Brasil \u1409 Melhores Cota\u00e7\u00f5es 2026\" \/>\n<meta property=\"og:description\" content=\"Apostas em t\u00eanis \u21d2 acompanhe os principais torneios, aposte em R$ e receba pr\u00eamios instant\u00e2neos no Brasil com seguran\u00e7a total.\" \/>\n<meta property=\"og:url\" content=\"https:\/\/paripesalat.com\/pt-br\/apostas-tenis\/\" \/>\n<meta property=\"og:site_name\" content=\"PariPesa BRASIL: SITE SEGURO DE APOSTAS ESPORTIVAS\" \/>\n<meta property=\"article:modified_time\" content=\"2026-02-24T11:02:36+00:00\" \/>\n<meta property=\"og:image\" content=\"https:\/\/paripesalat.com\/wp-content\/uploads\/2024\/05\/Sitio-web-Paripesa-es.webp\" \/>\n\t<meta property=\"og:image:width\" content=\"700\" \/>\n\t<meta property=\"og:image:height\" content=\"435\" \/>\n\t<meta property=\"og:image:type\" content=\"image\/webp\" \/>\n<meta name=\"twitter:card\" content=\"summary_large_image\" \/>\n<meta name=\"twitter:label1\" content=\"Est. tempo de leitura\" \/>\n\t<meta name=\"twitter:data1\" content=\"8 minutos\" \/>\n<!-- \/ Yoast SEO plugin. -->","yoast_head_json":{"title":"Apostas em T\u00eanis \u261b Brasil \u1409 Melhores Cota\u00e7\u00f5es 2026","description":"Apostas em t\u00eanis \u21d2 acompanhe os principais torneios, aposte em R$ e receba pr\u00eamios instant\u00e2neos no Brasil com seguran\u00e7a total.","robots":{"index":"index","follow":"follow","max-snippet":"max-snippet:-1","max-image-preview":"max-image-preview:large","max-video-preview":"max-video-preview:-1"},"og_locale":"pt_BR","og_type":"article","og_title":"Apostas em T\u00eanis \u261b Brasil \u1409 Melhores Cota\u00e7\u00f5es 2026","og_description":"Apostas em t\u00eanis \u21d2 acompanhe os principais torneios, aposte em R$ e receba pr\u00eamios instant\u00e2neos no Brasil com seguran\u00e7a total.","og_url":"https:\/\/paripesalat.com\/pt-br\/apostas-tenis\/","og_site_name":"PariPesa BRASIL: SITE SEGURO DE APOSTAS ESPORTIVAS","article_modified_time":"2026-02-24T11:02:36+00:00","og_image":[{"width":700,"height":435,"url":"https:\/\/paripesalat.com\/wp-content\/uploads\/2024\/05\/Sitio-web-Paripesa-es.webp","type":"image\/webp"}],"twitter_card":"summary_large_image","twitter_misc":{"Est. tempo de leitura":"8 minutos"},"schema":{"@context":"https:\/\/schema.org","@graph":[{"@type":"WebPage","@id":"https:\/\/paripesalat.com\/pt-br\/apostas-tenis\/","url":"https:\/\/paripesalat.com\/pt-br\/apostas-tenis\/","name":"Apostas em T\u00eanis \u261b Brasil \u1409 Melhores Cota\u00e7\u00f5es 2026","isPartOf":{"@id":"https:\/\/paripesalat.com\/#website"},"primaryImageOfPage":{"@id":"https:\/\/paripesalat.com\/pt-br\/apostas-tenis\/#primaryimage"},"image":{"@id":"https:\/\/paripesalat.com\/pt-br\/apostas-tenis\/#primaryimage"},"thumbnailUrl":"https:\/\/paripesalat.com\/wp-content\/uploads\/2025\/08\/apostas-tenis.jpg","datePublished":"2025-07-18T07:10:44+00:00","dateModified":"2026-02-24T11:02:36+00:00","description":"Apostas em t\u00eanis \u21d2 acompanhe os principais torneios, aposte em R$ e receba pr\u00eamios instant\u00e2neos no Brasil com seguran\u00e7a total.","breadcrumb":{"@id":"https:\/\/paripesalat.com\/pt-br\/apostas-tenis\/#breadcrumb"},"inLanguage":"pt-BR","potentialAction":[{"@type":"ReadAction","target":["https:\/\/paripesalat.com\/pt-br\/apostas-tenis\/"]}]},{"@type":"ImageObject","inLanguage":"pt-BR","@id":"https:\/\/paripesalat.com\/pt-br\/apostas-tenis\/#primaryimage","url":"https:\/\/paripesalat.com\/wp-content\/uploads\/2025\/08\/apostas-tenis.jpg","contentUrl":"https:\/\/paripesalat.com\/wp-content\/uploads\/2025\/08\/apostas-tenis.jpg"},{"@type":"BreadcrumbList","@id":"https:\/\/paripesalat.com\/pt-br\/apostas-tenis\/#breadcrumb","itemListElement":[{"@type":"ListItem","position":1,"name":"Home","item":"https:\/\/paripesalat.com\/pt-br\/"},{"@type":"ListItem","position":2,"name":"Apostas tenis"}]},{"@type":"WebSite","@id":"https:\/\/paripesalat.com\/#website","url":"https:\/\/paripesalat.com\/","name":"PariPesa BRASIL: SITE SEGURO DE APOSTAS ESPORTIVAS","description":"","potentialAction":[{"@type":"SearchAction","target":{"@type":"EntryPoint","urlTemplate":"https:\/\/paripesalat.com\/?s={search_term_string}"},"query-input":{"@type":"PropertyValueSpecification","valueRequired":true,"valueName":"search_term_string"}}],"inLanguage":"pt-BR"}]}},"_links":{"self":[{"href":"https:\/\/paripesalat.com\/pt-br\/wp-json\/wp\/v2\/pages\/2483","targetHints":{"allow":["GET"]}}],"collection":[{"href":"https:\/\/paripesalat.com\/pt-br\/wp-json\/wp\/v2\/pages"}],"about":[{"href":"https:\/\/paripesalat.com\/pt-br\/wp-json\/wp\/v2\/types\/page"}],"author":[{"embeddable":true,"href":"https:\/\/paripesalat.com\/pt-br\/wp-json\/wp\/v2\/users\/1"}],"replies":[{"embeddable":true,"href":"https:\/\/paripesalat.com\/pt-br\/wp-json\/wp\/v2\/comments?post=2483"}],"version-history":[{"count":25,"href":"https:\/\/paripesalat.com\/pt-br\/wp-json\/wp\/v2\/pages\/2483\/revisions"}],"predecessor-version":[{"id":4996,"href":"https:\/\/paripesalat.com\/pt-br\/wp-json\/wp\/v2\/pages\/2483\/revisions\/4996"}],"wp:attachment":[{"href":"https:\/\/paripesalat.com\/pt-br\/wp-json\/wp\/v2\/media?parent=2483"}],"curies":[{"name":"wp","href":"https:\/\/api.w.org\/{rel}","templated":true}]}}