{"id":782,"date":"2023-09-02T10:21:15","date_gmt":"2023-09-02T07:21:15","guid":{"rendered":"https:\/\/paripesalat.com\/casino\/"},"modified":"2026-02-24T14:57:54","modified_gmt":"2026-02-24T11:57:54","slug":"casino","status":"publish","type":"page","link":"https:\/\/paripesalat.com\/fr\/casino\/","title":{"rendered":"PariPesa CASINO EN AFRIQUE"},"content":{"rendered":"\r\n<figure class=\"wp-block-gallery alignwide has-nested-images columns-default is-cropped wp-block-gallery-1 is-layout-flex wp-block-gallery-is-layout-flex\"><br \/><\/figure>\r\n<!-- \/wp:post-content -->\r\n<table class=\"feature-table\" style=\"box-shadow: inset 0 0 10px 3px rgb(247 247 247 \/ 60%), 0 0 10px 3px #7e87f1 !important; padding: 15px; width: 100%;\">\r\n<tbody>\r\n<tr>\r\n<td>\r\n<div class=\"feature-name\" style=\"font-weight: bold; color: #000080;\">\ud83d\udcda Table des mati\u00e8res<\/div>\r\n<div class=\"feature-value\">\r\n<ol>\r\n<li><a style=\"color: #000080;\" href=\"#REVUE\">LA REVUE DU PariPesa CASINO<\/a><\/li>\r\n<li><a style=\"color: #000080;\" href=\"#TYPESDEMACHINES\">QUELS TYPES DE MACHINES \u00c0 SOUS SONT DISPONIBLES SUR PariPesa ?<\/a><\/li>\r\n<li><a style=\"color: #000080;\" href=\"#FOURNISSEURS\">QUELS FOURNISSEURS DE LOGICIELS PariPesa UTILISE-T-IL ?<\/a><\/li>\r\n<li><a style=\"color: #000080;\" href=\"#JEUXDETABLE\">QUELS TYPES DE JEUX DE TABLE SONT DISPONIBLES CHEZ PariPesa ?<\/a><\/li>\r\n<li><a style=\"color: #000080;\" href=\"#DEJEUXAVECCROUPIERS\">QUELS TYPES DE JEUX AVEC CROUPIERS EN DIRECT SONT DISPONIBLES SUR PariPesa ?<\/a><\/li>\r\n<li><a style=\"color: #000080;\" href=\"#SECTION\">QUE TROUVER DE PLUS SUR LA SECTION PariPesa GAMES ?<\/a><\/li>\r\n<li><a style=\"color: #000080;\" href=\"#PROPOS\u00c9S\">DES JEUX RAPIDES SONT PROPOS\u00c9S SUR PariPesa<\/a><\/li>\r\n<li><a style=\"color: #000080;\" href=\"#Commentaires\">Commentaires de vrais joueurs sur le casino PariPesa Africa<\/a><\/li>\r\n<\/ol>\r\n<\/div>\r\n<\/td>\r\n<\/tr>\r\n<\/tbody>\r\n<\/table>\r\n<h2 id=\"REVUE\" class=\"w-text us_custom_37a0f493 has_text_color\"><span class=\"w-text-h\"><span class=\"w-text-value\">LA REVUE DU PariPesa CASINO<\/span><\/span><\/h2>\r\n<p>Rien ne vaut un grand casino en ligne, car il vous offre de nombreuses fa\u00e7ons de gagner de l\u2019argent tout en vous amusant. Cependant, le d\u00e9fi que beaucoup de gens ont est qu\u2019il existe plusieurs plateformes de ce type pour les Fran\u00e7ais. Avoir plus d\u2019options est formidable, mais le probl\u00e8me est de trouver cette plate-forme qui vous offre tout ce que vous souhaitez.<\/p>\r\n<p>La meilleure fa\u00e7on de trouver le meilleur casino online est de r\u00e9duire la liste en faisant une \u00e9chelle de pr\u00e9f\u00e9rence. Pour la plupart des parieurs, une plate-forme qui semble convenir est le PariPesa Casino. Cette plate-forme a tout ce que vous pouvez imaginer, des bonus g\u00e9n\u00e9reux, de nombreux jeux et un RTP \u00e9lev\u00e9. Continuez \u00e0 lire pour en savoir plus sur le casino PariPesa.<\/p>\r\n<div style=\"text-align: center;\"><img loading=\"lazy\" decoding=\"async\" class=\"alignnone size-full wp-image-870\" style=\"box-shadow: inset 0 0 10px 3px rgb(52 209 95 \/ 60%), 0 0 10px 3px #7e87f1 !important;\" title=\"paripesa cote divoire\" src=\"https:\/\/paripesalat.com\/wp-content\/uploads\/2025\/05\/paripesa-cote-divoire.jpg\" alt=\"paripesa cote d'ivoire\" width=\"700\" height=\"355\" \/><\/div>\r\n<div style=\"margin: 2%; text-align: left;\"><a style=\"display: inline-block; left: 50%; transform: translateX(-50%); position: relative; box-shadow: inset 0 0 10px 3px rgba(24, 14, 33, 0.6), 0 0 10px 3px #f5f5f5; background-color: #1d7830; border-radius: 6px;\" href=\"https:\/\/combodef.com\/L?tag=d_4824704m_147506c_&amp;site=4824704&amp;ad=147506\" rel=\"nofollow\"><span style=\"display: block; padding: 20px 45px; color: #fff; text-align: center;\">Joue maintenant!<\/span><\/a><\/div>\r\n<h2 id=\"TYPESDEMACHINES\" class=\"w-text us_custom_37a0f493 has_text_color\"><span class=\"w-text-h\"><span class=\"w-text-value\">QUELS TYPES DE MACHINES \u00c0 SOUS SONT DISPONIBLES SUR PariPesa ?<\/span><\/span><\/h2>\r\n<p>Les machines \u00e0 sous en ligne sont sans doute les jeux les plus jou\u00e9s dans la plupart des casinos. Et parce que PariPesa casino est une plateforme orient\u00e9e client, il offre \u00e0 ses utilisateurs une vaste s\u00e9lection de jeux de machines \u00e0 sous. Il y a litt\u00e9ralement des milliers de machines \u00e0 sous sur cette plateforme avec des th\u00e8mes diff\u00e9rents. Donc, si vous vous inscrivez sur cette plateforme pour jouer aux machines \u00e0 sous, vous ne vous ennuierez jamais. Vous pouvez trouver toutes sortes de machines \u00e0 sous ici, y compris celles \u00e0 quatre rouleaux ou plus, multi-lignes de paiement, machines \u00e0 sous vid\u00e9o, etc.<\/p>\r\n<h2 id=\"FOURNISSEURS\" class=\"w-text us_custom_37a0f493 has_text_color\"><span class=\"w-text-h\"><span class=\"w-text-value\">QUELS FOURNISSEURS DE LOGICIELS PariPesa UTILISE-T-IL ?<\/span><\/span><\/h2>\r\n<p>PariPesa \u0441asino propose un grand nombre de machines \u00e0 sous et de nombreux fournisseurs de logiciels fournissent les jeux. Le fait de devoir s\u2019approvisionner en jeux aupr\u00e8s de plusieurs d\u00e9veloppeurs de logiciels peut sembler inqui\u00e9tant. Cependant, PariPesa s\u2019assure que tout d\u00e9veloppeur de logiciel aupr\u00e8s duquel il s\u2019approvisionne pour son jeu est contr\u00f4l\u00e9 de mani\u00e8re ad\u00e9quate.<\/p>\r\n<p>De plus, PariPesa n\u2019acquiert pas ses jeux aupr\u00e8s de n\u2019importe quel fournisseur de logiciels. Des d\u00e9veloppeurs de logiciels renomm\u00e9s proposent des jeux sur cette plateforme, comme Pragmatic Play, Winfinity, Absolute Live Gaming, etc. Ces d\u00e9veloppeurs de logiciels sont dignes de confiance car ils sont constamment audit\u00e9s et fournissent des informations sur leurs jeux.<\/p>\r\n<h2 id=\"JEUXDETABLE\" class=\"w-text us_custom_37a0f493 has_text_color\"><span class=\"w-text-h\"><span class=\"w-text-value\">QUELS TYPES DE JEUX DE TABLE SONT DISPONIBLES CHEZ PariPesa ?<\/span><\/span><\/h2>\r\n<p>Si vous \u00eates int\u00e9ress\u00e9 par les jeux de table, PariPesa casino login propose une riche liste d\u2019options parmi lesquelles choisir. Les jeux de table sont un excellent moyen de gagner de l\u2019argent dans un casino en ligne, \u00e9tant donn\u00e9 que la plupart des jeux de table n\u00e9cessitent une strat\u00e9gie de jeu. Les types de jeux de table disponibles sur cette plateforme incluent le Blackjack, la Roulette, le Poker, Baccarat, etc.<\/p>\r\n<div style=\"text-align: center;\"><img loading=\"lazy\" decoding=\"async\" class=\"alignnone size-full wp-image-870\" style=\"box-shadow: inset 0 0 10px 3px rgb(52 209 95 \/ 60%), 0 0 10px 3px #7e87f1 !important;\" title=\"paripesa sn\" src=\"https:\/\/paripesalat.com\/wp-content\/uploads\/2025\/05\/paripesa-sn.jpg\" alt=\"paripesa sn\" width=\"700\" height=\"446\" \/><\/div>\r\n<p>Ce qui est encore plus fascinant \u00e0 propos des jeux de table disponibles sur <a href=\"https:\/\/paripesalat.com\/fr\/\">PariPesa ci<\/a>, c\u2019est que vous pouvez choisir parmi diff\u00e9rentes variantes avec diff\u00e9rentes r\u00e8gles de jeu. Et ces variantes sont fournies par divers d\u00e9veloppeurs de logiciels, ce qui signifie que vous pouvez s\u00e9lectionner le meilleur jeu de table avec une variation appropri\u00e9e entre sa volatilit\u00e9 et son RTP. De cette fa\u00e7on, vous pouvez trouver le jeu de table parfait pour gagner le plus d\u2019argent au casino.<\/p>\r\n<div style=\"margin: 2%; text-align: left;\"><a style=\"display: inline-block; left: 50%; transform: translateX(-50%); position: relative; box-shadow: inset 0 0 10px 3px rgba(24, 14, 33, 0.6), 0 0 10px 3px #f5f5f5; background-color: #1d7830; border-radius: 6px;\" href=\"https:\/\/combodef.com\/L?tag=d_4824704m_147506c_&amp;site=4824704&amp;ad=147506\" rel=\"nofollow\"><span style=\"display: block; padding: 20px 45px; color: #fff; text-align: center;\">Joue maintenant!<\/span><\/a><\/div>\r\n<h2 id=\"DEJEUXAVECCROUPIERS\" class=\"w-text us_custom_37a0f493 has_text_color\"><span class=\"w-text-h\"><span class=\"w-text-value\">QUELS TYPES DE JEUX AVEC CROUPIERS EN DIRECT SONT DISPONIBLES SUR PariPesa ?<\/span><\/span><\/h2>\r\n<p>Les jeux avec croupier en direct sont un autre jeu de casino populaire car ils offrent la possibilit\u00e9 de se sentir comme si vous \u00e9tiez dans un casino physique, alors que vous jouez depuis le confort de votre maison. Jouer \u00e0 des jeux avec croupier en direct est excellent car vous jouez avec de vrais joueurs.<\/p>\r\n<p>Avec un jeu avec croupier en direct, vous pouvez compter sur vos comp\u00e9tences plut\u00f4t que sur le RTP et les nombres al\u00e9atoires g\u00e9n\u00e9r\u00e9s par le jeu pour \u00eatre en votre faveur. Cependant, jouer \u00e0 des jeux avec croupier en direct peut \u00eatre quelque peu difficile, \u00e9tant donn\u00e9 que vous jouez avec d\u2019autres joueurs qui pourraient avoir de meilleures comp\u00e9tences de jeu que vous. La roulette en direct et le blackjack sont les jeux de croupier en direct les plus importants de cette plateforme.<\/p>\r\n<table class=\"feature-table\" style=\"box-shadow: inset 0 0 10px 3px rgba(230, 220, 250, 0.7), 0 0 10px 3px #dda0dd !important; padding: 15px; width: 100%; border-collapse: collapse; font-family: Arial, sans-serif;\">\r\n<thead>\r\n<tr>\r\n<th style=\"background-color: #f8f0ff; color: #4b0082; font-size: 20px; padding: 10px; text-align: left;\" colspan=\"2\">\ud83d\udef3\ufe0f Jeux avec croupier en direct disponibles sur PariPesa<\/th>\r\n<\/tr>\r\n<\/thead>\r\n<tbody>\r\n<tr>\r\n<td style=\"padding: 10px; font-weight: bold;\">\ud83c\udfb2 Roulette en direct<\/td>\r\n<td style=\"padding: 10px;\">Versions europ\u00e9ennes, fran\u00e7aises et immersives avec de v\u00e9ritables croupiers en streaming HD.<\/td>\r\n<\/tr>\r\n<tr>\r\n<td style=\"padding: 10px; font-weight: bold;\">\ud83c\udccf Blackjack en direct<\/td>\r\n<td style=\"padding: 10px;\">Tables classiques et VIP, avec chat en direct et mises interactives en temps r\u00e9el.<\/td>\r\n<\/tr>\r\n<tr>\r\n<td style=\"padding: 10px; font-weight: bold;\">\ud83e\udde7 Baccarat en direct<\/td>\r\n<td style=\"padding: 10px;\">Jeu de cartes populaire asiatique, facile \u00e0 apprendre, avec divers modes de pari.<\/td>\r\n<\/tr>\r\n<tr>\r\n<td style=\"padding: 10px; font-weight: bold;\">\ud83d\udca1 Jeux t\u00e9l\u00e9vis\u00e9s en direct<\/td>\r\n<td style=\"padding: 10px;\">Mega Wheel, Crazy Time, Monopoly Live \u2013 des jeux interactifs avec gains instantan\u00e9s.<\/td>\r\n<\/tr>\r\n<tr>\r\n<td style=\"padding: 10px; font-weight: bold;\">\ud83c\udfae Poker en direct<\/td>\r\n<td style=\"padding: 10px;\">Texas Hold&#8217;em, Casino Hold&#8217;em, et Caribbean Stud avec animateurs professionnels.<\/td>\r\n<\/tr>\r\n<\/tbody>\r\n<\/table>\r\n<h2 id=\"SECTION\" class=\"w-text us_custom_37a0f493 has_text_color\"><span class=\"w-text-h\"><span class=\"w-text-value\">QUE TROUVER DE PLUS SUR LA SECTION PariPesa GAMES ?<\/span><\/span><\/h2>\r\n<p>En dehors des machines \u00e0 sous et jeux de table, il y a tellement plus de jeux que vous pouvez trouver sur PariPesa. Ces jeux sont si nombreux que vous ne pouvez pas les \u00e9puiser tous. Une fois que vous avez termin\u00e9 un, vous serez toujours d\u00e9sireux de passer \u00e0 la prochaine. Ces jeux peuvent \u00eatre trouv\u00e9s dans la section Jeux de casino .<\/p>\r\n<p>Certains des jeux que vous trouverez il y a; Scratch Card, Crash Slots, Apple of Fortune, Diamond Slots, Deluxe Cards, Dice, Keno, Jackpot Games, Russian Roulette, Game of Thrones, The Walking Dead, Pandora Slots, etc. La liste est longue. Il y a aussi des jeux gratuits comme The Plumber et The Lucky Wheel. Tout ce que vous avez \u00e0 faire est de vous assurer que vous \u00eates inscrit sur l\u2019application mobile PariPesa et profiter de tous ces jeux.<\/p>\r\n<h2 id=\"PROPOS\u00c9S\" class=\"w-text us_custom_37a0f493 has_text_color\"><span class=\"w-text-h\"><span class=\"w-text-value\">DES JEUX RAPIDES SONT PROPOS\u00c9S SUR PariPesa<\/span><\/span><\/h2>\r\n<p>Si vous avez eu votre juste part de machines \u00e0 sous et d\u2019autres jeux de casino et que vous souhaitez essayer quelque chose de nouveau, PariPesa a une section sur sa plateforme d\u00e9di\u00e9e aux jeux rapides. Ces jeux sont destin\u00e9s aux parieurs \u00e0 la recherche d\u2019une aventure palpitante, pleine d\u2019action et au rythme effr\u00e9n\u00e9. Bien qu\u2019il n\u2019y ait pas autant de jeux rapides que de machines \u00e0 sous et d\u2019autres jeux de casino, les quelques-uns disponibles sont intrigants. Certains des jeux rapides propos\u00e9s sur PariPesa incluent la liste de Smartsoft JetX, Spribe Aviator, Zeppline, etc.<\/p>\r\n<div style=\"margin: 2%; text-align: left;\"><a style=\"display: inline-block; left: 50%; transform: translateX(-50%); position: relative; box-shadow: inset 0 0 10px 3px rgba(24, 14, 33, 0.6), 0 0 10px 3px #f5f5f5; background-color: #1d7830; border-radius: 6px;\" href=\"https:\/\/combodef.com\/L?tag=d_4824704m_147506c_&amp;site=4824704&amp;ad=147506\" rel=\"nofollow\"><span style=\"display: block; padding: 20px 45px; color: #fff; text-align: center;\">Joue maintenant!<\/span><\/a><\/div>\r\n<h3 id=\"Commentaires\">Commentaires de vrais joueurs sur le casino PariPesa Africa<\/h3>\r\n<table width=\"100%\">\r\n<tbody>\r\n<tr>\r\n<td style=\"padding: 10px 10px 10px 10px;\">\r\n<div><img decoding=\"async\" style=\"box-shadow: inset 0 0 10px 3px rgb(48 66 189 \/ 60%), 0 0 10px 3px #cc13c6 !important;\" src=\"https:\/\/paripesalat.com\/wp-content\/uploads\/2024\/09\/Mrs.-Fikile-Zungu.webp\" width=\"250px\" height=\"230px\" \/><br \/>Mrs. Fikile Zungu<br \/>08.09.2024 10:52<br \/>Cote de confiance: 98%<br \/>\u2714\ufe0f \u2714\ufe0f\u2714\ufe0f\u2714\ufe0f\u2714\ufe0f<br \/>GEO: Douala, Cameroun<\/div>\r\n<\/td>\r\n<td style=\"padding: 10px;\">Le support client PariPesa est toujours pr\u00eat \u00e0 vous aider. J&rsquo;ai rencontr\u00e9 un petit probl\u00e8me lors du retrait de fonds et l&rsquo;op\u00e9rateur l&rsquo;a rapidement r\u00e9solu. Cela donne confiance dans la fiabilit\u00e9 du casino<\/td>\r\n<\/tr>\r\n<tr>\r\n<td style=\"padding: 10px 10px 10px 10px;\">\r\n<div><img decoding=\"async\" style=\"box-shadow: inset 0 0 10px 3px rgb(48 66 189 \/ 60%), 0 0 10px 3px #cc13c6 !important;\" src=\"https:\/\/paripesalat.com\/wp-content\/uploads\/2024\/09\/Emmanuel-Botha.webp\" width=\"250px\" height=\"230px\" \/><br \/>Emmanuel Botha<br \/>16.09.2024 17:23<br \/>Cote de confiance: 92%<br \/>\u2714\ufe0f \u2714\ufe0f\u2714\ufe0f\u2714\ufe0f\u2714\ufe0f<br \/>GEO: Bouak\u00e9, C\u00f4te D&rsquo;Voire<\/div>\r\n<\/td>\r\n<td style=\"padding: 10px;\">De nouvelles machines \u00e0 sous apparaissent r\u00e9guli\u00e8rement, vous ne vous ennuierez donc pas. PariPesa est toujours au courant des derni\u00e8res tendances et propose \u00e0 ses joueurs uniquement les nouveaut\u00e9s les plus int\u00e9ressantes<\/td>\r\n<\/tr>\r\n<tr>\r\n<td style=\"padding: 10px 10px 10px 10px;\">\r\n<div><img loading=\"lazy\" decoding=\"async\" style=\"box-shadow: inset 0 0 10px 3px rgb(48 66 189 \/ 60%), 0 0 10px 3px #cc13c6 !important;\" src=\"https:\/\/paripesalat.com\/wp-content\/uploads\/2025\/08\/Marie-Kouadio.jpg\" alt=\"Marie Kouadio\" width=\"255\" height=\"255\" \/><br \/>Marie Kouadio<br \/>04.08.2025 19:40<br \/>Cote de confiance: 91%<br \/>\u2714\ufe0f \u2714\ufe0f\u2714\ufe0f\u2714\ufe0f\u2714\ufe0f<br \/>GEO: Yamoussoukro, C\u00f4te D&rsquo;Voire<\/div>\r\n<\/td>\r\n<td style=\"padding: 10px;\">J\u2019\u00e9tais un peu sceptique au d\u00e9but, mais ce casino en ligne argent r\u00e9el m\u2019a vraiment surprise. J&rsquo;ai m\u00eame gagn\u00e9 d\u00e8s ma premi\u00e8re semaine, et les d\u00e9p\u00f4ts et retraits sont simples et rapides. Savoir que l&rsquo;on peut jouer en toute s\u00e9curit\u00e9 depuis la C\u00f4te d&rsquo;Ivoire est r\u00e9confortant.<\/td>\r\n<\/tr>\r\n<\/tbody>\r\n<\/table>","protected":false},"excerpt":{"rendered":"<p>\ud83d\udcda Table des mati\u00e8res LA REVUE DU PariPesa CASINO QUELS TYPES DE MACHINES \u00c0 SOUS SONT DISPONIBLES SUR PariPesa ? QUELS FOURNISSEURS DE LOGICIELS PariPesa UTILISE-T-IL ? QUELS TYPES DE JEUX DE TABLE SONT DISPONIBLES CHEZ PariPesa ? QUELS TYPES DE JEUX AVEC CROUPIERS EN DIRECT SONT DISPONIBLES SUR PariPesa ? QUE TROUVER DE PLUS [&hellip;]<\/p>\n","protected":false},"author":1,"featured_media":0,"parent":0,"menu_order":0,"comment_status":"closed","ping_status":"closed","template":"","meta":{"_sitemap_exclude":false,"_sitemap_priority":"","_sitemap_frequency":"","footnotes":""},"class_list":["post-782","page","type-page","status-publish","hentry"],"acf":[],"yoast_head":"<!-- This site is optimized with the Yoast SEO plugin v23.7 - https:\/\/yoast.com\/wordpress\/plugins\/seo\/ -->\n<title>Casino PariPesa C\u00f4te d&#039;Ivoire : machines \u00e0 sous S\u00e9n\u00e9gal et BF<\/title>\n<meta name=\"description\" content=\"PariPesa Casino en Afrique \ud83d\udc8e Machine \u00e0 sous Aviator \ud83d\udc1f Jeux de cartes \ud83d\udc51 Tours gratuits - jouez avec de l&#039;argent r\u00e9el\" \/>\n<meta name=\"robots\" content=\"index, follow, max-snippet:-1, max-image-preview:large, max-video-preview:-1\" \/>\n<meta property=\"og:locale\" content=\"fr_FR\" \/>\n<meta property=\"og:type\" content=\"article\" \/>\n<meta property=\"og:title\" content=\"Casino PariPesa C\u00f4te d&#039;Ivoire : machines \u00e0 sous S\u00e9n\u00e9gal et BF\" \/>\n<meta property=\"og:description\" content=\"PariPesa Casino en Afrique \ud83d\udc8e Machine \u00e0 sous Aviator \ud83d\udc1f Jeux de cartes \ud83d\udc51 Tours gratuits - jouez avec de l&#039;argent r\u00e9el\" \/>\n<meta property=\"og:url\" content=\"https:\/\/paripesalat.com\/fr\/casino\/\" \/>\n<meta property=\"og:site_name\" content=\"PariPesa FRANCE: SITE DE PARIS S\u00c9CURIS\u00c9 SUR L\u2019ARGENT\" \/>\n<meta property=\"article:modified_time\" content=\"2026-02-24T11:57:54+00:00\" \/>\n<meta property=\"og:image\" content=\"https:\/\/paripesalat.com\/wp-content\/uploads\/2024\/05\/Sitio-web-Paripesa-es.webp\" \/>\n\t<meta property=\"og:image:width\" content=\"700\" \/>\n\t<meta property=\"og:image:height\" content=\"435\" \/>\n\t<meta property=\"og:image:type\" content=\"image\/webp\" \/>\n<meta name=\"twitter:card\" content=\"summary_large_image\" \/>\n<meta name=\"twitter:label1\" content=\"Dur\u00e9e de lecture estim\u00e9e\" \/>\n\t<meta name=\"twitter:data1\" content=\"7 minutes\" \/>\n<!-- \/ Yoast SEO plugin. -->","yoast_head_json":{"title":"Casino PariPesa C\u00f4te d'Ivoire : machines \u00e0 sous S\u00e9n\u00e9gal et BF","description":"PariPesa Casino en Afrique \ud83d\udc8e Machine \u00e0 sous Aviator \ud83d\udc1f Jeux de cartes \ud83d\udc51 Tours gratuits - jouez avec de l'argent r\u00e9el","robots":{"index":"index","follow":"follow","max-snippet":"max-snippet:-1","max-image-preview":"max-image-preview:large","max-video-preview":"max-video-preview:-1"},"og_locale":"fr_FR","og_type":"article","og_title":"Casino PariPesa C\u00f4te d'Ivoire : machines \u00e0 sous S\u00e9n\u00e9gal et BF","og_description":"PariPesa Casino en Afrique \ud83d\udc8e Machine \u00e0 sous Aviator \ud83d\udc1f Jeux de cartes \ud83d\udc51 Tours gratuits - jouez avec de l'argent r\u00e9el","og_url":"https:\/\/paripesalat.com\/fr\/casino\/","og_site_name":"PariPesa FRANCE: SITE DE PARIS S\u00c9CURIS\u00c9 SUR L\u2019ARGENT","article_modified_time":"2026-02-24T11:57:54+00:00","og_image":[{"width":700,"height":435,"url":"https:\/\/paripesalat.com\/wp-content\/uploads\/2024\/05\/Sitio-web-Paripesa-es.webp","type":"image\/webp"}],"twitter_card":"summary_large_image","twitter_misc":{"Dur\u00e9e de lecture estim\u00e9e":"7 minutes"},"schema":{"@context":"https:\/\/schema.org","@graph":[{"@type":"WebPage","@id":"https:\/\/paripesalat.com\/fr\/casino\/","url":"https:\/\/paripesalat.com\/fr\/casino\/","name":"Casino PariPesa C\u00f4te d'Ivoire : machines \u00e0 sous S\u00e9n\u00e9gal et BF","isPartOf":{"@id":"https:\/\/paripesalat.com\/#website"},"primaryImageOfPage":{"@id":"https:\/\/paripesalat.com\/fr\/casino\/#primaryimage"},"image":{"@id":"https:\/\/paripesalat.com\/fr\/casino\/#primaryimage"},"thumbnailUrl":"https:\/\/paripesalat.com\/wp-content\/uploads\/2025\/05\/paripesa-cote-divoire.jpg","datePublished":"2023-09-02T07:21:15+00:00","dateModified":"2026-02-24T11:57:54+00:00","description":"PariPesa Casino en Afrique \ud83d\udc8e Machine \u00e0 sous Aviator \ud83d\udc1f Jeux de cartes \ud83d\udc51 Tours gratuits - jouez avec de l'argent r\u00e9el","breadcrumb":{"@id":"https:\/\/paripesalat.com\/fr\/casino\/#breadcrumb"},"inLanguage":"fr-FR","potentialAction":[{"@type":"ReadAction","target":["https:\/\/paripesalat.com\/fr\/casino\/"]}]},{"@type":"ImageObject","inLanguage":"fr-FR","@id":"https:\/\/paripesalat.com\/fr\/casino\/#primaryimage","url":"https:\/\/paripesalat.com\/wp-content\/uploads\/2025\/05\/paripesa-cote-divoire.jpg","contentUrl":"https:\/\/paripesalat.com\/wp-content\/uploads\/2025\/05\/paripesa-cote-divoire.jpg"},{"@type":"BreadcrumbList","@id":"https:\/\/paripesalat.com\/fr\/casino\/#breadcrumb","itemListElement":[{"@type":"ListItem","position":1,"name":"Home","item":"https:\/\/paripesalat.com\/fr\/"},{"@type":"ListItem","position":2,"name":"PariPesa CASINO EN AFRIQUE"}]},{"@type":"WebSite","@id":"https:\/\/paripesalat.com\/#website","url":"https:\/\/paripesalat.com\/","name":"PariPesa FRANCE: SITE DE PARIS S\u00c9CURIS\u00c9 SUR L\u2019ARGENT","description":"","potentialAction":[{"@type":"SearchAction","target":{"@type":"EntryPoint","urlTemplate":"https:\/\/paripesalat.com\/?s={search_term_string}"},"query-input":{"@type":"PropertyValueSpecification","valueRequired":true,"valueName":"search_term_string"}}],"inLanguage":"fr-FR"}]}},"_links":{"self":[{"href":"https:\/\/paripesalat.com\/fr\/wp-json\/wp\/v2\/pages\/782","targetHints":{"allow":["GET"]}}],"collection":[{"href":"https:\/\/paripesalat.com\/fr\/wp-json\/wp\/v2\/pages"}],"about":[{"href":"https:\/\/paripesalat.com\/fr\/wp-json\/wp\/v2\/types\/page"}],"author":[{"embeddable":true,"href":"https:\/\/paripesalat.com\/fr\/wp-json\/wp\/v2\/users\/1"}],"replies":[{"embeddable":true,"href":"https:\/\/paripesalat.com\/fr\/wp-json\/wp\/v2\/comments?post=782"}],"version-history":[{"count":26,"href":"https:\/\/paripesalat.com\/fr\/wp-json\/wp\/v2\/pages\/782\/revisions"}],"predecessor-version":[{"id":5025,"href":"https:\/\/paripesalat.com\/fr\/wp-json\/wp\/v2\/pages\/782\/revisions\/5025"}],"wp:attachment":[{"href":"https:\/\/paripesalat.com\/fr\/wp-json\/wp\/v2\/media?parent=782"}],"curies":[{"name":"wp","href":"https:\/\/api.w.org\/{rel}","templated":true}]}}