{"id":772,"date":"2023-09-02T09:22:23","date_gmt":"2023-09-02T06:22:23","guid":{"rendered":"https:\/\/paripesalat.com\/bonos\/"},"modified":"2026-03-10T13:50:36","modified_gmt":"2026-03-10T10:50:36","slug":"bonos","status":"publish","type":"page","link":"https:\/\/paripesalat.com\/fr\/bonos\/","title":{"rendered":"PariPesa BONUS POUR LES PARIS SPORTIFS ET LE CASINO"},"content":{"rendered":"<table class=\"feature-table\" style=\"box-shadow: inset 0 0 10px 3px rgb(247 247 247 \/ 60%), 0 0 10px 3px #7e87f1 !important; padding: 15px; width: 100%;\">\r\n<tbody>\r\n<tr>\r\n<td>\r\n<div class=\"feature-name\" style=\"font-weight: bold; color: #000080;\">\ud83d\udcda Table des mati\u00e8res<\/div>\r\n<div class=\"feature-value\">\r\n<ol>\r\n<li><a style=\"color: #000080;\" href=\"#BONUS\">REVUE DES PariPesa BONUS ET PROMOTIONS<\/a><\/li>\r\n<li><a style=\"color: #000080;\" href=\"#BIENVENUE\">BONUS DE BIENVENUE<\/a><\/li>\r\n<li><a style=\"color: #000080;\" href=\"#SPORTIFS\">LES BONUS DE BIENVENUE : BONUS PariPesa POUR LES PARIS SPORTIFS<\/a><\/li>\r\n<li><a style=\"color: #000080;\" href=\"#CASINO\">LES BONUS DE BIENVENUE DE PariPesa POUR LE CASINO<\/a><\/li>\r\n<li><a style=\"color: #000080;\" href=\"#SANSD\u00c9P\u00d4T\">LES BONUS SANS D\u00c9P\u00d4T DE PariPesa<\/a><\/li>\r\n<li><a style=\"color: #000080;\" href=\"#OFFRES\">OFFRES HEBDOMADAIRES POUR LES PARIS<\/a><\/li>\r\n<li><a style=\"color: #000080;\" href=\"#PROMOTIONS\">PROMOTIONS HEBDOMADAIRES POUR CASINO<\/a><\/li>\r\n<li><a style=\"color: #000080;\" href=\"#BOUTIQUE\">BOUTIQUE PariPesa<\/a><\/li>\r\n<li><a style=\"color: #000080;\" href=\"#D\u2019ANNIVERSAIRE\">BONUS D\u2019ANNIVERSAIRE<\/a><\/li>\r\n<li><a style=\"color: #000080;\" href=\"#Avis\">Avis sur les bonus PariPesa APP des joueurs d\u2019Afrique<\/a><\/li>\r\n<\/ol>\r\n<\/div>\r\n<\/td>\r\n<\/tr>\r\n<\/tbody>\r\n<\/table>\r\n<p>&nbsp;<\/p>\r\n\r\n<h2 id=\"BONUS\" class=\"wp-block-heading\">REVUE DES PariPesa BONUS ET PROMOTIONS<\/h2>\r\n<table class=\"feature-table\" style=\"box-shadow: inset 0 0 10px 3px rgba(230, 220, 250, 0.7), 0 0 10px 3px #dda0dd !important; padding: 15px; width: 100%; border-collapse: collapse; font-family: Arial, sans-serif;\">\r\n<thead>\r\n<tr>\r\n<th style=\"background-color: #f8f0ff; color: #4b0082; font-size: 20px; padding: 10px; text-align: left;\" colspan=\"2\">\ud83c\udf81 Informations g\u00e9n\u00e9rales sur les bonus Paripesa<\/th>\r\n<\/tr>\r\n<\/thead>\r\n<tbody>\r\n<tr>\r\n<td style=\"padding: 10px; font-weight: bold;\">\ud83c\udf89 Bonus de bienvenue<\/td>\r\n<td style=\"padding: 10px;\">100\u202f% sur le premier d\u00e9p\u00f4t jusqu\u2019\u00e0 100\u202f\u20ac + tours gratuits au casino.<\/td>\r\n<\/tr>\r\n<tr>\r\n<td style=\"padding: 10px; font-weight: bold;\">\ud83d\udcc5 Bonus hebdomadaires<\/td>\r\n<td style=\"padding: 10px;\">Offres exclusives chaque vendredi et week-end pour les paris sportifs et les jeux de casino.<\/td>\r\n<\/tr>\r\n<tr>\r\n<td style=\"padding: 10px; font-weight: bold;\">\ud83d\udcc8 Bonus combin\u00e9 du jour<\/td>\r\n<td style=\"padding: 10px;\">Augmentez vos gains jusqu\u2019\u00e0 10\u202f% en misant sur des paris combin\u00e9s s\u00e9lectionn\u00e9s.<\/td>\r\n<\/tr>\r\n<tr>\r\n<td style=\"padding: 10px; font-weight: bold;\">\ud83d\udd04 Bonus de remboursement<\/td>\r\n<td style=\"padding: 10px;\">Recevez un pourcentage de vos pertes hebdomadaires sous forme de solde bonus.<\/td>\r\n<\/tr>\r\n<tr>\r\n<td style=\"padding: 10px; font-weight: bold;\">\ud83c\udfb0 Bonus casino<\/td>\r\n<td style=\"padding: 10px;\">Promotions quotidiennes sur les machines \u00e0 sous, cashback et tournois avec prix garantis.<\/td>\r\n<\/tr>\r\n<tr>\r\n<td style=\"padding: 10px; font-weight: bold;\">\ud83d\udce7 Bonus personnalis\u00e9s<\/td>\r\n<td style=\"padding: 10px;\">Offres individuelles envoy\u00e9es par e-mail ou via l\u2019application pour les utilisateurs actifs.<\/td>\r\n<\/tr>\r\n<\/tbody>\r\n<\/table>\r\n\r\n\r\n\r\n<p>Dans le monde des paris en ligne, <a href=\"https:\/\/paripesalat.com\/fr\/\">PariPesa cote d&rsquo;ivoire<\/a>\u00a0s\u2019est fait un nom depuis son entr\u00e9e en sc\u00e8ne, avec son bonus de bienvenue \u00e9lev\u00e9 con\u00e7u pour attirer de nouveaux utilisateurs et ses offres occasionnelles pour continuer \u00e0 jouer. Nous avons fait des recherches m\u00e9ticuleuses, vous n\u2019avez donc pas \u00e0 le faire. Certains des bonus et promotions que nous avons pu trouver sur PariPesa incluent:<\/p>\r\n\r\n\r\n\r\n<ul class=\"wp-block-list\">\r\n<li>Bonus de bienvenue<\/li>\r\n\r\n\r\n\r\n<li>100 % de bonus de recharge des paris sportifs le vendredi<\/li>\r\n\r\n\r\n\r\n<li>Tours gratuits ou Free Spins du jeu du jour<br \/>0,3% de remise hebdomadaire sur les pertes de paris sportifs<\/li>\r\n\r\n\r\n\r\n<li>Concours de loterie hebdomadaires<\/li>\r\n\r\n\r\n\r\n<li>Bonus d\u2019anniversaire<\/li>\r\n\r\n\r\n\r\n<li>Boutique de points de fid\u00e9lit\u00e9<\/li>\r\n\r\n\r\n\r\n<li>Nous passerons en revue certains de ces bonus et promotions pour savoir comment vous pouvez en profiter.<\/li>\r\n<\/ul>\r\n<div style=\"text-align: center;\"><img loading=\"lazy\" decoding=\"async\" class=\"alignnone size-full wp-image-870\" style=\"box-shadow: inset 0 0 10px 3px rgb(52 209 95 \/ 60%), 0 0 10px 3px #7e87f1 !important;\" title=\"PariPesa bonus\" src=\"https:\/\/paripesalat.com\/wp-content\/uploads\/2025\/05\/Paripesa-bonus.jpg\" alt=\"Paripesa bonus\" width=\"700\" height=\"309\" \/><\/div>\r\n\r\n\r\n\r\n<div style=\"margin: 2%; text-align: left;\"><a style=\"display: inline-block; left: 50%; transform: translateX(-50%); position: relative; box-shadow: inset 0 0 10px 3px rgba(24, 14, 33, 0.6), 0 0 10px 3px #f5f5f5; background-color: #1d7830; border-radius: 6px;\" href=\"https:\/\/combodef.com\/L?tag=d_4824704m_147506c_&amp;site=4824704&amp;ad=147506\" rel=\"nofollow\"><span style=\"display: block; padding: 20px 45px; color: #fff; text-align: center;\">Commencez maintenant!<\/span><\/a><\/div>\r\n<h2 id=\"BIENVENUE\" class=\"wp-block-heading\">BONUS DE BIENVENUE<\/h2>\r\n\r\n\r\n\r\n<p>Si vous d\u00e9butez dans les paris ou si vous commencez tout juste votre voyage avec PariPesa, cette offre d\u2019inscription de PariPesa est faite pour vous. Ce bookmaker offre aux nouveaux joueurs un bonus de bienvenue de 100% sur le premier d\u00e9p\u00f4t. Ce bonus peut \u00eatre utilis\u00e9 pour parier sur n\u2019importe quel march\u00e9 sportif sur PariPesa. Il y a cependant des termes et conditions \u00e0 ce bonus, notamment;<\/p>\r\n\r\n\r\n\r\n<p>Pour qualifier:<\/p>\r\n\r\n\r\n\r\n<ul class=\"wp-block-list\">\r\n<li>Pour le bonus de bienvenue, les joueurs doivent s\u2019inscrire sur PariPesa avec des informations v\u00e9ridiques.<\/li>\r\n\r\n\r\n\r\n<li>Avant que le premier d\u00e9p\u00f4t ne soit effectu\u00e9, le compte doit \u00eatre v\u00e9rifi\u00e9.<\/li>\r\n\r\n\r\n\r\n<li>Les joueurs doivent d\u00e9poser le montant minimum acceptable avec les options de paiement fournies. Notez que les bonus de bienvenue ne sont pas accord\u00e9s pour le d\u00e9p\u00f4t de crypto-monnaies.<\/li>\r\n\r\n\r\n\r\n<li>Votre compte sera automatiquement cr\u00e9dit\u00e9 du bonus correspondant une fois ces conditions remplies et le d\u00e9p\u00f4t effectu\u00e9.<\/li>\r\n\r\n\r\n\r\n<li>Le bonus de bienvenue de 100 % diff\u00e8re en montant pour les paris sportifs et les casinos.<\/li>\r\n<\/ul>\r\n\r\n\r\n\r\n<h2 id=\"SPORTIFS\" class=\"wp-block-heading\">LES BONUS DE BIENVENUE : BONUS PariPesa POUR LES PARIS SPORTIFS<\/h2>\r\n\r\n\r\n\r\n<p>Si vous aimez l\u2019action et le frisson, PariPesa offre un bonus de 100 % sur les paris sportifs pour correspondre \u00e0 votre premier d\u00e9p\u00f4t et ce jusqu\u2019\u00e0 200 $CA. Tout ce que vous avez \u00e0 faire est de cr\u00e9er un compte et de d\u00e9poser au moins 1 $ CA. Vous pouvez donc doubler votre d\u00e9p\u00f4t avant de placer votre premier pari. Ce bonus de d\u00e9p\u00f4t PariPesa n\u2019est accessible que pour votre premier paiement, nous vous conseillons donc de le maximiser. Il peut \u00eatre utilis\u00e9 pour n\u2019importe quel jeu de paris sportifs.<\/p>\r\n\r\n\r\n\r\n<h2 id=\"CASINO\" class=\"wp-block-heading\">LES BONUS DE BIENVENUE DE PariPesa POUR LE CASINO<\/h2>\r\n\r\n\r\n\r\n<p>Si vous cherchez, cependant, \u00e0 maximiser vos gains avec PariPesa, nous vous recommandons d\u2019utiliser le bonus de bienvenue sur le site de casino. Ce bonus de casino correspond \u00e0 100 % de votre premier d\u00e9p\u00f4t jusqu\u2019\u00e0 300 $CA. Le bonus est automatiquement cr\u00e9dit\u00e9 sur votre compte apr\u00e8s le premier d\u00e9p\u00f4t. Nous vous conseillons \u00e9galement d\u2019utiliser cette offre pour parier sur n\u2019importe quel jeu casino avec votre bonus en plus de votre argent r\u00e9el sur PariPesa.<\/p>\r\n<div style=\"text-align: center;\"><img loading=\"lazy\" decoding=\"async\" class=\"alignnone size-full wp-image-870\" style=\"box-shadow: inset 0 0 10px 3px rgb(52 209 95 \/ 60%), 0 0 10px 3px #7e87f1 !important;\" title=\"PariPesa casino bonus\" src=\"https:\/\/paripesalat.com\/wp-content\/uploads\/2025\/05\/Paripesa-casino-bonus-1.jpg\" alt=\"Paripesa casino bonus\" width=\"700\" height=\"391\" \/><\/div>\r\n<p>&nbsp;<\/p>\r\n\r\n\r\n\r\n<div style=\"margin: 2%; text-align: left;\"><a style=\"display: inline-block; left: 50%; transform: translateX(-50%); position: relative; box-shadow: inset 0 0 10px 3px rgba(24, 14, 33, 0.6), 0 0 10px 3px #f5f5f5; background-color: #1d7830; border-radius: 6px;\" href=\"https:\/\/combodef.com\/L?tag=d_4824704m_147506c_&amp;site=4824704&amp;ad=147506\" rel=\"nofollow\"><span style=\"display: block; padding: 20px 45px; color: #fff; text-align: center;\">Commencez maintenant!<\/span><\/a><\/div>\r\n<h2 id=\"SANSD\u00c9P\u00d4T\" class=\"wp-block-heading\">LES BONUS SANS D\u00c9P\u00d4T DE PariPesa<\/h2>\r\n\r\n\r\n\r\n<p>Les codes de promo PariPesa sont offerts aux joueurs qui veulent jouer sans faire le premier d\u00e9p\u00f4t. Les codes bonus sans d\u00e9p\u00f4t sont rares mais sont utilis\u00e9s pour vous aider \u00e0 recevoir un bonus qui ne vous oblige pas \u00e0 verser de l\u2019argent sur votre compte. Vous pouvez consulter le site officiel pour trouver le code bonus PariPesa.<\/p>\r\n\r\n\r\n\r\n<h2 id=\"OFFRES\" class=\"wp-block-heading\">OFFRES HEBDOMADAIRES POUR LES PARIS<\/h2>\r\n\r\n\r\n\r\n<p>PariPesa est connu pour ses bonus pour ses clients fid\u00e8les. Plusieurs bonus hebdomadaires et promotions de PariPesa sont propos\u00e9s pour s\u2019assurer que ses parieurs peuvent gagner un maximum de gains, tels que des tirages hebdomadaires, des bonus de remise et le rechargement du vendredi.<\/p>\r\n\r\n\r\n\r\n<ul class=\"wp-block-list\">\r\n<li>Bonus de remboursement : Pour les clients fid\u00e8les de PariPesa, il offre un bonus de remboursement. Il s\u2019agit d\u2019un bonus de fid\u00e9lit\u00e9 hebdomadaire qui offre aux joueurs un rabais de mise hebdomadaire. Les clients recevront un remboursement en esp\u00e8ces de 0,3 % de leurs paris sportifs hebdomadaires. Plus le parieur place de mises, et plus la somme qu\u2019il gagne est \u00e9lev\u00e9e.<\/li>\r\n\r\n\r\n\r\n<li>Rechargement du vendredi : le rechargement est un bonus hebdomadaire de paris sportifs que chaque client re\u00e7oit pour avoir effectu\u00e9 un d\u00e9p\u00f4t sur son compte le vendredi. Le bonus de recharge garantit un bonus de 100 % jusqu\u2019\u00e0 150 $ CA mais certaines conditions s\u2019appliquent.<\/li>\r\n\r\n\r\n\r\n<li>Tirage hebdomadaire: PariPesa r\u00e9compense ses membres avec plusieurs lots \u00e0 gagner.<\/li>\r\n<\/ul>\r\n\r\n\r\n\r\n<p>Les joueurs existants peuvent profiter de plusieurs bonus, tels que l\u2019Accumulator Bet Boost et le Bonus pour une s\u00e9rie de paris perdants. Si vous ne gagnez pas souvent, ne vous inqui\u00e9tez pas, le bonus pour une s\u00e9rie de paris perdants est destin\u00e9 \u00e0 aider et motiver les clients qui ont fait face \u00e0 une s\u00e9quence de paris perdants.<\/p>\r\n\r\n\r\n\r\n<p>Lorsque vous placez un pari avec 7 s\u00e9lections et plus, et qu\u2019une seule s\u00e9lection perd, PariPesa paiera un bonus de pari cumulatif, tant qu\u2019il ne s\u2019agit que d\u2019une seule s\u00e9lection. Ce bonus est ouvert \u00e0 tous les clients. Cependant, pour que le parieur se qualifie pour le bonus, il doit y avoir un minimum de 7 s\u00e9lections, et chaque s\u00e9lection doit avoir une cote de 1,80 ou plus avec une mise minimale.<\/p>\r\n\r\n\r\n\r\n<h2 id=\"PROMOTIONS\" class=\"wp-block-heading\">PROMOTIONS HEBDOMADAIRES POUR CASINO<\/h2>\r\n\r\n\r\n\r\n<p>Les joueurs de casino profitent de nombreuses promotions hebdomadaires en jouant aux machines \u00e0 sous et autres jeux de casino. L\u2019une d\u2019elles est la promotion Tours Gratuits Quotidiens. Pour profiterde tours gratuits, les membres doivent accumuler des gains \u00e9gaux \u00e0 300 $ CA en jouant au jeu du jour. Les bonus casino PariPesa peuvent \u00eatre utilis\u00e9s sur n\u2019importe quel jeu de casino.<\/p>\r\n\r\n\r\n\r\n<h2 id=\"BOUTIQUE\" class=\"wp-block-heading\">BOUTIQUE PariPesa<\/h2>\r\n\r\n\r\n\r\n<p>Profitez de points sp\u00e9ciaux que vous pouvez utiliser pour effectuer des achats dans la boutique PariPesa. Les points accumul\u00e9s sur PariPesa peuvent \u00eatre \u00e9chang\u00e9s dans le magasin contre des paris gratuits, des tours gratuits et d\u2019autres r\u00e9compenses incroyables.<\/p>\r\n\r\n\r\n\r\n<h2 id=\"D\u2019ANNIVERSAIRE\" class=\"wp-block-heading\">BONUS D\u2019ANNIVERSAIRE<\/h2>\r\n\r\n\r\n\r\n<p>Pour montrer que PariPesa se souvient de ses utilisateurs, ils donnent automatiquement \u00e0 leurs clients des points bonus lors de leurs anniversaires respectifs. Un client actif de PariPesa re\u00e7oit 500 points bonus pour f\u00eater son anniversaire, notifi\u00e9s par email ou via une notification sur son compte.<\/p>\r\n<div style=\"margin: 2%; text-align: left;\"><a style=\"display: inline-block; left: 50%; transform: translateX(-50%); position: relative; box-shadow: inset 0 0 10px 3px rgba(24, 14, 33, 0.6), 0 0 10px 3px #f5f5f5; background-color: #1d7830; border-radius: 6px;\" href=\"https:\/\/combodef.com\/L?tag=d_4824704m_147506c_&amp;site=4824704&amp;ad=147506\" rel=\"nofollow\"><span style=\"display: block; padding: 20px 45px; color: #fff; text-align: center;\">Commencez maintenant!<\/span><\/a><\/div>\r\n<p>&nbsp;<\/p>\r\n\r\n\r\n\r\n<h3 id=\"Avis\" class=\"wp-block-heading\">Avis sur les bonus PariPesa APP des joueurs d\u2019Afrique\u00a0:<\/h3>\r\n\r\n\r\n\r\n<figure class=\"wp-block-table\">\r\n<table class=\"has-fixed-layout\">\r\n<tbody>\r\n<tr>\r\n<td><img decoding=\"async\" src=\"https:\/\/paripesalat.com\/wp-content\/uploads\/2024\/09\/Nhlanhla-Simpson.webp\" width=\"250px\" height=\"230px\" \/><br \/>Tshepo Nxumalo<br \/>14.09.2024 12:34<br \/>Cote de confiance: 93%<br \/>\u2714\ufe0f \u2714\ufe0f\u2714\ufe0f\u2714\ufe0f\u2714\ufe0f<br \/>GEO: Maroua, Cameroun<\/td>\r\n<td>Les conditions pour recevoir des bonus chez PariPesa sont assez simples, ce qui est un gros plus. J\u2019ai pu jouer mon premier bonus sans aucun probl\u00e8me et m\u00eame retirer mes gains. Je recommande!<\/td>\r\n<\/tr>\r\n<tr>\r\n<td><img loading=\"lazy\" decoding=\"async\" class=\"alignnone size-full wp-image-3293\" src=\"https:\/\/paripesalat.com\/wp-content\/uploads\/2025\/08\/Fatoumata-Diagne.jpg\" alt=\"Fatoumata Diagne\" width=\"255\" height=\"255\" srcset=\"https:\/\/paripesalat.com\/wp-content\/uploads\/2025\/08\/Fatoumata-Diagne.jpg 255w, https:\/\/paripesalat.com\/wp-content\/uploads\/2025\/08\/Fatoumata-Diagne-150x150.jpg 150w\" sizes=\"auto, (max-width: 255px) 100vw, 255px\" \/><br \/>Fatoumata Diagne<br \/>03.08.2025 21:15<br \/>Cote de confiance: 95%<br \/>\u2714\ufe0f \u2714\ufe0f\u2714\ufe0f\u2714\ufe0f\u2714\ufe0f<br \/>GEO: Saint-Louis, S\u00e9n\u00e9gal<\/td>\r\n<td>Ce que j\u2019appr\u00e9cie le plus, c\u2019est le Paripesa bonus de cashback. M\u00eame en cas de perte, je r\u00e9cup\u00e8re une partie de mes mises chaque semaine. Cela m&rsquo;inspire et me redonne confiance pour jouer. Je reste fid\u00e8le \u00e0 cette plateforme, car peu de sites web offrent ce genre d&rsquo;avantage.<\/td>\r\n<\/tr>\r\n<\/tbody>\r\n<\/table>\r\n<\/figure>\r\n","protected":false},"excerpt":{"rendered":"<p>\ud83d\udcda Table des mati\u00e8res REVUE DES PariPesa BONUS ET PROMOTIONS BONUS DE BIENVENUE LES BONUS DE BIENVENUE : BONUS PariPesa POUR LES PARIS SPORTIFS LES BONUS DE BIENVENUE DE PariPesa POUR LE CASINO LES BONUS SANS D\u00c9P\u00d4T DE PariPesa OFFRES HEBDOMADAIRES POUR LES PARIS PROMOTIONS HEBDOMADAIRES POUR CASINO BOUTIQUE PariPesa BONUS D\u2019ANNIVERSAIRE Avis sur les [&hellip;]<\/p>\n","protected":false},"author":1,"featured_media":0,"parent":0,"menu_order":0,"comment_status":"closed","ping_status":"closed","template":"","meta":{"_sitemap_exclude":false,"_sitemap_priority":"","_sitemap_frequency":"","footnotes":""},"class_list":["post-772","page","type-page","status-publish","hentry"],"acf":[],"yoast_head":"<!-- This site is optimized with the Yoast SEO plugin v23.7 - https:\/\/yoast.com\/wordpress\/plugins\/seo\/ -->\n<title>Bonus PariPesa C\u00f4te d&#039;Ivoire : tours gratuits SN BF 2026<\/title>\n<meta name=\"description\" content=\"Bonus du bookmaker PariPesa \ud83d\udc51 Bonus de bienvenue \ud83d\udd25 Bonus de d\u00e9p\u00f4t \ud83c\udf40 Obtenez un bonus de casino 2026 Afrique\" \/>\n<meta name=\"robots\" content=\"index, follow, max-snippet:-1, max-image-preview:large, max-video-preview:-1\" \/>\n<meta property=\"og:locale\" content=\"fr_FR\" \/>\n<meta property=\"og:type\" content=\"article\" \/>\n<meta property=\"og:title\" content=\"Bonus PariPesa C\u00f4te d&#039;Ivoire : tours gratuits SN BF 2026\" \/>\n<meta property=\"og:description\" content=\"Bonus du bookmaker PariPesa \ud83d\udc51 Bonus de bienvenue \ud83d\udd25 Bonus de d\u00e9p\u00f4t \ud83c\udf40 Obtenez un bonus de casino 2026 Afrique\" \/>\n<meta property=\"og:url\" content=\"https:\/\/paripesalat.com\/fr\/bonos\/\" \/>\n<meta property=\"og:site_name\" content=\"PariPesa FRANCE: SITE DE PARIS S\u00c9CURIS\u00c9 SUR L\u2019ARGENT\" \/>\n<meta property=\"article:modified_time\" content=\"2026-03-10T10:50:36+00:00\" \/>\n<meta property=\"og:image\" content=\"https:\/\/paripesalat.com\/wp-content\/uploads\/2024\/05\/Sitio-web-Paripesa-es.webp\" \/>\n\t<meta property=\"og:image:width\" content=\"700\" \/>\n\t<meta property=\"og:image:height\" content=\"435\" \/>\n\t<meta property=\"og:image:type\" content=\"image\/webp\" \/>\n<meta name=\"twitter:card\" content=\"summary_large_image\" \/>\n<meta name=\"twitter:label1\" content=\"Dur\u00e9e de lecture estim\u00e9e\" \/>\n\t<meta name=\"twitter:data1\" content=\"7 minutes\" \/>\n<!-- \/ Yoast SEO plugin. -->","yoast_head_json":{"title":"Bonus PariPesa C\u00f4te d'Ivoire : tours gratuits SN BF 2026","description":"Bonus du bookmaker PariPesa \ud83d\udc51 Bonus de bienvenue \ud83d\udd25 Bonus de d\u00e9p\u00f4t \ud83c\udf40 Obtenez un bonus de casino 2026 Afrique","robots":{"index":"index","follow":"follow","max-snippet":"max-snippet:-1","max-image-preview":"max-image-preview:large","max-video-preview":"max-video-preview:-1"},"og_locale":"fr_FR","og_type":"article","og_title":"Bonus PariPesa C\u00f4te d'Ivoire : tours gratuits SN BF 2026","og_description":"Bonus du bookmaker PariPesa \ud83d\udc51 Bonus de bienvenue \ud83d\udd25 Bonus de d\u00e9p\u00f4t \ud83c\udf40 Obtenez un bonus de casino 2026 Afrique","og_url":"https:\/\/paripesalat.com\/fr\/bonos\/","og_site_name":"PariPesa FRANCE: SITE DE PARIS S\u00c9CURIS\u00c9 SUR L\u2019ARGENT","article_modified_time":"2026-03-10T10:50:36+00:00","og_image":[{"width":700,"height":435,"url":"https:\/\/paripesalat.com\/wp-content\/uploads\/2024\/05\/Sitio-web-Paripesa-es.webp","type":"image\/webp"}],"twitter_card":"summary_large_image","twitter_misc":{"Dur\u00e9e de lecture estim\u00e9e":"7 minutes"},"schema":{"@context":"https:\/\/schema.org","@graph":[{"@type":"WebPage","@id":"https:\/\/paripesalat.com\/fr\/bonos\/","url":"https:\/\/paripesalat.com\/fr\/bonos\/","name":"Bonus PariPesa C\u00f4te d'Ivoire : tours gratuits SN BF 2026","isPartOf":{"@id":"https:\/\/paripesalat.com\/#website"},"primaryImageOfPage":{"@id":"https:\/\/paripesalat.com\/fr\/bonos\/#primaryimage"},"image":{"@id":"https:\/\/paripesalat.com\/fr\/bonos\/#primaryimage"},"thumbnailUrl":"https:\/\/paripesalat.com\/wp-content\/uploads\/2025\/05\/Paripesa-bonus.jpg","datePublished":"2023-09-02T06:22:23+00:00","dateModified":"2026-03-10T10:50:36+00:00","description":"Bonus du bookmaker PariPesa \ud83d\udc51 Bonus de bienvenue \ud83d\udd25 Bonus de d\u00e9p\u00f4t \ud83c\udf40 Obtenez un bonus de casino 2026 Afrique","breadcrumb":{"@id":"https:\/\/paripesalat.com\/fr\/bonos\/#breadcrumb"},"inLanguage":"fr-FR","potentialAction":[{"@type":"ReadAction","target":["https:\/\/paripesalat.com\/fr\/bonos\/"]}]},{"@type":"ImageObject","inLanguage":"fr-FR","@id":"https:\/\/paripesalat.com\/fr\/bonos\/#primaryimage","url":"https:\/\/paripesalat.com\/wp-content\/uploads\/2025\/05\/Paripesa-bonus.jpg","contentUrl":"https:\/\/paripesalat.com\/wp-content\/uploads\/2025\/05\/Paripesa-bonus.jpg"},{"@type":"BreadcrumbList","@id":"https:\/\/paripesalat.com\/fr\/bonos\/#breadcrumb","itemListElement":[{"@type":"ListItem","position":1,"name":"Home","item":"https:\/\/paripesalat.com\/fr\/"},{"@type":"ListItem","position":2,"name":"PariPesa BONUS POUR LES PARIS SPORTIFS ET LE CASINO"}]},{"@type":"WebSite","@id":"https:\/\/paripesalat.com\/#website","url":"https:\/\/paripesalat.com\/","name":"PariPesa FRANCE: SITE DE PARIS S\u00c9CURIS\u00c9 SUR L\u2019ARGENT","description":"","potentialAction":[{"@type":"SearchAction","target":{"@type":"EntryPoint","urlTemplate":"https:\/\/paripesalat.com\/?s={search_term_string}"},"query-input":{"@type":"PropertyValueSpecification","valueRequired":true,"valueName":"search_term_string"}}],"inLanguage":"fr-FR"}]}},"_links":{"self":[{"href":"https:\/\/paripesalat.com\/fr\/wp-json\/wp\/v2\/pages\/772","targetHints":{"allow":["GET"]}}],"collection":[{"href":"https:\/\/paripesalat.com\/fr\/wp-json\/wp\/v2\/pages"}],"about":[{"href":"https:\/\/paripesalat.com\/fr\/wp-json\/wp\/v2\/types\/page"}],"author":[{"embeddable":true,"href":"https:\/\/paripesalat.com\/fr\/wp-json\/wp\/v2\/users\/1"}],"replies":[{"embeddable":true,"href":"https:\/\/paripesalat.com\/fr\/wp-json\/wp\/v2\/comments?post=772"}],"version-history":[{"count":23,"href":"https:\/\/paripesalat.com\/fr\/wp-json\/wp\/v2\/pages\/772\/revisions"}],"predecessor-version":[{"id":5126,"href":"https:\/\/paripesalat.com\/fr\/wp-json\/wp\/v2\/pages\/772\/revisions\/5126"}],"wp:attachment":[{"href":"https:\/\/paripesalat.com\/fr\/wp-json\/wp\/v2\/media?parent=772"}],"curies":[{"name":"wp","href":"https:\/\/api.w.org\/{rel}","templated":true}]}}