{"id":4535,"date":"2025-12-04T16:59:38","date_gmt":"2025-12-04T13:59:38","guid":{"rendered":"https:\/\/paripesalat.com\/poquer-en-linea\/"},"modified":"2026-02-24T14:58:55","modified_gmt":"2026-02-24T11:58:55","slug":"online-poker","status":"publish","type":"page","link":"https:\/\/paripesalat.com\/fr\/online-poker\/","title":{"rendered":"Poker en ligne"},"content":{"rendered":"<table class=\"feature-table\" style=\"box-shadow: inset 0 0 10px 3px rgb(247 247 247 \/ 60%), 0 0 10px 3px #7e87f1 !important; padding: 15px; width: 100%;\">\n<tbody>\n<tr>\n<td>\n<div class=\"feature-name\" style=\"font-weight: bold; color: #000080;\">\ud83d\udcda Table des mati\u00e8res<\/div>\n<div class=\"feature-value\">\n<ol>\n<li><a style=\"color: #000080;\" href=\"#Pr\u00e9sentation\">Pr\u00e9sentation du poker online sur le march\u00e9 ivoirien des jeux en ligne<\/a><\/li>\n<li><a style=\"color: #000080;\" href=\"#base\">Comment jouer au poker en ligne : les notions de base<\/a><\/li>\n<li><a style=\"color: #000080;\" href=\"#explorer\">Online poker : les variantes \u00e0 explorer<\/a><\/li>\n<li><a style=\"color: #000080;\" href=\"#Hold\u2019em\">Texas Hold\u2019em : la variante la plus r\u00e9pandue<\/a><\/li>\n<li><a style=\"color: #000080;\" href=\"#Omaha\">Omaha (Hi\/Lo &amp; Pot-Limit) : la variante pour les joueurs exp\u00e9riment\u00e9s<\/a><\/li>\n<li><a style=\"color: #000080;\" href=\"#Tournois\">Sit &amp; Go et Tournois Multi-Tables : rapides et comp\u00e9titifs<\/a><\/li>\n<li><a style=\"color: #000080;\" href=\"#structure\">Les r\u00e8gles de jeu : classement des mains et structure des mises<\/a><\/li>\n<li><a style=\"color: #000080;\" href=\"#Technique\">Technique pour gagner au poker en ligne : pratique pour les joueurs africains<\/a><\/li>\n<li><a style=\"color: #000080;\" href=\"#comparer\">Poker en direct et online poker &#8211; voici pourquoi le poker en ligne est une bonne option<\/a><\/li>\n<\/ol>\n<\/div>\n<\/td>\n<\/tr>\n<\/tbody>\n<\/table>\n<h2 id=\"Pr\u00e9sentation\">Pr\u00e9sentation du poker online sur le march\u00e9 ivoirien des jeux en ligne<\/h2>\n<p>Comme le montre Statista, le nombre de participants aux jeux de hasard en C\u00f4te d\u2019Ivoire devrait atteindre 5,7 millions d\u2019ici 2030.<\/p>\n<p><img loading=\"lazy\" decoding=\"async\" class=\"size-full wp-image-870 aligncenter\" style=\"box-shadow: inset 0 0 10px 3px rgb(52 209 95 \/ 60%), 0 0 10px 3px #7e87f1 !important;\" title=\"poker online\" src=\"https:\/\/paripesalat.com\/wp-content\/uploads\/2025\/12\/poker-online.jpg\" alt=\"poker online\" width=\"900\" height=\"372\" \/><\/p>\n<p>Chez Paripesa, nous proposons plusieurs variantes de <strong>poker online<\/strong>, avec des r\u00e8gles allant des plus basiques aux plus complexes, comme les tournois Sit &amp; Go. Paripesa r\u00e9compense \u00e9galement les amateurs de poker \u00e0 travers divers bonus de d\u00e9p\u00f4t ainsi que des cashback.<\/p>\n<table class=\"feature-table\" style=\"box-shadow: inset 0 0 10px 3px rgba(230, 220, 250, 0.7), 0 0 10px 3px #dda0dd !important; padding: 15px; width: 100%; border-collapse: collapse; font-family: Arial, sans-serif;\">\n<thead>\n<tr>\n<th style=\"background-color: #f8f0ff; color: #4b0082; font-size: 20px; padding: 10px; text-align: left;\" colspan=\"2\">\u2660\ufe0f Avantages du Poker en Ligne (CI &amp; SN)<\/th>\n<\/tr>\n<\/thead>\n<tbody>\n<tr>\n<td style=\"padding: 10px; font-weight: bold;\">\ud83d\udd52 Disponibilit\u00e9 24\/7<\/td>\n<td style=\"padding: 10px;\">Les joueurs peuvent acc\u00e9der aux tables \u00e0 tout moment, sans contrainte d\u2019horaires ni d\u00e9placement.<\/td>\n<\/tr>\n<tr>\n<td style=\"padding: 10px; font-weight: bold;\">\ud83d\udcf1 Accessibilit\u00e9 Totale<\/td>\n<td style=\"padding: 10px;\">Compatible avec ordinateur, mobile et tablette, permettant de jouer partout en C\u00f4te d\u2019Ivoire et au S\u00e9n\u00e9gal.<\/td>\n<\/tr>\n<tr>\n<td style=\"padding: 10px; font-weight: bold;\">\ud83c\udfae Large Choix de Modes de Jeu<\/td>\n<td style=\"padding: 10px;\">Texas Hold\u2019em, Omaha, tournois rapides, tables anonymes, sit &amp; go : de nombreuses options pour tous les niveaux.<\/td>\n<\/tr>\n<tr>\n<td style=\"padding: 10px; font-weight: bold;\">\ud83d\udcb0 Bonus et R\u00e9compenses<\/td>\n<td style=\"padding: 10px;\">Les plateformes offrent des bonus de bienvenue, cashback, freerolls et programmes VIP pour am\u00e9liorer les gains.<\/td>\n<\/tr>\n<tr>\n<td style=\"padding: 10px; font-weight: bold;\">\ud83d\udcca Outils d\u2019Aide \u00e0 la D\u00e9cision<\/td>\n<td style=\"padding: 10px;\">Statistiques, historiques de mains et analyse des patterns : id\u00e9als pour am\u00e9liorer sa strat\u00e9gie.<\/td>\n<\/tr>\n<tr>\n<td style=\"padding: 10px; font-weight: bold;\">\ud83c\udf0d Jouer avec le Monde Entier<\/td>\n<td style=\"padding: 10px;\">Possibilit\u00e9 de jouer contre des adversaires internationaux, ce qui augmente la diversit\u00e9 des styles et strat\u00e9gies.<\/td>\n<\/tr>\n<tr>\n<td style=\"padding: 10px; font-weight: bold;\">\ud83c\udfe0 Confort et Confidentialit\u00e9<\/td>\n<td style=\"padding: 10px;\">Jouer depuis la maison \u00e9vite les distractions des casinos physiques et permet de rester concentr\u00e9.<\/td>\n<\/tr>\n<\/tbody>\n<\/table>\n<p>&nbsp;<\/p>\n<h2 id=\"base\">Comment jouer au poker en ligne : les notions de base<\/h2>\n<p>C\u2019est un jeu de strat\u00e9gie dont il faut conna\u00eetre les r\u00e8gles avant de se lancer. Voici un aper\u00e7u des actions possibles :<\/p>\n<ul>\n<li>Checker : vous ne placez aucune mise pendant la manche, mais restez dans le jeu.<\/li>\n<li>Passer : en vous couchant, vous ne pouvez plus gagner le tour.<\/li>\n<li>Miser : vous placez une mise, obligeant tous les autres participants \u00e0 suivre s&rsquo;ils veulent rester dans la partie.<\/li>\n<li>Suivre : vous \u00e9galisez la mise d\u2019un autre joueur pour continuer la manche.<\/li>\n<li>Relancer : vous augmentez la mise en cours en proposant un montant sup\u00e9rieur.<\/li>\n<\/ul>\n<p>Ce sont l\u00e0 les diff\u00e9rentes actions qu\u2019un joueur peut effectuer pendant une partie.<\/p>\n<h2 id=\"explorer\">Online poker : les variantes \u00e0 explorer<\/h2>\n<p>Les tours de mise que nous avons pr\u00e9sent\u00e9s plus haut varient selon le format de jeu. Les versions les plus populaires et les plus faciles \u00e0 comprendre sont le Texas Hold\u2019em et l\u2019Omaha, tandis que le Sit &amp; Go est plut\u00f4t complexe.<\/p>\n<p><img loading=\"lazy\" decoding=\"async\" class=\"size-full wp-image-870 aligncenter\" style=\"box-shadow: inset 0 0 10px 3px rgb(52 209 95 \/ 60%), 0 0 10px 3px #7e87f1 !important;\" title=\"poker en ligne\" src=\"https:\/\/paripesalat.com\/wp-content\/uploads\/2025\/12\/poker-en-ligne.jpg\" alt=\"poker en ligne\" width=\"900\" height=\"447\" \/><\/p>\n<h3 id=\"Hold\u2019em\">Texas Hold\u2019em : la variante la plus r\u00e9pandue<\/h3>\n<p>Il se joue entre 2 et 10 participants, avec pour objectif de former une combinaison de 5 cartes. Chaque joueur re\u00e7oit 2 cartes ferm\u00e9es et doit compl\u00e9ter sa main avec 5 cartes dans le lot commun. L\u2019objectif est de constituer la meilleure main possible de 5 cartes parmi les 7 disponibles. Les principes qui s\u2019appliquent ici sont :<\/p>\n<ul>\n<li>La donne : c\u2019est le moment o\u00f9 le croupier distribue 2 cartes ferm\u00e9es \u00e0 chaque joueur.<\/li>\n<li>Les blinds : ce sont les mises forc\u00e9es qui incombent aux deux joueurs se situant \u00e0 gauche du donneur (petite blind et grosse blind).<\/li>\n<li>Les ench\u00e8res : d\u00e9cisions prises par les joueurs pendant un tour (checker, suivre, miser, relancer ou se coucher).<\/li>\n<li>Le flop : le croupier d\u00e9pose 3 cartes communes, sur la table.<\/li>\n<li>Le tournant : une quatri\u00e8me carte commune est d\u00e9pos\u00e9e par le croupier.<\/li>\n<li>La rivi\u00e8re : cinqui\u00e8me et derni\u00e8re carte commune d\u00e9pos\u00e9e par le croupier.<\/li>\n<li>Gains : moment o\u00f9 le croupier d\u00e9signe le gagnant de la manche, et lui remet le pot.<\/li>\n<\/ul>\n<p>Avant le d\u00e9but d\u2019une nouvelle manche, le croupier d\u00e9signe le joueur qui va commencer.<\/p>\n<h3 id=\"Omaha\">Omaha (Hi\/Lo &amp; Pot-Limit) : la variante pour les joueurs exp\u00e9riment\u00e9s<\/h3>\n<p>Ce format est plus complexe que le pr\u00e9c\u00e9dent, car le joueur re\u00e7oit davantage de cartes ferm\u00e9es (quatre, ou plus selon les variantes). Pour constituer une main, il doit en utiliser 2 parmi ses cartes ferm\u00e9es et 3 parmi celles du lot commun. Par ailleurs, les tours d\u2019ench\u00e8res sont plus nombreux, et s\u2019encha\u00eenent dans l\u2019ordre suivant :<\/p>\n<ul>\n<li>Blinds<\/li>\n<li>La donne<\/li>\n<li>Premier tour d\u2019ench\u00e8res<\/li>\n<li>Flop<\/li>\n<li>Deuxi\u00e8me tour d\u2019ench\u00e8res<\/li>\n<li>Tournant<\/li>\n<li>Troisi\u00e8me tour d\u2019ench\u00e8res<\/li>\n<li>Rivi\u00e8re<\/li>\n<li>Dernier tour d\u2019ench\u00e8res<\/li>\n<li>Abattage<\/li>\n<\/ul>\n<p>Les joueurs sont plus impliqu\u00e9s dans un match, car \u00e0 chaque tour d\u2019ench\u00e8res, ils doivent prendre la parole.<\/p>\n<h3 id=\"Tournois\">Sit &amp; Go et Tournois Multi-Tables : rapides et comp\u00e9titifs<\/h3>\n<p>Chez <a href=\"https:\/\/paripesalat.com\/fr\/\">Paripesa C\u00f4te d\u2019Ivoire<\/a>, nous proposons r\u00e9guli\u00e8rement des tournois de cette variante. Ils peuvent regrouper de 2 \u00e0 180 participants r\u00e9partis autour de plusieurs tables, avec un responsable. C\u00f4t\u00e9 organisation, nous fixons un nombre de joueurs et, une fois qu\u2019il est atteint, la partie peut commencer.<\/p>\n<p>On parle de tournoi rapide parce qu\u2019il n\u2019y a pratiquement pas de temps d&rsquo;attente pendant les sessions. Le joueur doit donc \u00eatre rapide s\u2019il veut \u00eatre meilleur que ses concurrents.<\/p>\n<p><img loading=\"lazy\" decoding=\"async\" class=\"size-full wp-image-870 aligncenter\" style=\"box-shadow: inset 0 0 10px 3px rgb(52 209 95 \/ 60%), 0 0 10px 3px #7e87f1 !important;\" title=\"online poker\" src=\"https:\/\/paripesalat.com\/wp-content\/uploads\/2025\/12\/online-poker.jpg\" alt=\"online poker\" width=\"900\" height=\"492\" \/><\/p>\n<h2 id=\"structure\">Les r\u00e8gles de jeu : classement des mains et structure des mises<\/h2>\n<p>Comme nous l\u2019avons vu pr\u00e9c\u00e9demment, chaque variante du poker a ses propres r\u00e8gles, m\u00eame si la structure de base reste la m\u00eame. Ce qu\u2019il faut retenir, c\u2019est qu\u2019il se joue avec des cartes et des jetons repr\u00e9sentant les mises en argent.<\/p>\n<p>Selon le format, le joueur peut combiner les cartes comme bon lui semble, ou alors, il est oblig\u00e9 d\u2019en utiliser un nombre fixe parmi les cartes du tableau.<\/p>\n<h2 id=\"Technique\">Technique pour gagner au poker en ligne : pratique pour les joueurs africains<\/h2>\n<p>Il n\u2019y a pas de <strong>technique pour gagner au poker en ligne<\/strong> qui soit s\u00fbre, mais des astuces utiles comme :<\/p>\n<ul>\n<li>\u00c9viter de jouer trop de mains et de parier trop gros.<\/li>\n<li>Rester attentif pendant le jeu.<\/li>\n<li>Changer r\u00e9guli\u00e8rement votre style de jeu.<\/li>\n<li>Bien utiliser la strat\u00e9gie du bluff.<\/li>\n<\/ul>\n<p>Retenez que le poker comporte des risques financiers. C\u2019est avant tout une source de divertissement, et non un moyen garanti de gagner de l\u2019argent. Vous ne devez donc pas d\u00e9passer votre budget.<\/p>\n<p><img loading=\"lazy\" decoding=\"async\" class=\"size-full wp-image-870 aligncenter\" style=\"box-shadow: inset 0 0 10px 3px rgb(52 209 95 \/ 60%), 0 0 10px 3px #7e87f1 !important;\" title=\"technique pour gagner au poker en ligne\" src=\"https:\/\/paripesalat.com\/wp-content\/uploads\/2025\/12\/technique-pour-gagner-au-poker-en-ligne.jpg\" alt=\"technique pour gagner au poker en ligne\" width=\"900\" height=\"356\" \/><\/p>\n<h2 id=\"comparer\">Poker en direct et online poker &#8211; voici pourquoi le poker en ligne est une bonne option<\/h2>\n<p>Dans une partie de poker en direct, il y a un vrai croupier qui mod\u00e8re le jeu, et chaque joueur assis devant son \u00e9cran peut le voir. Si elle a l\u2019avantage d\u2019\u00eatre plus r\u00e9aliste et immersive, elle comporte des inconv\u00e9nients, comme la lenteur du jeu et la raret\u00e9 des s\u00e9ances. Le <strong>poker en ligne<\/strong>, quant \u00e0 lui, pourrait \u00eatre une bonne option dans la mesure o\u00f9 il permet de jouer intens\u00e9ment et \u00e0 la fr\u00e9quence que vous souhaitez. Voici ce qui les distingue :<\/p>\n<table class=\"feature-table\" style=\"box-shadow: inset 0 0 10px 3px rgba(230, 220, 250, 0.7), 0 0 10px 3px #dda0dd !important; padding: 15px; width: 100%; border-collapse: collapse; font-family: Arial, sans-serif;\">\n<thead>\n<tr>\n<th style=\"background-color: #f8f0ff; color: #4b0082; font-size: 20px; padding: 10px; text-align: left;\">\ud83d\udd0d Caract\u00e9ristiques<\/th>\n<th style=\"background-color: #f8f0ff; color: #4b0082; font-size: 20px; padding: 10px; text-align: left;\">\ud83d\udcbb Poker en Ligne<\/th>\n<th style=\"background-color: #f8f0ff; color: #4b0082; font-size: 20px; padding: 10px; text-align: left;\">\ud83c\udfe2 Poker en Direct<\/th>\n<\/tr>\n<\/thead>\n<tbody>\n<tr>\n<td style=\"padding: 10px; font-weight: bold;\">\ud83c\udfaf Aptitudes n\u00e9cessaires<\/td>\n<td style=\"padding: 10px;\">R\u00e9fl\u00e9chir rapidement, ma\u00eetriser la logique et les math\u00e9matiques, capacit\u00e9 \u00e0 g\u00e9rer plusieurs actions en m\u00eame temps.<\/td>\n<td style=\"padding: 10px;\">Grande concentration, capacit\u00e9 \u00e0 lire les comportements \u00e0 l\u2019\u00e9cran et comprendre les actions des joueurs.<\/td>\n<\/tr>\n<tr>\n<td style=\"padding: 10px; font-weight: bold;\">\u23f1\ufe0f Rythme<\/td>\n<td style=\"padding: 10px;\">Rapide et intense<\/td>\n<td style=\"padding: 10px;\">Lent<\/td>\n<\/tr>\n<tr>\n<td style=\"padding: 10px; font-weight: bold;\">\ud83c\udfad Contexte de jeu<\/td>\n<td style=\"padding: 10px;\">Peu d\u2019indices visibles<\/td>\n<td style=\"padding: 10px;\">Plusieurs indices physiques et comportementaux<\/td>\n<\/tr>\n<\/tbody>\n<\/table>\n<p>&nbsp;<\/p>\n","protected":false},"excerpt":{"rendered":"<p>\ud83d\udcda Table des mati\u00e8res Pr\u00e9sentation du poker online sur le march\u00e9 ivoirien des jeux en ligne Comment jouer au poker en ligne : les notions de base Online poker : les variantes \u00e0 explorer Texas Hold\u2019em : la variante la plus r\u00e9pandue Omaha (Hi\/Lo &amp; Pot-Limit) : la variante pour les joueurs exp\u00e9riment\u00e9s Sit &amp; [&hellip;]<\/p>\n","protected":false},"author":1,"featured_media":0,"parent":0,"menu_order":0,"comment_status":"closed","ping_status":"closed","template":"","meta":{"_sitemap_exclude":false,"_sitemap_priority":"","_sitemap_frequency":"","footnotes":""},"class_list":["post-4535","page","type-page","status-publish","hentry"],"acf":[],"yoast_head":"<!-- This site is optimized with the Yoast SEO plugin v23.7 - https:\/\/yoast.com\/wordpress\/plugins\/seo\/ -->\n<title>Online poker | Bonus XOF \u261b Jouez C\u00f4te d&#039;Ivoire &amp; S\u00e9n\u00e9gal<\/title>\n<meta name=\"description\" content=\"Rejoignez Online poker \u21d2 Tournois comp\u00e9titifs, pots XOF &amp; jeu fluide \u1409 Disponible pour les joueurs en C\u00f4te d\u2019Ivoire et au S\u00e9n\u00e9gal.\" \/>\n<meta name=\"robots\" content=\"index, follow, max-snippet:-1, max-image-preview:large, max-video-preview:-1\" \/>\n<meta property=\"og:locale\" content=\"fr_FR\" \/>\n<meta property=\"og:type\" content=\"article\" \/>\n<meta property=\"og:title\" content=\"Online poker | Bonus XOF \u261b Jouez C\u00f4te d&#039;Ivoire &amp; S\u00e9n\u00e9gal\" \/>\n<meta property=\"og:description\" content=\"Rejoignez Online poker \u21d2 Tournois comp\u00e9titifs, pots XOF &amp; jeu fluide \u1409 Disponible pour les joueurs en C\u00f4te d\u2019Ivoire et au S\u00e9n\u00e9gal.\" \/>\n<meta property=\"og:url\" content=\"https:\/\/paripesalat.com\/fr\/online-poker\/\" \/>\n<meta property=\"og:site_name\" content=\"PariPesa FRANCE: SITE DE PARIS S\u00c9CURIS\u00c9 SUR L\u2019ARGENT\" \/>\n<meta property=\"article:modified_time\" content=\"2026-02-24T11:58:55+00:00\" \/>\n<meta property=\"og:image\" content=\"https:\/\/paripesalat.com\/wp-content\/uploads\/2024\/05\/Sitio-web-Paripesa-es.webp\" \/>\n\t<meta property=\"og:image:width\" content=\"700\" \/>\n\t<meta property=\"og:image:height\" content=\"435\" \/>\n\t<meta property=\"og:image:type\" content=\"image\/webp\" \/>\n<meta name=\"twitter:card\" content=\"summary_large_image\" \/>\n<meta name=\"twitter:label1\" content=\"Dur\u00e9e de lecture estim\u00e9e\" \/>\n\t<meta name=\"twitter:data1\" content=\"6 minutes\" \/>\n<!-- \/ Yoast SEO plugin. -->","yoast_head_json":{"title":"Online poker | Bonus XOF \u261b Jouez C\u00f4te d'Ivoire & S\u00e9n\u00e9gal","description":"Rejoignez Online poker \u21d2 Tournois comp\u00e9titifs, pots XOF & jeu fluide \u1409 Disponible pour les joueurs en C\u00f4te d\u2019Ivoire et au S\u00e9n\u00e9gal.","robots":{"index":"index","follow":"follow","max-snippet":"max-snippet:-1","max-image-preview":"max-image-preview:large","max-video-preview":"max-video-preview:-1"},"og_locale":"fr_FR","og_type":"article","og_title":"Online poker | Bonus XOF \u261b Jouez C\u00f4te d'Ivoire & S\u00e9n\u00e9gal","og_description":"Rejoignez Online poker \u21d2 Tournois comp\u00e9titifs, pots XOF & jeu fluide \u1409 Disponible pour les joueurs en C\u00f4te d\u2019Ivoire et au S\u00e9n\u00e9gal.","og_url":"https:\/\/paripesalat.com\/fr\/online-poker\/","og_site_name":"PariPesa FRANCE: SITE DE PARIS S\u00c9CURIS\u00c9 SUR L\u2019ARGENT","article_modified_time":"2026-02-24T11:58:55+00:00","og_image":[{"width":700,"height":435,"url":"https:\/\/paripesalat.com\/wp-content\/uploads\/2024\/05\/Sitio-web-Paripesa-es.webp","type":"image\/webp"}],"twitter_card":"summary_large_image","twitter_misc":{"Dur\u00e9e de lecture estim\u00e9e":"6 minutes"},"schema":{"@context":"https:\/\/schema.org","@graph":[{"@type":"WebPage","@id":"https:\/\/paripesalat.com\/fr\/online-poker\/","url":"https:\/\/paripesalat.com\/fr\/online-poker\/","name":"Online poker | Bonus XOF \u261b Jouez C\u00f4te d'Ivoire & S\u00e9n\u00e9gal","isPartOf":{"@id":"https:\/\/paripesalat.com\/#website"},"primaryImageOfPage":{"@id":"https:\/\/paripesalat.com\/fr\/online-poker\/#primaryimage"},"image":{"@id":"https:\/\/paripesalat.com\/fr\/online-poker\/#primaryimage"},"thumbnailUrl":"https:\/\/paripesalat.com\/wp-content\/uploads\/2025\/12\/poker-online.jpg","datePublished":"2025-12-04T13:59:38+00:00","dateModified":"2026-02-24T11:58:55+00:00","description":"Rejoignez Online poker \u21d2 Tournois comp\u00e9titifs, pots XOF & jeu fluide \u1409 Disponible pour les joueurs en C\u00f4te d\u2019Ivoire et au S\u00e9n\u00e9gal.","breadcrumb":{"@id":"https:\/\/paripesalat.com\/fr\/online-poker\/#breadcrumb"},"inLanguage":"fr-FR","potentialAction":[{"@type":"ReadAction","target":["https:\/\/paripesalat.com\/fr\/online-poker\/"]}]},{"@type":"ImageObject","inLanguage":"fr-FR","@id":"https:\/\/paripesalat.com\/fr\/online-poker\/#primaryimage","url":"https:\/\/paripesalat.com\/wp-content\/uploads\/2025\/12\/poker-online.jpg","contentUrl":"https:\/\/paripesalat.com\/wp-content\/uploads\/2025\/12\/poker-online.jpg"},{"@type":"BreadcrumbList","@id":"https:\/\/paripesalat.com\/fr\/online-poker\/#breadcrumb","itemListElement":[{"@type":"ListItem","position":1,"name":"Home","item":"https:\/\/paripesalat.com\/fr\/"},{"@type":"ListItem","position":2,"name":"Poker en ligne"}]},{"@type":"WebSite","@id":"https:\/\/paripesalat.com\/#website","url":"https:\/\/paripesalat.com\/","name":"PariPesa FRANCE: SITE DE PARIS S\u00c9CURIS\u00c9 SUR L\u2019ARGENT","description":"","potentialAction":[{"@type":"SearchAction","target":{"@type":"EntryPoint","urlTemplate":"https:\/\/paripesalat.com\/?s={search_term_string}"},"query-input":{"@type":"PropertyValueSpecification","valueRequired":true,"valueName":"search_term_string"}}],"inLanguage":"fr-FR"}]}},"_links":{"self":[{"href":"https:\/\/paripesalat.com\/fr\/wp-json\/wp\/v2\/pages\/4535","targetHints":{"allow":["GET"]}}],"collection":[{"href":"https:\/\/paripesalat.com\/fr\/wp-json\/wp\/v2\/pages"}],"about":[{"href":"https:\/\/paripesalat.com\/fr\/wp-json\/wp\/v2\/types\/page"}],"author":[{"embeddable":true,"href":"https:\/\/paripesalat.com\/fr\/wp-json\/wp\/v2\/users\/1"}],"replies":[{"embeddable":true,"href":"https:\/\/paripesalat.com\/fr\/wp-json\/wp\/v2\/comments?post=4535"}],"version-history":[{"count":16,"href":"https:\/\/paripesalat.com\/fr\/wp-json\/wp\/v2\/pages\/4535\/revisions"}],"predecessor-version":[{"id":5028,"href":"https:\/\/paripesalat.com\/fr\/wp-json\/wp\/v2\/pages\/4535\/revisions\/5028"}],"wp:attachment":[{"href":"https:\/\/paripesalat.com\/fr\/wp-json\/wp\/v2\/media?parent=4535"}],"curies":[{"name":"wp","href":"https:\/\/api.w.org\/{rel}","templated":true}]}}