{"id":1987,"date":"2025-05-14T09:17:30","date_gmt":"2025-05-14T06:17:30","guid":{"rendered":"https:\/\/paripesalat.com\/?page_id=1987"},"modified":"2026-02-27T15:40:40","modified_gmt":"2026-02-27T12:40:40","slug":"application-de-paris-sportifs","status":"publish","type":"page","link":"https:\/\/paripesalat.com\/fr\/application-de-paris-sportifs\/","title":{"rendered":"Application de paris sportifs au C\u00f4te d&rsquo;Ivoire"},"content":{"rendered":"<h2 id=\"application\">Pourquoi utiliser une application de paris sportifs au C\u00f4te d&rsquo;Ivoire ?<\/h2>\n<p>En plus d&rsquo;\u00eatre pratiques pour parier en d\u00e9placement, les applications de paris sportifs au C\u00f4te d&rsquo;Ivoire, notamment <a href=\"https:\/\/paripesalat.com\/fr\/\">PariPesa mobile<\/a>, offrent de nombreux autres avantages que nous allons explorer :<\/p>\n<h3 id=\"Accessibilit\u00e9\">Accessibilit\u00e9 d\u2019une application de paris sportifs au C\u00f4te d&rsquo;Ivoire<\/h3>\n<p>L\u2019un des plus grands avantages qu\u2019une application pour les paris sportifs offre par rapport aux paris dans une agence terrestre ou \u00e0 partir d\u2019un PC est l\u2019accessibilit\u00e9. Depuis son smartphone ou sa tablette, un parieur Ivoiriens peut placer des paris de fa\u00e7on quasi instantan\u00e9e, et ce, peu importe qu\u2019il se trouve \u00e0 la maison, dans le m\u00e9tro, dans une file d\u2019attente ou en train de regarder un match avec des amis. Voici d\u2019autres atouts inh\u00e9rents aux applications de paris sportifs au C\u00f4te d&rsquo;Ivoire :<\/p>\n<ul>\n<li>Disponibilit\u00e9 24\/7 : vous pouvez parier \u00e0 tout moment de la journ\u00e9e, depuis votre canap\u00e9 ou votre salle de bain ;<\/li>\n<li>Connexion rapide : il suffit d\u2019un WI-FI ou de donn\u00e9es mobiles 4G pour se connecter et profiter pleinement de son application paris sportifs ;<\/li>\n<li>Optimis\u00e9 pour mobile : les applications de paris sportifs au C\u00f4te d&rsquo;Ivoire sont d\u00e9velopp\u00e9es de mani\u00e8re \u00e0 pouvoir s\u2019adapter aux petits \u00e9crans, ce qui rend l\u2019exp\u00e9rience plus exclusive et immersive.<\/li>\n<\/ul>\n<p>\u00c0 tous ces atouts s\u2019ajoute la quasi absence de restrictions g\u00e9ographiques. En effet, que vous soyez au C\u00f4te d&rsquo;Ivoire ou n\u2019importe o\u00f9 en Afrique, votre application reste accessible.<\/p>\n<table class=\"feature-table\" style=\"box-shadow: inset 0 0 10px 3px rgb(247 247 247 \/ 60%), 0 0 10px 3px #7e87f1 !important; padding: 15px; width: 100%;\">\n<tbody>\n<tr>\n<td>\n<div class=\"feature-name\" style=\"font-weight: bold; color: #000080;\">\ud83d\udcda Table des mati\u00e8res<\/div>\n<div class=\"feature-value\">\n<ol>\n<li><a style=\"color: #000080;\" href=\"#application\">Pourquoi utiliser une application de paris sportifs au C\u00f4te d&rsquo;Ivoire ?<\/a><\/li>\n<li><a style=\"color: #000080;\" href=\"#Accessibilit\u00e9\">Accessibilit\u00e9 d\u2019une application de paris sportifs au C\u00f4te d&rsquo;Ivoire<\/a><\/li>\n<li><a style=\"color: #000080;\" href=\"#Simplicit\u00e9\">Simplicit\u00e9 d\u2019utilisation d\u2019une application paris sportifs<\/a><\/li>\n<li><a style=\"color: #000080;\" href=\"#S\u00e9curit\u00e9\">S\u00e9curit\u00e9 et fiabilit\u00e9 des applications de paris sur le sport<\/a><\/li>\n<li><a style=\"color: #000080;\" href=\"#t\u00e9l\u00e9charger\">Comment t\u00e9l\u00e9charger et installer une application de paris sportifs au C\u00f4te d&rsquo;Ivoire<\/a><\/li>\n<li><a style=\"color: #000080;\" href=\"#Meilleurs\">Meilleurs application de paris sportifs vs. Sites web mobile<\/a><\/li>\n<\/ol>\n<\/div>\n<\/td>\n<\/tr>\n<\/tbody>\n<\/table>\n<h3 id=\"Simplicit\u00e9\">Simplicit\u00e9 d\u2019utilisation d\u2019une application paris sportifs<\/h3>\n<p>Contrairement aux sites web dont le lobby est souvent charg\u00e9 d\u2019informations et de fioritures, les meilleurs application de paris sportifs sont dot\u00e9s d\u2019un design minimaliste dans le but d\u2019offrir une exp\u00e9rience utilisateur fluide et intuitive. Une excellente application de paris sportifs au C\u00f4te d&rsquo;Ivoire poss\u00e8de une interface claire et bien organis\u00e9e o\u00f9 les menus et les cat\u00e9gories de sports sont clairement visibles et facilement accessibles. Par ailleurs, les applications ont un temps de chargement plus court que les versions web sur PC ou mobile. Si on ajoute \u00e0 cela le fait de pouvoir parier en un clic gr\u00e2ce \u00e0 des raccourcis intelligents et la possibilit\u00e9 de pouvoir personnaliser son exp\u00e9rience (notamment en changeant le th\u00e8me ou en sauvegardant ses types de paris favoris par exemple), vous conviendrez avec nous qu\u2019une application de paris sportifs au C\u00f4te d&rsquo;Ivoire vaut le d\u00e9tour.<\/p>\n<h3 id=\"S\u00e9curit\u00e9\">S\u00e9curit\u00e9 et fiabilit\u00e9 des applications de paris sur le sport<\/h3>\n<p>Contrairement \u00e0 ceux beaucoup de personnes croient, les applications mobiles sont tr\u00e8s s\u00e9curis\u00e9es et dignes de confiance. Parfois m\u00eame, elles le sont plus que les versions web. Par exemple, il est possible d\u2019ajouter une couche de protection suppl\u00e9mentaire sur une application de paris sportifs au C\u00f4te d&rsquo;Ivoire avec l\u2019authentification \u00e0 double facteur, ce qui permet de prot\u00e9ger les transactions en l\u2019occurrence. Les applications de paris sportifs offrent \u00e9galement le m\u00eame niveau de protection des donn\u00e9es des utilisateurs que les sites web. En effet, elles int\u00e8grent aussi une technologie de cryptage de data et d\u2019autres mesures de s\u00e9curit\u00e9 de pointe.<\/p>\n<h2 id=\"t\u00e9l\u00e9charger\">Comment t\u00e9l\u00e9charger et installer une application de paris sportifs au C\u00f4te d&rsquo;Ivoire<\/h2>\n<p>Au C\u00f4te d&rsquo;Ivoire, les applications de paris sportifs sont d\u00e9velopp\u00e9es prioritairement pour les appareils Android, car ce syst\u00e8me d\u2019exploitation compte le plus grand nombre d\u2019utilisateurs. L\u2019autre chose \u00e0 savoir est qu\u2019une application de paris sportifs au C\u00f4te d&rsquo;Ivoire existe g\u00e9n\u00e9ralement sous forme de fichier APK et n\u2019est donc pas disponible dans le Play Store. Voici la proc\u00e9dure pour t\u00e9l\u00e9charger une appli de bookmaker :<\/p>\n<ol>\n<li>Rendez-vous sur le site web mobile de l\u2019op\u00e9rateur ;<\/li>\n<li>Cliquez sur le bouton de t\u00e9l\u00e9chargement ;<\/li>\n<li>Autorisez l\u2019installation de fichiers de sources inconnues dans les param\u00e8tres.<\/li>\n<\/ol>\n<h2 id=\"Meilleurs\">Meilleurs application de paris sportifs vs. Sites web mobile<\/h2>\n<table class=\"feature-table\" style=\"box-shadow: inset 0 0 10px 3px rgba(173, 216, 230, 0.7), 0 0 10px 3px #add8e6 !important; padding: 15px; width: 100%; border-collapse: collapse; font-family: Arial, sans-serif;\">\n<thead>\n<tr>\n<th style=\"background-color: #e6f2ff; color: #003366; font-size: 20px; padding: 10px; text-align: left;\">\ud83d\udcf1 Crit\u00e8res<\/th>\n<th style=\"background-color: #e6f2ff; color: #003366; font-size: 20px; padding: 10px; text-align: left;\">\ud83d\udcf2 Application mobile<\/th>\n<th style=\"background-color: #e6f2ff; color: #003366; font-size: 20px; padding: 10px; text-align: left;\">\ud83c\udf10 Navigateur web<\/th>\n<\/tr>\n<\/thead>\n<tbody>\n<tr>\n<td style=\"padding: 10px; font-weight: bold;\">Accessibilit\u00e9<\/td>\n<td style=\"padding: 10px;\">\u2705 Disponible partout et \u00e0 tout moment, rapide \u00e0 ouvrir<\/td>\n<td style=\"padding: 10px;\">\u274c N\u00e9cessite une connexion stable et parfois un PC<\/td>\n<\/tr>\n<tr>\n<td style=\"padding: 10px; font-weight: bold;\">Vitesse de navigation<\/td>\n<td style=\"padding: 10px;\">Interface optimis\u00e9e, plus fluide et rapide<\/td>\n<td style=\"padding: 10px;\">Peut \u00eatre plus lent selon le site et la connexion<\/td>\n<\/tr>\n<tr>\n<td style=\"padding: 10px; font-weight: bold;\">Notifications et alertes<\/td>\n<td style=\"padding: 10px;\">\u2705 Oui, alertes pour les promotions et les paris en cours<\/td>\n<td style=\"padding: 10px;\">\u274c Non, il faut se connecter r\u00e9guli\u00e8rement<\/td>\n<\/tr>\n<tr>\n<td style=\"padding: 10px; font-weight: bold;\">Exp\u00e9rience utilisateur<\/td>\n<td style=\"padding: 10px;\">\u2705 Interface ergonomique et adapt\u00e9e aux mobiles<\/td>\n<td style=\"padding: 10px;\">\u274c Parfois moins optimis\u00e9e sur mobile<\/td>\n<\/tr>\n<tr>\n<td style=\"padding: 10px; font-weight: bold;\">S\u00e9curit\u00e9<\/td>\n<td style=\"padding: 10px;\">\u2705 Peut \u00eatre plus s\u00e9curis\u00e9 avec empreinte digitale ou Face ID<\/td>\n<td style=\"padding: 10px;\">\u274c Risque de piratage si mot de passe mal s\u00e9curis\u00e9<\/td>\n<\/tr>\n<tr>\n<td style=\"padding: 10px; font-weight: bold;\">Mises \u00e0 jour et compatibilit\u00e9<\/td>\n<td style=\"padding: 10px;\">\u274c N\u00e9cessite des mises \u00e0 jour r\u00e9guli\u00e8res<\/td>\n<td style=\"padding: 10px;\">\u2705 Accessible sur tous les appareils sans installation<\/td>\n<\/tr>\n<tr>\n<td style=\"padding: 10px; font-weight: bold;\">Autonomie de la batterie<\/td>\n<td style=\"padding: 10px;\">\u274c Peut consommer beaucoup d\u2019\u00e9nergie<\/td>\n<td style=\"padding: 10px;\">\u2705 Moins d\u2019impact sur la batterie<\/td>\n<\/tr>\n<\/tbody>\n<\/table>\n<p>Si vous h\u00e9sitez encore entre t\u00e9l\u00e9charger une application ou continuer \u00e0 utiliser un site web mobile, il est utile de comparer les deux options sur des crit\u00e8res concrets. L\u2019exp\u00e9rience peut sembler similaire au premier abord, mais certaines diff\u00e9rences influencent directement la rapidit\u00e9 des paris, la fluidit\u00e9 de navigation et l\u2019acc\u00e8s aux fonctionnalit\u00e9s. Selon votre fr\u00e9quence de jeu et votre mani\u00e8re de parier (pr\u00e9-match ou en direct), le choix peut avoir un r\u00e9el impact sur votre confort d\u2019utilisation. Il est donc important d\u2019\u00e9valuer la stabilit\u00e9, les notifications en temps r\u00e9el et la simplicit\u00e9 des d\u00e9p\u00f4ts ou retraits avant de prendre une d\u00e9cision.<\/p>\n<p>Le tableau comparatif ci-dessous vous aidera \u00e0 mieux comprendre les avantages d\u2019une application de paris sportifs par rapport \u00e0 un site web mobile.<\/p>\n<p><strong>Points g\u00e9n\u00e9ralement en faveur d\u2019une application :<\/strong><\/p>\n<ul>\n<li>Navigation plus rapide et optimis\u00e9e pour le smartphone.<\/li>\n<li>Notifications push pour les cotes, r\u00e9sultats et promotions.<\/li>\n<li>Meilleure stabilit\u00e9 lors des paris en direct.<\/li>\n<li>Acc\u00e8s simplifi\u00e9 via reconnaissance biom\u00e9trique (empreinte ou Face ID).<\/li>\n<\/ul>\n<p>En analysant ces \u00e9l\u00e9ments, vous pourrez choisir la solution la plus adapt\u00e9e \u00e0 votre mani\u00e8re de parier.<\/p>\n","protected":false},"excerpt":{"rendered":"<p>Pourquoi utiliser une application de paris sportifs au C\u00f4te d&rsquo;Ivoire ? En plus d&rsquo;\u00eatre pratiques pour parier en d\u00e9placement, les applications de paris sportifs au C\u00f4te d&rsquo;Ivoire, notamment PariPesa mobile, offrent de nombreux autres avantages que nous allons explorer : Accessibilit\u00e9 d\u2019une application de paris sportifs au C\u00f4te d&rsquo;Ivoire L\u2019un des plus grands avantages qu\u2019une [&hellip;]<\/p>\n","protected":false},"author":1,"featured_media":0,"parent":0,"menu_order":0,"comment_status":"closed","ping_status":"closed","template":"","meta":{"_sitemap_exclude":false,"_sitemap_priority":"","_sitemap_frequency":"","footnotes":""},"class_list":["post-1987","page","type-page","status-publish","hentry"],"acf":[],"yoast_head":"<!-- This site is optimized with the Yoast SEO plugin v23.7 - https:\/\/yoast.com\/wordpress\/plugins\/seo\/ -->\n<title>Application de Paris Sportifs C\u00f4te d\u2019Ivoire | Gains FCFA \u1409<\/title>\n<meta name=\"description\" content=\"L\u2019application de paris sportifs la plus simple en C\u00f4te d\u2019Ivoire \u21d2 profitez de bonus, cotes \u00e9lev\u00e9es et paiements rapides en FCFA cette ann\u00e9e.\" \/>\n<meta name=\"robots\" content=\"index, follow, max-snippet:-1, max-image-preview:large, max-video-preview:-1\" \/>\n<meta property=\"og:locale\" content=\"fr_FR\" \/>\n<meta property=\"og:type\" content=\"article\" \/>\n<meta property=\"og:title\" content=\"Application de Paris Sportifs C\u00f4te d\u2019Ivoire | Gains FCFA \u1409\" \/>\n<meta property=\"og:description\" content=\"L\u2019application de paris sportifs la plus simple en C\u00f4te d\u2019Ivoire \u21d2 profitez de bonus, cotes \u00e9lev\u00e9es et paiements rapides en FCFA cette ann\u00e9e.\" \/>\n<meta property=\"og:url\" content=\"https:\/\/paripesalat.com\/fr\/application-de-paris-sportifs\/\" \/>\n<meta property=\"og:site_name\" content=\"PariPesa FRANCE: SITE DE PARIS S\u00c9CURIS\u00c9 SUR L\u2019ARGENT\" \/>\n<meta property=\"article:modified_time\" content=\"2026-02-27T12:40:40+00:00\" \/>\n<meta name=\"twitter:card\" content=\"summary_large_image\" \/>\n<meta name=\"twitter:label1\" content=\"Dur\u00e9e de lecture estim\u00e9e\" \/>\n\t<meta name=\"twitter:data1\" content=\"5 minutes\" \/>\n<!-- \/ Yoast SEO plugin. -->","yoast_head_json":{"title":"Application de Paris Sportifs C\u00f4te d\u2019Ivoire | Gains FCFA \u1409","description":"L\u2019application de paris sportifs la plus simple en C\u00f4te d\u2019Ivoire \u21d2 profitez de bonus, cotes \u00e9lev\u00e9es et paiements rapides en FCFA cette ann\u00e9e.","robots":{"index":"index","follow":"follow","max-snippet":"max-snippet:-1","max-image-preview":"max-image-preview:large","max-video-preview":"max-video-preview:-1"},"og_locale":"fr_FR","og_type":"article","og_title":"Application de Paris Sportifs C\u00f4te d\u2019Ivoire | Gains FCFA \u1409","og_description":"L\u2019application de paris sportifs la plus simple en C\u00f4te d\u2019Ivoire \u21d2 profitez de bonus, cotes \u00e9lev\u00e9es et paiements rapides en FCFA cette ann\u00e9e.","og_url":"https:\/\/paripesalat.com\/fr\/application-de-paris-sportifs\/","og_site_name":"PariPesa FRANCE: SITE DE PARIS S\u00c9CURIS\u00c9 SUR L\u2019ARGENT","article_modified_time":"2026-02-27T12:40:40+00:00","twitter_card":"summary_large_image","twitter_misc":{"Dur\u00e9e de lecture estim\u00e9e":"5 minutes"},"schema":{"@context":"https:\/\/schema.org","@graph":[{"@type":"WebPage","@id":"https:\/\/paripesalat.com\/fr\/application-de-paris-sportifs\/","url":"https:\/\/paripesalat.com\/fr\/application-de-paris-sportifs\/","name":"Application de Paris Sportifs C\u00f4te d\u2019Ivoire | Gains FCFA \u1409","isPartOf":{"@id":"https:\/\/paripesalat.com\/#website"},"datePublished":"2025-05-14T06:17:30+00:00","dateModified":"2026-02-27T12:40:40+00:00","description":"L\u2019application de paris sportifs la plus simple en C\u00f4te d\u2019Ivoire \u21d2 profitez de bonus, cotes \u00e9lev\u00e9es et paiements rapides en FCFA cette ann\u00e9e.","breadcrumb":{"@id":"https:\/\/paripesalat.com\/fr\/application-de-paris-sportifs\/#breadcrumb"},"inLanguage":"fr-FR","potentialAction":[{"@type":"ReadAction","target":["https:\/\/paripesalat.com\/fr\/application-de-paris-sportifs\/"]}]},{"@type":"BreadcrumbList","@id":"https:\/\/paripesalat.com\/fr\/application-de-paris-sportifs\/#breadcrumb","itemListElement":[{"@type":"ListItem","position":1,"name":"Home","item":"https:\/\/paripesalat.com\/fr\/"},{"@type":"ListItem","position":2,"name":"Application de paris sportifs au C\u00f4te d&#8217;Ivoire"}]},{"@type":"WebSite","@id":"https:\/\/paripesalat.com\/#website","url":"https:\/\/paripesalat.com\/","name":"PariPesa FRANCE: SITE DE PARIS S\u00c9CURIS\u00c9 SUR L\u2019ARGENT","description":"","potentialAction":[{"@type":"SearchAction","target":{"@type":"EntryPoint","urlTemplate":"https:\/\/paripesalat.com\/?s={search_term_string}"},"query-input":{"@type":"PropertyValueSpecification","valueRequired":true,"valueName":"search_term_string"}}],"inLanguage":"fr-FR"}]}},"_links":{"self":[{"href":"https:\/\/paripesalat.com\/fr\/wp-json\/wp\/v2\/pages\/1987","targetHints":{"allow":["GET"]}}],"collection":[{"href":"https:\/\/paripesalat.com\/fr\/wp-json\/wp\/v2\/pages"}],"about":[{"href":"https:\/\/paripesalat.com\/fr\/wp-json\/wp\/v2\/types\/page"}],"author":[{"embeddable":true,"href":"https:\/\/paripesalat.com\/fr\/wp-json\/wp\/v2\/users\/1"}],"replies":[{"embeddable":true,"href":"https:\/\/paripesalat.com\/fr\/wp-json\/wp\/v2\/comments?post=1987"}],"version-history":[{"count":19,"href":"https:\/\/paripesalat.com\/fr\/wp-json\/wp\/v2\/pages\/1987\/revisions"}],"predecessor-version":[{"id":5081,"href":"https:\/\/paripesalat.com\/fr\/wp-json\/wp\/v2\/pages\/1987\/revisions\/5081"}],"wp:attachment":[{"href":"https:\/\/paripesalat.com\/fr\/wp-json\/wp\/v2\/media?parent=1987"}],"curies":[{"name":"wp","href":"https:\/\/api.w.org\/{rel}","templated":true}]}}