{"id":1980,"date":"2025-05-14T08:48:11","date_gmt":"2025-05-14T05:48:11","guid":{"rendered":"https:\/\/paripesalat.com\/?page_id=1980"},"modified":"2026-02-24T14:59:14","modified_gmt":"2026-02-24T11:59:14","slug":"pronostics-de-foot","status":"publish","type":"page","link":"https:\/\/paripesalat.com\/fr\/pronostics-de-foot\/","title":{"rendered":"Pronostics de foot"},"content":{"rendered":"<table class=\"feature-table\" style=\"box-shadow: inset 0 0 10px 3px rgb(247 247 247 \/ 60%), 0 0 10px 3px #7e87f1 !important; padding: 15px; width: 100%;\">\n<tbody>\n<tr>\n<td>\n<div class=\"feature-name\" style=\"font-weight: bold; color: #000080;\">\ud83d\udcda Table des mati\u00e8res<\/div>\n<div class=\"feature-value\">\n<ol>\n<li><a style=\"color: #000080;\" href=\"#pronostics\">Comment r\u00e9ussir les pronostics de foot en tant que parieur du Cameroun, de la Cat Di Voir et du S\u00e9n\u00e9gal ?<\/a><\/li>\n<li><a style=\"color: #000080;\" href=\"#Analyser\">Analyser les \u00e9quipes avant de faire ses pronostics de foot<\/a><\/li>\n<li><a style=\"color: #000080;\" href=\"#statistiques\">\u00c9tudier les statistiques et les confrontations directes avant les paris sportif foot<\/a><\/li>\n<li><a style=\"color: #000080;\" href=\"#actualit\u00e9s\">Suivre les actualit\u00e9s sportives depuis la Cat Di Voir ou n\u2019importe quel autre pays en Afrique<\/a><\/li>\n<li><a style=\"color: #000080;\" href=\"#tipsters\">Pourquoi suivre des tipsters pour les pronostics de football ?<\/a><\/li>\n<li><a style=\"color: #000080;\" href=\"#Pr\u00e9dictions\">Pr\u00e9dictions de football : comment g\u00e9rer intelligemment sa bankroll pour les pronostics de foot<\/a><\/li>\n<\/ol>\n<\/div>\n<\/td>\n<\/tr>\n<\/tbody>\n<\/table>\n<h2 id=\"pronostics\">Comment les sites de pronostics football aident les parieurs du Cameroun, de la C\u00f4te d\u2019Ivoire et du S\u00e9n\u00e9gal ?<\/h2>\n<p>La majorit\u00e9 des parieurs africains, notamment les utilisateurs de <a href=\"https:\/\/paripesalat.com\/fr\/\">Paripesa Senegal<\/a>, sont naturellement passionn\u00e9s de football. Gr\u00e2ce \u00e0 une bonne connaissance du sport et des diff\u00e9rentes \u00e9quipes, ils poss\u00e8dent un v\u00e9ritable potentiel pour formuler des pronostics de foot pertinents. Lorsqu\u2019il est associ\u00e9 \u00e0 une solide capacit\u00e9 d\u2019analyse, ce potentiel peut consid\u00e9rablement augmenter les chances de succ\u00e8s dans vos paris. C\u2019est l\u00e0 que les <strong>sites de pronostics football<\/strong> deviennent des alli\u00e9s pr\u00e9cieux : ils fournissent des analyses d\u00e9taill\u00e9es, des statistiques fiables et des conseils d\u2019experts pour guider les d\u00e9cisions de mise. Voici quelques astuces et strat\u00e9gies recommand\u00e9es par les sp\u00e9cialistes du pari sportif foot.<\/p>\n<div style=\"text-align: center;\"><img loading=\"lazy\" decoding=\"async\" class=\"alignnone size-full wp-image-870\" style=\"box-shadow: inset 0 0 10px 3px rgb(52 209 95 \/ 60%), 0 0 10px 3px #7e87f1 !important;\" title=\"sites de pronostics football\" src=\"https:\/\/paripesalat.com\/wp-content\/uploads\/2025\/10\/sites-de-pronostics-football.jpg\" alt=\"sites de pronostics football\" width=\"900\" height=\"333\" \/><\/div>\n<h3 id=\"Analyser\">Analyser les \u00e9quipes avant de faire ses pronostics de foot<\/h3>\n<p>Il est capital de prendre le temps d\u2019analyser les \u00e9quipes avant de placer un pari. Vous devez conna\u00eetre la forme actuelle des \u00e9quipes concern\u00e9es par la rencontre sur laquelle vous souhaitez miser. Pour cela, il faut consulter leurs r\u00e9sultats sur les cinq voire dix derniers matchs. L\u2019analyse d\u2019avant-match implique aussi d\u2019identifier les blessures et les suspensions qui sont susceptibles d\u2019influer sur la performance d\u2019une \u00e9quipe. La derni\u00e8re \u00e9tape de votre analyse des \u00e9quipes consiste \u00e0 comparer les performances de chacune des \u00e9quipes lorsqu\u2019elles jouent \u00e0 domicile ou \u00e0 l\u2019ext\u00e9rieur.<\/p>\n<h3 id=\"statistiques\">\u00c9tudier les statistiques et les confrontations directes avant les paris sportif foot<\/h3>\n<p>Les donn\u00e9es statistiques sont importantes dans la mesure o\u00f9 elles permettent d\u2019affiner ses pr\u00e9dictions. Parmi les \u00e9l\u00e9ments \u00e0 \u00e9tudier, il y a les face-\u00e0-face entre les \u00e9quipes. En effet, les derbys et les classiques sont des matchs sp\u00e9ciaux qui offrent bien souvent des surprises. Le nombre de buts que chaque \u00e9quipe marque ou encaisse en moyenne est \u00e9galement une statistique \u00e0 analyser. Il faut aussi \u00e9tudier les tendances sp\u00e9cifiques \u00e0 certains championnats, comme la fr\u00e9quence des matchs nuls.<\/p>\n<h3 id=\"actualit\u00e9s\">Suivre les actualit\u00e9s sportives depuis la Cat Di Voir ou n\u2019importe quel autre pays en Afrique<\/h3>\n<p>Avec l\u2019essor technologique et l\u2019accessibilit\u00e9 d\u2019Internet, peu importe le pays dans lequel vous vivez, vous n\u2019avez pas d\u2019excuse pour ne pas suivre l\u2019actualit\u00e9 sportive en tant qu\u2019adepte de pronostics de football. \u00c0 l\u2019\u00e8re des r\u00e9seaux sociaux, tous les grands m\u00e9dias sportifs d\u00e9tiennent une page convenablement anim\u00e9e o\u00f9 ils tiennent inform\u00e9s les passionn\u00e9s de sports. En vous informant sur les actualit\u00e9s sportives comme les crises internes ou les d\u00e9cisions surprenantes de certains entra\u00eeneurs de ne pas faire jouer des joueurs cl\u00e9s, vous limitez consid\u00e9rablement le risque de faire des <strong>pronostics de foot<\/strong> biais\u00e9s.<\/p>\n<h2 id=\"tipsters\">Pourquoi suivre des tipsters pour les pronostics de football ?<\/h2>\n<p>Si vous n\u2019\u00eates pas particuli\u00e8rement fan de foot et que vous souhaitez tout de m\u00eame parier sur cette discipline, ou si vous n\u2019avez pas le temps d\u2019appliquer les pr\u00e9c\u00e9dents conseils prodigu\u00e9s, alors vous devriez suivre les tipsters. Il existe deux cat\u00e9gories de tipsters :<\/p>\n<ul>\n<li>Les tipsters gratuits : ils proposent des <strong>pronostics de foot<\/strong> \u00e0 ceux qui rejoignent leur canal Telegram, et ce, sans frais. La contrepartie est de cr\u00e9er un nouveau compte de jeu avec leur code promo.<\/li>\n<li>Les tipsters payants : ils poss\u00e8dent aussi des canaux Telegram qu\u2019il faut rejoindre en payant un abonnement (souvent mensuel). Les pronostics de foot de ce type de tipsters sont plus peaufin\u00e9s puisque le service est r\u00e9mun\u00e9r\u00e9.<\/li>\n<\/ul>\n<p>Que vous payiez ou pas pour suivre un tipster, gardez \u00e0 l\u2019esprit que leur aide n\u2019offre pas la garantie de gains.<\/p>\n<div style=\"text-align: center;\"><img loading=\"lazy\" decoding=\"async\" class=\"alignnone size-full wp-image-870\" style=\"box-shadow: inset 0 0 10px 3px rgb(52 209 95 \/ 60%), 0 0 10px 3px #7e87f1 !important;\" title=\"pronostics de foot\" src=\"https:\/\/paripesalat.com\/wp-content\/uploads\/2025\/10\/pronostics-de-foot.jpg\" alt=\"pronostics de foot\" width=\"900\" height=\"290\" \/><\/div>\n<h3 id=\"Pr\u00e9dictions\">Pr\u00e9dictions de football : comment g\u00e9rer intelligemment sa bankroll pour les pronostics de foot<\/h3>\n<p>Une bonne gestion de bankroll vous permettra d\u2019\u00e9viter les pertes excessives tout en maximisant vos gains lorsque les pronostics sont corrects. Un tableau sera plus parlant pour illustrer cela :<\/p>\n<table class=\"feature-table\" style=\"box-shadow: inset 0 0 10px 3px rgba(173, 216, 230, 0.7), 0 0 10px 3px #add8e6 !important; padding: 15px; width: 100%; border-collapse: collapse; font-family: Arial, sans-serif;\">\n<thead>\n<tr>\n<th style=\"background-color: #e6f2ff; color: #003366; font-size: 18px; padding: 10px;\">\ud83d\udcca Nombre de paris<\/th>\n<th style=\"background-color: #e6f2ff; color: #003366; font-size: 18px; padding: 10px;\">\ud83d\udcb0 Capital de d\u00e9part (F CFA)<\/th>\n<th style=\"background-color: #e6f2ff; color: #003366; font-size: 18px; padding: 10px;\">\ud83c\udfaf Mise (5% de la bankroll)<\/th>\n<th style=\"background-color: #e6f2ff; color: #003366; font-size: 18px; padding: 10px;\">\ud83d\udcc8 R\u00e9sultat du pari<\/th>\n<th style=\"background-color: #e6f2ff; color: #003366; font-size: 18px; padding: 10px;\">\ud83d\udce5 Gain\/Perte (F CFA)<\/th>\n<th style=\"background-color: #e6f2ff; color: #003366; font-size: 18px; padding: 10px;\">\ud83d\udcbc Nouveau capital (F CFA)<\/th>\n<\/tr>\n<\/thead>\n<tbody>\n<tr>\n<td style=\"padding: 10px;\">1<\/td>\n<td style=\"padding: 10px;\">100 000<\/td>\n<td style=\"padding: 10px;\">5 000<\/td>\n<td style=\"padding: 10px;\">\u2705 Gagn\u00e9 (Cote 2.0)<\/td>\n<td style=\"padding: 10px;\">+5 000<\/td>\n<td style=\"padding: 10px;\">105 000<\/td>\n<\/tr>\n<tr>\n<td style=\"padding: 10px;\">2<\/td>\n<td style=\"padding: 10px;\">105 000<\/td>\n<td style=\"padding: 10px;\">5 205<\/td>\n<td style=\"padding: 10px;\">\u274c Perdu<\/td>\n<td style=\"padding: 10px;\">-5 000<\/td>\n<td style=\"padding: 10px;\">100 000<\/td>\n<\/tr>\n<tr>\n<td style=\"padding: 10px;\">3<\/td>\n<td style=\"padding: 10px;\">100 000<\/td>\n<td style=\"padding: 10px;\">5 000<\/td>\n<td style=\"padding: 10px;\">\u2705 Gagn\u00e9 (Cote 1.8)<\/td>\n<td style=\"padding: 10px;\">+5 000<\/td>\n<td style=\"padding: 10px;\">105 000<\/td>\n<\/tr>\n<tr>\n<td style=\"padding: 10px;\">4<\/td>\n<td style=\"padding: 10px;\">105 000<\/td>\n<td style=\"padding: 10px;\">5 250<\/td>\n<td style=\"padding: 10px;\">\u2705 Gagn\u00e9 (Cote 2.5)<\/td>\n<td style=\"padding: 10px;\">+7 875<\/td>\n<td style=\"padding: 10px;\">112 875<\/td>\n<\/tr>\n<tr>\n<td style=\"padding: 10px;\">5<\/td>\n<td style=\"padding: 10px;\">112 875<\/td>\n<td style=\"padding: 10px;\">5 643<\/td>\n<td style=\"padding: 10px;\">\u274c Perdu<\/td>\n<td style=\"padding: 10px;\">-5 250<\/td>\n<td style=\"padding: 10px;\">107 500<\/td>\n<\/tr>\n<tr>\n<td style=\"padding: 10px;\">6<\/td>\n<td style=\"padding: 10px;\">107 500<\/td>\n<td style=\"padding: 10px;\">5 375<\/td>\n<td style=\"padding: 10px;\">\u2705 Gagn\u00e9 (Cote 1.8)<\/td>\n<td style=\"padding: 10px;\">+4 300<\/td>\n<td style=\"padding: 10px;\">112 875<\/td>\n<\/tr>\n<tr>\n<td style=\"padding: 10px;\">7<\/td>\n<td style=\"padding: 10px;\">112 875<\/td>\n<td style=\"padding: 10px;\">5 643<\/td>\n<td style=\"padding: 10px;\">\u2705 Gagn\u00e9 (Cote 2.2)<\/td>\n<td style=\"padding: 10px;\">+6 951<\/td>\n<td style=\"padding: 10px;\">119 826<\/td>\n<\/tr>\n<\/tbody>\n<\/table>\n<p>&nbsp;<\/p>\n","protected":false},"excerpt":{"rendered":"<p>\ud83d\udcda Table des mati\u00e8res Comment r\u00e9ussir les pronostics de foot en tant que parieur du Cameroun, de la Cat Di Voir et du S\u00e9n\u00e9gal ? Analyser les \u00e9quipes avant de faire ses pronostics de foot \u00c9tudier les statistiques et les confrontations directes avant les paris sportif foot Suivre les actualit\u00e9s sportives depuis la Cat Di [&hellip;]<\/p>\n","protected":false},"author":1,"featured_media":0,"parent":0,"menu_order":0,"comment_status":"closed","ping_status":"closed","template":"","meta":{"_sitemap_exclude":false,"_sitemap_priority":"","_sitemap_frequency":"","footnotes":""},"class_list":["post-1980","page","type-page","status-publish","hentry"],"acf":[],"yoast_head":"<!-- This site is optimized with the Yoast SEO plugin v23.7 - https:\/\/yoast.com\/wordpress\/plugins\/seo\/ -->\n<title>\u1409 Sites de Pronostics Football | S\u00e9n\u00e9gal &amp; C\u00f4te d\u2019Ivoire \u261b<\/title>\n<meta name=\"description\" content=\"Sites de pronostics football fiables \u21d2 gagnez en XOF, suivez les matchs africains et misez malin depuis le S\u00e9n\u00e9gal ou la C\u00f4te d\u2019Ivoire.\" \/>\n<meta name=\"robots\" content=\"index, follow, max-snippet:-1, max-image-preview:large, max-video-preview:-1\" \/>\n<meta property=\"og:locale\" content=\"fr_FR\" \/>\n<meta property=\"og:type\" content=\"article\" \/>\n<meta property=\"og:title\" content=\"\u1409 Sites de Pronostics Football | S\u00e9n\u00e9gal &amp; C\u00f4te d\u2019Ivoire \u261b\" \/>\n<meta property=\"og:description\" content=\"Sites de pronostics football fiables \u21d2 gagnez en XOF, suivez les matchs africains et misez malin depuis le S\u00e9n\u00e9gal ou la C\u00f4te d\u2019Ivoire.\" \/>\n<meta property=\"og:url\" content=\"https:\/\/paripesalat.com\/fr\/pronostics-de-foot\/\" \/>\n<meta property=\"og:site_name\" content=\"PariPesa FRANCE: SITE DE PARIS S\u00c9CURIS\u00c9 SUR L\u2019ARGENT\" \/>\n<meta property=\"article:modified_time\" content=\"2026-02-24T11:59:14+00:00\" \/>\n<meta property=\"og:image\" content=\"https:\/\/paripesalat.com\/wp-content\/uploads\/2024\/05\/Sitio-web-Paripesa-es.webp\" \/>\n\t<meta property=\"og:image:width\" content=\"700\" \/>\n\t<meta property=\"og:image:height\" content=\"435\" \/>\n\t<meta property=\"og:image:type\" content=\"image\/webp\" \/>\n<meta name=\"twitter:card\" content=\"summary_large_image\" \/>\n<meta name=\"twitter:label1\" content=\"Dur\u00e9e de lecture estim\u00e9e\" \/>\n\t<meta name=\"twitter:data1\" content=\"4 minutes\" \/>\n<!-- \/ Yoast SEO plugin. -->","yoast_head_json":{"title":"\u1409 Sites de Pronostics Football | S\u00e9n\u00e9gal & C\u00f4te d\u2019Ivoire \u261b","description":"Sites de pronostics football fiables \u21d2 gagnez en XOF, suivez les matchs africains et misez malin depuis le S\u00e9n\u00e9gal ou la C\u00f4te d\u2019Ivoire.","robots":{"index":"index","follow":"follow","max-snippet":"max-snippet:-1","max-image-preview":"max-image-preview:large","max-video-preview":"max-video-preview:-1"},"og_locale":"fr_FR","og_type":"article","og_title":"\u1409 Sites de Pronostics Football | S\u00e9n\u00e9gal & C\u00f4te d\u2019Ivoire \u261b","og_description":"Sites de pronostics football fiables \u21d2 gagnez en XOF, suivez les matchs africains et misez malin depuis le S\u00e9n\u00e9gal ou la C\u00f4te d\u2019Ivoire.","og_url":"https:\/\/paripesalat.com\/fr\/pronostics-de-foot\/","og_site_name":"PariPesa FRANCE: SITE DE PARIS S\u00c9CURIS\u00c9 SUR L\u2019ARGENT","article_modified_time":"2026-02-24T11:59:14+00:00","og_image":[{"width":700,"height":435,"url":"https:\/\/paripesalat.com\/wp-content\/uploads\/2024\/05\/Sitio-web-Paripesa-es.webp","type":"image\/webp"}],"twitter_card":"summary_large_image","twitter_misc":{"Dur\u00e9e de lecture estim\u00e9e":"4 minutes"},"schema":{"@context":"https:\/\/schema.org","@graph":[{"@type":"WebPage","@id":"https:\/\/paripesalat.com\/fr\/pronostics-de-foot\/","url":"https:\/\/paripesalat.com\/fr\/pronostics-de-foot\/","name":"\u1409 Sites de Pronostics Football | S\u00e9n\u00e9gal & C\u00f4te d\u2019Ivoire \u261b","isPartOf":{"@id":"https:\/\/paripesalat.com\/#website"},"primaryImageOfPage":{"@id":"https:\/\/paripesalat.com\/fr\/pronostics-de-foot\/#primaryimage"},"image":{"@id":"https:\/\/paripesalat.com\/fr\/pronostics-de-foot\/#primaryimage"},"thumbnailUrl":"https:\/\/paripesalat.com\/wp-content\/uploads\/2025\/10\/sites-de-pronostics-football.jpg","datePublished":"2025-05-14T05:48:11+00:00","dateModified":"2026-02-24T11:59:14+00:00","description":"Sites de pronostics football fiables \u21d2 gagnez en XOF, suivez les matchs africains et misez malin depuis le S\u00e9n\u00e9gal ou la C\u00f4te d\u2019Ivoire.","breadcrumb":{"@id":"https:\/\/paripesalat.com\/fr\/pronostics-de-foot\/#breadcrumb"},"inLanguage":"fr-FR","potentialAction":[{"@type":"ReadAction","target":["https:\/\/paripesalat.com\/fr\/pronostics-de-foot\/"]}]},{"@type":"ImageObject","inLanguage":"fr-FR","@id":"https:\/\/paripesalat.com\/fr\/pronostics-de-foot\/#primaryimage","url":"https:\/\/paripesalat.com\/wp-content\/uploads\/2025\/10\/sites-de-pronostics-football.jpg","contentUrl":"https:\/\/paripesalat.com\/wp-content\/uploads\/2025\/10\/sites-de-pronostics-football.jpg"},{"@type":"BreadcrumbList","@id":"https:\/\/paripesalat.com\/fr\/pronostics-de-foot\/#breadcrumb","itemListElement":[{"@type":"ListItem","position":1,"name":"Home","item":"https:\/\/paripesalat.com\/fr\/"},{"@type":"ListItem","position":2,"name":"Pronostics de foot"}]},{"@type":"WebSite","@id":"https:\/\/paripesalat.com\/#website","url":"https:\/\/paripesalat.com\/","name":"PariPesa FRANCE: SITE DE PARIS S\u00c9CURIS\u00c9 SUR L\u2019ARGENT","description":"","potentialAction":[{"@type":"SearchAction","target":{"@type":"EntryPoint","urlTemplate":"https:\/\/paripesalat.com\/?s={search_term_string}"},"query-input":{"@type":"PropertyValueSpecification","valueRequired":true,"valueName":"search_term_string"}}],"inLanguage":"fr-FR"}]}},"_links":{"self":[{"href":"https:\/\/paripesalat.com\/fr\/wp-json\/wp\/v2\/pages\/1980","targetHints":{"allow":["GET"]}}],"collection":[{"href":"https:\/\/paripesalat.com\/fr\/wp-json\/wp\/v2\/pages"}],"about":[{"href":"https:\/\/paripesalat.com\/fr\/wp-json\/wp\/v2\/types\/page"}],"author":[{"embeddable":true,"href":"https:\/\/paripesalat.com\/fr\/wp-json\/wp\/v2\/users\/1"}],"replies":[{"embeddable":true,"href":"https:\/\/paripesalat.com\/fr\/wp-json\/wp\/v2\/comments?post=1980"}],"version-history":[{"count":17,"href":"https:\/\/paripesalat.com\/fr\/wp-json\/wp\/v2\/pages\/1980\/revisions"}],"predecessor-version":[{"id":5029,"href":"https:\/\/paripesalat.com\/fr\/wp-json\/wp\/v2\/pages\/1980\/revisions\/5029"}],"wp:attachment":[{"href":"https:\/\/paripesalat.com\/fr\/wp-json\/wp\/v2\/media?parent=1980"}],"curies":[{"name":"wp","href":"https:\/\/api.w.org\/{rel}","templated":true}]}}