{"id":1970,"date":"2025-05-13T15:21:56","date_gmt":"2025-05-13T12:21:56","guid":{"rendered":"https:\/\/paripesalat.com\/?page_id=1970"},"modified":"2026-02-24T14:58:35","modified_gmt":"2026-02-24T11:58:35","slug":"paris-sportifs","status":"publish","type":"page","link":"https:\/\/paripesalat.com\/fr\/paris-sportifs\/","title":{"rendered":"Paris sportifs au Cameroun"},"content":{"rendered":"<table class=\"feature-table\" style=\"box-shadow: inset 0 0 10px 3px rgb(247 247 247 \/ 60%), 0 0 10px 3px #7e87f1 !important; padding: 15px; width: 100%;\">\n<tbody>\n<tr>\n<td>\n<div class=\"feature-name\" style=\"font-weight: bold; color: #000080;\">\ud83d\udcda Table des mati\u00e8res<\/div>\n<div class=\"feature-value\">\n<ol>\n<li><a style=\"color: #000080;\" href=\"#Cameroun\">Paris sportifs au Cameroun : comment trouver les meilleurs sites pour parier ?<\/a><\/li>\n<li><a style=\"color: #000080;\" href=\"#Historique\">Historique des paris sportifs au cameroun<\/a><\/li>\n<li><a style=\"color: #000080;\" href=\"#Conditions\">Conditions l\u00e9gales pour jouer sur les sites de paris sportifs au Cameroun<\/a><\/li>\n<li><a style=\"color: #000080;\" href=\"#Comment\">Comment profiter des paris sportifs si je vis au Cameroun ?<\/a><\/li>\n<li><a style=\"color: #000080;\" href=\"#sites\">Jouer sur les sites de paris sportifs au Cameroun fiables<\/a><\/li>\n<li><a style=\"color: #000080;\" href=\"#bookmaker\">Comment choisir un bon bookmaker au Cameroun ?<\/a><\/li>\n<li><a style=\"color: #000080;\" href=\"#\u00e9v\u00e9nements\">Les \u00e9v\u00e9nements favoris sur lesquels les Camerounais aiment parier<\/a><\/li>\n<li><a style=\"color: #000080;\" href=\"#Avantages\">Avantages et inconv\u00e9nients des sites pour parier sur le sport<\/a><\/li>\n<\/ol>\n<\/div>\n<\/td>\n<\/tr>\n<\/tbody>\n<\/table>\n<h2 id=\"Cameroun\">Paris sportifs au Cameroun : comment trouver les meilleurs sites pour parier ?<\/h2>\n<p>Le Cameroun est consid\u00e9r\u00e9 comme l\u2019un des pays o\u00f9 les paris sportifs sont les plus appr\u00e9ci\u00e9s. Selon certaines statistiques, plus de 22,6% de la population camerounaise s\u2019adonne \u00e0 des activit\u00e9s de paris sur le sport. Dans cette revue, nous expliquons comment fonctionne cette activit\u00e9 et o\u00f9 trouver les sites de paris sportifs au Cameroun les plus int\u00e9ressants.<\/p>\n<div style=\"text-align: center;\"><img loading=\"lazy\" decoding=\"async\" class=\"alignnone size-full wp-image-870\" style=\"box-shadow: inset 0 0 10px 3px rgb(52 209 95 \/ 60%), 0 0 10px 3px #7e87f1 !important;\" title=\"paris sportifs en ligne\" src=\"https:\/\/paripesalat.com\/wp-content\/uploads\/2025\/08\/paris-sportifs-en-ligne.jpg\" alt=\"paris sportifs en ligne\" width=\"900\" height=\"346\" \/><\/div>\n<h2 id=\"Historique\">Historique des paris sportifs au cameroun<\/h2>\n<p>Les paris sportifs au Cameroun n\u2019ont pas commenc\u00e9 avec les bookmakers modernes. On prenait d\u00e9j\u00e0 des paris depuis bien longtemps lors des combats de lutte locaux ou encore lors des jeux traditionnels.<\/p>\n<p>Il faut bien s\u00fbr souligner que les jeux d\u2019argent ont \u00e9t\u00e9 interdits un temps dans le pays, avant d\u2019\u00eatre rendus l\u00e9gaux en 1992 par le d\u00e9cret n\u00b0 92\/050\/PM du 17\/02\/1992.<\/p>\n<p>Les paris sportifs ont commenc\u00e9 \u00e0 prendre une forme plus officielle dans le pays \u00e0 partir des ann\u00e9es 2000 avec l\u2019apparition de certains bookmakers \u00e9trangers. Plus tard, en 2015, la loi n\u00b0 2015\/012 du 16 juillet 2015 a permis au gouvernement de promouvoir le d\u00e9veloppement \u00e9quilibr\u00e9 et \u00e9quitable des divers types de jeux d\u2019argent accept\u00e9s au Cameroun.<\/p>\n<h3 id=\"Conditions\">Conditions l\u00e9gales pour jouer sur les sites de paris sportifs au Cameroun<\/h3>\n<p>Il existe dans Douala, Garoua, Bafoussam, Bamenda, Bu\u00e9a, Ya ound\u00e9 et dans d\u2019autres grandes villes, des centres physiques o\u00f9 il est possible de parier en toute l\u00e9galit\u00e9 sur des comp\u00e9titions de football, basketball, boxe, etc.<\/p>\n<p>Le pays n\u2019impose aucune restriction particuli\u00e8re si ses habitants d\u00e9cident de s\u2019inscrire et de jouer chez des op\u00e9rateurs \u00e9trangers. Il faut toutefois avoir au moins 18 ans pour s\u2019adonner l\u00e9galement aux paris sportifs.<\/p>\n<h2 id=\"Comment\">Comment profiter des paris sportifs si je vis au Cameroun ?<\/h2>\n<p>Il n\u2019y a rien de plus simple. La premi\u00e8re option reste de vous rendre dans l\u2019un des nombreux centres de paris disponibles sur toute l\u2019\u00e9tendue du territoire pour jouer.<\/p>\n<div style=\"text-align: center;\"><img loading=\"lazy\" decoding=\"async\" class=\"alignnone size-full wp-image-870\" style=\"box-shadow: inset 0 0 10px 3px rgb(52 209 95 \/ 60%), 0 0 10px 3px #7e87f1 !important;\" title=\"tous les paris sportifs\" src=\"https:\/\/paripesalat.com\/wp-content\/uploads\/2025\/08\/tous-les-paris-sportifs.jpg\" alt=\"tous les paris sportifs\" width=\"900\" height=\"336\" \/><\/div>\n<p>La 2\u00e8me option, qui est bien plus simple, consiste \u00e0 parier sur un bookmaker en ligne. Aujourd\u2019hui, les parieurs camerounais trouvent plus ais\u00e9 de parier depuis les sites web ou les applications mobiles que proposent les bookmakers.<\/p>\n<p>Pour ce faire, il vous suffit de :<\/p>\n<ol>\n<li>\u00c9tape 1 : Choisir le site qui vous convient<\/li>\n<li>\u00c9tape 2 : Vous inscrire en entrant vos informations correctes<\/li>\n<li>\u00c9tape 3 : Faire un d\u00e9p\u00f4t d\u2019argent r\u00e9el pour activer votre compte<\/li>\n<li>\u00c9tape 4 : S\u00e9lectionner l\u2019\u00e9v\u00e9nement de votre choix pour parier.<\/li>\n<\/ol>\n<h2 id=\"sites\">Jouer sur les sites de paris sportifs au Cameroun fiables<\/h2>\n<p>Il existe plusieurs sites en ligne, mais certains ne sont pas recommandables. Il est donc important de savoir d\u00e9nicher un bookmaker digne de confiance. Par ailleurs, vous devez conna\u00eetre les \u00e9v\u00e9nements populaires au Cameroun afin de trouver de l\u2019aide et des pronos chez un comp\u00e8re parieur.<\/p>\n<h2 id=\"bookmaker\">Comment choisir un bon bookmaker au Cameroun ?<\/h2>\n<p>Avant de s\u00e9lectionner votre site de paris sportifs, prenez le temps de v\u00e9rifier :<\/p>\n<ul>\n<li>Sa r\u00e9putation : Parcourez les avis afin d\u2019\u00eatre certain qu\u2019il s\u2019agit d\u2019un site digne de confiance.<\/li>\n<li>Les bonus offerts : Avec de g\u00e9n\u00e9reux bonus, vous pourrez augmenter votre bankroll pour jouer plus longtemps. Il faudra bien s\u00fbr veiller \u00e0 choisir des bonus avec des conditions abordables.<\/li>\n<li>Son accessibilit\u00e9 sur mobile : Le bookmaker doit offrir une exp\u00e9rience optimale sur mobile.<\/li>\n<li>Les m\u00e9thodes de paiement accept\u00e9es : Le site doit proposer des processeurs populaires comme Visa, Orange Money, MTN Mobile Money, etc., qui permettent d\u2019envoyer et de recevoir de l\u2019argent au Cameroun.<\/li>\n<li>Les \u00e9v\u00e9nements et cotes propos\u00e9s : Le site doit proposer non seulement plusieurs sports, mais \u00e9galement un grand nombre d&rsquo;\u00e9v\u00e9nements avec des cotes avantageuses<\/li>\n<\/ul>\n<h3 id=\"\u00e9v\u00e9nements\">Les \u00e9v\u00e9nements favoris sur lesquels les Camerounais aiment parier<\/h3>\n<p>Le football vient en t\u00eate de liste des \u00e9v\u00e9nements pr\u00e9f\u00e9r\u00e9s pour les paris sportifs au Cameroun. Les parieurs appr\u00e9cient les comp\u00e9titions comme la Champions League, la Premier League anglaise, la Liga et la Serie A. Les matchs de la CAN et de la Coupe du Monde sont \u00e9galement au centre des choix.<\/p>\n<p>Hormis le football, le basketball, le tennis, et plus r\u00e9cemment le MMA (avec les succ\u00e8s retentissants de Francis Ngannou et de C\u00e9dric Doumb\u00e9) gagnent de plus en plus en popularit\u00e9 aupr\u00e8s des amateurs de paris sportifs au Cameroun.<\/p>\n<table class=\"feature-table\" style=\"box-shadow: inset 0 0 10px 3px rgba(230, 220, 250, 0.7), 0 0 10px 3px #7e87f1 !important; padding: 15px; width: 100%; border-collapse: collapse; font-family: Arial, sans-serif;\">\n<thead>\n<tr>\n<th style=\"background-color: #f8f0ff; color: #7e87f1; font-size: 20px; padding: 10px; text-align: left;\" colspan=\"2\">\ud83c\udfaf \u00c9v\u00e9nements Pr\u00e9f\u00e9r\u00e9s pour les Paris Sportifs<\/th>\n<\/tr>\n<\/thead>\n<tbody>\n<tr>\n<td style=\"padding: 10px; font-weight: bold;\">\u26bd Ligue des Champions UEFA<\/td>\n<td style=\"padding: 10px;\">Comp\u00e9tition europ\u00e9enne tr\u00e8s suivie, avec des paris populaires sur les buts, les vainqueurs et les scores exacts.<\/td>\n<\/tr>\n<tr>\n<td style=\"padding: 10px; font-weight: bold;\">\ud83c\udfc6 Coupe d\u2019Afrique des Nations (CAN)<\/td>\n<td style=\"padding: 10px;\">\u00c9v\u00e9nement phare pour les parieurs locaux, avec un fort engouement pour les matchs des \u00e9quipes nationales.<\/td>\n<\/tr>\n<tr>\n<td style=\"padding: 10px; font-weight: bold;\">\ud83c\uddeb\ud83c\uddf7 Ligue 1 Fran\u00e7aise<\/td>\n<td style=\"padding: 10px;\">Les clubs comme le PSG attirent beaucoup de paris, surtout parmi les jeunes joueurs francophones.<\/td>\n<\/tr>\n<tr>\n<td style=\"padding: 10px; font-weight: bold;\">\ud83c\udfaf Premier League Anglaise<\/td>\n<td style=\"padding: 10px;\">Tr\u00e8s populaire pour ses cotes \u00e9lev\u00e9es et la vari\u00e9t\u00e9 des march\u00e9s de pari (buteurs, corners, etc.).<\/td>\n<\/tr>\n<tr>\n<td style=\"padding: 10px; font-weight: bold;\">\ud83c\udfc0 NBA<\/td>\n<td style=\"padding: 10px;\">Les fans de basketball misent r\u00e9guli\u00e8rement sur les matchs de la NBA, en particulier les playoffs et les finales.<\/td>\n<\/tr>\n<tr>\n<td style=\"padding: 10px; font-weight: bold;\">\ud83e\udd4a Boxe &amp; UFC<\/td>\n<td style=\"padding: 10px;\">Les combats tr\u00e8s m\u00e9diatis\u00e9s attirent de nombreux parieurs \u00e0 la recherche de sensations fortes.<\/td>\n<\/tr>\n<tr>\n<td style=\"padding: 10px; font-weight: bold;\">\ud83c\udfc7 Courses de chevaux<\/td>\n<td style=\"padding: 10px;\">Encore populaires aupr\u00e8s des anciens joueurs, notamment au S\u00e9n\u00e9gal avec les paris traditionnels.<\/td>\n<\/tr>\n<\/tbody>\n<\/table>\n<h2 id=\"Avantages\">Avantages et inconv\u00e9nients des sites pour parier sur le sport<\/h2>\n<p>Nous avons list\u00e9 dans le tableau ci-dessous les diff\u00e9rents avantages et inconv\u00e9nients que pr\u00e9sentent les sites de paris sportifs au Cameroun.<\/p>\n<table class=\"feature-table\" style=\"box-shadow: inset 0 0 10px 3px rgba(247, 247, 247, 0.6), 0 0 10px 3px #7e87f1 !important; padding: 15px; width: 100%; border-collapse: collapse; font-family: Arial, sans-serif;\">\n<thead>\n<tr>\n<th style=\"background-color: #f0f4ff; color: #000080; font-size: 20px; padding: 10px; text-align: left;\">\u2705 Avantages<\/th>\n<th style=\"background-color: #f0f4ff; color: #000080; font-size: 20px; padding: 10px; text-align: left;\">\u274c Inconv\u00e9nients<\/th>\n<\/tr>\n<\/thead>\n<tbody>\n<tr>\n<td style=\"padding: 10px;\">\ud83d\udd50 Inscription en seulement 1 minute<\/td>\n<td style=\"padding: 10px;\">\ud83d\udcb8 Paiements parfois lents<\/td>\n<\/tr>\n<tr>\n<td style=\"padding: 10px;\">\ud83d\udcbb Accessible depuis PC et mobile<\/td>\n<td style=\"padding: 10px;\">\u26a0\ufe0f Risque de se faire arnaquer<\/td>\n<\/tr>\n<tr>\n<td style=\"padding: 10px;\">\u23f1\ufe0f Aucune limite de temps de jeu<\/td>\n<td style=\"padding: 10px;\"><\/td>\n<\/tr>\n<tr>\n<td style=\"padding: 10px;\">\ud83c\udf81 De g\u00e9n\u00e9reux bonus offerts aux parieurs<\/td>\n<td style=\"padding: 10px;\"><\/td>\n<\/tr>\n<tr>\n<td style=\"padding: 10px;\">\ud83d\udc51 La possibilit\u00e9 de profiter d\u2019un programme VIP<\/td>\n<td style=\"padding: 10px;\"><\/td>\n<\/tr>\n<\/tbody>\n<\/table>\n<p>NB : Tous les sites de paris sportifs au Cameroun ne se valent pas. Nous vous recommandons donc de n&rsquo;utiliser que ceux test\u00e9s et approuv\u00e9s par des experts. <a href=\"https:\/\/paripesalat.com\/fr\/\">PariPesa sports betting<\/a>\u00a0est une plateforme responsable.<\/p>\n","protected":false},"excerpt":{"rendered":"<p>\ud83d\udcda Table des mati\u00e8res Paris sportifs au Cameroun : comment trouver les meilleurs sites pour parier ? Historique des paris sportifs au cameroun Conditions l\u00e9gales pour jouer sur les sites de paris sportifs au Cameroun Comment profiter des paris sportifs si je vis au Cameroun ? Jouer sur les sites de paris sportifs au Cameroun [&hellip;]<\/p>\n","protected":false},"author":1,"featured_media":0,"parent":0,"menu_order":0,"comment_status":"closed","ping_status":"closed","template":"","meta":{"_sitemap_exclude":false,"_sitemap_priority":"","_sitemap_frequency":"","footnotes":""},"class_list":["post-1970","page","type-page","status-publish","hentry"],"acf":[],"yoast_head":"<!-- This site is optimized with the Yoast SEO plugin v23.7 - https:\/\/yoast.com\/wordpress\/plugins\/seo\/ -->\n<title>Les Paris Sportifs au Cameroun | Jouez en FCFA \u1409<\/title>\n<meta name=\"description\" content=\"Les paris sportifs au Cameroun \u21d2 vivez la passion du foot et du basket, gagnez en FCFA et profitez de bonus exclusifs cette ann\u00e9e.\" \/>\n<meta name=\"robots\" content=\"index, follow, max-snippet:-1, max-image-preview:large, max-video-preview:-1\" \/>\n<meta property=\"og:locale\" content=\"fr_FR\" \/>\n<meta property=\"og:type\" content=\"article\" \/>\n<meta property=\"og:title\" content=\"Les Paris Sportifs au Cameroun | Jouez en FCFA \u1409\" \/>\n<meta property=\"og:description\" content=\"Les paris sportifs au Cameroun \u21d2 vivez la passion du foot et du basket, gagnez en FCFA et profitez de bonus exclusifs cette ann\u00e9e.\" \/>\n<meta property=\"og:url\" content=\"https:\/\/paripesalat.com\/fr\/paris-sportifs\/\" \/>\n<meta property=\"og:site_name\" content=\"PariPesa FRANCE: SITE DE PARIS S\u00c9CURIS\u00c9 SUR L\u2019ARGENT\" \/>\n<meta property=\"article:modified_time\" content=\"2026-02-24T11:58:35+00:00\" \/>\n<meta property=\"og:image\" content=\"https:\/\/paripesalat.com\/wp-content\/uploads\/2024\/05\/Sitio-web-Paripesa-es.webp\" \/>\n\t<meta property=\"og:image:width\" content=\"700\" \/>\n\t<meta property=\"og:image:height\" content=\"435\" \/>\n\t<meta property=\"og:image:type\" content=\"image\/webp\" \/>\n<meta name=\"twitter:card\" content=\"summary_large_image\" \/>\n<meta name=\"twitter:label1\" content=\"Dur\u00e9e de lecture estim\u00e9e\" \/>\n\t<meta name=\"twitter:data1\" content=\"5 minutes\" \/>\n<!-- \/ Yoast SEO plugin. -->","yoast_head_json":{"title":"Les Paris Sportifs au Cameroun | Jouez en FCFA \u1409","description":"Les paris sportifs au Cameroun \u21d2 vivez la passion du foot et du basket, gagnez en FCFA et profitez de bonus exclusifs cette ann\u00e9e.","robots":{"index":"index","follow":"follow","max-snippet":"max-snippet:-1","max-image-preview":"max-image-preview:large","max-video-preview":"max-video-preview:-1"},"og_locale":"fr_FR","og_type":"article","og_title":"Les Paris Sportifs au Cameroun | Jouez en FCFA \u1409","og_description":"Les paris sportifs au Cameroun \u21d2 vivez la passion du foot et du basket, gagnez en FCFA et profitez de bonus exclusifs cette ann\u00e9e.","og_url":"https:\/\/paripesalat.com\/fr\/paris-sportifs\/","og_site_name":"PariPesa FRANCE: SITE DE PARIS S\u00c9CURIS\u00c9 SUR L\u2019ARGENT","article_modified_time":"2026-02-24T11:58:35+00:00","og_image":[{"width":700,"height":435,"url":"https:\/\/paripesalat.com\/wp-content\/uploads\/2024\/05\/Sitio-web-Paripesa-es.webp","type":"image\/webp"}],"twitter_card":"summary_large_image","twitter_misc":{"Dur\u00e9e de lecture estim\u00e9e":"5 minutes"},"schema":{"@context":"https:\/\/schema.org","@graph":[{"@type":"WebPage","@id":"https:\/\/paripesalat.com\/fr\/paris-sportifs\/","url":"https:\/\/paripesalat.com\/fr\/paris-sportifs\/","name":"Les Paris Sportifs au Cameroun | Jouez en FCFA \u1409","isPartOf":{"@id":"https:\/\/paripesalat.com\/#website"},"primaryImageOfPage":{"@id":"https:\/\/paripesalat.com\/fr\/paris-sportifs\/#primaryimage"},"image":{"@id":"https:\/\/paripesalat.com\/fr\/paris-sportifs\/#primaryimage"},"thumbnailUrl":"https:\/\/paripesalat.com\/wp-content\/uploads\/2025\/08\/paris-sportifs-en-ligne.jpg","datePublished":"2025-05-13T12:21:56+00:00","dateModified":"2026-02-24T11:58:35+00:00","description":"Les paris sportifs au Cameroun \u21d2 vivez la passion du foot et du basket, gagnez en FCFA et profitez de bonus exclusifs cette ann\u00e9e.","breadcrumb":{"@id":"https:\/\/paripesalat.com\/fr\/paris-sportifs\/#breadcrumb"},"inLanguage":"fr-FR","potentialAction":[{"@type":"ReadAction","target":["https:\/\/paripesalat.com\/fr\/paris-sportifs\/"]}]},{"@type":"ImageObject","inLanguage":"fr-FR","@id":"https:\/\/paripesalat.com\/fr\/paris-sportifs\/#primaryimage","url":"https:\/\/paripesalat.com\/wp-content\/uploads\/2025\/08\/paris-sportifs-en-ligne.jpg","contentUrl":"https:\/\/paripesalat.com\/wp-content\/uploads\/2025\/08\/paris-sportifs-en-ligne.jpg"},{"@type":"BreadcrumbList","@id":"https:\/\/paripesalat.com\/fr\/paris-sportifs\/#breadcrumb","itemListElement":[{"@type":"ListItem","position":1,"name":"Home","item":"https:\/\/paripesalat.com\/fr\/"},{"@type":"ListItem","position":2,"name":"Paris sportifs au Cameroun"}]},{"@type":"WebSite","@id":"https:\/\/paripesalat.com\/#website","url":"https:\/\/paripesalat.com\/","name":"PariPesa FRANCE: SITE DE PARIS S\u00c9CURIS\u00c9 SUR L\u2019ARGENT","description":"","potentialAction":[{"@type":"SearchAction","target":{"@type":"EntryPoint","urlTemplate":"https:\/\/paripesalat.com\/?s={search_term_string}"},"query-input":{"@type":"PropertyValueSpecification","valueRequired":true,"valueName":"search_term_string"}}],"inLanguage":"fr-FR"}]}},"_links":{"self":[{"href":"https:\/\/paripesalat.com\/fr\/wp-json\/wp\/v2\/pages\/1970","targetHints":{"allow":["GET"]}}],"collection":[{"href":"https:\/\/paripesalat.com\/fr\/wp-json\/wp\/v2\/pages"}],"about":[{"href":"https:\/\/paripesalat.com\/fr\/wp-json\/wp\/v2\/types\/page"}],"author":[{"embeddable":true,"href":"https:\/\/paripesalat.com\/fr\/wp-json\/wp\/v2\/users\/1"}],"replies":[{"embeddable":true,"href":"https:\/\/paripesalat.com\/fr\/wp-json\/wp\/v2\/comments?post=1970"}],"version-history":[{"count":18,"href":"https:\/\/paripesalat.com\/fr\/wp-json\/wp\/v2\/pages\/1970\/revisions"}],"predecessor-version":[{"id":5027,"href":"https:\/\/paripesalat.com\/fr\/wp-json\/wp\/v2\/pages\/1970\/revisions\/5027"}],"wp:attachment":[{"href":"https:\/\/paripesalat.com\/fr\/wp-json\/wp\/v2\/media?parent=1970"}],"curies":[{"name":"wp","href":"https:\/\/api.w.org\/{rel}","templated":true}]}}