{"id":3864,"date":"2023-08-30T09:17:46","date_gmt":"2023-08-30T06:17:46","guid":{"rendered":"https:\/\/paripesalat.com\/home\/"},"modified":"2025-12-30T14:31:30","modified_gmt":"2025-12-30T11:31:30","slug":"home","status":"publish","type":"page","link":"https:\/\/paripesalat.com\/fr-bf\/","title":{"rendered":"Home"},"content":{"rendered":"<table class=\"feature-table\" style=\"box-shadow: inset 0 0 10px 3px rgb(247 247 247 \/ 60%), 0 0 10px 3px #7e87f1 !important; padding: 15px; width: 100%;\">\n<tbody>\n<tr>\n<td>\n<div class=\"feature-name\" style=\"font-weight: bold; color: #000080;\">\ud83d\udcda Table des mati\u00e8res<\/div>\n<div class=\"feature-value\">\n<ol>\n<li><a style=\"color: #000080;\" href=\"#BurkinaFaso\">Paripesa Burkina Faso : La R\u00e9f\u00e9rence des Jeux en Ligne S\u00e9curis\u00e9s et Fiables<\/a><\/li>\n<li><a style=\"color: #000080;\" href=\"#Infos\">Infos sur la Licence et la R\u00e9gularit\u00e9<\/a><\/li>\n<li><a style=\"color: #000080;\" href=\"#R\u00e9gionale\">Monnaie Locale et Adaptation R\u00e9gionale<\/a><\/li>\n<li><a style=\"color: #000080;\" href=\"#Commencez\">Commencez votre aventure Paripesa<\/a><\/li>\n<li><a style=\"color: #000080;\" href=\"#Inscription\">Inscription rapide et efficace<\/a><\/li>\n<li><a style=\"color: #000080;\" href=\"#Authentification\">Authentification et Connexion (Paripesa Login)<\/a><\/li>\n<li><a style=\"color: #000080;\" href=\"#T\u00e9l\u00e9charger\">T\u00e9l\u00e9charger Paripesa Sur Tous Vos Appareils<\/a><\/li>\n<li><a style=\"color: #000080;\" href=\"#iOS\">Application pour iOS<\/a><\/li>\n<li><a style=\"color: #000080;\" href=\"#APK\">Paripesa APK T\u00e9l\u00e9charger \u2013 rien de difficile sur Android !<\/a><\/li>\n<li><a style=\"color: #000080;\" href=\"#activit\u00e9s\">Des activit\u00e9s tr\u00e8s vari\u00e9es<\/a><\/li>\n<li><a style=\"color: #000080;\" href=\"#Casino\">L\u2019Univers du Casino<\/a><\/li>\n<li><a style=\"color: #000080;\" href=\"#paris\">Les paris sportifs Paripesa<\/a><\/li>\n<li><a style=\"color: #000080;\" href=\"#Bonus\">Meilleurs Bonus et Promotions<\/a><\/li>\n<li><a style=\"color: #000080;\" href=\"#Fonctionnalit\u00e9s\">Fonctionnalit\u00e9s de la plateforme Paripesa<\/a><\/li>\n<li><a style=\"color: #000080;\" href=\"#Partenaire\">Programme Paripesa Partenaire<\/a><\/li>\n<\/ol>\n<\/div>\n<\/td>\n<\/tr>\n<\/tbody>\n<\/table>\n<h2 id=\"BurkinaFaso\">Paripesa Burkina Faso : La R\u00e9f\u00e9rence des Jeux en Ligne S\u00e9curis\u00e9s et Fiables<\/h2>\n<p>Au Burkina Faso, le pari en ligne prend son envol, et il convient de le dire, <strong>Paripesa Burkina Faso<\/strong> s\u2019affirme indiscutablement comme le vrai leader de cette activit\u00e9 en plein essor. La plateforme sert l\u2019actualit\u00e9 en direct, il faut le noter.<\/p>\n<p>C\u2019est cette constante r\u00e9activit\u00e9 qui lui permet de se positionner avec pertinence et pr\u00e9cision afin de correspondre tant soit peu aux attentes morphologiquement \u00e9lastiques des parieurs locaux. Le tout sous le signe d\u2019une volont\u00e9 affich\u00e9e de se situer au plus pr\u00e8s de la r\u00e9alit\u00e9 du terrain.<\/p>\n<p><img loading=\"lazy\" decoding=\"async\" class=\"size-full wp-image-870 aligncenter\" style=\"box-shadow: inset 0 0 10px 3px rgb(52 209 95 \/ 60%), 0 0 10px 3px #7e87f1 !important;\" title=\"Paripesa Burkina Fasop\" src=\"https:\/\/paripesalat.com\/wp-content\/uploads\/2025\/09\/Paripesa-Burkina-Faso.jpg\" alt=\"Paripesa Burkina Faso\" width=\"900\" height=\"426\" \/><\/p>\n<h3 id=\"Infos\">Infos sur la Licence et la R\u00e9gularit\u00e9<\/h3>\n<p>Dans le domaine de la s\u00e9curit\u00e9, la plateforme recourt au codage AES-256, renforc\u00e9 du 2FA. Aujourd\u2019hui c\u2019est absolument fondamental.<\/p>\n<p>Les donn\u00e9es sensibles sont ainsi logiquement s\u00e9curis\u00e9es. De mani\u00e8re encore plus premium, la plateforme est incontestablement l\u00e9gale et est donc pleinement fiable pour placer vos mises.<\/p>\n<h3 id=\"R\u00e9gionale\">Monnaie Locale et Adaptation R\u00e9gionale<\/h3>\n<p>Ce qui fait la sp\u00e9cificit\u00e9 de cette marque, c\u2019est pr\u00e9cis\u00e9ment sa tr\u00e8s bonne ma\u00eetrise des sp\u00e9cificit\u00e9s locales, dont l\u2019exemple le plus \u00e9vident est l\u2019int\u00e9gration de solutions de paiements rapides.<\/p>\n<p>Bien s\u00fbr, le Franc CFA (XOF) y est accept\u00e9. Paiements mobiles, crypto et virements \u00e9lectroniques assurent une gestion instantan\u00e9e et s\u00e9curis\u00e9e de vos fonds, avec des retraits rapides.<\/p>\n<table class=\"feature-table\" style=\"box-shadow: inset 0 0 10px 3px rgba(80,200,120,0.7), 0 0 10px 3px #7e87f1 !important; padding: 15px; width: 100%; border-collapse: collapse; font-family: Arial, sans-serif;\">\n<thead>\n<tr>\n<th style=\"background-color: #f0fff5; color: #7e87f1; font-size: 20px; padding: 10px; text-align: left;\" colspan=\"2\">\ud83d\udccc Aper\u00e7u Complet de Paripesa pour le Burkina Faso<\/th>\n<\/tr>\n<\/thead>\n<tbody>\n<tr>\n<td style=\"padding: 10px; font-weight: bold;\">\ud83d\udccd Disponibilit\u00e9 Locale<\/td>\n<td style=\"padding: 10px;\">Paripesa accepte les utilisateurs du Burkina Faso avec une interface adapt\u00e9e et paiements en franc CFA (XOF).<\/td>\n<\/tr>\n<tr>\n<td style=\"padding: 10px; font-weight: bold;\">\ud83c\udf81 Offre de Bienvenue<\/td>\n<td style=\"padding: 10px;\">D\u00e9posez et recevez jusqu\u2019\u00e0 100% de bonus + freebets pour les nouveaux joueurs burkinab\u00e9s.<\/td>\n<\/tr>\n<tr>\n<td style=\"padding: 10px; font-weight: bold;\">\ud83d\udcf1 Application Mobile<\/td>\n<td style=\"padding: 10px;\">Disponible en version Android (APK) et accessible sur iOS via navigateur. Optimis\u00e9e pour les connexions faibles.<\/td>\n<\/tr>\n<tr>\n<td style=\"padding: 10px; font-weight: bold;\">\ud83e\uddfe Licence Officielle<\/td>\n<td style=\"padding: 10px;\">Fonctionne sous licence Cura\u00e7ao eGaming, garantissant un environnement de jeu s\u00e9curis\u00e9.<\/td>\n<\/tr>\n<tr>\n<td style=\"padding: 10px; font-weight: bold;\">\ud83d\udd10 S\u00e9curit\u00e9<\/td>\n<td style=\"padding: 10px;\">Technologie SSL, v\u00e9rification des comptes et protection contre les fraudes.<\/td>\n<\/tr>\n<tr>\n<td style=\"padding: 10px; font-weight: bold;\">\ud83d\udcde Assistance Client<\/td>\n<td style=\"padding: 10px;\">Chat en direct, email et aide en fran\u00e7ais pour les utilisateurs du Burkina Faso.<\/td>\n<\/tr>\n<tr>\n<td style=\"padding: 10px; font-weight: bold;\">\u26bd Paris Sportifs<\/td>\n<td style=\"padding: 10px;\">Large s\u00e9lection de ligues africaines, Ligue 1 BF, Europe, CAN, et comp\u00e9titions internationales.<\/td>\n<\/tr>\n<tr>\n<td style=\"padding: 10px; font-weight: bold;\">\ud83c\udfb0 Jeux de Casino<\/td>\n<td style=\"padding: 10px;\">Plus de 9 500 machines \u00e0 sous, jeux en direct, jackpots progressifs et classiques populaires.<\/td>\n<\/tr>\n<tr>\n<td style=\"padding: 10px; font-weight: bold;\">\ud83d\udcb3 M\u00e9thodes de Paiement<\/td>\n<td style=\"padding: 10px;\">Support pour mobile money, cartes bancaires, et crypto-monnaies courantes au Burkina Faso.<\/td>\n<\/tr>\n<tr>\n<td style=\"padding: 10px; font-weight: bold;\">\ud83d\udcc8 Cotes &amp; Promotions<\/td>\n<td style=\"padding: 10px;\">Cotes comp\u00e9titives sur les sports populaires et promotions r\u00e9guli\u00e8res exclusives aux joueurs locaux.<\/td>\n<\/tr>\n<\/tbody>\n<\/table>\n<h2 id=\"Commencez\">Commencez votre aventure Paripesa<\/h2>\n<p>Vous n\u2019avez pas compris comment d\u00e9marrer? C\u2019est encore une fois \u00e9tonnamment simple et surtout tr\u00e8s intuitif. Tout a \u00e9t\u00e9 con\u00e7u pour r\u00e9duire les barri\u00e8res d\u00e8s le d\u00e9part et donner acc\u00e8s \u00e0 tous les services.<\/p>\n<p>Que vous passiez par le site web ou le mobile, le parcours est balis\u00e9. Ne vous attendez pas seulement \u00e0 une exp\u00e9rience s\u00e9curis\u00e9e, mais aussi r\u00e9ellement agr\u00e9able.<\/p>\n<div style=\"text-align: center;\"><img loading=\"lazy\" decoding=\"async\" class=\"alignnone size-full wp-image-870\" style=\"box-shadow: inset 0 0 10px 3px rgb(52 209 95 \/ 60%), 0 0 10px 3px #7e87f1 !important;\" title=\"Paripesa Login\" src=\"https:\/\/paripesalat.com\/wp-content\/uploads\/2025\/09\/Paripesa-Login-1.jpg\" alt=\"Paripesa Login\" width=\"900\" height=\"551\" \/><\/div>\n<h3 id=\"Inscription\">Inscription rapide et efficace<\/h3>\n<p>Vous devez avoir 18 ans ou plus. Quelques instants suffisent pour fournir des informations basiques.<\/p>\n<p>Il faut un num\u00e9ro de t\u00e9l\u00e9phone ou une adresse e-mail. Nous recommandons l&#8217;option &#8220;Par email&#8221; pour plus de simplicit\u00e9.<\/p>\n<h3 id=\"Authentification\">Authentification et Connexion (Paripesa Sign in)<\/h3>\n<p>Se connecter \u00e0 son compte \u00e0 l\u2019aide du <strong>Paripesa sign in<\/strong>\u00a0s\u2019effectue sans souci, mais cela ne signifie pas pour autant qu\u2019il faille faire abstraction de la s\u00e9curit\u00e9. En l\u2019occurrence, on peut s\u2019y fier puisque l\u2019on peut enfin recourir \u00e0 la biom\u00e9trie, empreintes ou reconnaissance faciale, depuis 2024.<\/p>\n<p>La connexion s\u2019\u00e9tablit sereinement, quand bon semble, et avec une V\u00e9rification renforc\u00e9e. Cela permet de b\u00e9n\u00e9ficier \u00e0 la fois d\u2019un acc\u00e8s rapide s\u00e9curis\u00e9.<\/p>\n<h2 id=\"T\u00e9l\u00e9charger\">T\u00e9l\u00e9charger Paripesa Sur Tous Vos Appareils<\/h2>\n<p>L\u2019\u00e9norme avantage est le service universel, la flexibilit\u00e9 sur tous les supports. En bref, que vous ayez un Android, un iPhone ou autre, vous \u00eates couvert ! L\u2019application mobile est remise \u00e0 jour en continu pour assurer cette praticit\u00e9 d\u2019usage.<\/p>\n<p>C\u2019est simple : parier sur mobile n\u2019a jamais \u00e9t\u00e9 aussi facile. Une ergonomie con\u00e7ue sur mesure pour vous, en tout lieu.<\/p>\n<div style=\"text-align: center;\"><img loading=\"lazy\" decoding=\"async\" class=\"alignnone size-full wp-image-870\" style=\"box-shadow: inset 0 0 10px 3px rgb(52 209 95 \/ 60%), 0 0 10px 3px #7e87f1 !important;\" title=\"telecharger l\u2019application Paripesa\" src=\"https:\/\/paripesalat.com\/wp-content\/uploads\/2025\/09\/telecharger-lapplication-Paripesa.jpg\" alt=\"telecharger l\u2019application Paripesa\" width=\"900\" height=\"295\" \/><\/div>\n<h3 id=\"iOS\">Application pour iOS<\/h3>\n<p>L&#8217;application iOS repr\u00e9sente l&#8217;opportunit\u00e9 de vivre une exp\u00e9rience de paris optimis\u00e9e sur iPhone et iPad. Elle donne acc\u00e8s \u00e0 tout le contenu de la plateforme, en direct, dans votre poche.<\/p>\n<p>Pour <strong>t\u00e9l\u00e9charger Paripesa <\/strong>IOS , il faut se rendre sur le site ou l\u2019App Store (vous devez choisir Nigeria). Vous obtiendrez donc un t\u00e9l\u00e9chargement tr\u00e8s rapide et fiable pour parier.<\/p>\n<table class=\"feature-table\" style=\"box-shadow: inset 0 0 10px 3px rgba(80,200,120,0.7), 0 0 10px 3px #7e87f1 !important; padding: 15px; width: 100%; border-collapse: collapse; font-family: Arial, sans-serif;\">\n<thead>\n<tr>\n<th style=\"background-color: #f0fff5; color: #7e87f1; font-size: 20px; padding: 10px; text-align: left;\" colspan=\"2\">\ud83d\udcf1 Sp\u00e9cifications de l\u2019Application Paripesa iOS \u2013 Burkina Faso<\/th>\n<\/tr>\n<\/thead>\n<tbody>\n<tr>\n<td style=\"padding: 10px; font-weight: bold;\">\ud83d\udcf2 Compatibilit\u00e9<\/td>\n<td style=\"padding: 10px;\">iPhone et iPad \u2013 Fonctionne parfaitement sur les appareils r\u00e9cents et anciens mod\u00e8les.<\/td>\n<\/tr>\n<tr>\n<td style=\"padding: 10px; font-weight: bold;\">\u2699\ufe0f Version iOS Requise<\/td>\n<td style=\"padding: 10px;\">iOS 12.0 ou sup\u00e9rieur \u2013 pour garantir la stabilit\u00e9 et les derni\u00e8res fonctionnalit\u00e9s.<\/td>\n<\/tr>\n<tr>\n<td style=\"padding: 10px; font-weight: bold;\">\ud83d\udce6 Espace de Stockage<\/td>\n<td style=\"padding: 10px;\">Environ 150 Mo \u2013 assurez-vous d\u2019avoir suffisamment d\u2019espace disponible sur votre appareil.<\/td>\n<\/tr>\n<tr>\n<td style=\"padding: 10px; font-weight: bold;\">\ud83c\udf10 Connexion Internet<\/td>\n<td style=\"padding: 10px;\">Connexion 3G\/4G ou Wi-Fi recommand\u00e9e pour une navigation fluide et les paris en direct.<\/td>\n<\/tr>\n<tr>\n<td style=\"padding: 10px; font-weight: bold;\">\ud83d\udd10 S\u00e9curit\u00e9<\/td>\n<td style=\"padding: 10px;\">Chiffrement SSL int\u00e9gr\u00e9, acc\u00e8s biom\u00e9trique (Face ID\/Touch ID) pour plus de protection.<\/td>\n<\/tr>\n<tr>\n<td style=\"padding: 10px; font-weight: bold;\">\ud83d\udce5 Installation<\/td>\n<td style=\"padding: 10px;\">Disponible via navigateur (Web App). T\u00e9l\u00e9charger l\u2019APK est r\u00e9serv\u00e9 \u00e0 Android.<\/td>\n<\/tr>\n<tr>\n<td style=\"padding: 10px; font-weight: bold;\">\ud83c\udde7\ud83c\uddeb Langue &amp; Localisation<\/td>\n<td style=\"padding: 10px;\">Interface disponible en fran\u00e7ais et adapt\u00e9e aux joueurs du Burkina Faso.<\/td>\n<\/tr>\n<\/tbody>\n<\/table>\n<h3 id=\"APK\">Paripesa APK T\u00e9l\u00e9charger \u2013 rien de difficile sur Android !<\/h3>\n<p>Pour <strong>t\u00e9l\u00e9charger Paripesa pour Android <\/strong>, la proc\u00e9dure est simple : acc\u00e9dez \u00e0 notre site web. Il convient de souligner qu&#8217;elle n&#8217;est pas disponible sur le Play Store.<\/p>\n<p>Activez l&#8217;option &#8220;Sources inconnues&#8221; dans vos r\u00e9glages. Il vous suffit ensuite de respecter scrupuleusement les consignes pour l&#8217;installation du fichier.<\/p>\n<table class=\"feature-table\" style=\"box-shadow: inset 0 0 10px 3px rgba(80,200,120,0.7), 0 0 10px 3px #7e87f1 !important; padding: 15px; width: 100%; border-collapse: collapse; font-family: Arial, sans-serif;\">\n<thead>\n<tr>\n<th style=\"background-color: #f0fff5; color: #7e87f1; font-size: 20px; padding: 10px; text-align: left;\" colspan=\"2\">\ud83e\udd16 Sp\u00e9cifications de l\u2019Application Paripesa Android \u2013 Burkina Faso<\/th>\n<\/tr>\n<\/thead>\n<tbody>\n<tr>\n<td style=\"padding: 10px; font-weight: bold;\">\ud83d\udcf2 Compatibilit\u00e9<\/td>\n<td style=\"padding: 10px;\">Fonctionne sur la majorit\u00e9 des smartphones et tablettes Android modernes.<\/td>\n<\/tr>\n<tr>\n<td style=\"padding: 10px; font-weight: bold;\">\u2699\ufe0f Version Android Requise<\/td>\n<td style=\"padding: 10px;\">Android 5.0 (Lollipop) ou sup\u00e9rieur recommand\u00e9 pour de meilleures performances.<\/td>\n<\/tr>\n<tr>\n<td style=\"padding: 10px; font-weight: bold;\">\ud83d\udce6 Taille du Fichier APK<\/td>\n<td style=\"padding: 10px;\">Environ 75 Mo \u2013 l\u00e9g\u00e8re et rapide \u00e0 t\u00e9l\u00e9charger m\u00eame avec une connexion lente.<\/td>\n<\/tr>\n<tr>\n<td style=\"padding: 10px; font-weight: bold;\">\ud83d\udce5 Mode d\u2019Installation<\/td>\n<td style=\"padding: 10px;\">T\u00e9l\u00e9chargement direct depuis le site Paripesa \u2013 activer les sources inconnues dans les param\u00e8tres.<\/td>\n<\/tr>\n<tr>\n<td style=\"padding: 10px; font-weight: bold;\">\ud83c\udf10 Connexion Requise<\/td>\n<td style=\"padding: 10px;\">Fonctionne m\u00eame avec une connexion mobile 3G \u2013 pour les parieurs en d\u00e9placement.<\/td>\n<\/tr>\n<tr>\n<td style=\"padding: 10px; font-weight: bold;\">\ud83d\udd10 S\u00e9curit\u00e9 de l\u2019App<\/td>\n<td style=\"padding: 10px;\">Chiffrement SSL, protection des donn\u00e9es, v\u00e9rification s\u00e9curis\u00e9e lors de la connexion.<\/td>\n<\/tr>\n<tr>\n<td style=\"padding: 10px; font-weight: bold;\">\ud83c\udde7\ud83c\uddeb Langue et Accessibilit\u00e9<\/td>\n<td style=\"padding: 10px;\">Interface en fran\u00e7ais, adapt\u00e9e aux utilisateurs burkinab\u00e8 avec paiements locaux support\u00e9s.<\/td>\n<\/tr>\n<\/tbody>\n<\/table>\n<h2 id=\"activit\u00e9s\">Des activit\u00e9s tr\u00e8s vari\u00e9es<\/h2>\n<p>Sur Paripesa, le choix d\u2019activit\u00e9s est tr\u00e8s nombreux. De l\u2019offre des paris sportifs \u00e0 celle des jeux de casino, il y a de quoi se distraire. Il faut dire que la plateforme propose un univers fourmillant.<\/p>\n<p>Les paris y sont tr\u00e8s diff\u00e9rents, chaque joueur y trouve son compte. Au plus pr\u00e8s des attentes des clients, Paripesa entend procurer une exp\u00e9rience personnalis\u00e9e dans le cadre d\u2019un univers multi-vari\u00e9.<\/p>\n<div style=\"text-align: center;\"><img loading=\"lazy\" decoding=\"async\" class=\"alignnone size-full wp-image-870\" style=\"box-shadow: inset 0 0 10px 3px rgb(52 209 95 \/ 60%), 0 0 10px 3px #7e87f1 !important;\" title=\"PariPesa app\" src=\"https:\/\/paripesalat.com\/wp-content\/uploads\/2025\/09\/telecharger-Paripesa-pour-Android.jpg\" alt=\"telecharger Paripesa pour Android\" width=\"900\" height=\"176\" \/><\/div>\n<h3 id=\"Casino\">L\u2019Univers du Casino<\/h3>\n<ul>\n<li>Machines \u00e0 sous : nouveaux et classiques \u00e0 la fois, avec des tr\u00e9sors in\u00e9puisables, des jackpots irr\u00e9sistibles\u2026<\/li>\n<li>Jeux de table : tous les classiques ainsi que leurs multiples variantes.<\/li>\n<li>Le casino en direct : nos vrais croupiers vous offrent exp\u00e9rience \u00e0 ne pas manquer !<\/li>\n<\/ul>\n<h3 id=\"paris\">Les paris sportifs Paripesa<\/h3>\n<p>D\u00e9couvrez le monde des paris sportifs avec un choix immense. Football, e-sport ou encore hippisme, tout est disponible. Les cotes sont sans surprises comp\u00e9titives.<\/p>\n<p>Pour les paris avant ou en direct, c\u2019est selon la pr\u00e9f\u00e9rence de chacun, le site vous permet de voir des statistiques d\u00e9taill\u00e9es pour \u00e9valuer au mieux ses chances, c\u2019est un bonheur.<\/p>\n<h2 id=\"Bonus\">Meilleurs Bonus et Promotions<\/h2>\n<ul>\n<li>Pour un nouveau venu : tours gratuits en cadeau, 100 \u20ac offerts sur le premier d\u00e9p\u00f4t et bien plus\u2026<\/li>\n<li>Pour tous : Promotions r\u00e9guli\u00e8res : Recharges, cashback, cotes boost\u00e9es\u2026<\/li>\n<li>Pour les fid\u00e8les : Fid\u00e9lit\u00e9 &amp; codes : Avantages exclusifs\u2026<\/li>\n<li>Code promo 130 : augmentez votre bonus jusqu\u2019\u00e0 130 \u20ac maximum ou son \u00e9quivalence.<\/li>\n<\/ul>\n<h2 id=\"Fonctionnalit\u00e9s\">Fonctionnalit\u00e9s de la plateforme Paripesa<\/h2>\n<p>Le site-web propose des fonctionnalit\u00e9s utiles. La gestion de compte est tr\u00e8s bien organis\u00e9e.<\/p>\n<p>Les encaissements sont s\u00e9curis\u00e9s et rapides. Le service client est tr\u00e8s r\u00e9actif, rien \u00e0 redire.<\/p>\n<h2 id=\"Partenaire\">Programme Paripesa Partenaire<\/h2>\n<p>Devenir Paripesa Partenaire ? Un potentiel d\u2019affiliation bien concret. Le programme <strong>Paripesa Affiliate<\/strong> distribue des commissions g\u00e9n\u00e9reuses.<\/p>\n<p>Il suffit de r\u00e9f\u00e9rencer la plateforme pour percevoir. Une belle occasion de rendre rentable sa passion du pari.<\/p>\n<div style=\"text-align: center;\"><img loading=\"lazy\" decoding=\"async\" class=\"alignnone size-full wp-image-870\" style=\"box-shadow: inset 0 0 10px 3px rgb(52 209 95 \/ 60%), 0 0 10px 3px #7e87f1 !important;\" title=\"PariPesa app\" src=\"https:\/\/paripesalat.com\/wp-content\/uploads\/2025\/09\/Paripesa-Affiliate-1.jpg\" alt=\"Paripesa Affiliate\" width=\"900\" height=\"416\" \/><\/div>\n","protected":false},"excerpt":{"rendered":"<p>\ud83d\udcda Table des mati\u00e8res Paripesa Burkina Faso : La R\u00e9f\u00e9rence des Jeux en Ligne S\u00e9curis\u00e9s et Fiables Infos sur la Licence et la R\u00e9gularit\u00e9 Monnaie Locale et Adaptation R\u00e9gionale Commencez votre aventure Paripesa Inscription rapide et efficace Authentification et Connexion (Paripesa Login) T\u00e9l\u00e9charger Paripesa Sur Tous Vos Appareils Application pour iOS Paripesa APK T\u00e9l\u00e9charger \u2013 [&hellip;]<\/p>\n","protected":false},"author":1,"featured_media":0,"parent":0,"menu_order":0,"comment_status":"closed","ping_status":"closed","template":"","meta":{"_sitemap_exclude":false,"_sitemap_priority":"","_sitemap_frequency":"","footnotes":""},"class_list":["post-3864","page","type-page","status-publish","hentry"],"acf":[],"yoast_head":"<!-- This site is optimized with the Yoast SEO plugin v23.7 - https:\/\/yoast.com\/wordpress\/plugins\/seo\/ -->\n<title>Paripesa Burkina Faso 2026 | Casino en Ligne CFA \u1409<\/title>\n<meta name=\"description\" content=\"Jouez au casino en ligne avec Paripesa Burkina Faso \u21d2 \ud83c\udfb0 Slots, jeux de table &amp; bonus exclusifs. \u1409 Profitez de vos gains en CFA en 2026 \u261b\" \/>\n<meta name=\"robots\" content=\"index, follow, max-snippet:-1, max-image-preview:large, max-video-preview:-1\" \/>\n<meta property=\"og:locale\" content=\"fr_FR\" \/>\n<meta property=\"og:type\" content=\"article\" \/>\n<meta property=\"og:title\" content=\"Paripesa Burkina Faso 2026 | Casino en Ligne CFA \u1409\" \/>\n<meta property=\"og:description\" content=\"Jouez au casino en ligne avec Paripesa Burkina Faso \u21d2 \ud83c\udfb0 Slots, jeux de table &amp; bonus exclusifs. \u1409 Profitez de vos gains en CFA en 2026 \u261b\" \/>\n<meta property=\"og:url\" content=\"https:\/\/paripesalat.com\/fr-bf\/\" \/>\n<meta property=\"og:site_name\" content=\"Casino\" \/>\n<meta property=\"article:modified_time\" content=\"2025-12-30T11:31:30+00:00\" \/>\n<meta property=\"og:image\" content=\"https:\/\/paripesalat.com\/wp-content\/uploads\/2024\/05\/Sitio-web-Paripesa-es.webp\" \/>\n\t<meta property=\"og:image:width\" content=\"700\" \/>\n\t<meta property=\"og:image:height\" content=\"435\" \/>\n\t<meta property=\"og:image:type\" content=\"image\/webp\" \/>\n<meta name=\"twitter:card\" content=\"summary_large_image\" \/>\n<meta name=\"twitter:label1\" content=\"Est. reading time\" \/>\n\t<meta name=\"twitter:data1\" content=\"7 minutes\" \/>\n<!-- \/ Yoast SEO plugin. -->","yoast_head_json":{"title":"Paripesa Burkina Faso 2026 | Casino en Ligne CFA \u1409","description":"Jouez au casino en ligne avec Paripesa Burkina Faso \u21d2 \ud83c\udfb0 Slots, jeux de table & bonus exclusifs. \u1409 Profitez de vos gains en CFA en 2026 \u261b","robots":{"index":"index","follow":"follow","max-snippet":"max-snippet:-1","max-image-preview":"max-image-preview:large","max-video-preview":"max-video-preview:-1"},"og_locale":"fr_FR","og_type":"article","og_title":"Paripesa Burkina Faso 2026 | Casino en Ligne CFA \u1409","og_description":"Jouez au casino en ligne avec Paripesa Burkina Faso \u21d2 \ud83c\udfb0 Slots, jeux de table & bonus exclusifs. \u1409 Profitez de vos gains en CFA en 2026 \u261b","og_url":"https:\/\/paripesalat.com\/fr-bf\/","og_site_name":"Casino","article_modified_time":"2025-12-30T11:31:30+00:00","og_image":[{"width":700,"height":435,"url":"https:\/\/paripesalat.com\/wp-content\/uploads\/2024\/05\/Sitio-web-Paripesa-es.webp","type":"image\/webp"}],"twitter_card":"summary_large_image","twitter_misc":{"Est. reading time":"7 minutes"},"schema":{"@context":"https:\/\/schema.org","@graph":[{"@type":"WebPage","@id":"https:\/\/paripesalat.com\/fr-bf\/","url":"https:\/\/paripesalat.com\/fr-bf\/","name":"Paripesa Burkina Faso 2026 | Casino en Ligne CFA \u1409","isPartOf":{"@id":"https:\/\/paripesalat.com\/#website"},"primaryImageOfPage":{"@id":"https:\/\/paripesalat.com\/fr-bf\/#primaryimage"},"image":{"@id":"https:\/\/paripesalat.com\/fr-bf\/#primaryimage"},"thumbnailUrl":"https:\/\/paripesalat.com\/wp-content\/uploads\/2025\/09\/Paripesa-Burkina-Faso.jpg","datePublished":"2023-08-30T06:17:46+00:00","dateModified":"2025-12-30T11:31:30+00:00","description":"Jouez au casino en ligne avec Paripesa Burkina Faso \u21d2 \ud83c\udfb0 Slots, jeux de table & bonus exclusifs. \u1409 Profitez de vos gains en CFA en 2026 \u261b","breadcrumb":{"@id":"https:\/\/paripesalat.com\/fr-bf\/#breadcrumb"},"inLanguage":"fr-BF","potentialAction":[{"@type":"ReadAction","target":["https:\/\/paripesalat.com\/fr-bf\/"]}]},{"@type":"ImageObject","inLanguage":"fr-BF","@id":"https:\/\/paripesalat.com\/fr-bf\/#primaryimage","url":"https:\/\/paripesalat.com\/wp-content\/uploads\/2025\/09\/Paripesa-Burkina-Faso.jpg","contentUrl":"https:\/\/paripesalat.com\/wp-content\/uploads\/2025\/09\/Paripesa-Burkina-Faso.jpg"},{"@type":"BreadcrumbList","@id":"https:\/\/paripesalat.com\/fr-bf\/#breadcrumb","itemListElement":[{"@type":"ListItem","position":1,"name":"Home","item":"https:\/\/paripesalat.com\/fr-bf\/"},{"@type":"ListItem","position":2,"name":"Home"}]},{"@type":"WebSite","@id":"https:\/\/paripesalat.com\/#website","url":"https:\/\/paripesalat.com\/","name":"Casino","description":"","potentialAction":[{"@type":"SearchAction","target":{"@type":"EntryPoint","urlTemplate":"https:\/\/paripesalat.com\/?s={search_term_string}"},"query-input":{"@type":"PropertyValueSpecification","valueRequired":true,"valueName":"search_term_string"}}],"inLanguage":"fr-BF"}]}},"_links":{"self":[{"href":"https:\/\/paripesalat.com\/fr-bf\/wp-json\/wp\/v2\/pages\/3864","targetHints":{"allow":["GET"]}}],"collection":[{"href":"https:\/\/paripesalat.com\/fr-bf\/wp-json\/wp\/v2\/pages"}],"about":[{"href":"https:\/\/paripesalat.com\/fr-bf\/wp-json\/wp\/v2\/types\/page"}],"author":[{"embeddable":true,"href":"https:\/\/paripesalat.com\/fr-bf\/wp-json\/wp\/v2\/users\/1"}],"replies":[{"embeddable":true,"href":"https:\/\/paripesalat.com\/fr-bf\/wp-json\/wp\/v2\/comments?post=3864"}],"version-history":[{"count":23,"href":"https:\/\/paripesalat.com\/fr-bf\/wp-json\/wp\/v2\/pages\/3864\/revisions"}],"predecessor-version":[{"id":4878,"href":"https:\/\/paripesalat.com\/fr-bf\/wp-json\/wp\/v2\/pages\/3864\/revisions\/4878"}],"wp:attachment":[{"href":"https:\/\/paripesalat.com\/fr-bf\/wp-json\/wp\/v2\/media?parent=3864"}],"curies":[{"name":"wp","href":"https:\/\/api.w.org\/{rel}","templated":true}]}}